{"id":29890,"date":"2026-04-22T15:58:36","date_gmt":"2026-04-22T12:58:36","guid":{"rendered":"https:\/\/nordicdiy.ee\/epood\/Ei-luokiteltu\/bergamotin-eteerinen-oljy\/"},"modified":"2026-04-22T18:00:07","modified_gmt":"2026-04-22T15:00:07","slug":"bergamotin-eteerinen-oljy","status":"publish","type":"product","link":"https:\/\/nordicdiy.ee\/fi\/epood\/tuoksuoljy\/eteeriset-oljyt\/bergamotin-eteerinen-oljy\/","title":{"rendered":"Bergamotin eteerinen \u00f6ljy"},"content":{"rendered":"<p><strong>Eteerinen bergamotti\u00f6ljy saadaan<\/strong> bergamotin (Citrus bergamia) kuoresta kylm\u00e4puristamalla, jolloin sen luonnolliset aktiiviset ainesosat ja luonteenomainen elegantti aromi s\u00e4ilyv\u00e4t. \u00d6ljyss\u00e4 on ainutlaatuinen tuoksu - raikas sitrushedelm\u00e4, jossa on hento kukkainen ja hieman karvas vivahde. <\/p>\n<p>Bergamotti\u00f6ljy on yksi aromaterapian arvostetuimmista \u00f6ljyist\u00e4, koska sill\u00e4 on voimakas vaikutus henkiseen hyvinvointiin.<\/p>\n<p><strong>Ominaisuudet ja edut<\/strong><\/p>\n<ul>\n<li>Auttaa lievitt\u00e4m\u00e4\u00e4n kipua ja tulehdusta<\/li>\n<li>Rauhoittava ja rentouttava vaikutus<\/li>\n<li>Tukee ihon palautumista ja uudistumista<\/li>\n<li>Auttaa v\u00e4hent\u00e4m\u00e4\u00e4n stressi\u00e4, vihaa ja turhautumista<\/li>\n<li>Tukee laatua ja<\/li>\n<li>Auttaa k\u00e4sittelem\u00e4\u00e4n tilannekohtaista ahdistusta luonnollisella tavalla.<\/li>\n<\/ul>\n<p>Eteerinen bergamotti\u00f6ljy on t\u00e4ydellinen valinta, jos haluat luoda rauhallisen, tasapainottavan ja samalla hieman virkist\u00e4v\u00e4n ilmapiirin.<\/p>\n<p><strong>K\u00e4ytt\u00f6<\/strong><\/p>\n<p>Sopii:<\/p>\n<ul>\n<li>aromaterapia (diffuusorit, rentouttavat seokset)<\/li>\n<li>hieronta\u00f6ljyt (laimennettuna)<\/li>\n<li>kehonhoitotuotteet (voiteet, \u00f6ljyt, hajusteet)<\/li>\n<li>Kylpyhuonetuotteet<\/li>\n<li>rentouttavat tuotteet ja unen laatua tukevat tuotteet<\/li>\n<\/ul>\n<p><strong>IFRA ja turvallisuus<\/strong><\/p>\n<p>Eteerist\u00e4 bergamotti\u00f6ljy\u00e4 k\u00e4ytet\u00e4\u00e4n laajalti, mutta sill\u00e4 on merkitt\u00e4vi\u00e4 rajoituksia.<\/p>\n<p>Voidaan k\u00e4ytt\u00e4\u00e4:<\/p>\n<ul>\n<li>kehonhoitotuotteet<\/li>\n<li>saippuoissa ja shampoissa<\/li>\n<li>hajuvesien ja kodintuoksujen alalla<\/li>\n<\/ul>\n<p>T\u00e4rke\u00e4\u00e4:<\/p>\n<ul>\n<li>valomyrkyllinen (erityisesti kylm\u00e4puristettu versio sis\u00e4lt\u00e4\u00e4 bergapteenia).<\/li>\n<li>v\u00e4lt\u00e4 altistumista auringonvalolle 12-24 tunnin ajan iholle levitt\u00e4misen j\u00e4lkeen.<\/li>\n<li>k\u00e4yt\u00e4 laimennettua<\/li>\n<li>  noudattaa IFRA:n raja-arvoja (eritt\u00e4in alhainen prosenttiosuus tuotteissa, jotka j\u00e4tet\u00e4\u00e4n p\u00e4\u00e4lle).<\/li>\n<li>ei suositella kynttil\u00f6ihin, koska tuoksu haihtuu nopeasti eik\u00e4 kynttil\u00e4 pala tasaisesti.<\/li>\n<\/ul>\n<p><a href=\"https:\/\/goldelseou.sharepoint.com\/:f:\/s\/Nordicdiy.ee\/IgBjYN4AObQrR7miq6BlhIdVAXg8d4zyPzIFLtbsCxmJN20?e=FkGpHC\" target=\"_blank\" rel=\"noopener\"><strong>Lataa k\u00e4ytt\u00f6turvallisuustiedotteet (SDS), IFRA, allergeenitaulukko t\u00e4\u00e4lt\u00e4.<\/strong><\/a><\/p>\n<p>S\u00e4ilytys: suositeltu s\u00e4ilyvyysaika on 1 vuosi, mutta jos tuote s\u00e4ilytet\u00e4\u00e4n oikein (suojattuna auringonvalolta, kuivassa ja viile\u00e4ss\u00e4 paikassa), se s\u00e4ilyy k\u00e4ytt\u00f6kelpoisena useita vuosia.<\/p>\n","protected":false},"excerpt":{"rendered":"<p>Eteerinen bergamotti\u00f6ljy on raikas, hieman makea, sitruksinen ja kukkainen \u00f6ljy, joka rauhoittaa mielt\u00e4, auttaa v\u00e4hent\u00e4m\u00e4\u00e4n stressi\u00e4 ja tukee emotionaalista tasapainoa. Ihanteellinen rentoutumiseen ja hyv\u00e4n y\u00f6unen tukemiseen. <\/p>\n","protected":false},"featured_media":29930,"template":"","meta":{"site-sidebar-layout":"default","site-content-layout":"","ast-site-content-layout":"default","site-content-style":"default","site-sidebar-style":"default","ast-global-header-display":"","ast-banner-title-visibility":"","ast-main-header-display":"","ast-hfb-above-header-display":"","ast-hfb-below-header-display":"","ast-hfb-mobile-header-display":"","site-post-title":"","ast-breadcrumbs-content":"","ast-featured-img":"","footer-sml-layout":"","ast-disable-related-posts":"","theme-transparent-header-meta":"default","adv-header-id-meta":"","stick-header-meta":"default","header-above-stick-meta":"","header-main-stick-meta":"","header-below-stick-meta":"","astra-migrate-meta-layouts":"default","ast-page-background-enabled":"default","ast-page-background-meta":{"desktop":{"background-color":"","background-image":"","background-repeat":"repeat","background-position":"center center","background-size":"auto","background-attachment":"scroll","background-type":"","background-media":"","overlay-type":"","overlay-color":"","overlay-opacity":"","overlay-gradient":""},"tablet":{"background-color":"","background-image":"","background-repeat":"repeat","background-position":"center center","background-size":"auto","background-attachment":"scroll","background-type":"","background-media":"","overlay-type":"","overlay-color":"","overlay-opacity":"","overlay-gradient":""},"mobile":{"background-color":"","background-image":"","background-repeat":"repeat","background-position":"center center","background-size":"auto","background-attachment":"scroll","background-type":"","background-media":"","overlay-type":"","overlay-color":"","overlay-opacity":"","overlay-gradient":""}},"ast-content-background-meta":{"desktop":{"background-color":"var(--ast-global-color-5)","background-image":"","background-repeat":"repeat","background-position":"center center","background-size":"auto","background-attachment":"scroll","background-type":"","background-media":"","overlay-type":"","overlay-color":"","overlay-opacity":"","overlay-gradient":""},"tablet":{"background-color":"var(--ast-global-color-5)","background-image":"","background-repeat":"repeat","background-position":"center center","background-size":"auto","background-attachment":"scroll","background-type":"","background-media":"","overlay-type":"","overlay-color":"","overlay-opacity":"","overlay-gradient":""},"mobile":{"background-color":"var(--ast-global-color-5)","background-image":"","background-repeat":"repeat","background-position":"center center","background-size":"auto","background-attachment":"scroll","background-type":"","background-media":"","overlay-type":"","overlay-color":"","overlay-opacity":"","overlay-gradient":""}}},"product_brand":[],"product_cat":[409,410,215,129],"product_tag":[],"class_list":{"0":"post-29890","1":"product","2":"type-product","3":"status-publish","4":"has-post-thumbnail","6":"product_cat-eteeriset-oljyt","7":"product_cat-muut-saippuan-valmistuksessa-kaytettavat-aineet","8":"product_cat-saippuan-valmistus","9":"product_cat-tuoksuoljy","10":"desktop-align-left","11":"tablet-align-left","12":"mobile-align-left","13":"ast-product-gallery-layout-horizontal","14":"ast-product-gallery-with-no-image","15":"ast-product-single-variable","16":"ast-product-tabs-layout-horizontal","18":"first","19":"instock","20":"taxable","21":"shipping-taxable","22":"purchasable","23":"product-type-variable"},"_links":{"self":[{"href":"https:\/\/nordicdiy.ee\/fi\/wp-json\/wp\/v2\/product\/29890","targetHints":{"allow":["GET"]}}],"collection":[{"href":"https:\/\/nordicdiy.ee\/fi\/wp-json\/wp\/v2\/product"}],"about":[{"href":"https:\/\/nordicdiy.ee\/fi\/wp-json\/wp\/v2\/types\/product"}],"wp:featuredmedia":[{"embeddable":true,"href":"https:\/\/nordicdiy.ee\/fi\/wp-json\/wp\/v2\/media\/29930"}],"wp:attachment":[{"href":"https:\/\/nordicdiy.ee\/fi\/wp-json\/wp\/v2\/media?parent=29890"}],"wp:term":[{"taxonomy":"product_brand","embeddable":true,"href":"https:\/\/nordicdiy.ee\/fi\/wp-json\/wp\/v2\/product_brand?post=29890"},{"taxonomy":"product_cat","embeddable":true,"href":"https:\/\/nordicdiy.ee\/fi\/wp-json\/wp\/v2\/product_cat?post=29890"},{"taxonomy":"product_tag","embeddable":true,"href":"https:\/\/nordicdiy.ee\/fi\/wp-json\/wp\/v2\/product_tag?post=29890"}],"curies":[{"name":"wp","href":"https:\/\/api.w.org\/{rel}","templated":true}]}}