{"id":29905,"date":"2026-04-22T16:23:59","date_gmt":"2026-04-22T13:23:59","guid":{"rendered":"https:\/\/nordicdiy.ee\/epood\/Ei-luokiteltu\/kynttilalasi-kannella-tummanpunainen-kiiltava-220ml-h138-x-d82-mm\/"},"modified":"2026-04-22T17:24:04","modified_gmt":"2026-04-22T14:24:04","slug":"kynttilalasi-kannella-tummanpunainen-kiiltava-220ml-h138-x-d82-mm","status":"publish","type":"product","link":"https:\/\/nordicdiy.ee\/fi\/epood\/kynttiloiden-valmistus-fi\/kynttilalasit-ja-kannet\/kynttilalasi-kannella-tummanpunainen-kiiltava-220ml-h138-x-d82-mm\/","title":{"rendered":"Kynttil\u00e4lasi kannella tummanpunainen kiilt\u00e4v\u00e4 300ml, h138 x d82 mm"},"content":{"rendered":"<p>Kynttil\u00e4lasin mitat ovat <strong>h138 \u00d7 d82 mm,<\/strong> jotka sopivat t\u00e4ydellisesti erilaisille vahoille ja tuoksuyhdistelmille. Kynttil\u00f6iden valmistuksen lis\u00e4ksi t\u00e4m\u00e4 ylellinen lasi sopii erinomaisesti my\u00f6s sokerikulhoihin, karkkipurkkeihin tai kosmetiikka-astioihin. Tyylik\u00e4s ja monipuolinen lis\u00e4varuste mihin tahansa sisustukseen. <\/p>\n<p>Vahvasta, l\u00e4mm\u00f6nkest\u00e4v\u00e4st\u00e4 lasista valmistettu kynttil\u00e4astia on suunniteltu erityisesti kynttil\u00f6iden kaatamiseen - turvallinen, esteettinen ja uudelleenk\u00e4ytett\u00e4v\u00e4. Kun kynttil\u00e4 on palanut loppuun, astia voidaan helposti puhdistaa ja k\u00e4ytt\u00e4\u00e4 uudelleen. <\/p>\n<p><strong>Lasin edut:<\/strong><\/p>\n<ul>\n<li>Turvallinen ja l\u00e4mm\u00f6nkest\u00e4v\u00e4 - suunniteltu kynttil\u00f6iden valmistukseen<\/li>\n<li>Uudelleenk\u00e4ytett\u00e4v\u00e4 ja ymp\u00e4rist\u00f6yst\u00e4v\u00e4llinen<\/li>\n<li>Kaunis ja tyylik\u00e4s ulkon\u00e4k\u00f6<\/li>\n<li>Ei sis\u00e4ll\u00e4 raskasmetalleja<\/li>\n<\/ul>\n<p><strong>Tekniset tiedot:<\/strong><\/p>\n<ul>\n<li>Korkeus: 13,8 cm<\/li>\n<li>Yl\u00e4osan halkaisija: 8,2 cm<\/li>\n<li>Pohjan halkaisija: 8,2 cm<\/li>\n<li>Kapasiteetti: 300 ml<\/li>\n<li>V\u00e4ri: vaaleanvihre\u00e4 matta<\/li>\n<\/ul>\n<p><strong>Lasin maalaamiseen on k\u00e4ytetty UFIREADY-lakkaa:<\/strong><\/p>\n<p>Aspol Scentra -koristelasit on pinnoitettu korkealaatuisilla UFIREADY-lakoilla, jotka takaavat kest\u00e4v\u00e4n ja turvallisen pinnan.<\/p>\n<p><strong>V\u00e4riominaisuudet:<\/strong><\/p>\n<ul>\n<li>T\u00e4ytt\u00e4\u00e4 kaikki EU:n turvallisuus- ja laatustandardit<\/li>\n<li>Kest\u00e4v\u00e4 - s\u00e4ilytt\u00e4\u00e4 v\u00e4rin ja kiillon pitk\u00e4nkin k\u00e4yt\u00f6n j\u00e4lkeen.<\/li>\n<li>Kest\u00e4\u00e4 jopa 500 astianpesukertaa<\/li>\n<li>Kemiallisesti kest\u00e4v\u00e4 ja helppohoitoinen<\/li>\n<li>Turvallinen kosketuksissa elintarvikkeiden kanssa<\/li>\n<li>Vegaaninen ja el\u00e4inkokeeton<\/li>\n<li>Ei sis\u00e4ll\u00e4 raskasmetalleja eik\u00e4 ftalaatteja<\/li>\n<\/ul>\n","protected":false},"excerpt":{"rendered":"<p>Vahvasta, l\u00e4mm\u00f6nkest\u00e4v\u00e4st\u00e4 lasista valmistettu 300 ml:n kynttil\u00e4purkki on suunniteltu erityisesti kynttil\u00f6iden kaatamiseen - turvallinen, <strong data-start=\"563\" data-end=\"608\">ylellinen ja uudelleenk\u00e4ytett\u00e4v\u00e4.<\/strong> Kun kynttil\u00e4 on palanut loppuun, astia voidaan helposti puhdistaa ja k\u00e4ytt\u00e4\u00e4 uudelleen. T\u00e4ydellinen kynttil\u00e4lasi yst\u00e4v\u00e4np\u00e4iv\u00e4-, naistenp\u00e4iv\u00e4-, \u00e4itienp\u00e4iv\u00e4- ja joulukokoelmiin!  <\/p>\n","protected":false},"featured_media":29917,"template":"","meta":{"site-sidebar-layout":"default","site-content-layout":"","ast-site-content-layout":"default","site-content-style":"default","site-sidebar-style":"default","ast-global-header-display":"","ast-banner-title-visibility":"","ast-main-header-display":"","ast-hfb-above-header-display":"","ast-hfb-below-header-display":"","ast-hfb-mobile-header-display":"","site-post-title":"","ast-breadcrumbs-content":"","ast-featured-img":"","footer-sml-layout":"","ast-disable-related-posts":"","theme-transparent-header-meta":"default","adv-header-id-meta":"","stick-header-meta":"default","header-above-stick-meta":"","header-main-stick-meta":"","header-below-stick-meta":"","astra-migrate-meta-layouts":"default","ast-page-background-enabled":"default","ast-page-background-meta":{"desktop":{"background-color":"","background-image":"","background-repeat":"repeat","background-position":"center center","background-size":"auto","background-attachment":"scroll","background-type":"","background-media":"","overlay-type":"","overlay-color":"","overlay-opacity":"","overlay-gradient":""},"tablet":{"background-color":"","background-image":"","background-repeat":"repeat","background-position":"center center","background-size":"auto","background-attachment":"scroll","background-type":"","background-media":"","overlay-type":"","overlay-color":"","overlay-opacity":"","overlay-gradient":""},"mobile":{"background-color":"","background-image":"","background-repeat":"repeat","background-position":"center center","background-size":"auto","background-attachment":"scroll","background-type":"","background-media":"","overlay-type":"","overlay-color":"","overlay-opacity":"","overlay-gradient":""}},"ast-content-background-meta":{"desktop":{"background-color":"var(--ast-global-color-5)","background-image":"","background-repeat":"repeat","background-position":"center center","background-size":"auto","background-attachment":"scroll","background-type":"","background-media":"","overlay-type":"","overlay-color":"","overlay-opacity":"","overlay-gradient":""},"tablet":{"background-color":"var(--ast-global-color-5)","background-image":"","background-repeat":"repeat","background-position":"center center","background-size":"auto","background-attachment":"scroll","background-type":"","background-media":"","overlay-type":"","overlay-color":"","overlay-opacity":"","overlay-gradient":""},"mobile":{"background-color":"var(--ast-global-color-5)","background-image":"","background-repeat":"repeat","background-position":"center center","background-size":"auto","background-attachment":"scroll","background-type":"","background-media":"","overlay-type":"","overlay-color":"","overlay-opacity":"","overlay-gradient":""}}},"product_brand":[],"product_cat":[163,158],"product_tag":[],"class_list":{"0":"post-29905","1":"product","2":"type-product","3":"status-publish","4":"has-post-thumbnail","6":"product_cat-kynttilalasit-ja-kannet","7":"product_cat-kynttiloiden-valmistus-fi","8":"desktop-align-left","9":"tablet-align-left","10":"mobile-align-left","11":"ast-product-gallery-layout-horizontal","12":"ast-product-gallery-with-no-image","13":"ast-product-tabs-layout-horizontal","15":"first","16":"instock","17":"taxable","18":"shipping-taxable","19":"purchasable","20":"product-type-simple"},"_links":{"self":[{"href":"https:\/\/nordicdiy.ee\/fi\/wp-json\/wp\/v2\/product\/29905","targetHints":{"allow":["GET"]}}],"collection":[{"href":"https:\/\/nordicdiy.ee\/fi\/wp-json\/wp\/v2\/product"}],"about":[{"href":"https:\/\/nordicdiy.ee\/fi\/wp-json\/wp\/v2\/types\/product"}],"wp:featuredmedia":[{"embeddable":true,"href":"https:\/\/nordicdiy.ee\/fi\/wp-json\/wp\/v2\/media\/29917"}],"wp:attachment":[{"href":"https:\/\/nordicdiy.ee\/fi\/wp-json\/wp\/v2\/media?parent=29905"}],"wp:term":[{"taxonomy":"product_brand","embeddable":true,"href":"https:\/\/nordicdiy.ee\/fi\/wp-json\/wp\/v2\/product_brand?post=29905"},{"taxonomy":"product_cat","embeddable":true,"href":"https:\/\/nordicdiy.ee\/fi\/wp-json\/wp\/v2\/product_cat?post=29905"},{"taxonomy":"product_tag","embeddable":true,"href":"https:\/\/nordicdiy.ee\/fi\/wp-json\/wp\/v2\/product_tag?post=29905"}],"curies":[{"name":"wp","href":"https:\/\/api.w.org\/{rel}","templated":true}]}}