{"id":12092,"date":"2024-09-04T09:20:04","date_gmt":"2024-09-04T06:20:04","guid":{"rendered":"https:\/\/nordicdiy.ee\/sazinieties-ar\/"},"modified":"2025-11-21T12:25:39","modified_gmt":"2025-11-21T09:25:39","slug":"sazinieties-ar","status":"publish","type":"page","link":"https:\/\/nordicdiy.ee\/lv\/sazinieties-ar\/","title":{"rendered":"Sazinieties ar"},"content":{"rendered":"<p>Ja jums ir k\u0101di jaut\u0101jumi par m\u016bsu produktiem vai pas\u016bt\u012bjumiem, l\u016bdzu, sazinieties ar mums pa e-pastu <a href=\"mailto:epood@nordicdiy.ee\">epood@nordicdiy.ee<\/a>.<\/p>\n<p>M\u0113s atbildam uz e-pasta v\u0113stul\u0113m no pirmdienas l\u012bdz piektdienai 10-16.<\/p>\n<p>Uz\u0146\u0113mumu klienti ar mums var sazin\u0101ties tie\u0161i \u0161eit:<br \/>\n<strong>B2B p\u0101rdo\u0161ana <\/strong><br \/>\nKaspar P\u00e4rn<br \/>\nMobile: <a href=\"mailto:kaspar@nordicdiy.ee\">+372 52 66461<\/a><br \/>\nE-mail: kaspar@nordicdiy.ee<\/p>\n<p><strong>M\u016bsu noliktava atrodas jaunaj\u0101 adres\u0113:<\/strong><br \/>\nKaldase tee 9, Maardu,<strong>74117<br \/>\nL\u016bdzu<\/strong>, iepriek\u0161<strong>zvaniet 51<\/strong> 67 996!<\/p>\n<p><strong> <\/strong><\/p>\n<p><strong>Juridisk\u0101 adrese<\/strong><br \/>\nCandlery O\u00dc<br \/>\nRe\u0123istr\u0101cijas kods 17374153<br \/>\nLootuse tee 3, Metsakasti k\u00fcla Viimsi vald Harjumaa 74019<br \/>\nT\u0101lrunis: +372 5167 996<br \/>\nE-pasts: alice@nordicdiy.ee<\/p>\n<p><strong>Bankas rekviz\u012bti<\/strong><br \/>\nSwedbank<br \/>\nIBAN: EE422200221093513406<\/p>\n<p><img fetchpriority=\"high\" decoding=\"async\" src=\"https:\/\/nordicdiy.ee\/wp-content\/uploads\/2024\/09\/sojavaha_cb_135.png\" sizes=\"(max-width: 1000px) 100vw, 1000px\" srcset=\"https:\/\/nordicdiy.ee\/wp-content\/uploads\/2024\/09\/sojavaha_cb_135.png 1000w, https:\/\/nordicdiy.ee\/wp-content\/uploads\/2024\/09\/sojavaha_cb_135-300x300.png 300w, https:\/\/nordicdiy.ee\/wp-content\/uploads\/2024\/09\/sojavaha_cb_135-150x150.png 150w, https:\/\/nordicdiy.ee\/wp-content\/uploads\/2024\/09\/sojavaha_cb_135-768x768.png 768w, https:\/\/nordicdiy.ee\/wp-content\/uploads\/2024\/09\/sojavaha_cb_135-600x600.png 600w, https:\/\/nordicdiy.ee\/wp-content\/uploads\/2024\/09\/sojavaha_cb_135-100x100.png 100w\" alt=\"Ziepju vasks\" width=\"1000\" height=\"1000\"><\/p>\n","protected":false},"excerpt":{"rendered":"<p>Ja jums ir k\u0101di jaut\u0101jumi par m\u016bsu produktiem vai pas\u016bt\u012bjumiem, l\u016bdzu, sazinieties ar mums pa e-pastu epood@nordicdiy.ee. M\u0113s atbildam uz e-pasta v\u0113stul\u0113m no pirmdienas l\u012bdz piektdienai 10-16. Uz\u0146\u0113mumu klienti ar mums var sazin\u0101ties tie\u0161i \u0161eit: B2B p\u0101rdo\u0161ana Kaspar P\u00e4rn Mobile: +372 52 66461 E-mail: kaspar@nordicdiy.ee M\u016bsu noliktava atrodas jaunaj\u0101 adres\u0113: Kaldase tee 9, Maardu,74117 L\u016bdzu, [&hellip;]<\/p>\n","protected":false},"author":1,"featured_media":0,"parent":0,"menu_order":0,"comment_status":"closed","ping_status":"closed","template":"","meta":{"site-sidebar-layout":"default","site-content-layout":"plain-container","ast-site-content-layout":"normal-width-container","site-content-style":"unboxed","site-sidebar-style":"unboxed","ast-global-header-display":"","ast-banner-title-visibility":"","ast-main-header-display":"","ast-hfb-above-header-display":"","ast-hfb-below-header-display":"","ast-hfb-mobile-header-display":"","site-post-title":"disabled","ast-breadcrumbs-content":"","ast-featured-img":"","footer-sml-layout":"","ast-disable-related-posts":"","theme-transparent-header-meta":"default","adv-header-id-meta":"","stick-header-meta":"default","header-above-stick-meta":"","header-main-stick-meta":"","header-below-stick-meta":"","astra-migrate-meta-layouts":"default","ast-page-background-enabled":"default","ast-page-background-meta":{"desktop":{"background-color":"","background-image":"","background-repeat":"repeat","background-position":"center center","background-size":"auto","background-attachment":"scroll","background-type":"","background-media":"","overlay-type":"","overlay-color":"","overlay-opacity":"","overlay-gradient":""},"tablet":{"background-color":"","background-image":"","background-repeat":"repeat","background-position":"center center","background-size":"auto","background-attachment":"scroll","background-type":"","background-media":"","overlay-type":"","overlay-color":"","overlay-opacity":"","overlay-gradient":""},"mobile":{"background-color":"","background-image":"","background-repeat":"repeat","background-position":"center center","background-size":"auto","background-attachment":"scroll","background-type":"","background-media":"","overlay-type":"","overlay-color":"","overlay-opacity":"","overlay-gradient":""}},"ast-content-background-meta":{"desktop":{"background-color":"var(--ast-global-color-5)","background-image":"","background-repeat":"repeat","background-position":"center center","background-size":"auto","background-attachment":"scroll","background-type":"","background-media":"","overlay-type":"","overlay-color":"","overlay-opacity":"","overlay-gradient":""},"tablet":{"background-color":"var(--ast-global-color-5)","background-image":"","background-repeat":"repeat","background-position":"center center","background-size":"auto","background-attachment":"scroll","background-type":"","background-media":"","overlay-type":"","overlay-color":"","overlay-opacity":"","overlay-gradient":""},"mobile":{"background-color":"var(--ast-global-color-5)","background-image":"","background-repeat":"repeat","background-position":"center center","background-size":"auto","background-attachment":"scroll","background-type":"","background-media":"","overlay-type":"","overlay-color":"","overlay-opacity":"","overlay-gradient":""}},"footnotes":""},"class_list":["post-12092","page","type-page","status-publish","hentry"],"_links":{"self":[{"href":"https:\/\/nordicdiy.ee\/lv\/wp-json\/wp\/v2\/pages\/12092","targetHints":{"allow":["GET"]}}],"collection":[{"href":"https:\/\/nordicdiy.ee\/lv\/wp-json\/wp\/v2\/pages"}],"about":[{"href":"https:\/\/nordicdiy.ee\/lv\/wp-json\/wp\/v2\/types\/page"}],"author":[{"embeddable":true,"href":"https:\/\/nordicdiy.ee\/lv\/wp-json\/wp\/v2\/users\/1"}],"replies":[{"embeddable":true,"href":"https:\/\/nordicdiy.ee\/lv\/wp-json\/wp\/v2\/comments?post=12092"}],"version-history":[{"count":3,"href":"https:\/\/nordicdiy.ee\/lv\/wp-json\/wp\/v2\/pages\/12092\/revisions"}],"predecessor-version":[{"id":24576,"href":"https:\/\/nordicdiy.ee\/lv\/wp-json\/wp\/v2\/pages\/12092\/revisions\/24576"}],"wp:attachment":[{"href":"https:\/\/nordicdiy.ee\/lv\/wp-json\/wp\/v2\/media?parent=12092"}],"curies":[{"name":"wp","href":"https:\/\/api.w.org\/{rel}","templated":true}]}}