{"id":12126,"date":"2025-01-24T16:56:34","date_gmt":"2025-01-24T13:56:34","guid":{"rendered":"https:\/\/nordicdiy.ee\/lai-pasutitu\/"},"modified":"2025-01-24T16:56:34","modified_gmt":"2025-01-24T13:56:34","slug":"lai-pasutitu","status":"publish","type":"page","link":"https:\/\/nordicdiy.ee\/lv\/lai-pasutitu\/","title":{"rendered":"Lai pas\u016bt\u012btu"},"content":{"rendered":"<p>* Lai veiktu pas\u016bt\u012bjumu, jums ir nepiecie\u0161ams pievienot v\u0113lamos produktus iepirkumu grozam.<br \/>\n* Iet uz iepirkumu groza lapu, noklik\u0161\u0137inot uz pogas<a href=\"https:\/\/nordicdiy.ee\/lv\/cart\/\">\"Iepirkumu grozs\"<\/a> aug\u0161\u0113j\u0101 labaj\u0101 st\u016br\u012b<br \/>\n* Lai veiktu pas\u016bt\u012bjumu iepirkumu groz\u0101, noklik\u0161\u0137iniet uz \"Iet pie<a href=\"https:\/\/nordicdiy.ee\/lv\/checkout\/\">kases\", un j\u016bs tiksiet p\u0101rcelts uz\"Izrakst\u012b\u0161an\u0101s\"<\/a> lapu<br \/>\n* Lai pabeigtu pas\u016bt\u012bjumu, jums ir j\u0101aizpilda nepiecie\u0161amie lauki un j\u0101izv\u0113las atbilsto\u0161s pieg\u0101des veids. P\u0113c tam ekr\u0101n\u0101 tiks par\u0101d\u012bta maksas summa, kuru var samaks\u0101t ar bankas p\u0101rskait\u012bjumu vai citu maks\u0101juma veidu. Maks\u0101jumus apstr\u0101d\u0101 Montonio Finance UAB.  <\/p>\n<p>L\u012bgums st\u0101jas sp\u0113k\u0101 no dienas, kad internetveikala nor\u0113\u0137inu kont\u0101 ir sa\u0146emta pien\u0101ko\u0161\u0101 summa.<\/p>\n<p>Ja pas\u016bt\u012bt\u0101s preces nevar pieg\u0101d\u0101t, jo beidzies to der\u012bguma termi\u0146\u0161 vai k\u0101da cita iemesla d\u0113\u013c, pirc\u0113js tiks inform\u0113ts p\u0113c iesp\u0113jas \u0101tr\u0101k un samaks\u0101t\u0101 nauda (ieskaitot pieg\u0101des izmaksas) tiks atmaks\u0101ta, parasti 1-2 darba dienu laik\u0101. Atkar\u012bb\u0101 no maks\u0101\u0161anas veida maks\u0101juma sa\u0146em\u0161ana var aiz\u0146emt l\u012bdz 7 darba dien\u0101m. <\/p>\n","protected":false},"excerpt":{"rendered":"<p>* Lai veiktu pas\u016bt\u012bjumu, jums ir nepiecie\u0161ams pievienot v\u0113lamos produktus iepirkumu grozam. * Iet uz iepirkumu groza lapu, noklik\u0161\u0137inot uz pogas\"Iepirkumu grozs\" aug\u0161\u0113j\u0101 labaj\u0101 st\u016br\u012b * Lai veiktu pas\u016bt\u012bjumu iepirkumu groz\u0101, noklik\u0161\u0137iniet uz \"Iet piekases\", un j\u016bs tiksiet p\u0101rcelts uz\"Izrakst\u012b\u0161an\u0101s\" lapu * Lai pabeigtu pas\u016bt\u012bjumu, jums ir j\u0101aizpilda nepiecie\u0161amie lauki un j\u0101izv\u0113las atbilsto\u0161s pieg\u0101des veids. [&hellip;]<\/p>\n","protected":false},"author":32,"featured_media":0,"parent":0,"menu_order":0,"comment_status":"closed","ping_status":"closed","template":"","meta":{"site-sidebar-layout":"default","site-content-layout":"","ast-site-content-layout":"default","site-content-style":"default","site-sidebar-style":"default","ast-global-header-display":"","ast-banner-title-visibility":"","ast-main-header-display":"","ast-hfb-above-header-display":"","ast-hfb-below-header-display":"","ast-hfb-mobile-header-display":"","site-post-title":"","ast-breadcrumbs-content":"","ast-featured-img":"","footer-sml-layout":"","ast-disable-related-posts":"","theme-transparent-header-meta":"default","adv-header-id-meta":"","stick-header-meta":"default","header-above-stick-meta":"","header-main-stick-meta":"","header-below-stick-meta":"","astra-migrate-meta-layouts":"default","ast-page-background-enabled":"default","ast-page-background-meta":{"desktop":{"background-color":"","background-image":"","background-repeat":"repeat","background-position":"center center","background-size":"auto","background-attachment":"scroll","background-type":"","background-media":"","overlay-type":"","overlay-color":"","overlay-opacity":"","overlay-gradient":""},"tablet":{"background-color":"","background-image":"","background-repeat":"repeat","background-position":"center center","background-size":"auto","background-attachment":"scroll","background-type":"","background-media":"","overlay-type":"","overlay-color":"","overlay-opacity":"","overlay-gradient":""},"mobile":{"background-color":"","background-image":"","background-repeat":"repeat","background-position":"center center","background-size":"auto","background-attachment":"scroll","background-type":"","background-media":"","overlay-type":"","overlay-color":"","overlay-opacity":"","overlay-gradient":""}},"ast-content-background-meta":{"desktop":{"background-color":"var(--ast-global-color-5)","background-image":"","background-repeat":"repeat","background-position":"center center","background-size":"auto","background-attachment":"scroll","background-type":"","background-media":"","overlay-type":"","overlay-color":"","overlay-opacity":"","overlay-gradient":""},"tablet":{"background-color":"var(--ast-global-color-5)","background-image":"","background-repeat":"repeat","background-position":"center center","background-size":"auto","background-attachment":"scroll","background-type":"","background-media":"","overlay-type":"","overlay-color":"","overlay-opacity":"","overlay-gradient":""},"mobile":{"background-color":"var(--ast-global-color-5)","background-image":"","background-repeat":"repeat","background-position":"center center","background-size":"auto","background-attachment":"scroll","background-type":"","background-media":"","overlay-type":"","overlay-color":"","overlay-opacity":"","overlay-gradient":""}},"footnotes":""},"class_list":["post-12126","page","type-page","status-publish","hentry"],"_links":{"self":[{"href":"https:\/\/nordicdiy.ee\/lv\/wp-json\/wp\/v2\/pages\/12126","targetHints":{"allow":["GET"]}}],"collection":[{"href":"https:\/\/nordicdiy.ee\/lv\/wp-json\/wp\/v2\/pages"}],"about":[{"href":"https:\/\/nordicdiy.ee\/lv\/wp-json\/wp\/v2\/types\/page"}],"author":[{"embeddable":true,"href":"https:\/\/nordicdiy.ee\/lv\/wp-json\/wp\/v2\/users\/32"}],"replies":[{"embeddable":true,"href":"https:\/\/nordicdiy.ee\/lv\/wp-json\/wp\/v2\/comments?post=12126"}],"version-history":[{"count":0,"href":"https:\/\/nordicdiy.ee\/lv\/wp-json\/wp\/v2\/pages\/12126\/revisions"}],"wp:attachment":[{"href":"https:\/\/nordicdiy.ee\/lv\/wp-json\/wp\/v2\/media?parent=12126"}],"curies":[{"name":"wp","href":"https:\/\/api.w.org\/{rel}","templated":true}]}}