{"id":12129,"date":"2025-01-24T17:01:55","date_gmt":"2025-01-24T14:01:55","guid":{"rendered":"https:\/\/nordicdiy.ee\/piegade-uz\/"},"modified":"2025-01-24T17:01:55","modified_gmt":"2025-01-24T14:01:55","slug":"piegade-uz","status":"publish","type":"page","link":"https:\/\/nordicdiy.ee\/lv\/piegade-uz\/","title":{"rendered":"Pieg\u0101de uz"},"content":{"rendered":"<p>Preces tiek s\u016bt\u012btas uz Igauniju, Latviju, Lietuvu, Somiju, Zviedriju.<\/p>\n<p><strong>Smartposti paku autom\u0101ts <\/strong>no 2,50 \u20ac neatkar\u012bgi no pakas lieluma<br \/>\nUz <strong>Igauniju<\/strong>tiek s\u016bt\u012bti pakas <strong>2,50 \u20ac, Latviju 4,90 \u20ac, Lietuvu 4,90 \u20ac, Somiju 13,90 \u20ac.<br \/>\n<\/strong>Par pakas sa\u0146em\u0161anu J\u016bs tiksiet inform\u0113ts ar SMS, kur\u0101 b\u016bs nor\u0101d\u012bts PIN kods, kas nepiecie\u0161ams, lai sa\u0146emtu paku. P\u0113c tam dodieties pie autom\u0101ta un uz sk\u0101rienj\u016bt\u012bg\u0101 ekr\u0101na ievadiet \u012bszi\u0146\u0101 nor\u0101d\u012bto durvju kodu. Atv\u0113rsies lab\u0101s durvis, un s\u016bt\u012bjums b\u016bs j\u016bsu rok\u0101s!<br \/>\nPieg\u0101des laiks Somijas Helsinku apgabal\u0101 2-3 darba dienu laik\u0101, p\u0101r\u0113j\u0101 Somijas teritorij\u0101 - 3-5 darba dienu laik\u0101.<br \/>\nS\u016bt\u012bjums ir j\u0101iz\u0146em 7 dienu laik\u0101 p\u0113c t\u0101 sa\u0146em\u0161anas pie pakom\u0101ta.  <\/p>\n<p><strong>Omniva paku autom\u0101ti<\/strong> no 2,90 \u20ac neatkar\u012bgi no pakas lieluma<br \/>\n<strong> Igaunij\u0101<\/strong>pakas tiek s\u016bt\u012btas par<strong> 2,90 \u20ac, Latvij\u0101 par 2,90 \u20ac un Lietuv\u0101 par 2,90 \u20ac.<br \/>\n<\/strong>Omniva paku autom\u0101ti ir atv\u0113rti vienm\u0113r. Pieg\u0101de 1-2 darba dienu laik\u0101.<br \/>\nPar s\u016bt\u012bjuma sa\u0146em\u0161anu J\u016bs tiksiet inform\u0113ts ar \u012bszi\u0146u, nor\u0101dot PIN kodu, kas nepiecie\u0161ams s\u016bt\u012bjuma sa\u0146em\u0161anai. P\u0113c tam dodieties pie autom\u0101ta un uz sk\u0101rienj\u016bt\u012bg\u0101 ekr\u0101na ievadiet \u012bszi\u0146\u0101 iek\u013cauto durvju kodu. Atv\u0113rsies lab\u0101s skap\u012b\u0161a durvis, un s\u016bt\u012bjums b\u016bs j\u016bsu rok\u0101s!   <\/p>\n<p><strong>Venipak paku autom\u0101ti no 2,50 \u20ac<\/strong> neatkar\u012bgi no pakas lieluma<br \/>\nUz <strong>Igauniju<\/strong> pakas tiek s\u016bt\u012btas <strong>par 2,50 \u20ac, uz Latviju - par 4,90 \u20ac un uz Lietuvu - par 4,90 \u20ac.<\/strong><br \/>\nPar pakas sa\u0146em\u0161anu J\u016bs tiksiet inform\u0113ts ar SMS, kur\u0101 b\u016bs nor\u0101d\u012bts PIN kods, kas nepiecie\u0161ams, lai sa\u0146emtu s\u016bt\u012bjumu. Tad dodieties pie autom\u0101ta un ievadiet SMS \u012bszi\u0146\u0101 iek\u013cauto durvju kodu sk\u0101rienj\u016bt\u012bgaj\u0101 ekr\u0101n\u0101. Atv\u0113rsies lab\u0101s skap\u012b\u0161a durvis, un s\u016bt\u012bjums b\u016bs j\u016bsu rok\u0101s!  <\/p>\n<p><strong>DPD paku autom\u0101ts maks\u0101 no 2,90 \u20ac<\/strong> neatkar\u012bgi no pakas lieluma<br \/>\nUz<strong> Igauniju<\/strong> tiek s\u016bt\u012btas pakas<strong> par 2,90 \u20ac, Latviju par 4,90 \u20ac, Lietuvu par 4,90 \u20ac, Somiju par 9,90 \u20ac, Zviedriju par 10,90 \u20ac<\/strong>.<br \/>\nPar pakas sa\u0146em\u0161anu J\u016bs tiksiet inform\u0113ts ar SMS, kur\u0101 b\u016bs nor\u0101d\u012bts PIN kods, kas nepiecie\u0161ams, lai sa\u0146emtu paku. P\u0113c tam dodieties pie autom\u0101ta un ievadiet SMS \u012bszi\u0146\u0101 iek\u013cauto durvju kodu sk\u0101rienj\u016bt\u012bgaj\u0101 ekr\u0101n\u0101. Atv\u0113rsies lab\u0101s skap\u012b\u0161a durvis, un s\u016bt\u012bjums b\u016bs j\u016bsu rok\u0101s!  <\/p>\n<p>P\u0101rvad\u0101\u0161anas izmaksas sedz pirc\u0113js, un atbilsto\u0161\u0101 inform\u0101cija par cenu ir nor\u0101d\u012bta pie pieg\u0101des veida.<br \/>\nIek\u0161zemes s\u016bt\u012bjumi Igaunij\u0101 parasti sasniedz pirc\u0113ja nor\u0101d\u012bto galam\u0113r\u0137i 2-4 darba dienu laik\u0101 no p\u0101rdo\u0161anas l\u012bguma sp\u0113k\u0101 st\u0101\u0161an\u0101s dienas.<\/p>\n<p>Iz\u0146\u0113muma gad\u012bjumos tas ir ties\u012bgs pieg\u0101d\u0101t preces ne ilg\u0101k k\u0101 30 kalend\u0101ro dienu laik\u0101.<br \/>\nJa Interneta veikals ir inform\u0113jis pirc\u0113ju t\u012bmek\u013ca vietn\u0113 vai pas\u016bt\u012bjuma apstiprin\u0101jum\u0101 par pieg\u0101des probl\u0113m\u0101m un par termi\u0146u, kas p\u0101rsniedz 30 kalend\u0101r\u0101s dienas, tiek piem\u0113rots Interneta veikala public\u0113tais termi\u0146\u0161.<\/p>\n","protected":false},"excerpt":{"rendered":"<p>Preces tiek s\u016bt\u012btas uz Igauniju, Latviju, Lietuvu, Somiju, Zviedriju. Smartposti paku autom\u0101ts no 2,50 \u20ac neatkar\u012bgi no pakas lieluma Uz Igaunijutiek s\u016bt\u012bti pakas 2,50 \u20ac, Latviju 4,90 \u20ac, Lietuvu 4,90 \u20ac, Somiju 13,90 \u20ac. Par pakas sa\u0146em\u0161anu J\u016bs tiksiet inform\u0113ts ar SMS, kur\u0101 b\u016bs nor\u0101d\u012bts PIN kods, kas nepiecie\u0161ams, lai sa\u0146emtu paku. P\u0113c tam dodieties [&hellip;]<\/p>\n","protected":false},"author":32,"featured_media":0,"parent":0,"menu_order":0,"comment_status":"closed","ping_status":"closed","template":"","meta":{"site-sidebar-layout":"default","site-content-layout":"","ast-site-content-layout":"default","site-content-style":"default","site-sidebar-style":"default","ast-global-header-display":"","ast-banner-title-visibility":"","ast-main-header-display":"","ast-hfb-above-header-display":"","ast-hfb-below-header-display":"","ast-hfb-mobile-header-display":"","site-post-title":"","ast-breadcrumbs-content":"","ast-featured-img":"","footer-sml-layout":"","ast-disable-related-posts":"","theme-transparent-header-meta":"default","adv-header-id-meta":"","stick-header-meta":"default","header-above-stick-meta":"","header-main-stick-meta":"","header-below-stick-meta":"","astra-migrate-meta-layouts":"default","ast-page-background-enabled":"default","ast-page-background-meta":{"desktop":{"background-color":"","background-image":"","background-repeat":"repeat","background-position":"center center","background-size":"auto","background-attachment":"scroll","background-type":"","background-media":"","overlay-type":"","overlay-color":"","overlay-opacity":"","overlay-gradient":""},"tablet":{"background-color":"","background-image":"","background-repeat":"repeat","background-position":"center center","background-size":"auto","background-attachment":"scroll","background-type":"","background-media":"","overlay-type":"","overlay-color":"","overlay-opacity":"","overlay-gradient":""},"mobile":{"background-color":"","background-image":"","background-repeat":"repeat","background-position":"center center","background-size":"auto","background-attachment":"scroll","background-type":"","background-media":"","overlay-type":"","overlay-color":"","overlay-opacity":"","overlay-gradient":""}},"ast-content-background-meta":{"desktop":{"background-color":"var(--ast-global-color-5)","background-image":"","background-repeat":"repeat","background-position":"center center","background-size":"auto","background-attachment":"scroll","background-type":"","background-media":"","overlay-type":"","overlay-color":"","overlay-opacity":"","overlay-gradient":""},"tablet":{"background-color":"var(--ast-global-color-5)","background-image":"","background-repeat":"repeat","background-position":"center center","background-size":"auto","background-attachment":"scroll","background-type":"","background-media":"","overlay-type":"","overlay-color":"","overlay-opacity":"","overlay-gradient":""},"mobile":{"background-color":"var(--ast-global-color-5)","background-image":"","background-repeat":"repeat","background-position":"center center","background-size":"auto","background-attachment":"scroll","background-type":"","background-media":"","overlay-type":"","overlay-color":"","overlay-opacity":"","overlay-gradient":""}},"footnotes":""},"class_list":["post-12129","page","type-page","status-publish","hentry"],"_links":{"self":[{"href":"https:\/\/nordicdiy.ee\/lv\/wp-json\/wp\/v2\/pages\/12129","targetHints":{"allow":["GET"]}}],"collection":[{"href":"https:\/\/nordicdiy.ee\/lv\/wp-json\/wp\/v2\/pages"}],"about":[{"href":"https:\/\/nordicdiy.ee\/lv\/wp-json\/wp\/v2\/types\/page"}],"author":[{"embeddable":true,"href":"https:\/\/nordicdiy.ee\/lv\/wp-json\/wp\/v2\/users\/32"}],"replies":[{"embeddable":true,"href":"https:\/\/nordicdiy.ee\/lv\/wp-json\/wp\/v2\/comments?post=12129"}],"version-history":[{"count":0,"href":"https:\/\/nordicdiy.ee\/lv\/wp-json\/wp\/v2\/pages\/12129\/revisions"}],"wp:attachment":[{"href":"https:\/\/nordicdiy.ee\/lv\/wp-json\/wp\/v2\/media?parent=12129"}],"curies":[{"name":"wp","href":"https:\/\/api.w.org\/{rel}","templated":true}]}}