{"id":12135,"date":"2024-09-06T19:21:09","date_gmt":"2024-09-06T16:21:09","guid":{"rendered":"https:\/\/nordicdiy.ee\/ufi-green\/"},"modified":"2025-06-11T17:25:37","modified_gmt":"2025-06-11T14:25:37","slug":"ufi-green","status":"publish","type":"page","link":"https:\/\/nordicdiy.ee\/lv\/ufi-green\/","title":{"rendered":"UFI Green"},"content":{"rendered":"<p>\u012apa\u0161\u0101k\u0101 ir m\u016bsu UFI Green sertific\u0113t\u0101 smar\u017e\u012bgo e\u013c\u013cu kolekcija, kas nodro\u0161ina visaugst\u0101kos dro\u0161\u012bbas un vides standartus. M\u0113s lepojamies, ka esam ekskluz\u012bvs Aspoli smar\u017e\u012bgo e\u013c\u013cu izplat\u012bt\u0101js Igaunij\u0101, Somij\u0101, Zviedrij\u0101 un Latvij\u0101.<br \/>\n<strong><br \/>\nNo 2025. gada 1. janv\u0101ra piem\u0113ros ES ties\u012bbu aktus. <\/strong>, kas noz\u012bm\u0113, ka uz visiem \u0137\u012bmiskajiem mais\u012bjumiem, ko izmanto kosm\u0113tikas vai smar\u017evielu r\u016bpniec\u012bb\u0101, j\u0101attiecina saska\u0146ots PCN (Pazi\u0146ojums par saind\u0113\u0161an\u0101s centru). Tas noz\u012bm\u0113, ka gad\u012bjum\u0101, ja produktu p\u0101rdod ES valst\u012bs, atbild\u012bgajiem uz\u0146\u0113mumiem ir j\u0101sniedz Eiropas toksikolo\u0123ijas centriem inform\u0101cija par produkt\u0101 izmantot\u0101s \u0137\u012bmisk\u0101s vielas sast\u0101vu, b\u012bstam\u012bbu un lieto\u0161anu. No \u0161\u0101 br\u012b\u017ea visiem jaunajiem un eso\u0161ajiem produktiem b\u016bs piln\u012bb\u0101 j\u0101atbilst \u0161ai jaunajai pras\u012bbai.  <\/p>\n<p><strong>\u013boti vienk\u0101r\u0161i sakot,<\/strong> ja klients no interneta veikala, veikala vai tirdzniec\u012bbas vietas ieg\u0101d\u0101jas produktu, kas satur smar\u017e\u012bgo e\u013c\u013cu (piem\u0113ram, sveci), \u0161is jaunais likums noz\u012bm\u0113, ka visiem gatavajiem produktiem j\u0101b\u016bt iepriek\u0161 re\u0123istr\u0113tiem Eiropas Darba dro\u0161\u012bbas un vesel\u012bbas aizsardz\u012bbas centr\u0101 (ECHAS). Lai nodro\u0161in\u0101tu to dro\u0161\u012bbu, ra\u017eot\u0101jam b\u016bs j\u0101sniedz prec\u012bza inform\u0101cija par to sast\u0101vu un iesp\u0113jamo b\u012bstam\u012bbu. Tas pal\u012bdz\u0113s nodro\u0161in\u0101t cilv\u0113ku un vides dro\u0161\u012bbu.  <\/p>\n<p><strong>Vai tas viss ir p\u0101r\u0101k sare\u017e\u0123\u012bti?<br \/>\n<\/strong>J\u0101, tas ir sare\u017e\u0123\u012bts un laikietilp\u012bgs process, t\u0101p\u0113c m\u0113s esam atviegloju\u0161i ra\u017eot\u0101jiem dz\u012bvi.<strong><br \/>\nLai vienk\u0101r\u0161otu ra\u017eo\u0161anu, j\u016bs varat BEZMAKSAS lejupiel\u0101d\u0113t sojas \u0101das sve\u010du dro\u0161\u012bbas lapas (SDS) un CLP uzl\u012bmju dizainus (eti\u0137etes) katrai smar\u017e\u012bgai e\u013c\u013cai, un jums nav j\u0101\u0123ener\u0113 un j\u0101pazi\u0146o UFI kods PCN vai j\u0101re\u0123istr\u0113 savs produkts ECHAS.<\/strong><\/p>\n<p><strong>K\u0101 tas darbojas?<br \/>\n<a href=\"https:\/\/nordicdiy.ee\/lv\/ufi-green\/ufi-susteem-2\/\" rel=\"attachment wp-att-5374\"><img decoding=\"async\" class=\"alignnone wp-image-5374\" src=\"https:\/\/nordicdiy.ee\/wp-content\/uploads\/2025\/02\/ufi-susteem-300x72.jpg\" alt=\"\" width=\"426\" height=\"102\" srcset=\"https:\/\/nordicdiy.ee\/wp-content\/uploads\/2025\/02\/ufi-susteem-300x72.jpg 300w, https:\/\/nordicdiy.ee\/wp-content\/uploads\/2025\/02\/ufi-susteem-1024x244.jpg 1024w, https:\/\/nordicdiy.ee\/wp-content\/uploads\/2025\/02\/ufi-susteem-768x183.jpg 768w, https:\/\/nordicdiy.ee\/wp-content\/uploads\/2025\/02\/ufi-susteem-600x143.jpg 600w, https:\/\/nordicdiy.ee\/wp-content\/uploads\/2025\/02\/ufi-susteem.jpg 1132w\" sizes=\"(max-width: 426px) 100vw, 426px\" \/><\/a><br \/>\n<\/strong><\/p>\n<ol>\n<li><strong>Izv\u0113lieties<\/strong> <strong>smar\u017evielu no<\/strong> m\u016bsu tie\u0161saistes veikala, kas mar\u0137\u0113ta ar <strong>UFI ZELENO<\/strong> l\u012bmeni.<br \/>\nKatrai smar\u017evielai ir nor\u0101d\u012bts UFIGREEN lieto\u0161anas l\u012bmenis jeb robe\u017ev\u0113rt\u012bba, kas nor\u0101da maksim\u0101lo dro\u0161o smar\u017evielas daudzumu svec\u0113m vai m\u0101jas arom\u0101tiem (piem\u0113ram, Baccarat 39%).<\/li>\n<li><strong>Izv\u0113lieties<\/strong> vesel\u012bbai un videi nekait\u012bgu <strong>vasku<\/strong>, piem\u0113ram, sojas vasku ar mar\u0137\u0113jumu UFI GREEN.<br \/>\nVesel\u012bbai un videi nekait\u012bgs vasks ir vasks, kas nesatur vielas, kuras klasific\u0113tas k\u0101 b\u012bstamas.<\/li>\n<li><strong>Lejupiel\u0101d\u0113jiet bezmaksas<\/strong> dro\u0161\u012bbas datu lapu (DDL) svec\u0113m ar izv\u0113l\u0113to devas l\u012bmeni un saglab\u0101jiet to sav\u0101 dator\u0101.<br \/>\nArom\u0101tisk\u0101s e\u013c\u013cas produkta aprakst\u0101 atrad\u012bsiet bezmaksas dro\u0161\u012bbas datu lapas (DDL) sojas svec\u0113m (3 devu l\u012bme\u0146i 6 %, 8 % vai 10 %).<\/li>\n<li><strong>Lejupiel\u0101d\u0113jiet uzl\u012bmi, ko uzl\u012bm\u0113t uz sveces<\/strong>, ar piktogramm\u0101m, b\u012bstam\u012bbas nor\u0101d\u0113m un alerg\u0113nu sarakstu. Pirms druk\u0101\u0161anas neaizmirstiet pievienot inform\u0101ciju par uz\u0146\u0113mumu un sve\u010du vaska svaru!<br \/>\n<strong>L\u016bdzu, \u0146emiet v\u0113r\u0101!  <\/strong>- uz uzl\u012bmes nav UFI koda - jo UFI ZELTAIS logotips apliecina, ka galaprodukts nav j\u0101re\u0123istr\u0113 ECHAS un ir cie\u0161i saist\u012bts ar produkta dro\u0161\u012bbas datu lapu.<\/li>\n<\/ol>\n<p><strong>Ko dar\u012bt, ja esmu izv\u0113l\u0113jies smar\u017e\u012bgo e\u013c\u013cu ar UFI READY logotipu?<\/strong><br \/>\nJa izv\u0113l\u0113tajai smar\u017e\u012bgajai e\u013c\u013cai ir UFI READY logotips, to var izmantot ar\u012b arom\u0101tisko sve\u010du ra\u017eo\u0161an\u0101.<br \/>\nIzpildiet iepriek\u0161 min\u0113tos 4 so\u013cus (t\u0101pat k\u0101 UFI GREEN), un katra smar\u017e\u012bg\u0101s e\u013c\u013cas produkta aprakst\u0101 atrad\u012bsiet bezmaksas dro\u0161\u012bbas datu lapas (DDL) sojas svec\u0113m.<br \/>\n<strong>L\u016bdzu, \u0146emiet v\u0113r\u0101!  <\/strong>- uz uzl\u012bmes ir UFI kods un b\u012bstam\u012bbas piktogrammas!<\/p>\n<p><strong>Vai ASPOL arom\u0101tisk\u0101s e\u013c\u013cas var izmantot m\u0101jas smar\u017eviel\u0101s?<br \/>\n<\/strong>J\u0101, j\u016bs varat izmantot koci\u0146us m\u0101jas smar\u017eviel\u0101m, telpu aerosoliem un automa\u0161\u012bnu smar\u017eviel\u0101m. Pirms lieto\u0161anas p\u0101rbaudiet <strong data-start=\"174\" data-end=\"210\">dro\u0161as lieto\u0161anas ierobe\u017eojumus<\/strong>. Skatiet IFRA tabulu, lai uzzin\u0101tu lieto\u0161anas l\u012bme\u0146us kategorij\u0101m.<br \/>\nVirsmas izsmidzin\u0101mie aerosoli, automa\u0161\u012bnu gaisa atsvaidzin\u0101t\u0101ji, kategorijas Nr. 10B.<br \/>\nUzl\u012bmes uz m\u0101jok\u013ca atsvaidzin\u0101t\u0101jiem, smar\u017eu koci\u0146i, gaisa atsvaidzin\u0101t\u0101ji, kas nav izsmidzin\u0101mie aerosoli, kategorijas Nr. 10A.  <\/p>\n<p><strong>Ja v\u0113laties izgatavot telpas skeneri ar koci\u0146iem, kas nav j\u0101re\u0123istr\u0113 ECHAS, izpildiet \u0161os 2 vienk\u0101r\u0161os so\u013cus.<br \/>\n<\/strong><\/p>\n<ol>\n<li>Izv\u0113lieties smar\u017e\u012bgo e\u013c\u013cu, kas nep\u0101rsniedz j\u016bsu izv\u0113l\u0113to daudzumu. Piem\u0113ram, Baccarat UFIGREEN arom\u0101tiskajai e\u013c\u013cai ir noteikts izmanto\u0161anas ierobe\u017eojums l\u012bdz 39%! Tas noz\u012bm\u0113, ka l\u012bdz 39% arom\u0101tisk\u0101s e\u013c\u013cas var izmantot m\u0101jas aromatiz\u0113\u0161an\u0101.  <\/li>\n<li>Izmantojiet UFI GREEN b\u0101zes \u0161\u0137idrumu Nr. 7. Izveidojiet t\u012br\u0101kos un dro\u0161\u0101kos difuzorus tirg\u016b! <\/li>\n<li>Produktam j\u0101b\u016bt mar\u0137\u0113tam ar UFI GREEN logotipu.<\/li>\n<\/ol>\n<p>&nbsp;<\/p>\n<p><strong>Ko noz\u012bm\u0113 UFI GREEN?<\/strong><\/p>\n<p>\"UFIGREEN\" ir sa\u012bsin\u0101jums no \"Unique Formula Identifier Green\", kas ir saist\u012bts ar \u0137\u012bmisko vielu un b\u012bstamo vielu mar\u0137\u0113\u0161anu Eiropas Savien\u012bb\u0101. Tas ir \u012bpa\u0161s identifikators, kas izstr\u0101d\u0101ts saska\u0146\u0101 ar \u0136\u012bmisko vielu regulu, kas paz\u012bstama ar\u012b k\u0101 CLP (Klasifik\u0101cijas, mar\u0137\u0113\u0161anas un iepako\u0161anas) regula. <\/p>\n<p>UFI Green ir \u012bpa\u0161s kods, ko izmanto Eiropas Savien\u012bb\u0101, lai identific\u0113tu videi draudz\u012bgas \u0137\u012bmisk\u0101s vielas un b\u012bstam\u0101s vielas. \u0160is 16 ciparu kods pal\u012bdz \u0101tri un prec\u012bzi identific\u0113t produktus, kas atbilst noteikt\u0101m dro\u0161\u012bbas un vides aizsardz\u012bbas pras\u012bb\u0101m. UFI Green m\u0113r\u0137is ir padar\u012bt \u0137\u012bmisko vielu lieto\u0161anu dro\u0161\u0101ku un p\u0101rredzam\u0101ku gan pat\u0113r\u0113t\u0101jiem, gan r\u016bpniec\u012bbai.  <\/p>\n<p>UFI Green m\u0113r\u0137is ir populariz\u0113t videi draudz\u012bg\u0101kus produktus un padar\u012bt \u0137\u012bmisko vielu dro\u0161\u012bbu un p\u0101rvald\u012bbu vienk\u0101r\u0161\u0101ku un p\u0101rredzam\u0101ku gan pat\u0113r\u0113t\u0101jiem, gan r\u016bpniec\u012bbai.<\/p>\n<p><strong>Kas ir UFI READY un k\u0101da ir at\u0161\u0137ir\u012bba starp to un UFI GREEN?<\/strong><\/p>\n<p>\"UFI Ready\" noz\u012bm\u0113, ka izstr\u0101d\u0101jums vai sist\u0113ma ir tehniski gatava izmantot UFI kodu, kas nepiecie\u0161ams, lai prec\u012bzi identific\u0113tu \u0137\u012bmisk\u0101s vielas saska\u0146\u0101 ar ES dro\u0161\u012bbas pras\u012bb\u0101m.<\/p>\n<p>Savuk\u0101rt UFI Green attiecas uz izstr\u0101d\u0101jumiem, kas ir izstr\u0101d\u0101ti vai mar\u0137\u0113ti t\u0101, lai atbilstu vides draudz\u012bguma vai zem\u0101ka riska pras\u012bb\u0101m.<br \/>\nGalven\u0101 at\u0161\u0137ir\u012bba: UFI Ready piev\u0113r\u0161as tehniskajai gatav\u012bbai izmantot UFI kodu, savuk\u0101rt UFI Green piev\u0113r\u0161as izstr\u0101d\u0101juma dro\u0161\u012bbas un vides draudz\u012bguma l\u012bmenim.<\/p>\n<p>CLP regula (Regula (EK) Nr. 1272\/2008) ir noteikums, kas pal\u012bdz identific\u0113t \u0137\u012bmisko vielu b\u012bstam\u012bbu un inform\u0113t par to. Taj\u0101 noteikts, ka visiem \u0137\u012bmiskajiem produktiem (viel\u0101m un mais\u012bjumiem), ko p\u0101rdod Eiropas Savien\u012bb\u0101, j\u0101b\u016bt pareizi mar\u0137\u0113tiem un iepakotiem. Uz eti\u0137et\u0113m ir \u012bpa\u0161i br\u012bdin\u0101jumi un att\u0113li (piktogrammas), kas par\u0101da, cik b\u012bstams ir produkts. CLP regulas pamat\u0101 ir ANO sist\u0113ma, lai nodro\u0161in\u0101tu \u0137\u012bmisko produktu dro\u0161u lieto\u0161anu un atvieglotu to p\u0101rdo\u0161anu vis\u0101 pasaul\u0113.   <\/p>\n","protected":false},"excerpt":{"rendered":"<p>\u012apa\u0161\u0101k\u0101 ir m\u016bsu UFI Green sertific\u0113t\u0101 smar\u017e\u012bgo e\u013c\u013cu kolekcija, kas nodro\u0161ina visaugst\u0101kos dro\u0161\u012bbas un vides standartus. M\u0113s lepojamies, ka esam ekskluz\u012bvs Aspoli smar\u017e\u012bgo e\u013c\u013cu izplat\u012bt\u0101js Igaunij\u0101, Somij\u0101, Zviedrij\u0101 un Latvij\u0101. No 2025. gada 1. janv\u0101ra piem\u0113ros ES ties\u012bbu aktus. , kas noz\u012bm\u0113, ka uz visiem \u0137\u012bmiskajiem mais\u012bjumiem, ko izmanto kosm\u0113tikas vai smar\u017evielu r\u016bpniec\u012bb\u0101, j\u0101attiecina saska\u0146ots [&hellip;]<\/p>\n","protected":false},"author":1,"featured_media":0,"parent":0,"menu_order":0,"comment_status":"closed","ping_status":"closed","template":"","meta":{"site-sidebar-layout":"default","site-content-layout":"","ast-site-content-layout":"default","site-content-style":"default","site-sidebar-style":"default","ast-global-header-display":"","ast-banner-title-visibility":"","ast-main-header-display":"","ast-hfb-above-header-display":"","ast-hfb-below-header-display":"","ast-hfb-mobile-header-display":"","site-post-title":"","ast-breadcrumbs-content":"","ast-featured-img":"","footer-sml-layout":"","ast-disable-related-posts":"","theme-transparent-header-meta":"default","adv-header-id-meta":"","stick-header-meta":"default","header-above-stick-meta":"","header-main-stick-meta":"","header-below-stick-meta":"","astra-migrate-meta-layouts":"default","ast-page-background-enabled":"default","ast-page-background-meta":{"desktop":{"background-color":"","background-image":"","background-repeat":"repeat","background-position":"center center","background-size":"auto","background-attachment":"scroll","background-type":"","background-media":"","overlay-type":"","overlay-color":"","overlay-opacity":"","overlay-gradient":""},"tablet":{"background-color":"","background-image":"","background-repeat":"repeat","background-position":"center center","background-size":"auto","background-attachment":"scroll","background-type":"","background-media":"","overlay-type":"","overlay-color":"","overlay-opacity":"","overlay-gradient":""},"mobile":{"background-color":"","background-image":"","background-repeat":"repeat","background-position":"center center","background-size":"auto","background-attachment":"scroll","background-type":"","background-media":"","overlay-type":"","overlay-color":"","overlay-opacity":"","overlay-gradient":""}},"ast-content-background-meta":{"desktop":{"background-color":"var(--ast-global-color-5)","background-image":"","background-repeat":"repeat","background-position":"center center","background-size":"auto","background-attachment":"scroll","background-type":"","background-media":"","overlay-type":"","overlay-color":"","overlay-opacity":"","overlay-gradient":""},"tablet":{"background-color":"var(--ast-global-color-5)","background-image":"","background-repeat":"repeat","background-position":"center center","background-size":"auto","background-attachment":"scroll","background-type":"","background-media":"","overlay-type":"","overlay-color":"","overlay-opacity":"","overlay-gradient":""},"mobile":{"background-color":"var(--ast-global-color-5)","background-image":"","background-repeat":"repeat","background-position":"center center","background-size":"auto","background-attachment":"scroll","background-type":"","background-media":"","overlay-type":"","overlay-color":"","overlay-opacity":"","overlay-gradient":""}},"footnotes":""},"class_list":["post-12135","page","type-page","status-publish","hentry"],"_links":{"self":[{"href":"https:\/\/nordicdiy.ee\/lv\/wp-json\/wp\/v2\/pages\/12135","targetHints":{"allow":["GET"]}}],"collection":[{"href":"https:\/\/nordicdiy.ee\/lv\/wp-json\/wp\/v2\/pages"}],"about":[{"href":"https:\/\/nordicdiy.ee\/lv\/wp-json\/wp\/v2\/types\/page"}],"author":[{"embeddable":true,"href":"https:\/\/nordicdiy.ee\/lv\/wp-json\/wp\/v2\/users\/1"}],"replies":[{"embeddable":true,"href":"https:\/\/nordicdiy.ee\/lv\/wp-json\/wp\/v2\/comments?post=12135"}],"version-history":[{"count":1,"href":"https:\/\/nordicdiy.ee\/lv\/wp-json\/wp\/v2\/pages\/12135\/revisions"}],"predecessor-version":[{"id":19127,"href":"https:\/\/nordicdiy.ee\/lv\/wp-json\/wp\/v2\/pages\/12135\/revisions\/19127"}],"wp:attachment":[{"href":"https:\/\/nordicdiy.ee\/lv\/wp-json\/wp\/v2\/media?parent=12135"}],"curies":[{"name":"wp","href":"https:\/\/api.w.org\/{rel}","templated":true}]}}