{"id":12144,"date":"2024-09-06T19:20:37","date_gmt":"2024-09-06T16:20:37","guid":{"rendered":"https:\/\/nordicdiy.ee\/pakalpojumi\/"},"modified":"2024-09-06T19:20:37","modified_gmt":"2024-09-06T16:20:37","slug":"pakalpojumi","status":"publish","type":"page","link":"https:\/\/nordicdiy.ee\/lv\/pakalpojumi\/","title":{"rendered":"Pakalpojumi"},"content":{"rendered":"<p>M\u016bsu pakalpojumi - personaliz\u0113tu un unik\u0101lu risin\u0101jumu rad\u012b\u0161ana. M\u0113s pied\u0101v\u0101jam augstas kvalit\u0101tes un personaliz\u0113tus pakalpojumus, lai pal\u012bdz\u0113tu izcelt j\u016bsu produktus un pie\u0161\u0137irtu tiem unik\u0101lu izskatu:<\/p>\n<ul>\n<li><strong>Logotipa grav\u0113\u0161ana uz koka sve\u010dturiem<\/strong> - eleganti iegrav\u0113jiet sava z\u012bmola logotipu uz koka sve\u010dturiem, pie\u0161\u0137irot saviem izstr\u0101d\u0101jumiem greznu un neaizmirstamu deta\u013cu.<\/li>\n<li><strong>Sve\u010du stikla apglezno\u0161ana<\/strong> - m\u0113s pied\u0101v\u0101jam profesion\u0101lu sve\u010du stikla apglezno\u0161anu, lai j\u016bsu sveces lieliski sader\u0113tu ar j\u016bsu z\u012bmolu vai m\u0101jas interjeru.<\/li>\n<li><strong>Smar\u017e\u012bgo e\u013c\u013cu bu\u0137etes izveide<\/strong> - m\u0113s pal\u012bdz\u0113sim jums izveidot unik\u0101lu smar\u017e\u012bgo e\u013c\u013cu kombin\u0101ciju, kas atspogu\u013co j\u016bsu z\u012bmola identit\u0101ti un rada pat\u012bkamu atmosf\u0113ru.<\/li>\n<\/ul>\n<p>Lai sa\u0146emtu pied\u0101v\u0101jumu, l\u016bdzu, sazinieties ar mums: <a href=\"mailto:epood@nordicdiy.ee\">epood@nordicdiy.ee<\/a><\/p>\n","protected":false},"excerpt":{"rendered":"<p>M\u016bsu pakalpojumi - personaliz\u0113tu un unik\u0101lu risin\u0101jumu rad\u012b\u0161ana. M\u0113s pied\u0101v\u0101jam augstas kvalit\u0101tes un personaliz\u0113tus pakalpojumus, lai pal\u012bdz\u0113tu izcelt j\u016bsu produktus un pie\u0161\u0137irtu tiem unik\u0101lu izskatu: Logotipa grav\u0113\u0161ana uz koka sve\u010dturiem - eleganti iegrav\u0113jiet sava z\u012bmola logotipu uz koka sve\u010dturiem, pie\u0161\u0137irot saviem izstr\u0101d\u0101jumiem greznu un neaizmirstamu deta\u013cu. Sve\u010du stikla apglezno\u0161ana - m\u0113s pied\u0101v\u0101jam profesion\u0101lu sve\u010du stikla [&hellip;]<\/p>\n","protected":false},"author":1,"featured_media":0,"parent":0,"menu_order":0,"comment_status":"closed","ping_status":"closed","template":"","meta":{"site-sidebar-layout":"default","site-content-layout":"","ast-site-content-layout":"default","site-content-style":"default","site-sidebar-style":"default","ast-global-header-display":"","ast-banner-title-visibility":"","ast-main-header-display":"","ast-hfb-above-header-display":"","ast-hfb-below-header-display":"","ast-hfb-mobile-header-display":"","site-post-title":"","ast-breadcrumbs-content":"","ast-featured-img":"","footer-sml-layout":"","ast-disable-related-posts":"","theme-transparent-header-meta":"default","adv-header-id-meta":"","stick-header-meta":"default","header-above-stick-meta":"","header-main-stick-meta":"","header-below-stick-meta":"","astra-migrate-meta-layouts":"default","ast-page-background-enabled":"default","ast-page-background-meta":{"desktop":{"background-color":"","background-image":"","background-repeat":"repeat","background-position":"center center","background-size":"auto","background-attachment":"scroll","background-type":"","background-media":"","overlay-type":"","overlay-color":"","overlay-opacity":"","overlay-gradient":""},"tablet":{"background-color":"","background-image":"","background-repeat":"repeat","background-position":"center center","background-size":"auto","background-attachment":"scroll","background-type":"","background-media":"","overlay-type":"","overlay-color":"","overlay-opacity":"","overlay-gradient":""},"mobile":{"background-color":"","background-image":"","background-repeat":"repeat","background-position":"center center","background-size":"auto","background-attachment":"scroll","background-type":"","background-media":"","overlay-type":"","overlay-color":"","overlay-opacity":"","overlay-gradient":""}},"ast-content-background-meta":{"desktop":{"background-color":"var(--ast-global-color-5)","background-image":"","background-repeat":"repeat","background-position":"center center","background-size":"auto","background-attachment":"scroll","background-type":"","background-media":"","overlay-type":"","overlay-color":"","overlay-opacity":"","overlay-gradient":""},"tablet":{"background-color":"var(--ast-global-color-5)","background-image":"","background-repeat":"repeat","background-position":"center center","background-size":"auto","background-attachment":"scroll","background-type":"","background-media":"","overlay-type":"","overlay-color":"","overlay-opacity":"","overlay-gradient":""},"mobile":{"background-color":"var(--ast-global-color-5)","background-image":"","background-repeat":"repeat","background-position":"center center","background-size":"auto","background-attachment":"scroll","background-type":"","background-media":"","overlay-type":"","overlay-color":"","overlay-opacity":"","overlay-gradient":""}},"footnotes":""},"class_list":["post-12144","page","type-page","status-publish","hentry"],"_links":{"self":[{"href":"https:\/\/nordicdiy.ee\/lv\/wp-json\/wp\/v2\/pages\/12144","targetHints":{"allow":["GET"]}}],"collection":[{"href":"https:\/\/nordicdiy.ee\/lv\/wp-json\/wp\/v2\/pages"}],"about":[{"href":"https:\/\/nordicdiy.ee\/lv\/wp-json\/wp\/v2\/types\/page"}],"author":[{"embeddable":true,"href":"https:\/\/nordicdiy.ee\/lv\/wp-json\/wp\/v2\/users\/1"}],"replies":[{"embeddable":true,"href":"https:\/\/nordicdiy.ee\/lv\/wp-json\/wp\/v2\/comments?post=12144"}],"version-history":[{"count":0,"href":"https:\/\/nordicdiy.ee\/lv\/wp-json\/wp\/v2\/pages\/12144\/revisions"}],"wp:attachment":[{"href":"https:\/\/nordicdiy.ee\/lv\/wp-json\/wp\/v2\/media?parent=12144"}],"curies":[{"name":"wp","href":"https:\/\/api.w.org\/{rel}","templated":true}]}}