{"id":12149,"date":"2024-09-06T19:19:19","date_gmt":"2024-09-06T16:19:19","guid":{"rendered":"https:\/\/nordicdiy.ee\/b2b-pardosana\/"},"modified":"2024-09-06T19:19:19","modified_gmt":"2024-09-06T16:19:19","slug":"b2b-pardosana","status":"publish","type":"page","link":"https:\/\/nordicdiy.ee\/lv\/b2b-pardosana\/","title":{"rendered":"B2B p\u0101rdo\u0161ana"},"content":{"rendered":"<div>\n<p>M\u016bsu uz\u0146\u0113mums B2B klientiem pied\u0101v\u0101 pla\u0161u augstas kvalit\u0101tes produktu kl\u0101stu, tostarp UFI Green sertific\u0113tas arom\u0101tisk\u0101s e\u013c\u013cas, kr\u0101sainas sve\u010du gl\u0101zes, sojas vasku un daudz ko citu. Vairumtirgot\u0101jiem m\u0113s pied\u0101v\u0101jam konkur\u0113tsp\u0113j\u012bgas vairumtirdzniec\u012bbas cenas un iesp\u0113ju izveidot savu unik\u0101lu smar\u017eu pu\u0161\u0137i un pas\u016bt\u012bt p\u0113c pas\u016bt\u012bjuma apgleznotas sve\u010du gl\u0101zes vai telpu atsvaidzin\u0101t\u0101ju pudeles. M\u016bsu sortiment\u0101 ir ar\u012b sve\u010du vaski, arom\u0101tiskie vaski, sve\u010du tur\u0113t\u0101ji, sve\u010du kr\u0101sas, sp\u012bdumi, \u0161\u0137idro ziepju pamatnes un pudeles, sve\u010du kastes un daudz kas cits, lai atbalst\u012btu j\u016bsu biznesa izaugsmi un rado\u0161umu. M\u016bsu m\u0113r\u0137is ir nodro\u0161in\u0101t elast\u012bgus un piel\u0101gojamus risin\u0101jumus, kas atbilst j\u016bsu biznesa vajadz\u012bb\u0101m un pal\u012bdz ieviest tirg\u016b augstas kvalit\u0101tes un videi draudz\u012bgus produktus.<\/p>\n<p>Str\u0101d\u0101jot ar mums, varat b\u016bt dro\u0161i, ka j\u016bsu produkti atbilst visaugst\u0101kajiem standartiem un atbalsta ilgtsp\u0113j\u012bbu un dro\u0161\u012bbu. Nordic DIY komanda ir ap\u0146\u0113musies nodro\u0161in\u0101t vislab\u0101ko servisu un atbalstu, lai j\u016bsu uz\u0146\u0113mums var\u0113tu koncentr\u0113ties uz svar\u012bg\u0101ko - augstas kvalit\u0101tes un videi draudz\u012bgu produktu rad\u012b\u0161anu un tirdzniec\u012bbu.<\/p>\n<p>Neatkar\u012bgi no t\u0101, vai j\u016bsu vajadz\u012bbas ir lielas vai mazas, m\u0113s pied\u0101v\u0101jam risin\u0101jumu. S\u0101ciet sadarboties ar mums jau \u0161odien un uzziniet, k\u0101 m\u0113s varam pal\u012bdz\u0113t jums sasniegt j\u016bsu biznesa m\u0113r\u0137us!<\/p>\n<p>L\u016bdziet cenu pied\u0101v\u0101jumu jau tagad!<\/p>\n<\/div>\n<div>Kaspar P\u00e4rn<br \/>\nB2B Sales<br \/>\nMobile: +372 52 66461<br \/>\nE-mail: <a href=\"mailto:kaspar@nordicdiy.ee\">kaspar@nordicdiy.ee<\/a><\/div>\n","protected":false},"excerpt":{"rendered":"<p>M\u016bsu uz\u0146\u0113mums B2B klientiem pied\u0101v\u0101 pla\u0161u augstas kvalit\u0101tes produktu kl\u0101stu, tostarp UFI Green sertific\u0113tas arom\u0101tisk\u0101s e\u013c\u013cas, kr\u0101sainas sve\u010du gl\u0101zes, sojas vasku un daudz ko citu. Vairumtirgot\u0101jiem m\u0113s pied\u0101v\u0101jam konkur\u0113tsp\u0113j\u012bgas vairumtirdzniec\u012bbas cenas un iesp\u0113ju izveidot savu unik\u0101lu smar\u017eu pu\u0161\u0137i un pas\u016bt\u012bt p\u0113c pas\u016bt\u012bjuma apgleznotas sve\u010du gl\u0101zes vai telpu atsvaidzin\u0101t\u0101ju pudeles. M\u016bsu sortiment\u0101 ir ar\u012b sve\u010du vaski, [&hellip;]<\/p>\n","protected":false},"author":1,"featured_media":0,"parent":0,"menu_order":0,"comment_status":"closed","ping_status":"closed","template":"","meta":{"site-sidebar-layout":"default","site-content-layout":"","ast-site-content-layout":"default","site-content-style":"default","site-sidebar-style":"default","ast-global-header-display":"","ast-banner-title-visibility":"","ast-main-header-display":"","ast-hfb-above-header-display":"","ast-hfb-below-header-display":"","ast-hfb-mobile-header-display":"","site-post-title":"","ast-breadcrumbs-content":"","ast-featured-img":"","footer-sml-layout":"","ast-disable-related-posts":"","theme-transparent-header-meta":"default","adv-header-id-meta":"","stick-header-meta":"default","header-above-stick-meta":"","header-main-stick-meta":"","header-below-stick-meta":"","astra-migrate-meta-layouts":"default","ast-page-background-enabled":"default","ast-page-background-meta":{"desktop":{"background-color":"","background-image":"","background-repeat":"repeat","background-position":"center center","background-size":"auto","background-attachment":"scroll","background-type":"","background-media":"","overlay-type":"","overlay-color":"","overlay-opacity":"","overlay-gradient":""},"tablet":{"background-color":"","background-image":"","background-repeat":"repeat","background-position":"center center","background-size":"auto","background-attachment":"scroll","background-type":"","background-media":"","overlay-type":"","overlay-color":"","overlay-opacity":"","overlay-gradient":""},"mobile":{"background-color":"","background-image":"","background-repeat":"repeat","background-position":"center center","background-size":"auto","background-attachment":"scroll","background-type":"","background-media":"","overlay-type":"","overlay-color":"","overlay-opacity":"","overlay-gradient":""}},"ast-content-background-meta":{"desktop":{"background-color":"var(--ast-global-color-5)","background-image":"","background-repeat":"repeat","background-position":"center center","background-size":"auto","background-attachment":"scroll","background-type":"","background-media":"","overlay-type":"","overlay-color":"","overlay-opacity":"","overlay-gradient":""},"tablet":{"background-color":"var(--ast-global-color-5)","background-image":"","background-repeat":"repeat","background-position":"center center","background-size":"auto","background-attachment":"scroll","background-type":"","background-media":"","overlay-type":"","overlay-color":"","overlay-opacity":"","overlay-gradient":""},"mobile":{"background-color":"var(--ast-global-color-5)","background-image":"","background-repeat":"repeat","background-position":"center center","background-size":"auto","background-attachment":"scroll","background-type":"","background-media":"","overlay-type":"","overlay-color":"","overlay-opacity":"","overlay-gradient":""}},"footnotes":""},"class_list":["post-12149","page","type-page","status-publish","hentry"],"_links":{"self":[{"href":"https:\/\/nordicdiy.ee\/lv\/wp-json\/wp\/v2\/pages\/12149","targetHints":{"allow":["GET"]}}],"collection":[{"href":"https:\/\/nordicdiy.ee\/lv\/wp-json\/wp\/v2\/pages"}],"about":[{"href":"https:\/\/nordicdiy.ee\/lv\/wp-json\/wp\/v2\/types\/page"}],"author":[{"embeddable":true,"href":"https:\/\/nordicdiy.ee\/lv\/wp-json\/wp\/v2\/users\/1"}],"replies":[{"embeddable":true,"href":"https:\/\/nordicdiy.ee\/lv\/wp-json\/wp\/v2\/comments?post=12149"}],"version-history":[{"count":0,"href":"https:\/\/nordicdiy.ee\/lv\/wp-json\/wp\/v2\/pages\/12149\/revisions"}],"wp:attachment":[{"href":"https:\/\/nordicdiy.ee\/lv\/wp-json\/wp\/v2\/media?parent=12149"}],"curies":[{"name":"wp","href":"https:\/\/api.w.org\/{rel}","templated":true}]}}