{"id":12152,"date":"2024-09-06T19:19:31","date_gmt":"2024-09-06T16:19:31","guid":{"rendered":"https:\/\/nordicdiy.ee\/par-mums\/"},"modified":"2024-09-06T19:19:31","modified_gmt":"2024-09-06T16:19:31","slug":"par-mums","status":"publish","type":"page","link":"https:\/\/nordicdiy.ee\/lv\/par-mums\/","title":{"rendered":"Par mums"},"content":{"rendered":"<p>Laipni l\u016bgti m\u016bsu \u0123imenes uz\u0146\u0113muma jaunaj\u0101 un inovat\u012bvaj\u0101 DIY e-veikal\u0101! M\u0113s pied\u0101v\u0101jam pla\u0161u videi draudz\u012bgu produktu kl\u0101stu, kas izstr\u0101d\u0101ti, dom\u0101jot par ilgtsp\u0113ju un r\u016bp\u0113m par dabu. M\u016bsu sortiment\u0101 atrad\u012bsiet sve\u010du izgatavo\u0161anas materi\u0101lus, m\u0101jas smar\u017eu piederumus un \u0161\u0137idro ziepju izgatavo\u0161anas sast\u0101vda\u013cas. \u012apa\u0161\u0101k\u0101 ir m\u016bsu UFI Green sertific\u0113t\u0101 smar\u017e\u012bgo e\u013c\u013cu kolekcija, kas nodro\u0161ina visaugst\u0101kos dro\u0161\u012bbas un vides standartus. M\u0113s lepojamies, ka esam ekskluz\u012bvs Aspoli smar\u017e\u012bgo e\u013c\u013cu izplat\u012bt\u0101js Igaunij\u0101, Somij\u0101, Zviedrij\u0101 un Latvij\u0101.<\/p>\n<p>M\u016bsu veikals ir paredz\u0113ts, lai nodro\u0161in\u0101tu kvalitat\u012bvus produktus priv\u0101tperson\u0101m, ra\u017eot\u0101jiem un uz\u0146\u0113mumiem, kuri v\u0113las dabiskus un dro\u0161us risin\u0101jumus. M\u016bsu m\u0113r\u0137is ir atvieglot j\u016bsu amatniec\u012bbas ce\u013cu, pied\u0101v\u0101jot pla\u0161u videi draudz\u012bgu un sertific\u0113tu materi\u0101lu un piederumu kl\u0101stu.<\/p>\n<p>M\u0113s pied\u0101v\u0101jam ar\u012b B2B risin\u0101jumus, tostarp vairumtirdzniec\u012bbas un individu\u0101lus risin\u0101jumus, piem\u0113ram, sava smar\u017eu pu\u0161\u0137a izveidi vai sve\u010du gl\u0101\u017eu kr\u0101so\u0161anu. Turkl\u0101t no m\u016bsu vietnes varat lejupiel\u0101d\u0113t eti\u0137etes un dro\u0161\u012bbas sertifik\u0101tus (SDS), lai pier\u0101d\u012btu, ka j\u016bsu produkti ir ra\u017eoti videi draudz\u012bg\u0101 veid\u0101 un atbilst augst\u0101kajiem dro\u0161\u012bbas standartiem.<\/p>\n<p>M\u016bsu produktu kl\u0101sts nep\u0101rtraukti att\u012bst\u0101s, lai pied\u0101v\u0101tu jums vislab\u0101ko DIY pieredzi. M\u016bsu m\u0113r\u0137is ir iedvesmot un atbalst\u012bt j\u016bsu rado\u0161umu, nodro\u0161inot visu nepiecie\u0161amo, lai rad\u012btu ko patiesi \u012bpa\u0161u un videi draudz\u012bgu. Neatkar\u012bgi no t\u0101, vai esat ies\u0101c\u0113js vai profesion\u0101lis, m\u016bsu e-veikal\u0101 atrad\u012bsiet visu nepiecie\u0161amo, lai savas idejas p\u0101rv\u0113rstu realit\u0101t\u0113. Speriet soli pretim za\u013c\u0101kai un dro\u0161\u0101kai n\u0101kotnei kop\u0101 ar mums!<\/p>\n","protected":false},"excerpt":{"rendered":"<p>Laipni l\u016bgti m\u016bsu \u0123imenes uz\u0146\u0113muma jaunaj\u0101 un inovat\u012bvaj\u0101 DIY e-veikal\u0101! M\u0113s pied\u0101v\u0101jam pla\u0161u videi draudz\u012bgu produktu kl\u0101stu, kas izstr\u0101d\u0101ti, dom\u0101jot par ilgtsp\u0113ju un r\u016bp\u0113m par dabu. M\u016bsu sortiment\u0101 atrad\u012bsiet sve\u010du izgatavo\u0161anas materi\u0101lus, m\u0101jas smar\u017eu piederumus un \u0161\u0137idro ziepju izgatavo\u0161anas sast\u0101vda\u013cas. \u012apa\u0161\u0101k\u0101 ir m\u016bsu UFI Green sertific\u0113t\u0101 smar\u017e\u012bgo e\u013c\u013cu kolekcija, kas nodro\u0161ina visaugst\u0101kos dro\u0161\u012bbas un vides [&hellip;]<\/p>\n","protected":false},"author":1,"featured_media":0,"parent":0,"menu_order":0,"comment_status":"closed","ping_status":"closed","template":"","meta":{"site-sidebar-layout":"default","site-content-layout":"","ast-site-content-layout":"default","site-content-style":"default","site-sidebar-style":"default","ast-global-header-display":"","ast-banner-title-visibility":"","ast-main-header-display":"","ast-hfb-above-header-display":"","ast-hfb-below-header-display":"","ast-hfb-mobile-header-display":"","site-post-title":"","ast-breadcrumbs-content":"","ast-featured-img":"","footer-sml-layout":"","ast-disable-related-posts":"","theme-transparent-header-meta":"default","adv-header-id-meta":"","stick-header-meta":"default","header-above-stick-meta":"","header-main-stick-meta":"","header-below-stick-meta":"","astra-migrate-meta-layouts":"default","ast-page-background-enabled":"default","ast-page-background-meta":{"desktop":{"background-color":"","background-image":"","background-repeat":"repeat","background-position":"center center","background-size":"auto","background-attachment":"scroll","background-type":"","background-media":"","overlay-type":"","overlay-color":"","overlay-opacity":"","overlay-gradient":""},"tablet":{"background-color":"","background-image":"","background-repeat":"repeat","background-position":"center center","background-size":"auto","background-attachment":"scroll","background-type":"","background-media":"","overlay-type":"","overlay-color":"","overlay-opacity":"","overlay-gradient":""},"mobile":{"background-color":"","background-image":"","background-repeat":"repeat","background-position":"center center","background-size":"auto","background-attachment":"scroll","background-type":"","background-media":"","overlay-type":"","overlay-color":"","overlay-opacity":"","overlay-gradient":""}},"ast-content-background-meta":{"desktop":{"background-color":"var(--ast-global-color-5)","background-image":"","background-repeat":"repeat","background-position":"center center","background-size":"auto","background-attachment":"scroll","background-type":"","background-media":"","overlay-type":"","overlay-color":"","overlay-opacity":"","overlay-gradient":""},"tablet":{"background-color":"var(--ast-global-color-5)","background-image":"","background-repeat":"repeat","background-position":"center center","background-size":"auto","background-attachment":"scroll","background-type":"","background-media":"","overlay-type":"","overlay-color":"","overlay-opacity":"","overlay-gradient":""},"mobile":{"background-color":"var(--ast-global-color-5)","background-image":"","background-repeat":"repeat","background-position":"center center","background-size":"auto","background-attachment":"scroll","background-type":"","background-media":"","overlay-type":"","overlay-color":"","overlay-opacity":"","overlay-gradient":""}},"footnotes":""},"class_list":["post-12152","page","type-page","status-publish","hentry"],"_links":{"self":[{"href":"https:\/\/nordicdiy.ee\/lv\/wp-json\/wp\/v2\/pages\/12152","targetHints":{"allow":["GET"]}}],"collection":[{"href":"https:\/\/nordicdiy.ee\/lv\/wp-json\/wp\/v2\/pages"}],"about":[{"href":"https:\/\/nordicdiy.ee\/lv\/wp-json\/wp\/v2\/types\/page"}],"author":[{"embeddable":true,"href":"https:\/\/nordicdiy.ee\/lv\/wp-json\/wp\/v2\/users\/1"}],"replies":[{"embeddable":true,"href":"https:\/\/nordicdiy.ee\/lv\/wp-json\/wp\/v2\/comments?post=12152"}],"version-history":[{"count":0,"href":"https:\/\/nordicdiy.ee\/lv\/wp-json\/wp\/v2\/pages\/12152\/revisions"}],"wp:attachment":[{"href":"https:\/\/nordicdiy.ee\/lv\/wp-json\/wp\/v2\/media?parent=12152"}],"curies":[{"name":"wp","href":"https:\/\/api.w.org\/{rel}","templated":true}]}}