{"id":14605,"date":"2024-09-06T19:33:49","date_gmt":"2024-09-06T16:33:49","guid":{"rendered":"https:\/\/nordicdiy.ee\/datu-aizsardzibas-nosacijumi\/"},"modified":"2026-03-03T17:33:19","modified_gmt":"2026-03-03T14:33:19","slug":"datu-aizsardzibas-nosacijumi","status":"publish","type":"page","link":"https:\/\/nordicdiy.ee\/lv\/datu-aizsardzibas-nosacijumi\/","title":{"rendered":"Datu aizsardz\u012bbas nosac\u012bjumi"},"content":{"rendered":"<p><a href=\"http:\/\/nordicdiy.ee\">T\u012bmek\u013ca vietnes nordicdiy.ee personas datu p\u0101rzinis ir<\/a> Nordic DIY O\u00dc (juridisk\u0101 adrese 17209922), kas atrodas Lootuse tee 3, Metsakasti ciems Viimsi pa\u0161vald\u012bba Harjumaa 74019. T\u0101lrunis +372 5167996 un e-pasts <a href=\"mailto:epood@nordicdiy.ee\">epood@nordicdiy.ee<\/a>. <\/p>\n<p>Nordic DIY O\u00dc nodod maks\u0101jumu veik\u0161anai nepiecie\u0161amos personas datus apstr\u0101d\u0101t\u0101jam Montonio Finance UAB.<\/p>\n<p>K\u0101di personas dati tiek apstr\u0101d\u0101ti<\/p>\n<ul>\n<li>v\u0101rds, uzv\u0101rds, t\u0101lru\u0146a numurs un e-pasta adrese<\/li>\n<li>pieg\u0101des adrese<\/li>\n<li>bankas konta numurs<\/li>\n<li>pre\u010du un pakalpojumu izmaksas un maks\u0101jumu inform\u0101ciju (pirkumu v\u0113sturi).<\/li>\n<li>inform\u0101cija par klientu atbalstu<\/li>\n<li>IP adrese<\/li>\n<\/ul>\n<p><strong>Personas datu apstr\u0101des nol\u016bki<\/strong><\/p>\n<p>Personas dati tiek izmantoti klientu pas\u016bt\u012bjumu p\u0101rvald\u012bbai un pre\u010du pieg\u0101dei.<br \/>\nPirkumu v\u0113stures dati (pirkuma datums, preces, daudzums, klienta dati) tiek izmantoti, lai apkopotu p\u0101rskatu par ieg\u0101d\u0101taj\u0101m prec\u0113m un pakalpojumiem, analiz\u0113tu klientu v\u0113lmes un cita starp\u0101 risin\u0101tu pat\u0113r\u0113t\u0101ju str\u012bdus.<\/p>\n<p>Bankas konta numurs tiek izmantots, lai atgrieztu maks\u0101jumus klientam.<\/p>\n<p>Personas dati, piem\u0113ram, e-pasts, t\u0101lru\u0146a numurs, klienta v\u0101rds un uzv\u0101rds, tiek apstr\u0101d\u0101ti, lai risin\u0101tu ar pre\u010du un pakalpojumu snieg\u0161anu saist\u012btus jaut\u0101jumus (klientu atbalsts). Turkl\u0101t e-pasts tiek izmantots, lai nos\u016bt\u012btu r\u0113\u0137inus, un t\u0101lru\u0146a numurs tiek izmantots, lai pazi\u0146otu par pre\u010du sa\u0146em\u0161anu pakom\u0101t\u0101.<br \/>\nInterneta veikala lietot\u0101ja IP adrese vai citi t\u012bkla identifikatori tiek apstr\u0101d\u0101ti, lai nodro\u0161in\u0101tu interneta veikalu k\u0101 inform\u0101cijas sabiedr\u012bbas pakalpojumu un lai ieg\u016btu t\u012bmek\u013ca lieto\u0161anas statistiku. <\/p>\n<p><strong>Juridiskais pamats<\/strong><\/p>\n<p>Personas datu apstr\u0101de tiek veikta, lai izpild\u012btu l\u012bgumu ar klientu (klientu pas\u016bt\u012bjumu p\u0101rvald\u012bba, pieg\u0101de, pre\u010du atgrie\u0161ana un maks\u0101jumi).<br \/>\nPersonas datu apstr\u0101de tiek veikta, lai izpild\u012btu juridisku pien\u0101kumu (piem\u0113ram, gr\u0101matved\u012bbas un pat\u0113r\u0113t\u0101ju str\u012bdu risin\u0101\u0161anas nol\u016bkos).<br \/>\nPersonas datu apstr\u0101de ir nepiecie\u0161ama p\u0101rzi\u0146a le\u0123it\u012bmo intere\u0161u nol\u016bkos, lai apkopotu pirkumu v\u0113sturi iesp\u0113jamo pat\u0113r\u0113t\u0101ju str\u012bdu iz\u0161\u0137ir\u0161anai.<\/p>\n<p><strong>Sa\u0146\u0113m\u0113ji, kuriem tiek izpausti personas dati<\/strong><\/p>\n<p>Nosaukums, t\u0101lru\u0146a numurs un e-pasta adrese tiks p\u0101rs\u016bt\u012bti klienta izv\u0113l\u0113tajam transporta pakalpojumu sniedz\u0113jam. Ja preces pieg\u0101d\u0101 kurjers, papildus kontaktinform\u0101cijai tiks nos\u016bt\u012bta ar\u012b klienta adrese.<br \/>\nJa interneta veikala gr\u0101matved\u012bbu veic pakalpojumu sniedz\u0113js, personas dati tiks nos\u016bt\u012bti pakalpojumu sniedz\u0113jam gr\u0101matved\u012bbas oper\u0101ciju veik\u0161anai.<br \/>\nPersonas dati var tikt nos\u016bt\u012bti inform\u0101cijas tehnolo\u0123iju pakalpojumu sniedz\u0113jiem, ja tas ir nepiecie\u0161ams, lai nodro\u0161in\u0101tu interneta veikala funkcionalit\u0101ti vai datu pieejam\u012bbu. <\/p>\n<p><strong>Dro\u0161\u012bba un piek\u013cuve datiem<\/strong><\/p>\n<p>Personas dati tiek glab\u0101ti serveros, kas atrodas Eiropas Savien\u012bbas dal\u012bbvalsts teritorij\u0101 vai to valstu teritorij\u0101, kuras ir pievienoju\u0161\u0101s Eiropas Ekonomikas zonai. Datus var p\u0101rs\u016bt\u012bt uz valst\u012bm, kuru datu aizsardz\u012bbas l\u012bmeni Eiropas Komisija ir nov\u0113rt\u0113jusi k\u0101 atbilsto\u0161u, vai uz tre\u0161\u0101s valsts uz\u0146\u0113mumu, kuram ir piem\u0113rots 46. pant\u0101 min\u0113tais aizsardz\u012bbas pas\u0101kums.<br \/>\nPersonas datiem var piek\u013c\u016bt interneta veikala darbinieki, lai risin\u0101tu ar interneta veikala lieto\u0161anu saist\u012btus tehniskus jaut\u0101jumus un sniegtu klientu atbalsta pakalpojumus.<br \/>\nInterneta veikals \u012bsteno atbilsto\u0161us fiziskus, organizatoriskus un inform\u0101cijas tehnolo\u0123iju dro\u0161\u012bbas pas\u0101kumus, lai aizsarg\u0101tu personas datus pret nejau\u0161u vai nelikum\u012bgu izn\u012bcin\u0101\u0161anu, pazaud\u0113\u0161anu, p\u0101rveido\u0161anu vai neat\u013cautu piek\u013cuvi un izpau\u0161anu.<br \/>\nPersonas datu nodo\u0161ana interneta veikala apstr\u0101d\u0101t\u0101jiem (piem\u0113ram, transporta pakalpojumu sniedz\u0113jiem un datu apkopot\u0101jiem) notiek, pamatojoties uz l\u012bgumiem starp interneta veikalu un apstr\u0101d\u0101t\u0101jiem. Apstr\u0101d\u0101t\u0101jiem ir pien\u0101kums nodro\u0161in\u0101t atbilsto\u0161us dro\u0161\u012bbas pas\u0101kumus, apstr\u0101d\u0101jot personas datus.  <\/p>\n<p><strong>Piek\u013cuve personas datiem un to labo\u0161ana<\/strong><\/p>\n<p>Personas datiem var piek\u013c\u016bt un labot tos tie\u0161saistes veikala lietot\u0101ja profil\u0101. Ja pirkums ir veikts bez lietot\u0101ja konta, personas datiem var piek\u013c\u016bt, autoriz\u0113joties. Ja piepras\u012bjums piek\u013c\u016bt personas datiem ir iesniegts elektroniski, inform\u0101cija tiks sniegta ar\u012b, izmantojot pla\u0161i izmantotos elektroniskos l\u012bdzek\u013cus.  <\/p>\n<p><strong>Piekri\u0161anas atsauk\u0161ana<\/strong><\/p>\n<p>Ja personas datu apstr\u0101des pamat\u0101 ir klienta piekri\u0161ana, klientam ir ties\u012bbas atsaukt piekri\u0161anu klienta konta iestat\u012bjumos vai inform\u0113jot klientu atbalsta dienestu pa e-pastu.<\/p>\n<p><strong>Uzglab\u0101\u0161ana pie<\/strong><\/p>\n<p>Kad j\u016bs aizverat savu tie\u0161saistes veikala klienta kontu, j\u016bsu personas dati tiks dz\u0113sti, iz\u0146emot personas datus (pirkumu v\u0113stures datus), kas ir j\u0101saglab\u0101 gr\u0101matved\u012bbas vajadz\u012bb\u0101m vai pat\u0113r\u0113t\u0101ju str\u012bdu risin\u0101\u0161anai. Ar maks\u0101jumiem un pat\u0113r\u0113t\u0101ju str\u012bdiem saist\u012btu str\u012bdu gad\u012bjum\u0101 personas dati tiks glab\u0101ti, l\u012bdz pras\u012bba tiks apmierin\u0101ta vai beigsies noilguma termi\u0146\u0161. Personas dati, kas ietverti gr\u0101matved\u012bbas dokumentu ori\u0123in\u0101los, tiek glab\u0101ti septi\u0146us gadus.  <\/p>\n<p><strong>Ierobe\u017eojums<\/strong><\/p>\n<p>Jums ir ties\u012bbas piepras\u012bt ierobe\u017eot savu personas datu apstr\u0101di, ja dati ir neprec\u012bzi vai nepiln\u012bgi vai ja j\u016bsu personas dati tiek apstr\u0101d\u0101ti nelikum\u012bgi.<\/p>\n<p><strong>Iebildumi<\/strong><\/p>\n<p>Klientam ir ties\u012bbas iebilst pret savu personas datu apstr\u0101di, ja vi\u0146am ir iemesls uzskat\u012bt, ka vi\u0146a personas datu apstr\u0101dei nav likum\u012bga pamata.<\/p>\n<p><strong>Dz\u0113\u0161ana<\/strong><\/p>\n<p>Lai dz\u0113stu personas datus, jums j\u0101sazin\u0101s ar klientu atbalsta dienestu pa e-pastu. Atbilde uz dz\u0113\u0161anas piepras\u012bjumu tiks sniegta ne v\u0113l\u0101k k\u0101 viena m\u0113ne\u0161a laik\u0101, nor\u0101dot laikposmu, uz k\u0101du dati tiks dz\u0113sti.<br \/>\nAtbild\u0113 uz piepras\u012bjumu tiks ar\u012b nor\u0101d\u012bts, kuri personas dati netiks dz\u0113sti un uz k\u0101da juridisk\u0101 pamata un k\u0101da iemesla d\u0113\u013c. <\/p>\n<p><strong>P\u0101rskait\u012bjums uz<\/strong><\/p>\n<p>Uz piepras\u012bjumiem par personas datu p\u0101rs\u016bt\u012b\u0161anu, kas iesniegti pa e-pastu, tiks atbild\u0113ts ne v\u0113l\u0101k k\u0101 viena m\u0113ne\u0161a laik\u0101.<br \/>\nKlientu atbalsts p\u0101rbaud\u012bs identit\u0101ti un inform\u0113s par p\u0101rs\u016bt\u0101majiem personas datiem.<\/p>\n<p><strong>Tie\u0161\u0101 m\u0101rketinga sazi\u0146a<\/strong><\/p>\n<p>E-pasta adrese un t\u0101lru\u0146a numurs tiks izmantoti, lai nos\u016bt\u012btu tie\u0161\u0101 m\u0101rketinga zi\u0146ojumus, ja klients ir devis savu piekri\u0161anu. Ja klients nev\u0113las sa\u0146emt tie\u0161\u0101 m\u0101rketinga pazi\u0146ojumus, vi\u0146am\/vi\u0146ai j\u0101izv\u0113las atbilsto\u0161a nor\u0101de e-pasta apak\u0161\u0101 vai j\u0101sazin\u0101s ar klientu atbalsta dienestu.<br \/>\nJa personas dati tiek apstr\u0101d\u0101ti tie\u0161\u0101 m\u0101rketinga (profil\u0113\u0161anas) nol\u016bkos, klientam ir ties\u012bbas jebkur\u0101 laik\u0101 iebilst gan pret savu personas datu s\u0101kotn\u0113jo, gan turpm\u0101ko apstr\u0101di, tostarp profil\u0113\u0161anu saist\u012bb\u0101 ar tie\u0161o m\u0101rketingu, par to inform\u0113jot klientu atbalsta dienestu pa e-pastu. <\/p>\n<p><strong>Str\u012bdu iz\u0161\u0137ir\u0161ana<\/strong><\/p>\n<p>Str\u012bdus par personas datu apstr\u0101di var atrisin\u0101t, izmantojot klientu atbalsta dienestu, nos\u016btot e-pastu uz <a href=\"mailto:epood@nordicdiy.ee\">epood@nordicdiy.ee<\/a> vai zvanot pa t\u0101lruni +372 5167996.<br \/>\nUzraudz\u012bbas iest\u0101de ir Igaunijas Datu aizsardz\u012bbas inspekcija<a href=\"mailto:info@aki.ee\">(info@aki.ee<\/a>).<\/p>\n","protected":false},"excerpt":{"rendered":"<p>T\u012bmek\u013ca vietnes nordicdiy.ee personas datu p\u0101rzinis ir Nordic DIY O\u00dc (juridisk\u0101 adrese 17209922), kas atrodas Lootuse tee 3, Metsakasti ciems Viimsi pa\u0161vald\u012bba Harjumaa 74019. T\u0101lrunis +372 5167996 un e-pasts epood@nordicdiy.ee. Nordic DIY O\u00dc nodod maks\u0101jumu veik\u0161anai nepiecie\u0161amos personas datus apstr\u0101d\u0101t\u0101jam Montonio Finance UAB. K\u0101di personas dati tiek apstr\u0101d\u0101ti v\u0101rds, uzv\u0101rds, t\u0101lru\u0146a numurs un e-pasta adrese [&hellip;]<\/p>\n","protected":false},"author":1,"featured_media":0,"parent":0,"menu_order":0,"comment_status":"closed","ping_status":"closed","template":"","meta":{"site-sidebar-layout":"default","site-content-layout":"","ast-site-content-layout":"default","site-content-style":"default","site-sidebar-style":"default","ast-global-header-display":"","ast-banner-title-visibility":"","ast-main-header-display":"","ast-hfb-above-header-display":"","ast-hfb-below-header-display":"","ast-hfb-mobile-header-display":"","site-post-title":"","ast-breadcrumbs-content":"","ast-featured-img":"","footer-sml-layout":"","ast-disable-related-posts":"","theme-transparent-header-meta":"default","adv-header-id-meta":"","stick-header-meta":"default","header-above-stick-meta":"","header-main-stick-meta":"","header-below-stick-meta":"","astra-migrate-meta-layouts":"default","ast-page-background-enabled":"default","ast-page-background-meta":{"desktop":{"background-color":"","background-image":"","background-repeat":"repeat","background-position":"center center","background-size":"auto","background-attachment":"scroll","background-type":"","background-media":"","overlay-type":"","overlay-color":"","overlay-opacity":"","overlay-gradient":""},"tablet":{"background-color":"","background-image":"","background-repeat":"repeat","background-position":"center center","background-size":"auto","background-attachment":"scroll","background-type":"","background-media":"","overlay-type":"","overlay-color":"","overlay-opacity":"","overlay-gradient":""},"mobile":{"background-color":"","background-image":"","background-repeat":"repeat","background-position":"center center","background-size":"auto","background-attachment":"scroll","background-type":"","background-media":"","overlay-type":"","overlay-color":"","overlay-opacity":"","overlay-gradient":""}},"ast-content-background-meta":{"desktop":{"background-color":"var(--ast-global-color-5)","background-image":"","background-repeat":"repeat","background-position":"center center","background-size":"auto","background-attachment":"scroll","background-type":"","background-media":"","overlay-type":"","overlay-color":"","overlay-opacity":"","overlay-gradient":""},"tablet":{"background-color":"var(--ast-global-color-5)","background-image":"","background-repeat":"repeat","background-position":"center center","background-size":"auto","background-attachment":"scroll","background-type":"","background-media":"","overlay-type":"","overlay-color":"","overlay-opacity":"","overlay-gradient":""},"mobile":{"background-color":"var(--ast-global-color-5)","background-image":"","background-repeat":"repeat","background-position":"center center","background-size":"auto","background-attachment":"scroll","background-type":"","background-media":"","overlay-type":"","overlay-color":"","overlay-opacity":"","overlay-gradient":""}},"footnotes":""},"class_list":["post-14605","page","type-page","status-publish","hentry"],"_links":{"self":[{"href":"https:\/\/nordicdiy.ee\/lv\/wp-json\/wp\/v2\/pages\/14605","targetHints":{"allow":["GET"]}}],"collection":[{"href":"https:\/\/nordicdiy.ee\/lv\/wp-json\/wp\/v2\/pages"}],"about":[{"href":"https:\/\/nordicdiy.ee\/lv\/wp-json\/wp\/v2\/types\/page"}],"author":[{"embeddable":true,"href":"https:\/\/nordicdiy.ee\/lv\/wp-json\/wp\/v2\/users\/1"}],"replies":[{"embeddable":true,"href":"https:\/\/nordicdiy.ee\/lv\/wp-json\/wp\/v2\/comments?post=14605"}],"version-history":[{"count":2,"href":"https:\/\/nordicdiy.ee\/lv\/wp-json\/wp\/v2\/pages\/14605\/revisions"}],"predecessor-version":[{"id":28260,"href":"https:\/\/nordicdiy.ee\/lv\/wp-json\/wp\/v2\/pages\/14605\/revisions\/28260"}],"wp:attachment":[{"href":"https:\/\/nordicdiy.ee\/lv\/wp-json\/wp\/v2\/media?parent=14605"}],"curies":[{"name":"wp","href":"https:\/\/api.w.org\/{rel}","templated":true}]}}