{"id":14611,"date":"2024-09-06T19:28:37","date_gmt":"2024-09-06T16:28:37","guid":{"rendered":"https:\/\/nordicdiy.ee\/e-veikala-noteikumi-un-nosacijumi\/"},"modified":"2026-03-03T17:31:52","modified_gmt":"2026-03-03T14:31:52","slug":"e-veikala-noteikumi-un-nosacijumi","status":"publish","type":"page","link":"https:\/\/nordicdiy.ee\/lv\/e-veikala-noteikumi-un-nosacijumi\/","title":{"rendered":"E-veikala noteikumi un nosac\u012bjumi"},"content":{"rendered":"<p>Interneta veikala <a href=\"https:\/\/nordicdiy.ee\/lv\/\">https:\/\/nordicdiy.ee\/<\/a> (turpm\u0101k tekst\u0101 - Interneta veikals) \u012bpa\u0161nieks ir Nordic DIY O\u00dc (re\u0123istr\u0101cijas kods 17209922), kura atra\u0161an\u0101s vieta ir Lootuse tee 3, Metsakasti ciems Viimsi pa\u0161vald\u012bba Harjumaa 74019.<\/p>\n<p><strong>P\u0101rdo\u0161anas l\u012bguma sp\u0113k\u0101 esam\u012bba, komerci\u0101l\u0101 inform\u0101cija un inform\u0101cija par cenu<\/strong><\/p>\n<p>Pirk\u0161anas noteikumi un nosac\u012bjumi attiecas uz pre\u010du ieg\u0101di no Interneta veikala. Tie\u0161saistes veikal\u0101 p\u0101rdoto produktu cenas ir nor\u0101d\u012btas pie produktiem. <\/p>\n<p>Pieg\u0101des maksa tiek pieskait\u012bta cenai. Pieg\u0101des maksa ir atkar\u012bga no pirc\u0113ja atra\u0161an\u0101s vietas un pieg\u0101des veida. Pieg\u0101des maksa pirc\u0113jam tiks nor\u0101d\u012bta, veicot pas\u016bt\u012bjumu.  <\/p>\n<p>Inform\u0101cija par prec\u0113m ir sniegta tie\u0161saistes veikal\u0101 tie\u0161i pie prec\u0113m.<\/p>\n<p><strong>Pas\u016bt\u012bjuma iesnieg\u0161ana<\/strong><\/p>\n<p>Lai veiktu pas\u016bt\u012bjumu, jums ir j\u0101pievieno v\u0113lamie produkti iepirkumu groz\u0101. Lai veiktu pas\u016bt\u012bjumu, ir j\u0101aizpilda nepiecie\u0161amie lauki un j\u0101izv\u0113las atbilsto\u0161ais pieg\u0101des veids. P\u0113c tam ekr\u0101n\u0101 tiek par\u0101d\u012bta maksas summa, kuru var samaks\u0101t ar bankas p\u0101rskait\u012bjumu vai citu maks\u0101juma veidu. Maks\u0101jumus apstr\u0101d\u0101 Montonio Finance UAB.   <\/p>\n<p>L\u012bgums st\u0101jas sp\u0113k\u0101 no dienas, kad internetveikala nor\u0113\u0137inu kont\u0101 ir sa\u0146emta pien\u0101ko\u0161\u0101 summa.<\/p>\n<p>Ja pas\u016bt\u012bt\u0101s preces nevar pieg\u0101d\u0101t, jo beidzies to der\u012bguma termi\u0146\u0161 vai k\u0101da cita iemesla d\u0113\u013c, pirc\u0113js tiks inform\u0113ts p\u0113c iesp\u0113jas \u0101tr\u0101k un samaks\u0101t\u0101 nauda (ieskaitot pieg\u0101des izmaksas) tiks atmaks\u0101ta, parasti 1-2 darba dienu laik\u0101. Atkar\u012bb\u0101 no maks\u0101\u0161anas veida maks\u0101juma sa\u0146em\u0161ana var aiz\u0146emt l\u012bdz 7 darba dien\u0101m. <\/p>\n<p><strong>Pieg\u0101de uz<\/strong><\/p>\n<p>Preces tiek s\u016bt\u012btas uz \u0161\u0101d\u0101m valst\u012bm: Igaunija, Latvija, Lietuva, Somija, Zviedrija, Somija.<br \/>\nPieg\u0101des izmaksas sedz pirc\u0113js, un atbilsto\u0161\u0101 cenu inform\u0101cija ir nor\u0101d\u012bta pie pieg\u0101des veida. Pieg\u0101des laiks s\u016bt\u012bjumiem Igaunijas teritorij\u0101 parasti ir 2-4 darba dienas no pirkuma l\u012bguma nosl\u0113g\u0161anas dienas. <\/p>\n<p>Iz\u0146\u0113muma gad\u012bjumos jums ir ties\u012bbas sa\u0146emt preces pieg\u0101di 30 kalend\u0101ro dienu laik\u0101. Ja Interneta veikals ir inform\u0113jis pirc\u0113ju t\u012bmek\u013ca vietn\u0113 vai pas\u016bt\u012bjuma apstiprin\u0101jum\u0101 par pieg\u0101des probl\u0113m\u0101m un par termi\u0146u, kas p\u0101rsniedz 30 kalend\u0101ro dienu, tiek piem\u0113rots Interneta veikala public\u0113tais termi\u0146\u0161. <\/p>\n<p><strong>Atteikuma ties\u012bbas<\/strong><\/p>\n<p>P\u0113c pas\u016bt\u012bjuma sa\u0146em\u0161anas pirc\u0113jam ir ties\u012bbas atteikties no e-l\u012bguma 14 dienu laik\u0101. Atteikuma ties\u012bbas nav piem\u0113rojamas, ja pirc\u0113js ir juridiska persona.<br \/>\nLai izmantotu 14 dienu atteikuma ties\u012bbas, pas\u016bt\u012bt\u0101s preces nedr\u012bkst izmantot nek\u0101d\u0101 cit\u0101 veid\u0101, iz\u0146emot to, kas nepiecie\u0161ams, lai p\u0101rliecin\u0101tos par pre\u010du raksturu, \u012bpa\u0161\u012bb\u0101m un darb\u012bbu t\u0101d\u0101 pa\u0161\u0101 veid\u0101, k\u0101 tas ir at\u013cauts, test\u0113jot preces fizisk\u0101 veikal\u0101. <\/p>\n<p>Ja preces ir izmantotas citiem m\u0113r\u0137iem, kas nav nepiecie\u0161ami, lai p\u0101rliecin\u0101tos par pre\u010du raksturu, \u012bpa\u0161\u012bb\u0101m un darb\u012bbu, vai ja prec\u0113m ir lieto\u0161anas vai nolietojuma paz\u012bmes, Interneta veikalam ir ties\u012bbas samazin\u0101t atmaks\u0101jamo maksu atbilsto\u0161i pre\u010du v\u0113rt\u012bbas samazin\u0101jumam.<\/p>\n<p>Lai atgrieztu preces, jums ir j\u0101iesniedz atteikuma veidlapa un j\u0101nos\u016bta t\u0101 uz <a href=\"mailto:epood@nordicdiy.ee\">epood@nordicdiy.ee<\/a> 14 dienu laik\u0101 p\u0113c pre\u010du sa\u0146em\u0161anas.<\/p>\n<p>Pre\u010du atgrie\u0161anas izmaksas sedz pirc\u0113js, ja vien pre\u010du atgrie\u0161anas iemesls nav tas, ka t\u0101s neatbilst pas\u016bt\u012btaj\u0101m (piem\u0113ram, t\u0101s ir nepareizas vai boj\u0101tas).<\/p>\n<p>Pirc\u0113jam ir j\u0101atgrie\u017e preces 14 dienu laik\u0101 no pieteikuma datuma vai j\u0101iesniedz pier\u0101d\u012bjums, ka vi\u0146\u0161 \u0161aj\u0101 laik\u0101 ir nodevis preces p\u0101rvad\u0101t\u0101jam.<\/p>\n<p>Sa\u0146emot atgriezt\u0101s preces, interneta veikals nekav\u0113joties, bet ne v\u0113l\u0101k k\u0101 14 dienu laik\u0101 p\u0113c atteikuma sa\u0146em\u0161anas, atmaks\u0101 pirc\u0113jam visus no pirc\u0113ja sa\u0146emtos maks\u0101jumus saska\u0146\u0101 ar l\u012bgumu. Interneta veikals var atteikties atmaks\u0101t naudu, kam\u0113r tas nav sa\u0146\u0113mis atpaka\u013c preces, kas ir l\u012bguma priek\u0161mets, vai kam\u0113r pirc\u0113js nav iesniedzis pier\u0101d\u012bjumus, ka ir atgriezis preces, atkar\u012bb\u0101 no t\u0101, kur\u0161 no \u0161iem gad\u012bjumiem iest\u0101jas agr\u0101k. <\/p>\n<p>Ja pirc\u0113js ir nep\u0101rprotami izv\u0113l\u0113jies pieg\u0101des veidu, kas nav visl\u0113t\u0101kais pieg\u0101des veids, ko pied\u0101v\u0101 Interneta veikals, Interneta veikalam nav pien\u0101kuma atl\u012bdzin\u0101t pat\u0113r\u0113t\u0101jam izmaksas, kas p\u0101rsniedz parast\u0101 pieg\u0101des veida izmaksas.<\/p>\n<p>Interneta veikalam ir ties\u012bbas atteikties no p\u0101rdo\u0161anas un piepras\u012bt no pirc\u0113ja atgriezt preces, ja k\u013c\u016bdas d\u0113\u013c preces cena interneta veikal\u0101 ir nor\u0101d\u012bta iev\u0113rojami zem\u0101ka par preces tirgus cenu.<\/p>\n<p><strong>Ties\u012bbas iesniegt s\u016bdz\u012bbu<\/strong><\/p>\n<p>Interneta veikals ir atbild\u012bgs par pirc\u0113jam p\u0101rdoto pre\u010du neatbilst\u012bbu vai defektu, kas jau past\u0101v\u0113ja pieg\u0101des br\u012bd\u012b un kas izpaud\u012bsies ne v\u0113l\u0101k k\u0101 divu gadu laik\u0101 p\u0113c pre\u010du pieg\u0101des pirc\u0113jam. \u0160\u0101 pirm\u0101 gada laik\u0101 p\u0113c pre\u010du pieg\u0101des pirc\u0113jam tiek uzskat\u012bts, ka defekts past\u0101v\u0113ja jau pieg\u0101des br\u012bd\u012b. Interneta veikala pien\u0101kums ir atsp\u0113kot \u0161o pie\u0146\u0113mumu.  <\/p>\n<p>Defekta gad\u012bjum\u0101 pirc\u0113jam ir ties\u012bbas ne v\u0113l\u0101k k\u0101 divu m\u0113ne\u0161u laik\u0101 sazin\u0101ties ar interneta veikalu, nos\u016btot e-pastu uz <a href=\"mailto:epood@nordicdiy.ee\">adresi epood@nordicdiy.ee<\/a> vai zvanot pa t\u0101lruni +372 5167996.<br \/>\nInterneta veikals nav atbild\u012bgs par defektiem, kas radu\u0161ies p\u0113c preces pieg\u0101des pat\u0113r\u0113t\u0101ja darb\u012bbas vai bezdarb\u012bbas (nepareiza lieto\u0161ana, nelaimes gad\u012bjums u. c.) d\u0113\u013c, k\u0101 ar\u012b norm\u0101la nolietojuma gad\u012bjum\u0101, kas radies preces norm\u0101las lieto\u0161anas d\u0113\u013c.<\/p>\n<p>Ja no interneta veikala ieg\u0101d\u0101taj\u0101m prec\u0113m ir defekti, par kuriem atbild interneta veikals, interneta veikals salabos vai nomain\u012bs boj\u0101t\u0101s preces.<br \/>\nJa preces nav iesp\u0113jams salabot vai nomain\u012bt, interneta veikals atmaks\u0101s pirc\u0113jam visus p\u0101rdo\u0161anas l\u012bgum\u0101 iek\u013cautos maks\u0101jumus.<br \/>\nInterneta veikals 15 dienu laik\u0101 atbild\u0113s uz pat\u0113r\u0113t\u0101ja iesniegto s\u016bdz\u012bbu rakstiski vai t\u0101d\u0101 veid\u0101, ko var atveidot rakstiski.<\/p>\n<p><strong>Datu aizsardz\u012bbas nosac\u012bjumi<\/strong><\/p>\n<p>Datu aizsardz\u012bbas nosac\u012bjumus lasiet <a href=\"https:\/\/nordicdiy.ee\/lv\/datu-aizsardzibas-nosacijumi\/\">\u0161eit<\/a><\/p>\n<p><strong>Str\u012bdu iz\u0161\u0137ir\u0161ana<\/strong><\/p>\n<p>Ja pirc\u0113jam ir pretenzijas par Interneta veikalu, t\u0101s j\u0101nos\u016bta pa e-pastu uz adresi <a href=\"mailto:epood@nordicdiy.ee\">epood@nordicdiy<\/a>.ee vai pa t\u0101lruni +372 5167996.<br \/>\nJa pirc\u0113js un Interneta veikals nevar atrisin\u0101t str\u012bdu vienojoties, pirc\u0113js var v\u0113rsties Pat\u0113r\u0113t\u0101ju str\u012bdu komisij\u0101. Ar proced\u016bras noteikumiem un nosac\u012bjumiem var iepaz\u012bties un iesniegt pieteikumu <a href=\"https:\/\/ttja.ee\/tarbijavaidluste-komisjon\">\u0161eit.<\/a> <\/p>\n<p>Pat\u0113r\u0113t\u0101ju str\u012bdu komiteja ir kompetenta risin\u0101t str\u012bdus, kas izriet no l\u012bguma, kas nosl\u0113gts starp pirc\u0113ju un Interneta veikalu. Komisija pirc\u0113ja s\u016bdz\u012bbu izskata bez maksas. Pirc\u0113js var v\u0113rsties <a href=\"https:\/\/commission.europa.eu\/live-work-travel-eu\/consumer-rights-and-complaints\/resolve-your-consumer-complaint_et\">Eiropas Savien\u012bbas pat\u0113r\u0113t\u0101ju str\u012bdu iz\u0161\u0137ir\u0161anas platform\u0101<\/a>.  <\/p>\n","protected":false},"excerpt":{"rendered":"<p>Interneta veikala https:\/\/nordicdiy.ee\/ (turpm\u0101k tekst\u0101 - Interneta veikals) \u012bpa\u0161nieks ir Nordic DIY O\u00dc (re\u0123istr\u0101cijas kods 17209922), kura atra\u0161an\u0101s vieta ir Lootuse tee 3, Metsakasti ciems Viimsi pa\u0161vald\u012bba Harjumaa 74019. P\u0101rdo\u0161anas l\u012bguma sp\u0113k\u0101 esam\u012bba, komerci\u0101l\u0101 inform\u0101cija un inform\u0101cija par cenu Pirk\u0161anas noteikumi un nosac\u012bjumi attiecas uz pre\u010du ieg\u0101di no Interneta veikala. Tie\u0161saistes veikal\u0101 p\u0101rdoto produktu cenas [&hellip;]<\/p>\n","protected":false},"author":1,"featured_media":0,"parent":0,"menu_order":0,"comment_status":"closed","ping_status":"closed","template":"","meta":{"site-sidebar-layout":"default","site-content-layout":"","ast-site-content-layout":"default","site-content-style":"default","site-sidebar-style":"default","ast-global-header-display":"","ast-banner-title-visibility":"","ast-main-header-display":"","ast-hfb-above-header-display":"","ast-hfb-below-header-display":"","ast-hfb-mobile-header-display":"","site-post-title":"","ast-breadcrumbs-content":"","ast-featured-img":"","footer-sml-layout":"","ast-disable-related-posts":"","theme-transparent-header-meta":"default","adv-header-id-meta":"","stick-header-meta":"default","header-above-stick-meta":"","header-main-stick-meta":"","header-below-stick-meta":"","astra-migrate-meta-layouts":"default","ast-page-background-enabled":"default","ast-page-background-meta":{"desktop":{"background-color":"","background-image":"","background-repeat":"repeat","background-position":"center center","background-size":"auto","background-attachment":"scroll","background-type":"","background-media":"","overlay-type":"","overlay-color":"","overlay-opacity":"","overlay-gradient":""},"tablet":{"background-color":"","background-image":"","background-repeat":"repeat","background-position":"center center","background-size":"auto","background-attachment":"scroll","background-type":"","background-media":"","overlay-type":"","overlay-color":"","overlay-opacity":"","overlay-gradient":""},"mobile":{"background-color":"","background-image":"","background-repeat":"repeat","background-position":"center center","background-size":"auto","background-attachment":"scroll","background-type":"","background-media":"","overlay-type":"","overlay-color":"","overlay-opacity":"","overlay-gradient":""}},"ast-content-background-meta":{"desktop":{"background-color":"var(--ast-global-color-5)","background-image":"","background-repeat":"repeat","background-position":"center center","background-size":"auto","background-attachment":"scroll","background-type":"","background-media":"","overlay-type":"","overlay-color":"","overlay-opacity":"","overlay-gradient":""},"tablet":{"background-color":"var(--ast-global-color-5)","background-image":"","background-repeat":"repeat","background-position":"center center","background-size":"auto","background-attachment":"scroll","background-type":"","background-media":"","overlay-type":"","overlay-color":"","overlay-opacity":"","overlay-gradient":""},"mobile":{"background-color":"var(--ast-global-color-5)","background-image":"","background-repeat":"repeat","background-position":"center center","background-size":"auto","background-attachment":"scroll","background-type":"","background-media":"","overlay-type":"","overlay-color":"","overlay-opacity":"","overlay-gradient":""}},"footnotes":""},"class_list":["post-14611","page","type-page","status-publish","hentry"],"_links":{"self":[{"href":"https:\/\/nordicdiy.ee\/lv\/wp-json\/wp\/v2\/pages\/14611","targetHints":{"allow":["GET"]}}],"collection":[{"href":"https:\/\/nordicdiy.ee\/lv\/wp-json\/wp\/v2\/pages"}],"about":[{"href":"https:\/\/nordicdiy.ee\/lv\/wp-json\/wp\/v2\/types\/page"}],"author":[{"embeddable":true,"href":"https:\/\/nordicdiy.ee\/lv\/wp-json\/wp\/v2\/users\/1"}],"replies":[{"embeddable":true,"href":"https:\/\/nordicdiy.ee\/lv\/wp-json\/wp\/v2\/comments?post=14611"}],"version-history":[{"count":2,"href":"https:\/\/nordicdiy.ee\/lv\/wp-json\/wp\/v2\/pages\/14611\/revisions"}],"predecessor-version":[{"id":28252,"href":"https:\/\/nordicdiy.ee\/lv\/wp-json\/wp\/v2\/pages\/14611\/revisions\/28252"}],"wp:attachment":[{"href":"https:\/\/nordicdiy.ee\/lv\/wp-json\/wp\/v2\/media?parent=14611"}],"curies":[{"name":"wp","href":"https:\/\/api.w.org\/{rel}","templated":true}]}}