{"id":12173,"date":"2024-09-13T13:53:54","date_gmt":"2024-09-13T10:53:54","guid":{"rendered":"https:\/\/nordicdiy.ee\/epood\/uncategorized\/ziepju-vaska-konteiners-svecu-stiklam\/"},"modified":"2025-04-04T14:43:14","modified_gmt":"2025-04-04T11:43:14","slug":"ziepju-vaska-konteiners-svecu-stiklam","status":"publish","type":"product","link":"https:\/\/nordicdiy.ee\/lv\/epood\/svecu-izgatavosana\/svecu-vaski\/ziepju-vaska-konteiners-svecu-stiklam\/","title":{"rendered":"Ziepju vaska konteiners sve\u010du stiklam"},"content":{"rendered":"<p>Keragreen sojas vaska sve\u010du stikli\u0146\u0161 ir izgatavots no augstas kvalit\u0101tes dab\u012bga sojas vaska, kas ir videi draudz\u012bgs un biolo\u0123iski no\u0101rd\u0101ms materi\u0101ls. Sojas vaska sveces deg t\u012br\u0101k un ilg\u0101k nek\u0101 tradicion\u0101l\u0101s paraf\u012bna sveces un neizdala kv\u0113pus, kas var kait\u0113t gan vesel\u012bbai, gan videi. Veg\u0101niem draudz\u012bgais sast\u0101vs noz\u012bm\u0113, ka t\u0101s nesatur dz\u012bvnieku izcelsmes sast\u0101vda\u013cas. Pateicoties zem\u0101kai ku\u0161anas temperat\u016brai, sojas vasks deg vienm\u0113r\u012bg\u0101k un ilg\u0101k, radot pat\u012bkamu atmosf\u0113ru, savuk\u0101rt t\u0101 smar\u017eu izplat\u012b\u0161an\u0101s ir intens\u012bv\u0101ka un ilglaic\u012bg\u0101ka. Ide\u0101la izv\u0113le ies\u0101c\u0113jiem sve\u010du darin\u0101t\u0101jiem! Ra\u017eots Eirop\u0101.     <\/p>\n<p>Ku\u0161anas temperat\u016bra: Keragr\u012bna vasks parasti k\u016bst 48-52 \u00b0C temperat\u016br\u0101. \u0160\u012b zem\u0101k\u0101 ku\u0161anas temperat\u016bra \u013cauj svec\u0113m degt un kaus\u0113ties vienm\u0113r\u012bg\u0101k. Ciet\u0113\u0161anas temperat\u016bra: Keragreen sojas vasks parasti saciet\u0113 no 32\u00b0C l\u012bdz 42\u00b0C. \u0160\u012b ir zem\u0101ka ciet\u0113\u0161anas temperat\u016bra, kas noz\u012bm\u0113 zem\u0101ku saciet\u0113\u0161anas temperat\u016bru. Tas noz\u012bm\u0113, ka sojas vasks s\u0101k atdzist un saciet\u0113t, kad temperat\u016bra nosl\u012bd zem \u0161\u012b interv\u0101la, t\u0101d\u0113j\u0101di pie\u0161\u0137irot svec\u0113m stabilu formu.<br \/>\nArom\u0101tisk\u0101s e\u013c\u013cas var pievienot l\u012bdz 7-10% jeb 70-100 g\/ml arom\u0101tisko e\u013c\u013cu uz 1 kg vaska. Gatavojot sveces, ir svar\u012bgi kontrol\u0113t gan ku\u0161anas, gan ciet\u0113\u0161anas temperat\u016bru, lai nodro\u0161in\u0101tu kvalitat\u012bvu un vienm\u0113r\u012bgu sve\u010du ciet\u0113\u0161anu. Laist\u012b\u0161anas temperat\u016bra 65\u00b0C (50-70\u00b0C). M\u0113s iesak\u0101m veikt papildu testus, lai noskaidrotu j\u016bsu apst\u0101k\u013ciem piem\u0113rot\u0101ko lie\u0161anas temperat\u016bru. Ieteicam\u0101 temperat\u016bra arom\u0101tisk\u0101s e\u013c\u013cas pievieno\u0161anai nav zem\u0101ka par +70\u00b0C. Ieteicam\u0101 temperat\u016bra kr\u0101svielas pulvera pievieno\u0161anai ir +75\u00b0C, \u0161\u0137idr\u0101s kr\u0101svielas un kr\u0101svielas pulvera pievieno\u0161anai +70\u00b0C.        <\/p>\n<p>Keragreen sojas vaskam ir laba sa\u0137ere ar traukiem, ko var uzlabot, jo \u012bpa\u0161i ziemas m\u0113ne\u0161os iepriek\u0161 uzkars\u0113jot gl\u0101zes. P\u0113c tam, kad vasks ir piln\u012bb\u0101 izkusis, m\u0113s iesak\u0101m samazin\u0101t karstumu, lai atdzes\u0113tu to l\u012bdz 50-70 \u00b0C. Tas samazin\u0101s plais\u0101\u0161anu un kr\u0101sas mai\u0146u. Turkl\u0101t Keragreen sojas vasks ir lieliska izv\u0113le tiem, kas v\u0113las izmantot dab\u012bgus un veg\u0101niem draudz\u012bgus materi\u0101lus.   <\/p>\n","protected":false},"excerpt":{"rendered":"<p>Keragreen sojas vaska sve\u010du stikls ir videi draudz\u012bga un t\u012bra alternat\u012bva tradicion\u0101laj\u0101m paraf\u012bna svec\u0113m. T\u0101s ir izgatavotas no dab\u012bga sojas vaska, t\u0101p\u0113c t\u0101s deg t\u012br\u0101k, nerada kv\u0113pus un ir biolo\u0123iski no\u0101rd\u0101mas. Ide\u0101li piem\u0113rots ies\u0101c\u0113jiem! Arom\u0101tisk\u0101s e\u013c\u013cas var pievienot l\u012bdz 7-10 %.   <\/p>\n","protected":false},"featured_media":5817,"template":"","meta":{"site-sidebar-layout":"default","site-content-layout":"","ast-site-content-layout":"default","site-content-style":"default","site-sidebar-style":"default","ast-global-header-display":"","ast-banner-title-visibility":"","ast-main-header-display":"","ast-hfb-above-header-display":"","ast-hfb-below-header-display":"","ast-hfb-mobile-header-display":"","site-post-title":"","ast-breadcrumbs-content":"","ast-featured-img":"","footer-sml-layout":"","ast-disable-related-posts":"","theme-transparent-header-meta":"default","adv-header-id-meta":"","stick-header-meta":"default","header-above-stick-meta":"","header-main-stick-meta":"","header-below-stick-meta":"","astra-migrate-meta-layouts":"default","ast-page-background-enabled":"default","ast-page-background-meta":{"desktop":{"background-color":"","background-image":"","background-repeat":"repeat","background-position":"center center","background-size":"auto","background-attachment":"scroll","background-type":"","background-media":"","overlay-type":"","overlay-color":"","overlay-opacity":"","overlay-gradient":""},"tablet":{"background-color":"","background-image":"","background-repeat":"repeat","background-position":"center center","background-size":"auto","background-attachment":"scroll","background-type":"","background-media":"","overlay-type":"","overlay-color":"","overlay-opacity":"","overlay-gradient":""},"mobile":{"background-color":"","background-image":"","background-repeat":"repeat","background-position":"center center","background-size":"auto","background-attachment":"scroll","background-type":"","background-media":"","overlay-type":"","overlay-color":"","overlay-opacity":"","overlay-gradient":""}},"ast-content-background-meta":{"desktop":{"background-color":"var(--ast-global-color-5)","background-image":"","background-repeat":"repeat","background-position":"center center","background-size":"auto","background-attachment":"scroll","background-type":"","background-media":"","overlay-type":"","overlay-color":"","overlay-opacity":"","overlay-gradient":""},"tablet":{"background-color":"var(--ast-global-color-5)","background-image":"","background-repeat":"repeat","background-position":"center center","background-size":"auto","background-attachment":"scroll","background-type":"","background-media":"","overlay-type":"","overlay-color":"","overlay-opacity":"","overlay-gradient":""},"mobile":{"background-color":"var(--ast-global-color-5)","background-image":"","background-repeat":"repeat","background-position":"center center","background-size":"auto","background-attachment":"scroll","background-type":"","background-media":"","overlay-type":"","overlay-color":"","overlay-opacity":"","overlay-gradient":""}}},"product_brand":[],"product_cat":[150,151],"product_tag":[],"class_list":{"0":"post-12173","1":"product","2":"type-product","3":"status-publish","4":"has-post-thumbnail","6":"product_cat-svecu-izgatavosana","7":"product_cat-svecu-vaski","8":"desktop-align-left","9":"tablet-align-left","10":"mobile-align-left","11":"ast-product-gallery-layout-horizontal","12":"ast-product-single-variable","13":"ast-product-tabs-layout-horizontal","15":"first","16":"instock","17":"taxable","18":"shipping-taxable","19":"purchasable","20":"product-type-variable"},"_links":{"self":[{"href":"https:\/\/nordicdiy.ee\/lv\/wp-json\/wp\/v2\/product\/12173","targetHints":{"allow":["GET"]}}],"collection":[{"href":"https:\/\/nordicdiy.ee\/lv\/wp-json\/wp\/v2\/product"}],"about":[{"href":"https:\/\/nordicdiy.ee\/lv\/wp-json\/wp\/v2\/types\/product"}],"wp:featuredmedia":[{"embeddable":true,"href":"https:\/\/nordicdiy.ee\/lv\/wp-json\/wp\/v2\/media\/5817"}],"wp:attachment":[{"href":"https:\/\/nordicdiy.ee\/lv\/wp-json\/wp\/v2\/media?parent=12173"}],"wp:term":[{"taxonomy":"product_brand","embeddable":true,"href":"https:\/\/nordicdiy.ee\/lv\/wp-json\/wp\/v2\/product_brand?post=12173"},{"taxonomy":"product_cat","embeddable":true,"href":"https:\/\/nordicdiy.ee\/lv\/wp-json\/wp\/v2\/product_cat?post=12173"},{"taxonomy":"product_tag","embeddable":true,"href":"https:\/\/nordicdiy.ee\/lv\/wp-json\/wp\/v2\/product_tag?post=12173"}],"curies":[{"name":"wp","href":"https:\/\/api.w.org\/{rel}","templated":true}]}}