{"id":12217,"date":"2024-09-18T12:35:17","date_gmt":"2024-09-18T09:35:17","guid":{"rendered":"https:\/\/nordicdiy.ee\/epood\/uncategorized\/stikls-svecem-melns-matets-280-ml-h96-x-d80-mm\/"},"modified":"2026-02-13T23:57:18","modified_gmt":"2026-02-13T20:57:18","slug":"stikls-svecem-melns-matets-280-ml-h96-x-d80-mm","status":"publish","type":"product","link":"https:\/\/nordicdiy.ee\/lv\/epood\/svecu-izgatavosana\/svecturi-un-vaki\/stikls-svecem-melns-matets-280-ml-h96-x-d80-mm\/","title":{"rendered":"Stikls svec\u0113m melns mat\u0113ts 280 ml, h96 x d80 mm"},"content":{"rendered":"<p>Stil\u012bg\u0101 meln\u0101 mat\u0113t\u0101 sve\u010du gl\u0101ze ar 280 ml tilpumu ir ide\u0101la izv\u0113le amatnieku svec\u0113m. T\u0101 klasisk\u0101 un elegant\u0101 mat\u0113t\u0101 apdare pie\u0161\u0137ir svec\u0113m greznu un minim\u0101lisma izskatu, kas iederas da\u017e\u0101dos interjeros. <\/p>\n<p>Sve\u010du stikls ir karstumiztur\u012bgs, un to var izmantot ar da\u017e\u0101diem sve\u010du vaskiem, piem\u0113ram, sojas vasku, rap\u0161u vasku, paraf\u012bna vasku, bi\u0161u vasku un palmu vasku. T\u0101 izm\u0113ri h96 x d80 mm ir ide\u0101li piem\u0113roti vid\u0113ja izm\u0113ra arom\u0101tisk\u0101m svec\u0113m, un tas nodro\u0161ina ilgu un vienm\u0113r\u012bgu deg\u0161anas laiku. <\/p>\n<p>Melns mat\u0113ts sve\u010du stikls ir lieliska izv\u0113le ikvienam sve\u010du darin\u0101t\u0101jam, kur\u0161 v\u0113las rad\u012bt stil\u012bgas un iztur\u012bgas sveces, kas telp\u0101 rada m\u016bsdien\u012bgu un elegantu atmosf\u0113ru.<\/p>\n","protected":false},"excerpt":{"rendered":"<p>Stil\u012bg\u0101 meln\u0101 mat\u0113t\u0101 sve\u010du gl\u0101ze ar 280 ml tilpumu ir ide\u0101la izv\u0113le amatnieku svec\u0113m. T\u0101 klasisk\u0101 un elegant\u0101 mat\u0113t\u0101 apdare pie\u0161\u0137ir svec\u0113m greznu un minim\u0101lisma izskatu, kas iederas da\u017e\u0101dos interjeros. <\/p>\n","protected":false},"featured_media":6347,"template":"","meta":{"site-sidebar-layout":"default","site-content-layout":"","ast-site-content-layout":"default","site-content-style":"default","site-sidebar-style":"default","ast-global-header-display":"","ast-banner-title-visibility":"","ast-main-header-display":"","ast-hfb-above-header-display":"","ast-hfb-below-header-display":"","ast-hfb-mobile-header-display":"","site-post-title":"","ast-breadcrumbs-content":"","ast-featured-img":"","footer-sml-layout":"","ast-disable-related-posts":"","theme-transparent-header-meta":"default","adv-header-id-meta":"","stick-header-meta":"default","header-above-stick-meta":"","header-main-stick-meta":"","header-below-stick-meta":"","astra-migrate-meta-layouts":"default","ast-page-background-enabled":"default","ast-page-background-meta":{"desktop":{"background-color":"","background-image":"","background-repeat":"repeat","background-position":"center center","background-size":"auto","background-attachment":"scroll","background-type":"","background-media":"","overlay-type":"","overlay-color":"","overlay-opacity":"","overlay-gradient":""},"tablet":{"background-color":"","background-image":"","background-repeat":"repeat","background-position":"center center","background-size":"auto","background-attachment":"scroll","background-type":"","background-media":"","overlay-type":"","overlay-color":"","overlay-opacity":"","overlay-gradient":""},"mobile":{"background-color":"","background-image":"","background-repeat":"repeat","background-position":"center center","background-size":"auto","background-attachment":"scroll","background-type":"","background-media":"","overlay-type":"","overlay-color":"","overlay-opacity":"","overlay-gradient":""}},"ast-content-background-meta":{"desktop":{"background-color":"var(--ast-global-color-5)","background-image":"","background-repeat":"repeat","background-position":"center center","background-size":"auto","background-attachment":"scroll","background-type":"","background-media":"","overlay-type":"","overlay-color":"","overlay-opacity":"","overlay-gradient":""},"tablet":{"background-color":"var(--ast-global-color-5)","background-image":"","background-repeat":"repeat","background-position":"center center","background-size":"auto","background-attachment":"scroll","background-type":"","background-media":"","overlay-type":"","overlay-color":"","overlay-opacity":"","overlay-gradient":""},"mobile":{"background-color":"var(--ast-global-color-5)","background-image":"","background-repeat":"repeat","background-position":"center center","background-size":"auto","background-attachment":"scroll","background-type":"","background-media":"","overlay-type":"","overlay-color":"","overlay-opacity":"","overlay-gradient":""}}},"product_brand":[],"product_cat":[161,150],"product_tag":[],"class_list":{"0":"post-12217","1":"product","2":"type-product","3":"status-publish","4":"has-post-thumbnail","6":"product_cat-svecturi-un-vaki","7":"product_cat-svecu-izgatavosana","8":"desktop-align-left","9":"tablet-align-left","10":"mobile-align-left","11":"ast-product-gallery-layout-horizontal","12":"ast-product-gallery-with-no-image","13":"ast-product-tabs-layout-horizontal","15":"first","16":"instock","17":"taxable","18":"shipping-taxable","19":"purchasable","20":"product-type-simple"},"_links":{"self":[{"href":"https:\/\/nordicdiy.ee\/lv\/wp-json\/wp\/v2\/product\/12217","targetHints":{"allow":["GET"]}}],"collection":[{"href":"https:\/\/nordicdiy.ee\/lv\/wp-json\/wp\/v2\/product"}],"about":[{"href":"https:\/\/nordicdiy.ee\/lv\/wp-json\/wp\/v2\/types\/product"}],"wp:featuredmedia":[{"embeddable":true,"href":"https:\/\/nordicdiy.ee\/lv\/wp-json\/wp\/v2\/media\/6347"}],"wp:attachment":[{"href":"https:\/\/nordicdiy.ee\/lv\/wp-json\/wp\/v2\/media?parent=12217"}],"wp:term":[{"taxonomy":"product_brand","embeddable":true,"href":"https:\/\/nordicdiy.ee\/lv\/wp-json\/wp\/v2\/product_brand?post=12217"},{"taxonomy":"product_cat","embeddable":true,"href":"https:\/\/nordicdiy.ee\/lv\/wp-json\/wp\/v2\/product_cat?post=12217"},{"taxonomy":"product_tag","embeddable":true,"href":"https:\/\/nordicdiy.ee\/lv\/wp-json\/wp\/v2\/product_tag?post=12217"}],"curies":[{"name":"wp","href":"https:\/\/api.w.org\/{rel}","templated":true}]}}