{"id":13170,"date":"2024-09-18T12:35:17","date_gmt":"2024-09-18T09:35:17","guid":{"rendered":"https:\/\/nordicdiy.ee\/epood\/uncategorized\/udens-ziepju-baze-1-litrs-dabiska-un-veganiska\/"},"modified":"2026-04-06T14:16:30","modified_gmt":"2026-04-06T11:16:30","slug":"udens-ziepju-baze-1-litrs-dabiska-un-veganiska","status":"publish","type":"product","link":"https:\/\/nordicdiy.ee\/lv\/epood\/ziepju-izgatavosana\/ziepju-masas\/udens-ziepju-baze-1-litrs-dabiska-un-veganiska\/","title":{"rendered":"\u016adens ziepju b\u0101ze 1 litrs"},"content":{"rendered":"<p><strong>K\u0101 pagatavot \u0161\u0137idr\u0101s ziepes?<\/strong><br \/>\nNepiecie\u0161am\u0101s sast\u0101vda\u013cas un instrumenti:<\/p>\n<p>1 litrs \u0161\u0137idro ziepju b\u0101zes<br \/>\n10 ml \u0161\u0137idro ziepju smar\u017evielu<br \/>\n\u0160\u0137idro ziepju kr\u0101sviela<br \/>\nMais\u012b\u0161anas trauks<br \/>\nM\u0113rcaurule vai \u0161\u013circe prec\u012bzai doz\u0113\u0161anai<br \/>\nM\u012bklu mais\u012bt\u0101js vai mais\u012b\u0161anas r\u012bks<br \/>\nZiepju pudele (s\u016bknis vai dozatora pudele).<\/p>\n<p><strong>Ce\u013cvedis:<\/strong><\/p>\n<p>Izm\u0113riet sast\u0101vda\u013cas<br \/>\n\u0145emiet 1 litru \u0161\u0137idr\u0101s ziepju b\u0101zes un nom\u0113riet 10 ml smar\u017evielu. \u0160\u0137idro ziepju b\u0101zi var papildin\u0101t ar\u012b ar \u0113teriskaj\u0101m e\u013c\u013c\u0101m p\u0113c izv\u0113les. <\/p>\n<p>Sast\u0101vda\u013cas sajauc<br \/>\nIelejiet smar\u017evielu \u0161\u0137idro ziepju apak\u0161da\u013c\u0101 mais\u012b\u0161anas b\u013cod\u0101. Izmantojiet putukr\u0101sni vai mais\u012b\u0161anas r\u012bku, lai sast\u0101vda\u013cas r\u016bp\u012bgi samais\u012btu. Viegli maisiet, l\u012bdz smar\u017eviela ir piln\u012bb\u0101 izklied\u0113ta ziepju pamatn\u0113. Pievienojiet 1 pilienu \u0161\u0137idro ziepju kr\u0101svielas, ja mais\u012bjums ir p\u0101r\u0101k gai\u0161s, pievienojiet v\u0113l vienu pilienu un samaisiet.   <\/p>\n<p>Ielejiet mais\u012bjumu pudel\u0113<br \/>\nKad mais\u012bjums ir labi samais\u012bts, ielejiet mais\u012bjumu sagatavotaj\u0101 ziepju pudel\u0113. P\u0101rliecinieties, ka pudele ir t\u012bra un sausa. <\/p>\n<p>P\u0101rbaudiet savas ziepes<br \/>\nPirms jauno \u0161\u0137idro ziepju lieto\u0161anas \u013caujiet t\u0101m da\u017eas stundas nost\u0101v\u0113ties, lai smar\u017evielas var\u0113tu labi sajaukties ar ziepju b\u0101zi. Ja v\u0113laties biez\u0101kas \u0161\u0137idr\u0101s ziepes, beig\u0101s varat iejaukt 20% s\u0101ls \u0161\u0137\u012bdumu. Pietiks ar\u012b ar parastu s\u0101li un v\u0101r\u012btu \u016bdeni. \u016adenim j\u0101b\u016bt nedaudz siltam. Lai ieg\u016btu 20% s\u0101ls \u0161\u0137\u012bdumu, pievienojiet 20 g s\u0101ls 100 ml \u016bdens. \u0160\u0137idro ziepju dibenam, maisot, pilienu pa pilienam pievienojiet s\u0101ls \u0161\u0137\u012bdumu, l\u012bdz tiek ieg\u016bts v\u0113lamais rezult\u0101ts.     <\/p>\n<p><strong>W405 stabilizators<br \/>\n<\/strong><\/p>\n<p>Arom\u0101tisk\u0101 e\u013c\u013ca var padar\u012bt du\u0161as \u017eelejas pienainas vai \u0161\u0137idras, lai to atrisin\u0101tu, ieteicams izmantot W405 stabilizatoru. W405 stabilizatoru parasti izmanto, lai palielin\u0101tu \u0161\u0137idro ziepju, \u0161amp\u016bnu, du\u0161as \u017eeleju un citu mazg\u0101\u0161anas l\u012bdzek\u013cu uz virsmakt\u012bvo vielu b\u0101zes viskozit\u0101ti, t. i., lai padar\u012btu produktu biez\u0101ku un stabil\u0101ku. \u0160\u012b sast\u0101vda\u013ca pal\u012bdz pan\u0101kt pat\u012bkamu \u017eelejveida tekst\u016bru, ko pat\u0113r\u0113t\u0101ji sagaida no ziep\u0113m vai \u0161amp\u016bna.  <\/p>\n<p>Tas ir tik vienk\u0101r\u0161i! Dabiskas, veg\u0101niskas un personaliz\u0113tas \u0161\u0137idr\u0101s ziepes ir gatavas lieto\u0161anai. <\/p>\n","protected":false},"excerpt":{"rendered":"<p><strong>AR JAUNU SAST\u0100VU!<\/strong>  Izgatavojiet savas \u0161\u0137idr\u0101s ziepes m\u0101j\u0101s vai papildiniet savu z\u012bmola produktu kl\u0101stu. Dab\u012bg\u0101 un caursp\u012bd\u012bg\u0101 ziepju b\u0101ze nesatur ftal\u0101tus un ir ide\u0101li piem\u0113rota rado\u0161ai lieto\u0161anai. Pievienojot tikai 0,5-1 % piem\u0113rotas arom\u0101tisk\u0101s e\u013c\u013cas, j\u016bs varat izveidot personaliz\u0113tas veg\u0101nu \u0161\u0137idr\u0101s ziepes. Doz\u0113jums: 5-10 ml arom\u0101tisk\u0101s e\u013c\u013cas\/1000 ml ziepju b\u0101zes. Piem\u0113rotas speci\u0101las \u0161\u0137idro ziepju arom\u0101tisk\u0101s e\u013c\u013cas. Plastmasas pudeles un s\u016bk\u0146us var atrast ar\u012b Nordic DIY kl\u0101st\u0101. Ja v\u0113laties biez\u0101kas \u0161\u0137idr\u0101s ziepes, varat iejaukt 20% s\u0101ls \u0161\u0137\u012bdumu vai pievienot stabilizatoru W405.      <\/p>\n","protected":false},"featured_media":6377,"template":"","meta":{"site-sidebar-layout":"default","site-content-layout":"","ast-site-content-layout":"default","site-content-style":"default","site-sidebar-style":"default","ast-global-header-display":"","ast-banner-title-visibility":"","ast-main-header-display":"","ast-hfb-above-header-display":"","ast-hfb-below-header-display":"","ast-hfb-mobile-header-display":"","site-post-title":"","ast-breadcrumbs-content":"","ast-featured-img":"","footer-sml-layout":"","ast-disable-related-posts":"","theme-transparent-header-meta":"default","adv-header-id-meta":"","stick-header-meta":"default","header-above-stick-meta":"","header-main-stick-meta":"","header-below-stick-meta":"","astra-migrate-meta-layouts":"default","ast-page-background-enabled":"default","ast-page-background-meta":{"desktop":{"background-color":"","background-image":"","background-repeat":"repeat","background-position":"center center","background-size":"auto","background-attachment":"scroll","background-type":"","background-media":"","overlay-type":"","overlay-color":"","overlay-opacity":"","overlay-gradient":""},"tablet":{"background-color":"","background-image":"","background-repeat":"repeat","background-position":"center center","background-size":"auto","background-attachment":"scroll","background-type":"","background-media":"","overlay-type":"","overlay-color":"","overlay-opacity":"","overlay-gradient":""},"mobile":{"background-color":"","background-image":"","background-repeat":"repeat","background-position":"center center","background-size":"auto","background-attachment":"scroll","background-type":"","background-media":"","overlay-type":"","overlay-color":"","overlay-opacity":"","overlay-gradient":""}},"ast-content-background-meta":{"desktop":{"background-color":"var(--ast-global-color-5)","background-image":"","background-repeat":"repeat","background-position":"center center","background-size":"auto","background-attachment":"scroll","background-type":"","background-media":"","overlay-type":"","overlay-color":"","overlay-opacity":"","overlay-gradient":""},"tablet":{"background-color":"var(--ast-global-color-5)","background-image":"","background-repeat":"repeat","background-position":"center center","background-size":"auto","background-attachment":"scroll","background-type":"","background-media":"","overlay-type":"","overlay-color":"","overlay-opacity":"","overlay-gradient":""},"mobile":{"background-color":"var(--ast-global-color-5)","background-image":"","background-repeat":"repeat","background-position":"center center","background-size":"auto","background-attachment":"scroll","background-type":"","background-media":"","overlay-type":"","overlay-color":"","overlay-opacity":"","overlay-gradient":""}}},"product_brand":[],"product_cat":[416,214,382],"product_tag":[],"class_list":{"0":"post-13170","1":"product","2":"type-product","3":"status-publish","4":"has-post-thumbnail","6":"product_cat-atlaides","7":"product_cat-ziepju-izgatavosana","8":"product_cat-ziepju-masas","9":"desktop-align-left","10":"tablet-align-left","11":"mobile-align-left","12":"ast-product-gallery-layout-horizontal","13":"ast-product-gallery-with-no-image","14":"ast-product-tabs-layout-horizontal","16":"first","17":"instock","18":"taxable","19":"shipping-taxable","20":"purchasable","21":"product-type-simple"},"_links":{"self":[{"href":"https:\/\/nordicdiy.ee\/lv\/wp-json\/wp\/v2\/product\/13170","targetHints":{"allow":["GET"]}}],"collection":[{"href":"https:\/\/nordicdiy.ee\/lv\/wp-json\/wp\/v2\/product"}],"about":[{"href":"https:\/\/nordicdiy.ee\/lv\/wp-json\/wp\/v2\/types\/product"}],"wp:featuredmedia":[{"embeddable":true,"href":"https:\/\/nordicdiy.ee\/lv\/wp-json\/wp\/v2\/media\/6377"}],"wp:attachment":[{"href":"https:\/\/nordicdiy.ee\/lv\/wp-json\/wp\/v2\/media?parent=13170"}],"wp:term":[{"taxonomy":"product_brand","embeddable":true,"href":"https:\/\/nordicdiy.ee\/lv\/wp-json\/wp\/v2\/product_brand?post=13170"},{"taxonomy":"product_cat","embeddable":true,"href":"https:\/\/nordicdiy.ee\/lv\/wp-json\/wp\/v2\/product_cat?post=13170"},{"taxonomy":"product_tag","embeddable":true,"href":"https:\/\/nordicdiy.ee\/lv\/wp-json\/wp\/v2\/product_tag?post=13170"}],"curies":[{"name":"wp","href":"https:\/\/api.w.org\/{rel}","templated":true}]}}