{"id":13201,"date":"2024-09-18T12:35:16","date_gmt":"2024-09-18T09:35:16","guid":{"rendered":"https:\/\/nordicdiy.ee\/epood\/uncategorized\/stikls-svecem-ombre-roza-violeta-280-ml-h96-x-d80-mm\/"},"modified":"2026-01-15T20:15:51","modified_gmt":"2026-01-15T17:15:51","slug":"stikls-svecem-ombre-roza-violeta-280-ml-h96-x-d80-mm","status":"publish","type":"product","link":"https:\/\/nordicdiy.ee\/lv\/epood\/svecu-izgatavosana\/svecturi-un-vaki\/stikls-svecem-ombre-roza-violeta-280-ml-h96-x-d80-mm\/","title":{"rendered":"Stikls svec\u0113m Ombre roz\u0101-violeta 280 ml, h96 x d80 mm"},"content":{"rendered":"<p>Eleganta roz\u0101 violeti oran\u017e\u0101 sve\u010du burka ar 280 ml tilpumu ir ide\u0101la izv\u0113le amatniec\u012bbas svec\u0113m. T\u0101s unik\u0101lais ombre efekts, kad stikls vienm\u0113r\u012bgi p\u0101riet no roz\u0101 kr\u0101sas uz tum\u0161i violetu, pie\u0161\u0137ir svec\u0113m greznu un m\u016bsdien\u012bgu izskatu. Aizdegusies svece ir kr\u0101\u0161\u0146a!  <\/p>\n<p>Piem\u0113rots lieto\u0161anai ar da\u017e\u0101diem sve\u010du vaskiem, piem\u0113ram, sojas vasku, paraf\u012bna vasku, rap\u0161u vasku, bi\u0161u vasku un palmu vasku, nodro\u0161inot dro\u0161u un karstumiztur\u012bgu trauku gan dekorat\u012bv\u0101m, gan arom\u0101tisk\u0101m svec\u0113m. Pateicoties 280 ml tilpumam un h96 x d80 mm izm\u0113riem, to var izmantot gan mazu, gan vid\u0113ja izm\u0113ra sve\u010du izgatavo\u0161anai, kas deg ilgi un vienm\u0113r\u012bgi. <\/p>\n<p>\u0160is s\u0101rti violeti roz\u0101 sve\u010du gl\u0101ze ir ide\u0101li piem\u0113rota gan m\u0101jas interjeram, gan d\u0101vanai, un t\u0101 ir lieliska izv\u0113le ikvienam sve\u010du darin\u0101t\u0101jam, kas v\u0113las rad\u012bt stil\u012bgas un praktiskas sveces.<\/p>\n","protected":false},"excerpt":{"rendered":"<p>Eleganta roz\u0101 violeti oran\u017e\u0101 sve\u010du burka ar 280 ml tilpumu ir ide\u0101la izv\u0113le amatniec\u012bbas svec\u0113m. T\u0101s unik\u0101lais ombre efekts, kad stikls vienm\u0113r\u012bgi p\u0101riet no roz\u0101 uz violetu kr\u0101su, pie\u0161\u0137ir svec\u0113m greznu un modernu izskatu. Aizdegusies svece ir skaista!  <\/p>\n","protected":false},"featured_media":6277,"template":"","meta":{"site-sidebar-layout":"default","site-content-layout":"","ast-site-content-layout":"default","site-content-style":"default","site-sidebar-style":"default","ast-global-header-display":"","ast-banner-title-visibility":"","ast-main-header-display":"","ast-hfb-above-header-display":"","ast-hfb-below-header-display":"","ast-hfb-mobile-header-display":"","site-post-title":"","ast-breadcrumbs-content":"","ast-featured-img":"","footer-sml-layout":"","ast-disable-related-posts":"","theme-transparent-header-meta":"default","adv-header-id-meta":"","stick-header-meta":"default","header-above-stick-meta":"","header-main-stick-meta":"","header-below-stick-meta":"","astra-migrate-meta-layouts":"default","ast-page-background-enabled":"default","ast-page-background-meta":{"desktop":{"background-color":"","background-image":"","background-repeat":"repeat","background-position":"center center","background-size":"auto","background-attachment":"scroll","background-type":"","background-media":"","overlay-type":"","overlay-color":"","overlay-opacity":"","overlay-gradient":""},"tablet":{"background-color":"","background-image":"","background-repeat":"repeat","background-position":"center center","background-size":"auto","background-attachment":"scroll","background-type":"","background-media":"","overlay-type":"","overlay-color":"","overlay-opacity":"","overlay-gradient":""},"mobile":{"background-color":"","background-image":"","background-repeat":"repeat","background-position":"center center","background-size":"auto","background-attachment":"scroll","background-type":"","background-media":"","overlay-type":"","overlay-color":"","overlay-opacity":"","overlay-gradient":""}},"ast-content-background-meta":{"desktop":{"background-color":"var(--ast-global-color-5)","background-image":"","background-repeat":"repeat","background-position":"center center","background-size":"auto","background-attachment":"scroll","background-type":"","background-media":"","overlay-type":"","overlay-color":"","overlay-opacity":"","overlay-gradient":""},"tablet":{"background-color":"var(--ast-global-color-5)","background-image":"","background-repeat":"repeat","background-position":"center center","background-size":"auto","background-attachment":"scroll","background-type":"","background-media":"","overlay-type":"","overlay-color":"","overlay-opacity":"","overlay-gradient":""},"mobile":{"background-color":"var(--ast-global-color-5)","background-image":"","background-repeat":"repeat","background-position":"center center","background-size":"auto","background-attachment":"scroll","background-type":"","background-media":"","overlay-type":"","overlay-color":"","overlay-opacity":"","overlay-gradient":""}}},"product_brand":[],"product_cat":[161,150],"product_tag":[],"class_list":{"0":"post-13201","1":"product","2":"type-product","3":"status-publish","4":"has-post-thumbnail","6":"product_cat-svecturi-un-vaki","7":"product_cat-svecu-izgatavosana","8":"desktop-align-left","9":"tablet-align-left","10":"mobile-align-left","11":"ast-product-gallery-layout-horizontal","12":"ast-product-gallery-with-no-image","13":"ast-product-tabs-layout-horizontal","15":"first","16":"instock","17":"taxable","18":"shipping-taxable","19":"purchasable","20":"product-type-simple"},"_links":{"self":[{"href":"https:\/\/nordicdiy.ee\/lv\/wp-json\/wp\/v2\/product\/13201","targetHints":{"allow":["GET"]}}],"collection":[{"href":"https:\/\/nordicdiy.ee\/lv\/wp-json\/wp\/v2\/product"}],"about":[{"href":"https:\/\/nordicdiy.ee\/lv\/wp-json\/wp\/v2\/types\/product"}],"wp:featuredmedia":[{"embeddable":true,"href":"https:\/\/nordicdiy.ee\/lv\/wp-json\/wp\/v2\/media\/6277"}],"wp:attachment":[{"href":"https:\/\/nordicdiy.ee\/lv\/wp-json\/wp\/v2\/media?parent=13201"}],"wp:term":[{"taxonomy":"product_brand","embeddable":true,"href":"https:\/\/nordicdiy.ee\/lv\/wp-json\/wp\/v2\/product_brand?post=13201"},{"taxonomy":"product_cat","embeddable":true,"href":"https:\/\/nordicdiy.ee\/lv\/wp-json\/wp\/v2\/product_cat?post=13201"},{"taxonomy":"product_tag","embeddable":true,"href":"https:\/\/nordicdiy.ee\/lv\/wp-json\/wp\/v2\/product_tag?post=13201"}],"curies":[{"name":"wp","href":"https:\/\/api.w.org\/{rel}","templated":true}]}}