{"id":13256,"date":"2024-11-03T19:29:25","date_gmt":"2024-11-03T16:29:25","guid":{"rendered":"https:\/\/nordicdiy.ee\/epood\/uncategorized\/skidrs-nagu-lakas-vasks-acl2-0176-vegans-un-dross\/"},"modified":"2025-12-02T00:43:58","modified_gmt":"2025-12-01T21:43:58","slug":"skidrs-nagu-lakas-vasks-acl2-0176-vegans-un-dross","status":"publish","type":"product","link":"https:\/\/nordicdiy.ee\/lv\/epood\/svecu-izgatavosana\/svecu-krasas\/skidrs-nagu-lakas-vasks-acl2-0176-vegans-un-dross\/","title":{"rendered":"\u0160\u0137idrs nagu lakas vasks ACL2 0176 - veg\u0101ns un dro\u0161s"},"content":{"rendered":"<p>ACL \u0161\u0137idr\u0101s kr\u0101svielas ar UFIGREEN logotipu ir augst\u0101k\u0101s kvalit\u0101tes neklasific\u0113tas kr\u0101svielas, kas neietekm\u0113 sve\u010du dro\u0161\u012bbas mar\u0137\u0113jumu. \u013boti viegli lietojamas, samais\u0101s \u0101tri un vienm\u0113r\u012bgi, nepiecie\u0161ams tikai \u013coti neliels kr\u0101sas daudzums, lai sveci iekr\u0101sotu v\u0113lamaj\u0101 kr\u0101s\u0101. 2 g kr\u0101svielas izl\u012bdzina 1-2 kg vaska.   T\u0101s ir ide\u0101li piem\u0113rotas sojas vaska un paraf\u012bna sve\u010du izgatavo\u0161anai un atbilst visstingr\u0101kajiem dro\u0161\u012bbas un vides aizsardz\u012bbas standartiem.<\/p>\n<p><strong>Produkta \u012bpa\u0161\u012bbas:<\/strong><\/p>\n<ul>\n<li>Veg\u0101ns un nav test\u0113ts uz dz\u012bvniekiem<\/li>\n<li>Nesatur ftal\u0101tus un smagos met\u0101lus<\/li>\n<li>Nesatur palmu e\u013c\u013cu vai t\u0101s atvasin\u0101jumus.<\/li>\n<li>Atbilst REACH regulai (ES 1907\/2006) un standartam EN 71-3:2019-08.<\/li>\n<li>Nesatur SVHC (viela, kas rada \u013coti lielas ba\u017eas)<\/li>\n<li>Neklasific\u0113ts saska\u0146\u0101 ar CLP regulu<\/li>\n<\/ul>\n<p><strong>Lietot\u0101ja rokasgr\u0101mata:<\/strong><\/p>\n<ul>\n<li>Izkaus\u0113jiet sojas vai paraf\u012bna vasku 60-65\u00b0C temperat\u016br\u0101.<\/li>\n<li>Pievienojiet \u0161\u0137idro kr\u0101svielu 0,1-0,2 % proporcij\u0101 (2 g kr\u0101so 1-2 kg vaska).<\/li>\n<li>Pievienojiet UFIGREEN smar\u017e\u012bgo e\u013c\u013cu un samaisiet.<\/li>\n<li>Sagatavoto sve\u010du pastas masu ielejiet veidn\u0113 vai stikla trauk\u0101.<\/li>\n<li>ACL \u0161\u0137idr\u0101s kr\u0101sas var izmantot ar\u012b iegremd\u0113tu sve\u010du izgatavo\u0161anai.<\/li>\n<\/ul>\n","protected":false},"excerpt":{"rendered":"<p>ACL \u0161\u0137idr\u0101s kr\u0101svielas ar UFIGREEN logotipu ir augst\u0101k\u0101s kvalit\u0101tes neklasific\u0113tas kr\u0101svielas, kas neietekm\u0113 sve\u010du dro\u0161\u012bbas mar\u0137\u0113jumu. \u013boti viegli lietojamas, samais\u0101s \u0101tri un vienm\u0113r\u012bgi, nepiecie\u0161ams tikai \u013coti neliels kr\u0101sas daudzums, lai sveci iekr\u0101sotu v\u0113lamaj\u0101 kr\u0101s\u0101. 2 g kr\u0101svielas izl\u012bdzina 1-2 kg vaska. T\u0101s ir ide\u0101li piem\u0113rotas sojas vaska un paraf\u012bna sve\u010du izgatavo\u0161anai un atbilst visstingr\u0101kajiem dro\u0161\u012bbas un vides aizsardz\u012bbas standartiem.   <\/p>\n","protected":false},"featured_media":6937,"template":"","meta":{"site-sidebar-layout":"default","site-content-layout":"","ast-site-content-layout":"default","site-content-style":"default","site-sidebar-style":"default","ast-global-header-display":"","ast-banner-title-visibility":"","ast-main-header-display":"","ast-hfb-above-header-display":"","ast-hfb-below-header-display":"","ast-hfb-mobile-header-display":"","site-post-title":"","ast-breadcrumbs-content":"","ast-featured-img":"","footer-sml-layout":"","ast-disable-related-posts":"","theme-transparent-header-meta":"default","adv-header-id-meta":"","stick-header-meta":"default","header-above-stick-meta":"","header-main-stick-meta":"","header-below-stick-meta":"","astra-migrate-meta-layouts":"default","ast-page-background-enabled":"default","ast-page-background-meta":{"desktop":{"background-color":"","background-image":"","background-repeat":"repeat","background-position":"center center","background-size":"auto","background-attachment":"scroll","background-type":"","background-media":"","overlay-type":"","overlay-color":"","overlay-opacity":"","overlay-gradient":""},"tablet":{"background-color":"","background-image":"","background-repeat":"repeat","background-position":"center center","background-size":"auto","background-attachment":"scroll","background-type":"","background-media":"","overlay-type":"","overlay-color":"","overlay-opacity":"","overlay-gradient":""},"mobile":{"background-color":"","background-image":"","background-repeat":"repeat","background-position":"center center","background-size":"auto","background-attachment":"scroll","background-type":"","background-media":"","overlay-type":"","overlay-color":"","overlay-opacity":"","overlay-gradient":""}},"ast-content-background-meta":{"desktop":{"background-color":"var(--ast-global-color-5)","background-image":"","background-repeat":"repeat","background-position":"center center","background-size":"auto","background-attachment":"scroll","background-type":"","background-media":"","overlay-type":"","overlay-color":"","overlay-opacity":"","overlay-gradient":""},"tablet":{"background-color":"var(--ast-global-color-5)","background-image":"","background-repeat":"repeat","background-position":"center center","background-size":"auto","background-attachment":"scroll","background-type":"","background-media":"","overlay-type":"","overlay-color":"","overlay-opacity":"","overlay-gradient":""},"mobile":{"background-color":"var(--ast-global-color-5)","background-image":"","background-repeat":"repeat","background-position":"center center","background-size":"auto","background-attachment":"scroll","background-type":"","background-media":"","overlay-type":"","overlay-color":"","overlay-opacity":"","overlay-gradient":""}}},"product_brand":[],"product_cat":[150,202],"product_tag":[],"class_list":{"0":"post-13256","1":"product","2":"type-product","3":"status-publish","4":"has-post-thumbnail","6":"product_cat-svecu-izgatavosana","7":"product_cat-svecu-krasas","8":"desktop-align-left","9":"tablet-align-left","10":"mobile-align-left","11":"ast-product-gallery-layout-horizontal","12":"ast-product-gallery-with-no-image","13":"ast-product-single-variable","14":"ast-product-tabs-layout-horizontal","16":"first","17":"instock","18":"taxable","19":"shipping-taxable","20":"purchasable","21":"product-type-variable"},"_links":{"self":[{"href":"https:\/\/nordicdiy.ee\/lv\/wp-json\/wp\/v2\/product\/13256","targetHints":{"allow":["GET"]}}],"collection":[{"href":"https:\/\/nordicdiy.ee\/lv\/wp-json\/wp\/v2\/product"}],"about":[{"href":"https:\/\/nordicdiy.ee\/lv\/wp-json\/wp\/v2\/types\/product"}],"wp:featuredmedia":[{"embeddable":true,"href":"https:\/\/nordicdiy.ee\/lv\/wp-json\/wp\/v2\/media\/6937"}],"wp:attachment":[{"href":"https:\/\/nordicdiy.ee\/lv\/wp-json\/wp\/v2\/media?parent=13256"}],"wp:term":[{"taxonomy":"product_brand","embeddable":true,"href":"https:\/\/nordicdiy.ee\/lv\/wp-json\/wp\/v2\/product_brand?post=13256"},{"taxonomy":"product_cat","embeddable":true,"href":"https:\/\/nordicdiy.ee\/lv\/wp-json\/wp\/v2\/product_cat?post=13256"},{"taxonomy":"product_tag","embeddable":true,"href":"https:\/\/nordicdiy.ee\/lv\/wp-json\/wp\/v2\/product_tag?post=13256"}],"curies":[{"name":"wp","href":"https:\/\/api.w.org\/{rel}","templated":true}]}}