{"id":13314,"date":"2024-09-18T12:35:15","date_gmt":"2024-09-18T09:35:15","guid":{"rendered":"https:\/\/nordicdiy.ee\/epood\/uncategorized\/majas-smarzu-nujinas-no-bambusa-5gab\/"},"modified":"2025-08-14T15:12:30","modified_gmt":"2025-08-14T12:12:30","slug":"majas-smarzu-nujinas-no-bambusa-5gab","status":"publish","type":"product","link":"https:\/\/nordicdiy.ee\/lv\/epood\/telpu-atsvaidzinataja-sagatavosana\/telpu-atsvaidzinataja-baze-un-nujinas\/majas-smarzu-nujinas-no-bambusa-5gab\/","title":{"rendered":"M\u0101jas smar\u017eu n\u016bji\u0146as no bambusa 5gab"},"content":{"rendered":"<p>\u0160\u012bs bambusa n\u016bji\u0146as ir ide\u0101li piem\u0113rotas smar\u017eu difuzoriem, pal\u012bdzot vienm\u0113r\u012bgi izklied\u0113t arom\u0101tu vis\u0101 telp\u0101. Izgatavots no augstas kvalit\u0101tes rotangpalmas, kas labi uzs\u016bc arom\u0101tisk\u0101s e\u013c\u013cas un nodro\u0161ina ilgsto\u0161u lieto\u0161anu. 5 smar\u017eu koci\u0146u komplekts, piem\u0113rots visu veidu difuzoriem un telpu aromatiz\u0113t\u0101jiem. Dab\u012bg\u0101 koka kr\u0101sa. Stien\u012b\u0161u garums 20 cm, d4 mm.<\/p>\n","protected":false},"excerpt":{"rendered":"<p>\u0160\u012bs bambusa n\u016bji\u0146as ir ide\u0101li piem\u0113rotas smar\u017eu difuzoriem, pal\u012bdzot vienm\u0113r\u012bgi izklied\u0113t arom\u0101tu vis\u0101 telp\u0101. Izgatavotas no augstas kvalit\u0101tes rotangpalmas koka, kas labi uzs\u016bc smar\u017e\u012bg\u0101s e\u013c\u013cas un nodro\u0161ina ilgsto\u0161u lieto\u0161anu. Komplekt\u0101 ir 5 n\u016bji\u0146as, kas piem\u0113rotas visu veidu difuzoriem un telpu aromatiz\u0113t\u0101jiem. Garums 20 cm, diametrs 4 mm.   <\/p>\n","protected":false},"featured_media":6312,"template":"","meta":{"site-sidebar-layout":"default","site-content-layout":"","ast-site-content-layout":"default","site-content-style":"default","site-sidebar-style":"default","ast-global-header-display":"","ast-banner-title-visibility":"","ast-main-header-display":"","ast-hfb-above-header-display":"","ast-hfb-below-header-display":"","ast-hfb-mobile-header-display":"","site-post-title":"","ast-breadcrumbs-content":"","ast-featured-img":"","footer-sml-layout":"","ast-disable-related-posts":"","theme-transparent-header-meta":"default","adv-header-id-meta":"","stick-header-meta":"default","header-above-stick-meta":"","header-main-stick-meta":"","header-below-stick-meta":"","astra-migrate-meta-layouts":"default","ast-page-background-enabled":"default","ast-page-background-meta":{"desktop":{"background-color":"","background-image":"","background-repeat":"repeat","background-position":"center center","background-size":"auto","background-attachment":"scroll","background-type":"","background-media":"","overlay-type":"","overlay-color":"","overlay-opacity":"","overlay-gradient":""},"tablet":{"background-color":"","background-image":"","background-repeat":"repeat","background-position":"center center","background-size":"auto","background-attachment":"scroll","background-type":"","background-media":"","overlay-type":"","overlay-color":"","overlay-opacity":"","overlay-gradient":""},"mobile":{"background-color":"","background-image":"","background-repeat":"repeat","background-position":"center center","background-size":"auto","background-attachment":"scroll","background-type":"","background-media":"","overlay-type":"","overlay-color":"","overlay-opacity":"","overlay-gradient":""}},"ast-content-background-meta":{"desktop":{"background-color":"var(--ast-global-color-5)","background-image":"","background-repeat":"repeat","background-position":"center center","background-size":"auto","background-attachment":"scroll","background-type":"","background-media":"","overlay-type":"","overlay-color":"","overlay-opacity":"","overlay-gradient":""},"tablet":{"background-color":"var(--ast-global-color-5)","background-image":"","background-repeat":"repeat","background-position":"center center","background-size":"auto","background-attachment":"scroll","background-type":"","background-media":"","overlay-type":"","overlay-color":"","overlay-opacity":"","overlay-gradient":""},"mobile":{"background-color":"var(--ast-global-color-5)","background-image":"","background-repeat":"repeat","background-position":"center center","background-size":"auto","background-attachment":"scroll","background-type":"","background-media":"","overlay-type":"","overlay-color":"","overlay-opacity":"","overlay-gradient":""}}},"product_brand":[],"product_cat":[219,205],"product_tag":[],"class_list":{"0":"post-13314","1":"product","2":"type-product","3":"status-publish","4":"has-post-thumbnail","6":"product_cat-telpu-atsvaidzinataja-baze-un-nujinas","7":"product_cat-telpu-atsvaidzinataja-sagatavosana","8":"desktop-align-left","9":"tablet-align-left","10":"mobile-align-left","11":"ast-product-gallery-layout-horizontal","12":"ast-product-gallery-with-no-image","13":"ast-product-tabs-layout-horizontal","15":"first","16":"instock","17":"taxable","18":"shipping-taxable","19":"purchasable","20":"product-type-simple"},"_links":{"self":[{"href":"https:\/\/nordicdiy.ee\/lv\/wp-json\/wp\/v2\/product\/13314","targetHints":{"allow":["GET"]}}],"collection":[{"href":"https:\/\/nordicdiy.ee\/lv\/wp-json\/wp\/v2\/product"}],"about":[{"href":"https:\/\/nordicdiy.ee\/lv\/wp-json\/wp\/v2\/types\/product"}],"wp:featuredmedia":[{"embeddable":true,"href":"https:\/\/nordicdiy.ee\/lv\/wp-json\/wp\/v2\/media\/6312"}],"wp:attachment":[{"href":"https:\/\/nordicdiy.ee\/lv\/wp-json\/wp\/v2\/media?parent=13314"}],"wp:term":[{"taxonomy":"product_brand","embeddable":true,"href":"https:\/\/nordicdiy.ee\/lv\/wp-json\/wp\/v2\/product_brand?post=13314"},{"taxonomy":"product_cat","embeddable":true,"href":"https:\/\/nordicdiy.ee\/lv\/wp-json\/wp\/v2\/product_cat?post=13314"},{"taxonomy":"product_tag","embeddable":true,"href":"https:\/\/nordicdiy.ee\/lv\/wp-json\/wp\/v2\/product_tag?post=13314"}],"curies":[{"name":"wp","href":"https:\/\/api.w.org\/{rel}","templated":true}]}}