{"id":13330,"date":"2025-01-15T15:30:27","date_gmt":"2025-01-15T12:30:27","guid":{"rendered":"https:\/\/nordicdiy.ee\/epood\/uncategorized\/majas-smarzu-bazes-skidrums-augeo-no-5\/"},"modified":"2026-03-11T15:08:49","modified_gmt":"2026-03-11T12:08:49","slug":"majas-smarzu-bazes-skidrums-augeo-no-5","status":"publish","type":"product","link":"https:\/\/nordicdiy.ee\/lv\/epood\/telpu-atsvaidzinataja-sagatavosana\/telpu-atsvaidzinataja-baze-un-nujinas\/majas-smarzu-bazes-skidrums-augeo-no-5\/","title":{"rendered":"M\u0101jas smar\u017eu b\u0101zes \u0161\u0137idrums Augeo No 5"},"content":{"rendered":"<p>Augeo Multi Clean ir ilgtsp\u0113j\u012bgs un videi draudz\u012bgs b\u0101zes \u0161\u0137idrums, ko galvenok\u0101rt izmanto m\u0101jas smar\u017eviel\u0101s, automobi\u013cu smar\u017eviel\u0101s, gaisa atsvaidzin\u0101t\u0101jos, elektriskos difuzoros, smar\u017e\u0101s, smar\u017eu aerosolos, t\u012br\u012b\u0161anas un apkopes l\u012bdzek\u013cos. Tas ir augu izcelsmes, ra\u017eots no atjaunojamiem avotiem, parasti no cukurniedr\u0113m. <\/p>\n<p>Augeo Clean ir bez smar\u017eas, bezkr\u0101sains, nealer\u0123isks un maz toksisks. Labi darbojas, izmantojot \u0161\u0137iedru stien\u012b\u0161us m\u0101jas smar\u017eot\u0101jos. Nesatur ftal\u0101tus, nav test\u0113ts uz dz\u012bvniekiem.  <\/p>\n<p>Arom\u0101tisk\u0101s e\u013c\u013cas 15-25% piedeva Augeo Clean Multi b\u0101zes \u0161\u0137idrajam l\u012bdzeklim. \u0160\u012b b\u0101zes \u0161\u0137idruma priek\u0161roc\u012bba ir t\u0101 sp\u0113ja pastiprin\u0101t un izklied\u0113t smar\u017eu, padarot arom\u0101tu intens\u012bv\u0101ku un ilgnotur\u012bg\u0101ku. Augeo ir ar\u012b biolo\u0123iski no\u0101rd\u0101ms un nesatur GOS (gaisto\u0161os organiskos savienojumus), kas noz\u012bm\u0113, ka tas nekait\u0113 gaisa kvalit\u0101tei un nav kait\u012bgs videi.  <\/p>\n<p><strong data-start=\"0\" data-end=\"26\">Augeo Multi Clean 100%<\/strong><\/p>\n<ul>\n<li>Produkts, kas izgatavots no atjaunojam\u0101m izejviel\u0101m.<\/li>\n<li>Bez smar\u017eas, l\u0113ni iztvaikojo\u0161s \u0161\u0137idrums.<\/li>\n<li>Iztvaiko\u0161anas laiks 7-8 ned\u0113\u013cas.<\/li>\n<li>Smar\u017eu nes\u0113js\/\u0161\u0137\u012bdin\u0101t\u0101js.<\/li>\n<li>Nesatur ftal\u0101tus.<\/li>\n<li>Nav test\u0113ts uz dz\u012bvniekiem.<\/li>\n<\/ul>\n<p data-start=\"175\" data-end=\"314\"><strong data-start=\"175\" data-end=\"191\">Pielietojums:<\/strong><br data-start=\"191\" data-end=\"194\">smar\u017eu difuzori, telpu aerosoli, smar\u017eas, gaisa atsvaidzin\u0101t\u0101ji, t\u012br\u012b\u0161anas un virsmu kop\u0161anas l\u012bdzek\u013ci, elektriskie difuzori.<\/p>\n<p data-start=\"368\" data-end=\"416\" data-is-last-node=\"\" data-is-only-node=\"\"><strong data-start=\"368\" data-end=\"408\">Smar\u017evielas deva b\u0101zes \u0161\u0137idrum\u0101: 15-25<\/strong> %.<\/p>\n<p>BR\u012aDIN\u0100JUMS!<br \/>\n<img decoding=\"async\" class=\"\" src=\"https:\/\/nordicdiy.ee\/wp-content\/uploads\/2025\/01\/terviseoht.jpg\" width=\"70\" height=\"70\"><\/p>\n","protected":false},"excerpt":{"rendered":"<p>Augeo Clean Multi Base ir videi draudz\u012bgs augu b\u0101zes \u0161\u0137idrums, ko var izmantot m\u0101jas un automa\u0161\u012bnas smar\u017eviel\u0101s, difuzoros un smar\u017eu aerosolos. Bez smar\u017eas un ar zemu toksiskuma l\u012bmeni, tas ir labi piem\u0113rots \u0161\u0137iedru koci\u0146iem, bet ne bambusa koci\u0146iem. Ieteicamais lieto\u0161anas sast\u0101vs ir 80 % b\u0101zes \u0161\u0137idruma un 20 % arom\u0101tisk\u0101s e\u013c\u013cas. Augeo ir biolo\u0123iski no\u0101rd\u0101ms un nesatur GOS.   <\/p>\n","protected":false},"featured_media":28574,"template":"","meta":{"site-sidebar-layout":"default","site-content-layout":"","ast-site-content-layout":"default","site-content-style":"default","site-sidebar-style":"default","ast-global-header-display":"","ast-banner-title-visibility":"","ast-main-header-display":"","ast-hfb-above-header-display":"","ast-hfb-below-header-display":"","ast-hfb-mobile-header-display":"","site-post-title":"","ast-breadcrumbs-content":"","ast-featured-img":"","footer-sml-layout":"","ast-disable-related-posts":"","theme-transparent-header-meta":"default","adv-header-id-meta":"","stick-header-meta":"default","header-above-stick-meta":"","header-main-stick-meta":"","header-below-stick-meta":"","astra-migrate-meta-layouts":"default","ast-page-background-enabled":"default","ast-page-background-meta":{"desktop":{"background-color":"","background-image":"","background-repeat":"repeat","background-position":"center center","background-size":"auto","background-attachment":"scroll","background-type":"","background-media":"","overlay-type":"","overlay-color":"","overlay-opacity":"","overlay-gradient":""},"tablet":{"background-color":"","background-image":"","background-repeat":"repeat","background-position":"center center","background-size":"auto","background-attachment":"scroll","background-type":"","background-media":"","overlay-type":"","overlay-color":"","overlay-opacity":"","overlay-gradient":""},"mobile":{"background-color":"","background-image":"","background-repeat":"repeat","background-position":"center center","background-size":"auto","background-attachment":"scroll","background-type":"","background-media":"","overlay-type":"","overlay-color":"","overlay-opacity":"","overlay-gradient":""}},"ast-content-background-meta":{"desktop":{"background-color":"var(--ast-global-color-5)","background-image":"","background-repeat":"repeat","background-position":"center center","background-size":"auto","background-attachment":"scroll","background-type":"","background-media":"","overlay-type":"","overlay-color":"","overlay-opacity":"","overlay-gradient":""},"tablet":{"background-color":"var(--ast-global-color-5)","background-image":"","background-repeat":"repeat","background-position":"center center","background-size":"auto","background-attachment":"scroll","background-type":"","background-media":"","overlay-type":"","overlay-color":"","overlay-opacity":"","overlay-gradient":""},"mobile":{"background-color":"var(--ast-global-color-5)","background-image":"","background-repeat":"repeat","background-position":"center center","background-size":"auto","background-attachment":"scroll","background-type":"","background-media":"","overlay-type":"","overlay-color":"","overlay-opacity":"","overlay-gradient":""}}},"product_brand":[],"product_cat":[416,219,205],"product_tag":[],"class_list":{"0":"post-13330","1":"product","2":"type-product","3":"status-publish","4":"has-post-thumbnail","6":"product_cat-atlaides","7":"product_cat-telpu-atsvaidzinataja-baze-un-nujinas","8":"product_cat-telpu-atsvaidzinataja-sagatavosana","9":"desktop-align-left","10":"tablet-align-left","11":"mobile-align-left","12":"ast-product-gallery-layout-horizontal","13":"ast-product-single-variable","14":"ast-product-tabs-layout-horizontal","16":"first","17":"instock","18":"sale","19":"taxable","20":"shipping-taxable","21":"purchasable","22":"product-type-variable","23":"has-default-attributes"},"_links":{"self":[{"href":"https:\/\/nordicdiy.ee\/lv\/wp-json\/wp\/v2\/product\/13330","targetHints":{"allow":["GET"]}}],"collection":[{"href":"https:\/\/nordicdiy.ee\/lv\/wp-json\/wp\/v2\/product"}],"about":[{"href":"https:\/\/nordicdiy.ee\/lv\/wp-json\/wp\/v2\/types\/product"}],"wp:featuredmedia":[{"embeddable":true,"href":"https:\/\/nordicdiy.ee\/lv\/wp-json\/wp\/v2\/media\/28574"}],"wp:attachment":[{"href":"https:\/\/nordicdiy.ee\/lv\/wp-json\/wp\/v2\/media?parent=13330"}],"wp:term":[{"taxonomy":"product_brand","embeddable":true,"href":"https:\/\/nordicdiy.ee\/lv\/wp-json\/wp\/v2\/product_brand?post=13330"},{"taxonomy":"product_cat","embeddable":true,"href":"https:\/\/nordicdiy.ee\/lv\/wp-json\/wp\/v2\/product_cat?post=13330"},{"taxonomy":"product_tag","embeddable":true,"href":"https:\/\/nordicdiy.ee\/lv\/wp-json\/wp\/v2\/product_tag?post=13330"}],"curies":[{"name":"wp","href":"https:\/\/api.w.org\/{rel}","templated":true}]}}