{"id":13350,"date":"2024-09-13T15:15:29","date_gmt":"2024-09-13T12:15:29","guid":{"rendered":"https:\/\/nordicdiy.ee\/epood\/uncategorized\/kanolas-vasks-keragreen-konteiners-svecu-stiklam\/"},"modified":"2025-05-26T11:28:58","modified_gmt":"2025-05-26T08:28:58","slug":"kanolas-vasks-keragreen-konteiners-svecu-stiklam","status":"publish","type":"product","link":"https:\/\/nordicdiy.ee\/lv\/epood\/svecu-izgatavosana\/svecu-vaski\/kanolas-vasks-keragreen-konteiners-svecu-stiklam\/","title":{"rendered":"Kanolas vasks Keragreen konteiners sve\u010du stiklam"},"content":{"rendered":"<p>Keragreen rap\u0161u vasks stikla svec\u0113m ir videi draudz\u012bga izv\u0113le. Keragreen rap\u0161u vasks tiek ieg\u016bts no augiem, kas ataug un dabiski sadal\u0101s. Vaska deg\u0161ana ir t\u012bra, un tas maz\u0101k d\u016bmo un kv\u0113pina. Vaska ra\u017eo\u0161an\u0101 izmanto galvenok\u0101rt Francij\u0101 un t\u0101s apk\u0101rtn\u0113 audz\u0113tu rap\u0161a s\u0113klu vasku.   <\/p>\n<p>Izmantojot Keragreen rap\u0161u vasku sve\u010du ra\u017eo\u0161an\u0101, tiek pan\u0101kta perfekta apdare, maksim\u0101la sa\u0137ere ar stiklu un \u013coti balta kr\u0101sa, kas ir nov\u0113rt\u0113ta \u012bpa\u0161\u012bba. Ar vasku ir viegli str\u0101d\u0101t, tam ir gluda virsma, neitr\u0101la smar\u017ea un tas deg ilgi. Piem\u0113rots saskarei ar p\u0101rtiku. 100 % piem\u0113rots veg\u0101niem. Nesatur \u0122MO.    <\/p>\n<p>Vasks s\u0101k saciet\u0113t 32-42 \u00b0C temperat\u016br\u0101. Vasks k\u016bst 48-52 \u00b0C temperat\u016br\u0101, maksim\u0101l\u0101 ku\u0161anas temperat\u016bra ir 85-90 \u00b0C. Arom\u0101ta saturs vask\u0101 ir 5-8 %, maksim\u0101li 10 %. Ieteicam\u0101 temperat\u016bra smar\u017e\u012bgo e\u013c\u013cu pievieno\u0161anai nedr\u012bkst b\u016bt zem\u0101ka par 70 \u00b0C. Ieteicam\u0101 temperat\u016bra kr\u0101svielas pulvera pievieno\u0161anai ir 75 \u00b0C, \u0161\u0137idr\u0101s kr\u0101svielas un kr\u0101svielas pulvera pievieno\u0161anai - 70 \u00b0C. Ieteicam\u0101 iepild\u012b\u0161anas temperat\u016bra ir 65\u00b0C. Liel\u0101k\u0101m svec\u0113m var b\u016bt nepiecie\u0161ama atk\u0101rtota ielie\u0161ana. Sveci ieteicams dedzin\u0101t ne agr\u0101k k\u0101 48 stundas p\u0113c ielej\u0161anas.       <\/p>\n","protected":false},"excerpt":{"rendered":"<p>Keragreen rap\u0161u vasks ir videi draudz\u012bga izv\u0113le stikla sve\u010du izgatavo\u0161anai, kas ieg\u016bts no augiem, kuri ataug un sadal\u0101s dabisk\u0101 veid\u0101. \u0160is t\u012bri dego\u0161ais, d\u016bmus un kv\u0113pus nesaturo\u0161ais vasks nodro\u0161ina lielisku apdari un sa\u0137eri ar stiklu. Ra\u017eots Francij\u0101, bez \u0122MO un piem\u0113rots veg\u0101niem. Arom\u0101ta saturs 5-8 %, l\u012bdz 50-80 g\/ml uz 1 kg vaska.   <\/p>\n","protected":false},"featured_media":5772,"template":"","meta":{"site-sidebar-layout":"default","site-content-layout":"","ast-site-content-layout":"default","site-content-style":"default","site-sidebar-style":"default","ast-global-header-display":"","ast-banner-title-visibility":"","ast-main-header-display":"","ast-hfb-above-header-display":"","ast-hfb-below-header-display":"","ast-hfb-mobile-header-display":"","site-post-title":"","ast-breadcrumbs-content":"","ast-featured-img":"","footer-sml-layout":"","ast-disable-related-posts":"","theme-transparent-header-meta":"default","adv-header-id-meta":"","stick-header-meta":"default","header-above-stick-meta":"","header-main-stick-meta":"","header-below-stick-meta":"","astra-migrate-meta-layouts":"default","ast-page-background-enabled":"default","ast-page-background-meta":{"desktop":{"background-color":"","background-image":"","background-repeat":"repeat","background-position":"center center","background-size":"auto","background-attachment":"scroll","background-type":"","background-media":"","overlay-type":"","overlay-color":"","overlay-opacity":"","overlay-gradient":""},"tablet":{"background-color":"","background-image":"","background-repeat":"repeat","background-position":"center center","background-size":"auto","background-attachment":"scroll","background-type":"","background-media":"","overlay-type":"","overlay-color":"","overlay-opacity":"","overlay-gradient":""},"mobile":{"background-color":"","background-image":"","background-repeat":"repeat","background-position":"center center","background-size":"auto","background-attachment":"scroll","background-type":"","background-media":"","overlay-type":"","overlay-color":"","overlay-opacity":"","overlay-gradient":""}},"ast-content-background-meta":{"desktop":{"background-color":"var(--ast-global-color-5)","background-image":"","background-repeat":"repeat","background-position":"center center","background-size":"auto","background-attachment":"scroll","background-type":"","background-media":"","overlay-type":"","overlay-color":"","overlay-opacity":"","overlay-gradient":""},"tablet":{"background-color":"var(--ast-global-color-5)","background-image":"","background-repeat":"repeat","background-position":"center center","background-size":"auto","background-attachment":"scroll","background-type":"","background-media":"","overlay-type":"","overlay-color":"","overlay-opacity":"","overlay-gradient":""},"mobile":{"background-color":"var(--ast-global-color-5)","background-image":"","background-repeat":"repeat","background-position":"center center","background-size":"auto","background-attachment":"scroll","background-type":"","background-media":"","overlay-type":"","overlay-color":"","overlay-opacity":"","overlay-gradient":""}}},"product_brand":[],"product_cat":[150,151],"product_tag":[],"class_list":{"0":"post-13350","1":"product","2":"type-product","3":"status-publish","4":"has-post-thumbnail","6":"product_cat-svecu-izgatavosana","7":"product_cat-svecu-vaski","8":"desktop-align-left","9":"tablet-align-left","10":"mobile-align-left","11":"ast-product-gallery-layout-horizontal","12":"ast-product-single-variable","13":"ast-product-tabs-layout-horizontal","15":"first","16":"instock","17":"taxable","18":"shipping-taxable","19":"purchasable","20":"product-type-variable"},"_links":{"self":[{"href":"https:\/\/nordicdiy.ee\/lv\/wp-json\/wp\/v2\/product\/13350","targetHints":{"allow":["GET"]}}],"collection":[{"href":"https:\/\/nordicdiy.ee\/lv\/wp-json\/wp\/v2\/product"}],"about":[{"href":"https:\/\/nordicdiy.ee\/lv\/wp-json\/wp\/v2\/types\/product"}],"wp:featuredmedia":[{"embeddable":true,"href":"https:\/\/nordicdiy.ee\/lv\/wp-json\/wp\/v2\/media\/5772"}],"wp:attachment":[{"href":"https:\/\/nordicdiy.ee\/lv\/wp-json\/wp\/v2\/media?parent=13350"}],"wp:term":[{"taxonomy":"product_brand","embeddable":true,"href":"https:\/\/nordicdiy.ee\/lv\/wp-json\/wp\/v2\/product_brand?post=13350"},{"taxonomy":"product_cat","embeddable":true,"href":"https:\/\/nordicdiy.ee\/lv\/wp-json\/wp\/v2\/product_cat?post=13350"},{"taxonomy":"product_tag","embeddable":true,"href":"https:\/\/nordicdiy.ee\/lv\/wp-json\/wp\/v2\/product_tag?post=13350"}],"curies":[{"name":"wp","href":"https:\/\/api.w.org\/{rel}","templated":true}]}}