{"id":13383,"date":"2025-02-13T15:11:11","date_gmt":"2025-02-13T12:11:11","guid":{"rendered":"https:\/\/nordicdiy.ee\/epood\/uncategorized\/ziepju-vasks-cargill-nature-wax-c-3-svecu-stiklam\/"},"modified":"2026-03-13T13:28:18","modified_gmt":"2026-03-13T10:28:18","slug":"ziepju-vasks-cargill-nature-wax-c-3-svecu-stiklam","status":"publish","type":"product","link":"https:\/\/nordicdiy.ee\/lv\/epood\/svecu-izgatavosana\/svecu-vaski\/ziepju-vasks-cargill-nature-wax-c-3-svecu-stiklam\/","title":{"rendered":"Ziepju vasks Cargill Nature Wax C-3 sve\u010du stiklam"},"content":{"rendered":"<p>Nature Wax C-3 ir 100% sojas vasks, kas ir ide\u0101li piem\u0113rots stikla sve\u010du vai smar\u017eu vaska ra\u017eo\u0161anai. Sojas vaska sveces deg t\u012br\u0101k un ilg\u0101k nek\u0101 tradicion\u0101l\u0101s paraf\u012bna vaska sveces un neizdala kv\u0113pus, kas var kait\u0113t gan vesel\u012bbai, gan videi. Vaska deg\u0161ana ir \u013coti t\u012bra, tas ar\u012b \u013coti maz saraujas un ir kr\u0113m\u012bgi balt\u0101 kr\u0101s\u0101.  <\/p>\n<p>Vasks ir \u012bpa\u0161i izstr\u0101d\u0101ts sajauk\u0161anai ar smar\u017e\u012bgaj\u0101m e\u013c\u013c\u0101m, k\u0101 ar\u012b \u0113teriskaj\u0101m e\u013c\u013c\u0101m. Kr\u0101svielu izmanto\u0161ana var izrais\u012bt \"sasal\u0161anu\", t\u0101p\u0113c iepriek\u0161 p\u0101rbaudiet sve\u010du kr\u0101sas daudzumu. Sve\u010du, kas izgatavotas ar Nature Wax C-3, izskats ir maigi kr\u0113m\u012bgs. Maksim\u0101lais smar\u017evielu saturs vask\u0101 ir aptuveni 5-10 %.    <\/p>\n<p>Ku\u0161anas temperat\u016bra: parasti k\u016bst no 51 \u00b0C l\u012bdz 55 \u00b0C. L\u012b\u0161anas temperat\u016bra 50-70 \u00b0C. Ja v\u0113laties p\u0101rbaud\u012bt vaska deg\u0161anu, svece j\u0101atst\u0101j 2 dienas istabas temperat\u016br\u0101. Nature Wax C-3 sa\u0137eri ar traukiem var uzlabot, iepriek\u0161 uzkars\u0113jot traukus. Ra\u017eots Eirop\u0101, veg\u0101niem draudz\u012bgs sast\u0101vs. Veg\u0101niem draudz\u012bgs sast\u0101vs noz\u012bm\u0113, ka tas nesatur dz\u012bvnieku izcelsmes sast\u0101vda\u013cas.     <\/p>\n","protected":false},"excerpt":{"rendered":"<p>Nature Wax C-3 ir 100% sojas vasks, kas ir ide\u0101li piem\u0113rots stikla sve\u010du un t\u0113jas sve\u010du izgatavo\u0161anai. \u0160is kr\u0113m\u012bgi baltais vasks t\u012bri deg, tam ir maza sarau\u0161an\u0101s un tas labi sajaucas ar smar\u017e\u012bgaj\u0101m e\u013c\u013c\u0101m. Ku\u0161anas temperat\u016bra ir 51-55\u00b0C, bet lie\u0161anas temperat\u016bra 50-70\u00b0C. Maksim\u0101l\u0101 smar\u017eas slodze ir 5-10%. Veg\u0101niem draudz\u012bgs un ra\u017eots Eirop\u0101.    <\/p>\n","protected":false},"featured_media":23229,"template":"","meta":{"site-sidebar-layout":"default","site-content-layout":"","ast-site-content-layout":"default","site-content-style":"default","site-sidebar-style":"default","ast-global-header-display":"","ast-banner-title-visibility":"","ast-main-header-display":"","ast-hfb-above-header-display":"","ast-hfb-below-header-display":"","ast-hfb-mobile-header-display":"","site-post-title":"","ast-breadcrumbs-content":"","ast-featured-img":"","footer-sml-layout":"","ast-disable-related-posts":"","theme-transparent-header-meta":"default","adv-header-id-meta":"","stick-header-meta":"default","header-above-stick-meta":"","header-main-stick-meta":"","header-below-stick-meta":"","astra-migrate-meta-layouts":"default","ast-page-background-enabled":"default","ast-page-background-meta":{"desktop":{"background-color":"","background-image":"","background-repeat":"repeat","background-position":"center center","background-size":"auto","background-attachment":"scroll","background-type":"","background-media":"","overlay-type":"","overlay-color":"","overlay-opacity":"","overlay-gradient":""},"tablet":{"background-color":"","background-image":"","background-repeat":"repeat","background-position":"center center","background-size":"auto","background-attachment":"scroll","background-type":"","background-media":"","overlay-type":"","overlay-color":"","overlay-opacity":"","overlay-gradient":""},"mobile":{"background-color":"","background-image":"","background-repeat":"repeat","background-position":"center center","background-size":"auto","background-attachment":"scroll","background-type":"","background-media":"","overlay-type":"","overlay-color":"","overlay-opacity":"","overlay-gradient":""}},"ast-content-background-meta":{"desktop":{"background-color":"var(--ast-global-color-5)","background-image":"","background-repeat":"repeat","background-position":"center center","background-size":"auto","background-attachment":"scroll","background-type":"","background-media":"","overlay-type":"","overlay-color":"","overlay-opacity":"","overlay-gradient":""},"tablet":{"background-color":"var(--ast-global-color-5)","background-image":"","background-repeat":"repeat","background-position":"center center","background-size":"auto","background-attachment":"scroll","background-type":"","background-media":"","overlay-type":"","overlay-color":"","overlay-opacity":"","overlay-gradient":""},"mobile":{"background-color":"var(--ast-global-color-5)","background-image":"","background-repeat":"repeat","background-position":"center center","background-size":"auto","background-attachment":"scroll","background-type":"","background-media":"","overlay-type":"","overlay-color":"","overlay-opacity":"","overlay-gradient":""}}},"product_brand":[],"product_cat":[416,150,151],"product_tag":[],"class_list":{"0":"post-13383","1":"product","2":"type-product","3":"status-publish","4":"has-post-thumbnail","6":"product_cat-atlaides","7":"product_cat-svecu-izgatavosana","8":"product_cat-svecu-vaski","9":"desktop-align-left","10":"tablet-align-left","11":"mobile-align-left","12":"ast-product-gallery-layout-horizontal","13":"ast-product-single-variable","14":"ast-product-tabs-layout-horizontal","16":"first","17":"instock","18":"sale","19":"taxable","20":"shipping-taxable","21":"purchasable","22":"product-type-variable"},"_links":{"self":[{"href":"https:\/\/nordicdiy.ee\/lv\/wp-json\/wp\/v2\/product\/13383","targetHints":{"allow":["GET"]}}],"collection":[{"href":"https:\/\/nordicdiy.ee\/lv\/wp-json\/wp\/v2\/product"}],"about":[{"href":"https:\/\/nordicdiy.ee\/lv\/wp-json\/wp\/v2\/types\/product"}],"wp:featuredmedia":[{"embeddable":true,"href":"https:\/\/nordicdiy.ee\/lv\/wp-json\/wp\/v2\/media\/23229"}],"wp:attachment":[{"href":"https:\/\/nordicdiy.ee\/lv\/wp-json\/wp\/v2\/media?parent=13383"}],"wp:term":[{"taxonomy":"product_brand","embeddable":true,"href":"https:\/\/nordicdiy.ee\/lv\/wp-json\/wp\/v2\/product_brand?post=13383"},{"taxonomy":"product_cat","embeddable":true,"href":"https:\/\/nordicdiy.ee\/lv\/wp-json\/wp\/v2\/product_cat?post=13383"},{"taxonomy":"product_tag","embeddable":true,"href":"https:\/\/nordicdiy.ee\/lv\/wp-json\/wp\/v2\/product_tag?post=13383"}],"curies":[{"name":"wp","href":"https:\/\/api.w.org\/{rel}","templated":true}]}}