{"id":13398,"date":"2024-09-13T14:59:29","date_gmt":"2024-09-13T11:59:29","guid":{"rendered":"https:\/\/nordicdiy.ee\/epood\/uncategorized\/ziepju-vasks-kerax-kerasoy-konteiners-4130-svecu-stiklam\/"},"modified":"2026-01-21T10:22:24","modified_gmt":"2026-01-21T07:22:24","slug":"ziepju-vasks-kerax-kerasoy-konteiners-4130-svecu-stiklam","status":"publish","type":"product","link":"https:\/\/nordicdiy.ee\/lv\/epood\/svecu-izgatavosana\/svecu-vaski\/ziepju-vasks-kerax-kerasoy-konteiners-4130-svecu-stiklam\/","title":{"rendered":"Ziepju vasks Kerax Kerasoy konteiners 4130 sve\u010du stiklam"},"content":{"rendered":"<p>Kerasoy Container 4130 Sve\u010du vasks ir dab\u012bgs augu vasks svec\u0113m un smar\u017eu vaskiem. \u0160im sojas vaskam piem\u012bt lieliskas ciet\u0113\u0161anas \u012bpa\u0161\u012bbas. Tas vienm\u0113r\u012bgi izklied\u0113jas stikla trauk\u0101 un ir \u013coti viegli ielejams.  <\/p>\n<p>Kerasoy ziepju vaskam nav nepiecie\u0161ams pievienot citas piedevas, vienk\u0101r\u0161i pievienojiet smar\u017e\u012bgo e\u013c\u013cu vai nagu lakas. Produkts nav test\u0113ts uz dz\u012bvniekiem un nesatur \u0122MO. Sakar\u0101 ar \u0123en\u0113tiski modific\u0113tu sojas kult\u016bru izplat\u012bbu tirg\u016b ra\u017eot\u0101js nevar garant\u0113t, ka produkts nesatur \u0122MO p\u0113das, bet cen\u0161as izmantot tikai t\u0101das izejvielas, kas nav \u0122MO. Ra\u017eots Anglij\u0101. Sojas vaska sveces deg t\u012br\u0101k un ilg\u0101k nek\u0101 tradicion\u0101l\u0101s paraf\u012bna vaska sveces un neizdala kv\u0113pus, kas var kait\u0113t gan vesel\u012bbai, gan videi.    <\/p>\n<p>Kerasoy Container 4130 nav ieteicams p\u0101rkars\u0113t, jo t\u0101d\u0113j\u0101di tiek zaud\u0113tas lab\u0101k\u0101s fizik\u0101l\u0101s un \u0137\u012bmisk\u0101s \u012bpa\u0161\u012bbas (maksim\u0101l\u0101 kars\u0113\u0161anas temperat\u016bra l\u012bdz 85\u00b0C). Sveces kvalit\u0101te un efektivit\u0101te nemain\u012bsies, ta\u010du p\u0101rkars\u0113\u0161ana var ietekm\u0113t sveces est\u0113tisko izskatu un uz sveces virsmas var par\u0101d\u012bties plaisas. Ku\u0161anas temperat\u016bra ir no 45,5 \u00b0C (42 \u00b0C l\u012bdz 48 \u00b0C). Iestat\u012b\u0161anas temperat\u016bra ir no 34 \u00b0C l\u012bdz 42 \u00b0C. M\u0113s iesak\u0101m pievienot pulverkr\u0101svielas 75 \u00b0C temperat\u016br\u0101, bet, izmantojot pulverkr\u0101svielas smar\u017e\u0101s, - 70 \u00b0C temperat\u016br\u0101. Smar\u017eu e\u013c\u013cas var sajaukt 70 \u00b0C temperat\u016br\u0101. Lietojot smar\u017e\u012bgo e\u013c\u013cu, iev\u0113rojiet ra\u017eot\u0101ja ieteikumus par daudzumu. Smar\u017e\u012bgo e\u013c\u013cu var pievienot l\u012bdz 10-12 %. Ielejiet sveces traukos 45-55 \u00b0C temperat\u016br\u0101. Atst\u0101jiet gatav\u0101s sveces piln\u012bb\u0101 saciet\u0113t istabas temperat\u016br\u0101 25\u00b0C. Eksperiment\u0113jiet ar da\u017e\u0101d\u0101m vaska kr\u0101s\u0101m, arom\u0101tiem un dakt\u012bm, lai izveidotu ide\u0101lo sveci.          <\/p>\n","protected":false},"excerpt":{"rendered":"<p>Kerasoy Container 4130 ir dab\u012bgs sojas vasks sve\u010du izgatavo\u0161anai ar lielisk\u0101m ciet\u0113\u0161anas \u012bpa\u0161\u012bb\u0101m un vienm\u0113r\u012bgu sadal\u012bjumu stikla trauk\u0101. Vaska sast\u0101v\u0101 nav nepiecie\u0161amas nek\u0101das piedevas, tikai pievienot smar\u017e\u012bgo e\u013c\u013cu vai kr\u0101svielu. Nav \u0122MO un nav test\u0113ts uz dz\u012bvniekiem. Smar\u017e\u012bgo e\u013c\u013cu var pievienot 10-12 %.   <\/p>\n","protected":false},"featured_media":23219,"template":"","meta":{"site-sidebar-layout":"default","site-content-layout":"","ast-site-content-layout":"default","site-content-style":"default","site-sidebar-style":"default","ast-global-header-display":"","ast-banner-title-visibility":"","ast-main-header-display":"","ast-hfb-above-header-display":"","ast-hfb-below-header-display":"","ast-hfb-mobile-header-display":"","site-post-title":"","ast-breadcrumbs-content":"","ast-featured-img":"","footer-sml-layout":"","ast-disable-related-posts":"","theme-transparent-header-meta":"default","adv-header-id-meta":"","stick-header-meta":"default","header-above-stick-meta":"","header-main-stick-meta":"","header-below-stick-meta":"","astra-migrate-meta-layouts":"default","ast-page-background-enabled":"default","ast-page-background-meta":{"desktop":{"background-color":"","background-image":"","background-repeat":"repeat","background-position":"center center","background-size":"auto","background-attachment":"scroll","background-type":"","background-media":"","overlay-type":"","overlay-color":"","overlay-opacity":"","overlay-gradient":""},"tablet":{"background-color":"","background-image":"","background-repeat":"repeat","background-position":"center center","background-size":"auto","background-attachment":"scroll","background-type":"","background-media":"","overlay-type":"","overlay-color":"","overlay-opacity":"","overlay-gradient":""},"mobile":{"background-color":"","background-image":"","background-repeat":"repeat","background-position":"center center","background-size":"auto","background-attachment":"scroll","background-type":"","background-media":"","overlay-type":"","overlay-color":"","overlay-opacity":"","overlay-gradient":""}},"ast-content-background-meta":{"desktop":{"background-color":"var(--ast-global-color-5)","background-image":"","background-repeat":"repeat","background-position":"center center","background-size":"auto","background-attachment":"scroll","background-type":"","background-media":"","overlay-type":"","overlay-color":"","overlay-opacity":"","overlay-gradient":""},"tablet":{"background-color":"var(--ast-global-color-5)","background-image":"","background-repeat":"repeat","background-position":"center center","background-size":"auto","background-attachment":"scroll","background-type":"","background-media":"","overlay-type":"","overlay-color":"","overlay-opacity":"","overlay-gradient":""},"mobile":{"background-color":"var(--ast-global-color-5)","background-image":"","background-repeat":"repeat","background-position":"center center","background-size":"auto","background-attachment":"scroll","background-type":"","background-media":"","overlay-type":"","overlay-color":"","overlay-opacity":"","overlay-gradient":""}}},"product_brand":[],"product_cat":[150,151],"product_tag":[],"class_list":{"0":"post-13398","1":"product","2":"type-product","3":"status-publish","4":"has-post-thumbnail","6":"product_cat-svecu-izgatavosana","7":"product_cat-svecu-vaski","8":"desktop-align-left","9":"tablet-align-left","10":"mobile-align-left","11":"ast-product-gallery-layout-horizontal","12":"ast-product-single-variable","13":"ast-product-tabs-layout-horizontal","15":"first","16":"instock","17":"taxable","18":"shipping-taxable","19":"purchasable","20":"product-type-variable"},"_links":{"self":[{"href":"https:\/\/nordicdiy.ee\/lv\/wp-json\/wp\/v2\/product\/13398","targetHints":{"allow":["GET"]}}],"collection":[{"href":"https:\/\/nordicdiy.ee\/lv\/wp-json\/wp\/v2\/product"}],"about":[{"href":"https:\/\/nordicdiy.ee\/lv\/wp-json\/wp\/v2\/types\/product"}],"wp:featuredmedia":[{"embeddable":true,"href":"https:\/\/nordicdiy.ee\/lv\/wp-json\/wp\/v2\/media\/23219"}],"wp:attachment":[{"href":"https:\/\/nordicdiy.ee\/lv\/wp-json\/wp\/v2\/media?parent=13398"}],"wp:term":[{"taxonomy":"product_brand","embeddable":true,"href":"https:\/\/nordicdiy.ee\/lv\/wp-json\/wp\/v2\/product_brand?post=13398"},{"taxonomy":"product_cat","embeddable":true,"href":"https:\/\/nordicdiy.ee\/lv\/wp-json\/wp\/v2\/product_cat?post=13398"},{"taxonomy":"product_tag","embeddable":true,"href":"https:\/\/nordicdiy.ee\/lv\/wp-json\/wp\/v2\/product_tag?post=13398"}],"curies":[{"name":"wp","href":"https:\/\/api.w.org\/{rel}","templated":true}]}}