{"id":13530,"date":"2024-09-24T18:36:48","date_gmt":"2024-09-24T15:36:48","guid":{"rendered":"https:\/\/nordicdiy.ee\/epood\/uncategorized\/aroma-lampa\/"},"modified":"2025-12-02T11:33:33","modified_gmt":"2025-12-02T08:33:33","slug":"aroma-lampa","status":"publish","type":"product","link":"https:\/\/nordicdiy.ee\/lv\/epood\/svecu-izgatavosana\/svecturi-un-vaki\/aroma-lampa\/","title":{"rendered":"Aroma lampa"},"content":{"rendered":"<p>Eleganta <strong>keramikas aromlampa<\/strong> pie\u0161\u0137ir jebkurai telpai maigu gaismu un noska\u0146u arom\u0101tu. Komplekt\u0101 ietilpst \u012bpa\u0161s keramikas pamatnis t\u0113jas lampi\u0146ai, kas ir ide\u0101li piem\u0113rots lampas novieto\u0161anai un dro\u0161ai lieto\u0161anai. Ir pieejami tr\u012bs skaisti dizaini ar smalku keramiku, ko rot\u0101 ziedu mot\u012bvi vai zvaigznes. Katrs dizains ir unik\u0101ls, radot j\u016bsu m\u0101j\u0101s nomierino\u0161u un m\u0101j\u012bgu atmosf\u0113ru. \u0160o arom\u0101tisko lampu pieejam\u012bba ir atkar\u012bga no kr\u0101jumu pieejam\u012bbas - izv\u0113le ir atkar\u012bga no pieejamajiem kr\u0101jumiem.    <\/p>\n<p>Turkl\u0101t ir pieejami ar\u012b <strong><a href=\"https:\/\/nordicdiy.ee\/lv\/product-category\/svecu-izgatavosana\/svecu-vaski\/\">vaski<\/a> un <a href=\"https:\/\/nordicdiy.ee\/lv\/product-category\/aromatiskas-ellas\/\">arom\u0101tisk\u0101s e\u013c\u013cas<\/a><\/strong>, ko var izmantot tie\u0161i aromlamp\u0101 vai kombin\u0113t, lai m\u0101j\u0101s izveidotu unik\u0101lus arom\u0101tiskos vaskus. Izbaudiet aromterapijas priekus un piepildiet savu m\u0101jokli ar nomierino\u0161u noska\u0146u un arom\u0101tu p\u0113c savas izv\u0113les! <\/p>\n","protected":false},"excerpt":{"rendered":"<p>Eleganta <strong>keramikas aromlampa<\/strong> pie\u0161\u0137ir jebkurai telpai maigu gaismu un noska\u0146u arom\u0101tu. Komplekt\u0101 ietilpst \u012bpa\u0161s keramikas pamatnis t\u0113jas lampi\u0146ai, kas ir ide\u0101li piem\u0113rots lampas novieto\u0161anai un dro\u0161ai lieto\u0161anai. Ir pieejami tr\u012bs skaisti dizaini ar smalku keramiku, ko rot\u0101 ziedu mot\u012bvi vai zvaigznes. Katrs dizains ir unik\u0101ls, radot j\u016bsu m\u0101j\u0101s nomierino\u0161u un m\u0101j\u012bgu atmosf\u0113ru. \u0160o arom\u0101tisko lampu pieejam\u012bba ir atkar\u012bga no kr\u0101jumu pieejam\u012bbas - izv\u0113le ir atkar\u012bga no pieejamajiem kr\u0101jumiem.    <\/p>\n","protected":false},"featured_media":6857,"template":"","meta":{"site-sidebar-layout":"default","site-content-layout":"","ast-site-content-layout":"default","site-content-style":"default","site-sidebar-style":"default","ast-global-header-display":"","ast-banner-title-visibility":"","ast-main-header-display":"","ast-hfb-above-header-display":"","ast-hfb-below-header-display":"","ast-hfb-mobile-header-display":"","site-post-title":"","ast-breadcrumbs-content":"","ast-featured-img":"","footer-sml-layout":"","ast-disable-related-posts":"","theme-transparent-header-meta":"default","adv-header-id-meta":"","stick-header-meta":"default","header-above-stick-meta":"","header-main-stick-meta":"","header-below-stick-meta":"","astra-migrate-meta-layouts":"default","ast-page-background-enabled":"default","ast-page-background-meta":{"desktop":{"background-color":"","background-image":"","background-repeat":"repeat","background-position":"center center","background-size":"auto","background-attachment":"scroll","background-type":"","background-media":"","overlay-type":"","overlay-color":"","overlay-opacity":"","overlay-gradient":""},"tablet":{"background-color":"","background-image":"","background-repeat":"repeat","background-position":"center center","background-size":"auto","background-attachment":"scroll","background-type":"","background-media":"","overlay-type":"","overlay-color":"","overlay-opacity":"","overlay-gradient":""},"mobile":{"background-color":"","background-image":"","background-repeat":"repeat","background-position":"center center","background-size":"auto","background-attachment":"scroll","background-type":"","background-media":"","overlay-type":"","overlay-color":"","overlay-opacity":"","overlay-gradient":""}},"ast-content-background-meta":{"desktop":{"background-color":"var(--ast-global-color-5)","background-image":"","background-repeat":"repeat","background-position":"center center","background-size":"auto","background-attachment":"scroll","background-type":"","background-media":"","overlay-type":"","overlay-color":"","overlay-opacity":"","overlay-gradient":""},"tablet":{"background-color":"var(--ast-global-color-5)","background-image":"","background-repeat":"repeat","background-position":"center center","background-size":"auto","background-attachment":"scroll","background-type":"","background-media":"","overlay-type":"","overlay-color":"","overlay-opacity":"","overlay-gradient":""},"mobile":{"background-color":"var(--ast-global-color-5)","background-image":"","background-repeat":"repeat","background-position":"center center","background-size":"auto","background-attachment":"scroll","background-type":"","background-media":"","overlay-type":"","overlay-color":"","overlay-opacity":"","overlay-gradient":""}}},"product_brand":[],"product_cat":[161],"product_tag":[],"class_list":{"0":"post-13530","1":"product","2":"type-product","3":"status-publish","4":"has-post-thumbnail","6":"product_cat-svecturi-un-vaki","7":"desktop-align-left","8":"tablet-align-left","9":"mobile-align-left","10":"ast-product-gallery-layout-horizontal","11":"ast-product-tabs-layout-horizontal","13":"first","14":"instock","15":"taxable","16":"shipping-taxable","17":"purchasable","18":"product-type-simple"},"_links":{"self":[{"href":"https:\/\/nordicdiy.ee\/lv\/wp-json\/wp\/v2\/product\/13530","targetHints":{"allow":["GET"]}}],"collection":[{"href":"https:\/\/nordicdiy.ee\/lv\/wp-json\/wp\/v2\/product"}],"about":[{"href":"https:\/\/nordicdiy.ee\/lv\/wp-json\/wp\/v2\/types\/product"}],"wp:featuredmedia":[{"embeddable":true,"href":"https:\/\/nordicdiy.ee\/lv\/wp-json\/wp\/v2\/media\/6857"}],"wp:attachment":[{"href":"https:\/\/nordicdiy.ee\/lv\/wp-json\/wp\/v2\/media?parent=13530"}],"wp:term":[{"taxonomy":"product_brand","embeddable":true,"href":"https:\/\/nordicdiy.ee\/lv\/wp-json\/wp\/v2\/product_brand?post=13530"},{"taxonomy":"product_cat","embeddable":true,"href":"https:\/\/nordicdiy.ee\/lv\/wp-json\/wp\/v2\/product_cat?post=13530"},{"taxonomy":"product_tag","embeddable":true,"href":"https:\/\/nordicdiy.ee\/lv\/wp-json\/wp\/v2\/product_tag?post=13530"}],"curies":[{"name":"wp","href":"https:\/\/api.w.org\/{rel}","templated":true}]}}