{"id":13532,"date":"2024-11-07T08:02:54","date_gmt":"2024-11-07T05:02:54","guid":{"rendered":"https:\/\/nordicdiy.ee\/epood\/uncategorized\/majas-smarzu-razotaja-komplekts\/"},"modified":"2025-10-07T15:56:04","modified_gmt":"2025-10-07T12:56:04","slug":"majas-smarzu-razotaja-komplekts","status":"publish","type":"product","link":"https:\/\/nordicdiy.ee\/lv\/epood\/diy-komplekti\/majas-smarzu-razotaja-komplekts\/","title":{"rendered":"M\u0101jas smar\u017eu ra\u017eot\u0101ja komplekts"},"content":{"rendered":"<p>Izveidojiet br\u012bni\u0161\u0137\u012bgu un unik\u0101lu smar\u017eu kompoz\u012bciju sav\u0101s m\u0101j\u0101s ar \u0161o <strong>m\u0101jas smar\u017eu komplektu<\/strong>! Komplekt\u0101 ir viss nepiecie\u0161amais, lai izveidotu skaistas, augstas kvalit\u0101tes m\u0101jas smar\u017eas, kas piepild\u012bs j\u016bsu telpas ar pat\u012bkamu un nomierino\u0161u arom\u0101tu. T\u0101 ir <strong>lieliska d\u0101vin\u0101juma ideja Valent\u012bna dienai, Sievie\u0161u dienai vai dzim\u0161anas dienai<\/strong> gan rado\u0161iem draugiem, gan tiem, kam pat\u012bk m\u0101j\u0101s gatavotas m\u0101jas smar\u017eas. <\/p>\n<p><strong>Komplekt\u0101 ietilpst:<\/strong><\/p>\n<ul>\n<li><strong>3 x 100 ml rakstainas m\u0101jas smar\u017eu pudel\u012btes ar v\u0101ci\u0146u<\/strong> - elegantas un skaisti kr\u0101sainas pudel\u012btes, kas jebkuram interjeram pie\u0161\u0137irs stil\u012bgu akcentu.<\/li>\n<li><strong>Augeo b\u0101zes \u0161\u0137idrums (300 ml) - augstas kvalit\u0101tes<\/strong>, dro\u0161s b\u0101zes \u0161\u0137idrums, kas pal\u012bdz vienm\u0113r\u012bgi izklied\u0113t smakas vis\u0101 telp\u0101.<\/li>\n<li><strong>\u0160\u0137iedras koci\u0146i (3 komplekti)<\/strong> - da\u017e\u0101du koci\u0146u izv\u0113le, tostarp <strong>melni, balti un bambusa<\/strong> koci\u0146i, lai nodro\u0161in\u0101tu lab\u0101ku smar\u017eas izkliedi un \u013cautu izv\u0113l\u0113ties j\u016bsu m\u0101jas stilam atbilsto\u0161\u0101ko.<\/li>\n<li><strong>3 smar\u017e\u012bg\u0101s e\u013c\u013cas (20 ml):<\/strong>\n<ul>\n<li><strong>Z&#8217;ara Rose<\/strong> - maigs un romantisks ro\u017eu arom\u0101ts, kas telp\u0101 ienes svaigumu un ziedu nianses.<\/li>\n<li><strong>Vanilla Cedar Lavender<\/strong> - silts un m\u0101j\u012bgs vani\u013cas, ciedra un lavandas mais\u012bjums, kas rada nomierino\u0161u atmosf\u0113ru.<\/li>\n<li><strong>Dio J&#8217;adore<\/strong> - grezns un unik\u0101ls arom\u0101ts, kas pie\u0161\u0137ir m\u0101joklim smalku smar\u017eu.<\/li>\n<\/ul>\n<\/li>\n<\/ul>\n<p>\u0160is komplekts ir lieliska izv\u0113le, ja v\u0113laties izveidot savu m\u0101jas arom\u0101tu vai sar\u016bp\u0113t <strong>\u012bpa\u0161u un personisku Ziemassv\u0113tku d\u0101vanu<\/strong>. \u013baujiet savam m\u0101joklim smar\u017eot tie\u0161i t\u0101, k\u0101 vienm\u0113r esat v\u0113l\u0113jies, un d\u0101v\u0101jiet to pa\u0161u pieredzi saviem m\u012b\u013cajiem! <\/p>\n","protected":false},"excerpt":{"rendered":"<p>M\u0101jas smar\u017eu komplekt\u0101 ir viss nepiecie\u0161amais, lai izgatavotu skaistas, augstas kvalit\u0101tes m\u0101jas smar\u017eas, kas piepild\u012bs j\u016bsu telpas ar pat\u012bkamu un nomierino\u0161u arom\u0101tu. T\u0101 ir lieliska <g id=\"gid_0\">d\u0101vin\u0101juma ideja Valent\u012bna dienai, Sievie\u0161u dienai vai dzim\u0161anas dienai gan rado\u0161iem draugiem, gan<\/g> tiem, kam pat\u012bk m\u0101j\u0101s gatavotas m\u0101jas smar\u017eas. Komplekt\u0101 ietilpst: 3 gab. 100 ml kr\u0101sainas difuzora pudel\u012btes, 300 ml b\u0101zes \u0161\u0137idruma, 3 x 20 ml smar\u017e\u012bgo e\u013c\u013cu: \"Z&#8217;ara Rose\" - maiga roze, \"Vanilla Cedar Lavender\" - vani\u013cas un kokaina lavanda un \"Dio J&#8217;adore\" - grezns mandar\u012bnu, ro\u017eu un sandalkoka mais\u012bjums. Tas viss ir iesai\u0146ots dab\u012bg\u0101 kartona kast\u012bt\u0113, ko ir jauki pasniegt k\u0101 d\u0101vanu.   <\/p>\n","protected":false},"featured_media":6842,"template":"","meta":{"site-sidebar-layout":"default","site-content-layout":"","ast-site-content-layout":"default","site-content-style":"default","site-sidebar-style":"default","ast-global-header-display":"","ast-banner-title-visibility":"","ast-main-header-display":"","ast-hfb-above-header-display":"","ast-hfb-below-header-display":"","ast-hfb-mobile-header-display":"","site-post-title":"","ast-breadcrumbs-content":"","ast-featured-img":"","footer-sml-layout":"","ast-disable-related-posts":"","theme-transparent-header-meta":"default","adv-header-id-meta":"","stick-header-meta":"default","header-above-stick-meta":"","header-main-stick-meta":"","header-below-stick-meta":"","astra-migrate-meta-layouts":"default","ast-page-background-enabled":"default","ast-page-background-meta":{"desktop":{"background-color":"","background-image":"","background-repeat":"repeat","background-position":"center center","background-size":"auto","background-attachment":"scroll","background-type":"","background-media":"","overlay-type":"","overlay-color":"","overlay-opacity":"","overlay-gradient":""},"tablet":{"background-color":"","background-image":"","background-repeat":"repeat","background-position":"center center","background-size":"auto","background-attachment":"scroll","background-type":"","background-media":"","overlay-type":"","overlay-color":"","overlay-opacity":"","overlay-gradient":""},"mobile":{"background-color":"","background-image":"","background-repeat":"repeat","background-position":"center center","background-size":"auto","background-attachment":"scroll","background-type":"","background-media":"","overlay-type":"","overlay-color":"","overlay-opacity":"","overlay-gradient":""}},"ast-content-background-meta":{"desktop":{"background-color":"var(--ast-global-color-5)","background-image":"","background-repeat":"repeat","background-position":"center center","background-size":"auto","background-attachment":"scroll","background-type":"","background-media":"","overlay-type":"","overlay-color":"","overlay-opacity":"","overlay-gradient":""},"tablet":{"background-color":"var(--ast-global-color-5)","background-image":"","background-repeat":"repeat","background-position":"center center","background-size":"auto","background-attachment":"scroll","background-type":"","background-media":"","overlay-type":"","overlay-color":"","overlay-opacity":"","overlay-gradient":""},"mobile":{"background-color":"var(--ast-global-color-5)","background-image":"","background-repeat":"repeat","background-position":"center center","background-size":"auto","background-attachment":"scroll","background-type":"","background-media":"","overlay-type":"","overlay-color":"","overlay-opacity":"","overlay-gradient":""}}},"product_brand":[],"product_cat":[226],"product_tag":[],"class_list":{"0":"post-13532","1":"product","2":"type-product","3":"status-publish","4":"has-post-thumbnail","6":"product_cat-diy-komplekti","7":"desktop-align-left","8":"tablet-align-left","9":"mobile-align-left","10":"ast-product-gallery-layout-horizontal","11":"ast-product-tabs-layout-horizontal","13":"first","14":"instock","15":"taxable","16":"shipping-taxable","17":"purchasable","18":"product-type-simple"},"_links":{"self":[{"href":"https:\/\/nordicdiy.ee\/lv\/wp-json\/wp\/v2\/product\/13532","targetHints":{"allow":["GET"]}}],"collection":[{"href":"https:\/\/nordicdiy.ee\/lv\/wp-json\/wp\/v2\/product"}],"about":[{"href":"https:\/\/nordicdiy.ee\/lv\/wp-json\/wp\/v2\/types\/product"}],"wp:featuredmedia":[{"embeddable":true,"href":"https:\/\/nordicdiy.ee\/lv\/wp-json\/wp\/v2\/media\/6842"}],"wp:attachment":[{"href":"https:\/\/nordicdiy.ee\/lv\/wp-json\/wp\/v2\/media?parent=13532"}],"wp:term":[{"taxonomy":"product_brand","embeddable":true,"href":"https:\/\/nordicdiy.ee\/lv\/wp-json\/wp\/v2\/product_brand?post=13532"},{"taxonomy":"product_cat","embeddable":true,"href":"https:\/\/nordicdiy.ee\/lv\/wp-json\/wp\/v2\/product_cat?post=13532"},{"taxonomy":"product_tag","embeddable":true,"href":"https:\/\/nordicdiy.ee\/lv\/wp-json\/wp\/v2\/product_tag?post=13532"}],"curies":[{"name":"wp","href":"https:\/\/api.w.org\/{rel}","templated":true}]}}