{"id":13571,"date":"2024-11-02T07:01:39","date_gmt":"2024-11-02T04:01:39","guid":{"rendered":"https:\/\/nordicdiy.ee\/epood\/uncategorized\/stikls-svecem-ar-vaku-violets-200ml-h124-x-d104-mm\/"},"modified":"2026-01-01T01:01:40","modified_gmt":"2025-12-31T22:01:40","slug":"stikls-svecem-ar-vaku-violets-200ml-h124-x-d104-mm","status":"publish","type":"product","link":"https:\/\/nordicdiy.ee\/lv\/epood\/svecu-izgatavosana\/svecturi-un-vaki\/stikls-svecem-ar-vaku-violets-200ml-h124-x-d104-mm\/","title":{"rendered":"Stikls svec\u0113m ar v\u0101ku violets 200ml, h124 x d104 mm"},"content":{"rendered":"<p>\u0160is <strong>dekorat\u012bvais stikla trauks<\/strong> ir izgatavots no augstas kvalit\u0101tes bieza stikla, kas pie\u0161\u0137irs greznu un stil\u012bgu izskatu jebkurai m\u0101jai. <strong>Trauka violetais sp\u012bdums<\/strong> lieliski izgaismo gaismu, padarot to par uzman\u012bbu piesaisto\u0161u dekorat\u012bvu elementu.<\/p>\n<ul>\n<li><strong>Izm\u0113ri:<\/strong> augstums ar v\u0101ku 124 mm, platums 104 mm<\/li>\n<li><strong>Ietilp\u012bba:<\/strong> 200 ml<\/li>\n<li><strong>Materi\u0101ls:<\/strong> biezs stikls<\/li>\n<\/ul>\n<p>\u0160is stikla trauks ir ide\u0101li piem\u0113rots <strong>sve\u010du stiklam<\/strong>, un tas ir lieliska izv\u0113le m\u0101j\u0101s gatavotu sve\u010du lie\u0161anai. Turkl\u0101t to var izmantot <strong>k\u0101<\/strong> konfek\u0161u burku vai nelielu priek\u0161metu glab\u0101\u0161anai. <\/p>\n<p>\u0160is stikla trauks ar savu daudzpus\u012bbu un smalko apdari ir lieliska izv\u0113le jebkurai m\u0101jai, radot m\u0101j\u012bgu un stil\u012bgu atmosf\u0113ru.<\/p>\n<p>Piem\u0113rots lieto\u0161anai ar da\u017e\u0101diem vaskiem, piem\u0113ram, sojas vasku, paraf\u012bna vasku, rap\u0161u vasku, bi\u0161u vasku un palmu vasku. Sve\u010du stikls ir karstumiztur\u012bgs, iztur\u012bgs un ir lieliska izv\u0113le gan pa\u0161darin\u0101tu sve\u010du ra\u017eot\u0101jiem, gan profesion\u0101liem sve\u010du darin\u0101t\u0101jiem. <\/p>\n<p>\u0160\u012bs sveces vienk\u0101r\u0161ais un elegantais dizains ir lieliski piem\u0113rots m\u0101jas dekor\u0113\u0161anai vai k\u0101 d\u0101vana. Izgatavojiet savu sojas vaska sveci, kas deg t\u012bri un videi draudz\u012bgi, vai lieciet ilgsto\u0161i dego\u0161u paraf\u012bna sveci. Bi\u0161u vaska sveces pie\u0161\u0137ir telpai dabas piesk\u0101rienu, bet rap\u0161u sveces ir biolo\u0123iski no\u0101rd\u0101mas un videi draudz\u012bgas.  <\/p>\n<p>Papildiniet savu sve\u010du kolekciju ar ledus krist\u0101la efekta palmu \u0101das svec\u0113m. 200 ml sve\u010du burk\u0101 ir pietiekami daudz vaska, lai izveidotu ilgi dego\u0161u un vizu\u0101li skaistu sveci. \u0160o stikla burci\u0146u var ar\u012b izmantot, lai pievienotu da\u017e\u0101das arom\u0101tisk\u0101s e\u013c\u013cas un kr\u0101sas, radot perfektu m\u0101jas arom\u0101tu vai stil\u012bgu amatniec\u012bbas sveci.  <\/p>\n","protected":false},"excerpt":{"rendered":"<p>\u0160is <strong>dekorat\u012bvais stikla trauks<\/strong> ir izgatavots no augstas kvalit\u0101tes bieza stikla, kas pie\u0161\u0137irs greznu un stil\u012bgu izskatu jebkurai m\u0101jai. Trauka pl\u016bmju purpursarkanais sp\u012bdums skaisti uztver gaismu, padarot to par pievilc\u012bgu interjera elementu. <\/p>\n","protected":false},"featured_media":6832,"template":"","meta":{"site-sidebar-layout":"default","site-content-layout":"","ast-site-content-layout":"default","site-content-style":"default","site-sidebar-style":"default","ast-global-header-display":"","ast-banner-title-visibility":"","ast-main-header-display":"","ast-hfb-above-header-display":"","ast-hfb-below-header-display":"","ast-hfb-mobile-header-display":"","site-post-title":"","ast-breadcrumbs-content":"","ast-featured-img":"","footer-sml-layout":"","ast-disable-related-posts":"","theme-transparent-header-meta":"default","adv-header-id-meta":"","stick-header-meta":"default","header-above-stick-meta":"","header-main-stick-meta":"","header-below-stick-meta":"","astra-migrate-meta-layouts":"default","ast-page-background-enabled":"default","ast-page-background-meta":{"desktop":{"background-color":"","background-image":"","background-repeat":"repeat","background-position":"center center","background-size":"auto","background-attachment":"scroll","background-type":"","background-media":"","overlay-type":"","overlay-color":"","overlay-opacity":"","overlay-gradient":""},"tablet":{"background-color":"","background-image":"","background-repeat":"repeat","background-position":"center center","background-size":"auto","background-attachment":"scroll","background-type":"","background-media":"","overlay-type":"","overlay-color":"","overlay-opacity":"","overlay-gradient":""},"mobile":{"background-color":"","background-image":"","background-repeat":"repeat","background-position":"center center","background-size":"auto","background-attachment":"scroll","background-type":"","background-media":"","overlay-type":"","overlay-color":"","overlay-opacity":"","overlay-gradient":""}},"ast-content-background-meta":{"desktop":{"background-color":"var(--ast-global-color-5)","background-image":"","background-repeat":"repeat","background-position":"center center","background-size":"auto","background-attachment":"scroll","background-type":"","background-media":"","overlay-type":"","overlay-color":"","overlay-opacity":"","overlay-gradient":""},"tablet":{"background-color":"var(--ast-global-color-5)","background-image":"","background-repeat":"repeat","background-position":"center center","background-size":"auto","background-attachment":"scroll","background-type":"","background-media":"","overlay-type":"","overlay-color":"","overlay-opacity":"","overlay-gradient":""},"mobile":{"background-color":"var(--ast-global-color-5)","background-image":"","background-repeat":"repeat","background-position":"center center","background-size":"auto","background-attachment":"scroll","background-type":"","background-media":"","overlay-type":"","overlay-color":"","overlay-opacity":"","overlay-gradient":""}}},"product_brand":[],"product_cat":[161,150],"product_tag":[],"class_list":{"0":"post-13571","1":"product","2":"type-product","3":"status-publish","4":"has-post-thumbnail","6":"product_cat-svecturi-un-vaki","7":"product_cat-svecu-izgatavosana","8":"desktop-align-left","9":"tablet-align-left","10":"mobile-align-left","11":"ast-product-gallery-layout-horizontal","12":"ast-product-gallery-with-no-image","13":"ast-product-tabs-layout-horizontal","15":"first","16":"instock","17":"taxable","18":"shipping-taxable","19":"purchasable","20":"product-type-simple"},"_links":{"self":[{"href":"https:\/\/nordicdiy.ee\/lv\/wp-json\/wp\/v2\/product\/13571","targetHints":{"allow":["GET"]}}],"collection":[{"href":"https:\/\/nordicdiy.ee\/lv\/wp-json\/wp\/v2\/product"}],"about":[{"href":"https:\/\/nordicdiy.ee\/lv\/wp-json\/wp\/v2\/types\/product"}],"wp:featuredmedia":[{"embeddable":true,"href":"https:\/\/nordicdiy.ee\/lv\/wp-json\/wp\/v2\/media\/6832"}],"wp:attachment":[{"href":"https:\/\/nordicdiy.ee\/lv\/wp-json\/wp\/v2\/media?parent=13571"}],"wp:term":[{"taxonomy":"product_brand","embeddable":true,"href":"https:\/\/nordicdiy.ee\/lv\/wp-json\/wp\/v2\/product_brand?post=13571"},{"taxonomy":"product_cat","embeddable":true,"href":"https:\/\/nordicdiy.ee\/lv\/wp-json\/wp\/v2\/product_cat?post=13571"},{"taxonomy":"product_tag","embeddable":true,"href":"https:\/\/nordicdiy.ee\/lv\/wp-json\/wp\/v2\/product_tag?post=13571"}],"curies":[{"name":"wp","href":"https:\/\/api.w.org\/{rel}","templated":true}]}}