{"id":13623,"date":"2025-01-17T16:20:29","date_gmt":"2025-01-17T13:20:29","guid":{"rendered":"https:\/\/nordicdiy.ee\/epood\/uncategorized\/majas-smarzu-bazes-skidrums-bezalkoholisks-nr-3\/"},"modified":"2025-08-14T15:03:58","modified_gmt":"2025-08-14T12:03:58","slug":"majas-smarzu-bazes-skidrums-bezalkoholisks-nr-3","status":"publish","type":"product","link":"https:\/\/nordicdiy.ee\/lv\/epood\/telpu-atsvaidzinataja-sagatavosana\/telpu-atsvaidzinataja-baze-un-nujinas\/majas-smarzu-bazes-skidrums-bezalkoholisks-nr-3\/","title":{"rendered":"M\u0101jas smar\u017eu b\u0101zes \u0161\u0137idrums bezalkoholisks Nr. 3"},"content":{"rendered":"<div class=\"flex max-w-full flex-col flex-grow\">\n<div class=\"min-h-8 text-message flex w-full flex-col items-end gap-2 whitespace-normal break-words text-start [.text-message+&amp;]:mt-5\" dir=\"auto\" data-message-author-role=\"assistant\" data-message-id=\"88b938a0-6a8f-4ea5-82bf-35f22a2ab23e\" data-message-model-slug=\"gpt-4o\">\n<div class=\"flex w-full flex-col gap-1 empty:hidden first:pt-[3px]\">\n<div class=\"markdown prose w-full break-words dark:prose-invert light\">\n<p data-start=\"23\" data-end=\"86\"><span style=\"font-size: 16px;\">Niedru difuzora pamatne Nr. 3 AF74 3710 (Diffusol A) <\/span><\/p>\n<ul data-start=\"60\" data-end=\"541\">\n<li data-start=\"60\" data-end=\"77\">Produkts bez alkohola un smar\u017eviel\u0101m.<\/li>\n<li data-start=\"78\" data-end=\"121\">Augeo saturo\u0161s dabisks produkts.<\/li>\n<li data-start=\"122\" data-end=\"153\">Palielina smar\u017eas intensit\u0101ti.<\/li>\n<li data-start=\"154\" data-end=\"186\">Dro\u0161s un biolo\u0123iski no\u0101rd\u0101ms sast\u0101vs.<\/li>\n<li data-start=\"187\" data-end=\"349\">Piem\u0113rots lieto\u0161anai ar smar\u017eu koci\u0146iem m\u0101jas smar\u017eviel\u0101s, gaisa atsvaidzin\u0101t\u0101jos, aerosolos, aerosolos, m\u0101jas kop\u0161anas l\u012bdzek\u013cos, person\u012bg\u0101s higi\u0113nas l\u012bdzek\u013cos un elektriskajos difuzoros.<\/li>\n<li data-start=\"350\" data-end=\"381\">Iztvaiko\u0161anas laiks 8-10 ned\u0113\u013cas.<\/li>\n<li data-start=\"382\" data-end=\"422\">Nesatur ftal\u0101tus un smagos met\u0101lus, t\u0101p\u0113c to var dro\u0161i lietot jut\u012bg\u0101k\u0101 vid\u0113.<\/li>\n<li data-start=\"423\" data-end=\"465\">Piem\u0113rots sajauk\u0161anai ar \u016bdens b\u0101zes produktiem.<\/li>\n<li>Nav test\u0113ts uz dz\u012bvniekiem.<\/li>\n<li data-start=\"494\" data-end=\"541\">Smar\u017evielas deva b\u0101zes \u0161\u0137\u012bdumam: 15-25%.<\/li>\n<\/ul>\n<p data-start=\"543\" data-end=\"570\"><strong data-start=\"543\" data-end=\"568\">Lieto\u0161ana svec\u0113s:<\/strong><\/p>\n<ul data-start=\"571\" data-end=\"768\" data-is-last-node=\"\">\n<li data-start=\"571\" data-end=\"613\">Uzlabo smar\u017eu un vaska kombin\u0101ciju.<\/li>\n<li data-start=\"614\" data-end=\"676\">Iz\u0161\u0137\u012bdina arom\u0101tu un pa\u0101trina\/pastiprina t\u0101 izplat\u012b\u0161anos.<\/li>\n<li data-start=\"677\" data-end=\"716\">Samazina d\u016bmu veido\u0161anos, dedzinot sveces.<\/li>\n<li data-start=\"717\" data-end=\"768\" data-is-last-node=\"\">Tas padara mais\u012bjumu glud\u0101ku un viendab\u012bg\u0101ku.<\/li>\n<\/ul>\n<\/div>\n<\/div>\n<\/div>\n<\/div>\n<p><strong>Smar\u017evielas deva:<\/strong><br \/>\nIeteicamais arom\u0101tisk\u0101s e\u013c\u013cas daudzums ir 15-25% arom\u0101tisk\u0101s e\u013c\u013cas un 75-85% b\u0101zes \u0161\u0137idruma. M\u0101jas smar\u017eu b\u0101zes \u0161\u0137idrums Nr. 3 ir ide\u0101ls risin\u0101jums tiem, kas mekl\u0113 augstas kvalit\u0101tes produktu, lai rad\u012btu pat\u012bkamu atmosf\u0113ru jebkur\u0101 telp\u0101.<\/p>\n<p>PIEZ\u012aME!<br \/>\n<img decoding=\"async\" class=\"\" src=\"https:\/\/nordicdiy.ee\/wp-content\/uploads\/2025\/01\/terviseoht.jpg\" width=\"70\" height=\"70\"><\/p>\n","protected":false},"excerpt":{"rendered":"<p>Bezalkoholisks produkts, kas satur Augean. Piem\u0113rots lieto\u0161anai ar koci\u0146iem m\u0101jas smar\u017e\u0101s, gaisa atsvaidzin\u0101t\u0101jos, aerosolos, aerosolos, m\u0101jsaimniec\u012bbas l\u012bdzek\u013cos, person\u012bg\u0101s higi\u0113nas l\u012bdzek\u013cos un elektriskos difuzoros. M\u0101jas smar\u017eu b\u0101zes \u0161\u0137idrums Nr. 3 ir ide\u0101ls risin\u0101jums tiem, kas mekl\u0113 augstas kvalit\u0101tes, l\u0113ni iztvaikojo\u0161u b\u0101zes \u0161\u0137idrumu. Iztvaiko 8-10 ned\u0113\u013cu laik\u0101. Piem\u0113rots sajauk\u0161anai ar \u016bdens b\u0101zes produktiem.    <\/p>\n","protected":false},"featured_media":28566,"template":"","meta":{"site-sidebar-layout":"default","site-content-layout":"","ast-site-content-layout":"default","site-content-style":"default","site-sidebar-style":"default","ast-global-header-display":"","ast-banner-title-visibility":"","ast-main-header-display":"","ast-hfb-above-header-display":"","ast-hfb-below-header-display":"","ast-hfb-mobile-header-display":"","site-post-title":"","ast-breadcrumbs-content":"","ast-featured-img":"","footer-sml-layout":"","ast-disable-related-posts":"","theme-transparent-header-meta":"default","adv-header-id-meta":"","stick-header-meta":"default","header-above-stick-meta":"","header-main-stick-meta":"","header-below-stick-meta":"","astra-migrate-meta-layouts":"default","ast-page-background-enabled":"default","ast-page-background-meta":{"desktop":{"background-color":"","background-image":"","background-repeat":"repeat","background-position":"center center","background-size":"auto","background-attachment":"scroll","background-type":"","background-media":"","overlay-type":"","overlay-color":"","overlay-opacity":"","overlay-gradient":""},"tablet":{"background-color":"","background-image":"","background-repeat":"repeat","background-position":"center center","background-size":"auto","background-attachment":"scroll","background-type":"","background-media":"","overlay-type":"","overlay-color":"","overlay-opacity":"","overlay-gradient":""},"mobile":{"background-color":"","background-image":"","background-repeat":"repeat","background-position":"center center","background-size":"auto","background-attachment":"scroll","background-type":"","background-media":"","overlay-type":"","overlay-color":"","overlay-opacity":"","overlay-gradient":""}},"ast-content-background-meta":{"desktop":{"background-color":"var(--ast-global-color-5)","background-image":"","background-repeat":"repeat","background-position":"center center","background-size":"auto","background-attachment":"scroll","background-type":"","background-media":"","overlay-type":"","overlay-color":"","overlay-opacity":"","overlay-gradient":""},"tablet":{"background-color":"var(--ast-global-color-5)","background-image":"","background-repeat":"repeat","background-position":"center center","background-size":"auto","background-attachment":"scroll","background-type":"","background-media":"","overlay-type":"","overlay-color":"","overlay-opacity":"","overlay-gradient":""},"mobile":{"background-color":"var(--ast-global-color-5)","background-image":"","background-repeat":"repeat","background-position":"center center","background-size":"auto","background-attachment":"scroll","background-type":"","background-media":"","overlay-type":"","overlay-color":"","overlay-opacity":"","overlay-gradient":""}}},"product_brand":[],"product_cat":[219,205],"product_tag":[],"class_list":{"0":"post-13623","1":"product","2":"type-product","3":"status-publish","4":"has-post-thumbnail","6":"product_cat-telpu-atsvaidzinataja-baze-un-nujinas","7":"product_cat-telpu-atsvaidzinataja-sagatavosana","8":"desktop-align-left","9":"tablet-align-left","10":"mobile-align-left","11":"ast-product-gallery-layout-horizontal","12":"ast-product-gallery-with-no-image","13":"ast-product-single-variable","14":"ast-product-tabs-layout-horizontal","16":"first","17":"instock","18":"taxable","19":"shipping-taxable","20":"purchasable","21":"product-type-variable","22":"has-default-attributes"},"_links":{"self":[{"href":"https:\/\/nordicdiy.ee\/lv\/wp-json\/wp\/v2\/product\/13623","targetHints":{"allow":["GET"]}}],"collection":[{"href":"https:\/\/nordicdiy.ee\/lv\/wp-json\/wp\/v2\/product"}],"about":[{"href":"https:\/\/nordicdiy.ee\/lv\/wp-json\/wp\/v2\/types\/product"}],"wp:featuredmedia":[{"embeddable":true,"href":"https:\/\/nordicdiy.ee\/lv\/wp-json\/wp\/v2\/media\/28566"}],"wp:attachment":[{"href":"https:\/\/nordicdiy.ee\/lv\/wp-json\/wp\/v2\/media?parent=13623"}],"wp:term":[{"taxonomy":"product_brand","embeddable":true,"href":"https:\/\/nordicdiy.ee\/lv\/wp-json\/wp\/v2\/product_brand?post=13623"},{"taxonomy":"product_cat","embeddable":true,"href":"https:\/\/nordicdiy.ee\/lv\/wp-json\/wp\/v2\/product_cat?post=13623"},{"taxonomy":"product_tag","embeddable":true,"href":"https:\/\/nordicdiy.ee\/lv\/wp-json\/wp\/v2\/product_tag?post=13623"}],"curies":[{"name":"wp","href":"https:\/\/api.w.org\/{rel}","templated":true}]}}