{"id":13626,"date":"2024-11-03T16:23:19","date_gmt":"2024-11-03T13:23:19","guid":{"rendered":"https:\/\/nordicdiy.ee\/epood\/uncategorized\/majas-smarzu-pudelite-ar-vacinu-ombre-green-turquoise-100ml\/"},"modified":"2025-06-02T10:41:24","modified_gmt":"2025-06-02T07:41:24","slug":"majas-smarzu-pudelite-ar-vacinu-ombre-green-turquoise-100ml","status":"publish","type":"product","link":"https:\/\/nordicdiy.ee\/lv\/epood\/telpu-atsvaidzinataja-sagatavosana\/telpu-atsvaidzinataju-pudeles\/majas-smarzu-pudelite-ar-vacinu-ombre-green-turquoise-100ml\/","title":{"rendered":"M\u0101jas smar\u017eu pudel\u012bte ar v\u0101ci\u0146u Ombre green-turquoise 100ml"},"content":{"rendered":"<p>Atkl\u0101jiet Nordic DIY elegantu m\u0101jas smar\u017eu pudel\u012bti! \u0160\u012bs pudel\u012btes dizains ir lieliska izv\u0113le, lai pie\u0161\u0137irtu stilu un funkcionalit\u0101ti j\u016bsu istabas arom\u0101tam. Pudelei ir iek\u013cauts tr\u012bs kr\u0101su v\u0101ci\u0146\u0161: zelta, sudraba un roz\u0101 zelta, lai to var\u0113tu pieska\u0146ot jebkuram interjeram.   Izm\u0113ri 6,9&#215;6,9x7cm.<\/p>\n<p><strong>K\u0101 pagatavot m\u0101jas smar\u017eu?  <\/strong><\/p>\n<p>Tas ir vienk\u0101r\u0161s un jautrs process! Izv\u0113lieties 100 ml pudel\u012bti un pievienojiet 20 ml UFI Za\u013c\u0101s arom\u0101tisk\u0101s e\u013c\u013cas, kas paz\u012bstama ar savu augsto kvalit\u0101ti un dro\u0161\u012bbu. Tad pievienojiet 80 ml b\u0101zes \u0161\u0137idruma. Ja v\u0113laties, varat pievienot ar\u012b da\u017eus pilienus \u016bdens b\u0101zes kr\u0101sas, lai pie\u0161\u0137irtu smar\u017eai v\u0113lamo kr\u0101su toni. R\u016bp\u012bgi samaisiet \u0161\u0137idrumus un ielejiet tos pudel\u012bt\u0113.    <\/p>\n<p>Visbeidzot pudel\u012btei pievienojiet 5-8 \u0161\u0137iedras vai bambusa koci\u0146us. \u0160\u012bs n\u016bji\u0146as absorb\u0113s \u0161\u0137idrumu un nodro\u0161in\u0101s vienm\u0113r\u012bgu un ilgsto\u0161u arom\u0101ta izplat\u012b\u0161anos. Izbaudiet savu m\u0101jas smar\u017eu difuzoru, kas telp\u0101 ienes\u012bs smar\u017eu un siltumu.  <\/p>\n","protected":false},"excerpt":{"rendered":"<p>Ombre 100 ml daudzkr\u0101sainais m\u0101jas smar\u017eu flakons ir lieliska izv\u0113le smar\u017eu izsmidzin\u0101\u0161anai. Za\u013ci tirk\u012bza kr\u0101sa un noapa\u013cotais dizains pie\u0161\u0137irs stil\u012bgu izskatu jebkurai telpai. Komplekt\u0101 ietilpst v\u0101ci\u0146\u0161 tr\u012bs da\u017e\u0101d\u0101s kr\u0101s\u0101s: zelta, sudraba vai roz\u0101 zelta.  <\/p>\n","protected":false},"featured_media":6762,"template":"","meta":{"site-sidebar-layout":"default","site-content-layout":"","ast-site-content-layout":"default","site-content-style":"default","site-sidebar-style":"default","ast-global-header-display":"","ast-banner-title-visibility":"","ast-main-header-display":"","ast-hfb-above-header-display":"","ast-hfb-below-header-display":"","ast-hfb-mobile-header-display":"","site-post-title":"","ast-breadcrumbs-content":"","ast-featured-img":"","footer-sml-layout":"","ast-disable-related-posts":"","theme-transparent-header-meta":"default","adv-header-id-meta":"","stick-header-meta":"default","header-above-stick-meta":"","header-main-stick-meta":"","header-below-stick-meta":"","astra-migrate-meta-layouts":"default","ast-page-background-enabled":"default","ast-page-background-meta":{"desktop":{"background-color":"","background-image":"","background-repeat":"repeat","background-position":"center center","background-size":"auto","background-attachment":"scroll","background-type":"","background-media":"","overlay-type":"","overlay-color":"","overlay-opacity":"","overlay-gradient":""},"tablet":{"background-color":"","background-image":"","background-repeat":"repeat","background-position":"center center","background-size":"auto","background-attachment":"scroll","background-type":"","background-media":"","overlay-type":"","overlay-color":"","overlay-opacity":"","overlay-gradient":""},"mobile":{"background-color":"","background-image":"","background-repeat":"repeat","background-position":"center center","background-size":"auto","background-attachment":"scroll","background-type":"","background-media":"","overlay-type":"","overlay-color":"","overlay-opacity":"","overlay-gradient":""}},"ast-content-background-meta":{"desktop":{"background-color":"var(--ast-global-color-5)","background-image":"","background-repeat":"repeat","background-position":"center center","background-size":"auto","background-attachment":"scroll","background-type":"","background-media":"","overlay-type":"","overlay-color":"","overlay-opacity":"","overlay-gradient":""},"tablet":{"background-color":"var(--ast-global-color-5)","background-image":"","background-repeat":"repeat","background-position":"center center","background-size":"auto","background-attachment":"scroll","background-type":"","background-media":"","overlay-type":"","overlay-color":"","overlay-opacity":"","overlay-gradient":""},"mobile":{"background-color":"var(--ast-global-color-5)","background-image":"","background-repeat":"repeat","background-position":"center center","background-size":"auto","background-attachment":"scroll","background-type":"","background-media":"","overlay-type":"","overlay-color":"","overlay-opacity":"","overlay-gradient":""}}},"product_brand":[],"product_cat":[205,236],"product_tag":[],"class_list":{"0":"post-13626","1":"product","2":"type-product","3":"status-publish","4":"has-post-thumbnail","6":"product_cat-telpu-atsvaidzinataja-sagatavosana","7":"product_cat-telpu-atsvaidzinataju-pudeles","8":"desktop-align-left","9":"tablet-align-left","10":"mobile-align-left","11":"ast-product-gallery-layout-horizontal","12":"ast-product-gallery-with-no-image","13":"ast-product-single-variable","14":"ast-product-tabs-layout-horizontal","16":"first","17":"instock","18":"taxable","19":"shipping-taxable","20":"purchasable","21":"product-type-variable"},"_links":{"self":[{"href":"https:\/\/nordicdiy.ee\/lv\/wp-json\/wp\/v2\/product\/13626","targetHints":{"allow":["GET"]}}],"collection":[{"href":"https:\/\/nordicdiy.ee\/lv\/wp-json\/wp\/v2\/product"}],"about":[{"href":"https:\/\/nordicdiy.ee\/lv\/wp-json\/wp\/v2\/types\/product"}],"wp:featuredmedia":[{"embeddable":true,"href":"https:\/\/nordicdiy.ee\/lv\/wp-json\/wp\/v2\/media\/6762"}],"wp:attachment":[{"href":"https:\/\/nordicdiy.ee\/lv\/wp-json\/wp\/v2\/media?parent=13626"}],"wp:term":[{"taxonomy":"product_brand","embeddable":true,"href":"https:\/\/nordicdiy.ee\/lv\/wp-json\/wp\/v2\/product_brand?post=13626"},{"taxonomy":"product_cat","embeddable":true,"href":"https:\/\/nordicdiy.ee\/lv\/wp-json\/wp\/v2\/product_cat?post=13626"},{"taxonomy":"product_tag","embeddable":true,"href":"https:\/\/nordicdiy.ee\/lv\/wp-json\/wp\/v2\/product_tag?post=13626"}],"curies":[{"name":"wp","href":"https:\/\/api.w.org\/{rel}","templated":true}]}}