{"id":13694,"date":"2024-11-06T06:01:15","date_gmt":"2024-11-06T03:01:15","guid":{"rendered":"https:\/\/nordicdiy.ee\/epood\/uncategorized\/piparkuku-karamelu-putas-smarziga-ella\/"},"modified":"2026-01-01T01:01:58","modified_gmt":"2025-12-31T22:01:58","slug":"piparkuku-karamelu-putas-smarziga-ella","status":"publish","type":"product","link":"https:\/\/nordicdiy.ee\/lv\/epood\/svecu-izgatavosana\/svecu-smarzas\/piparkuku-karamelu-putas-smarziga-ella\/","title":{"rendered":"Pipark\u016bku karame\u013cu putas smar\u017e\u012bg\u0101 e\u013c\u013ca"},"content":{"rendered":"<p><strong>ASPOL SCENTRA ir<\/strong> re\u0123istr\u0113jusi<strong> UFIREADY dro\u0161\u012bbas<\/strong> datu lapas (SDS), kas ir sagatavotas da\u017e\u0101diem smar\u017e\u012bgo e\u013c\u013cu daudzumiem un ko var izmantot sojas vaska sve\u010du ra\u017eo\u0161an\u0101. \u0160\u012bs dro\u0161\u012bbas kartes un CLP uzl\u012bmes noz\u012bm\u0113 <strong>,<\/strong> ka jums <strong>pa\u0161iem nav j\u0101gener\u0113 UFI kods un j\u0101zi\u0146o par to PCN vai j\u0101re\u0123istr\u0113jas ECHAS, jo r\u016bpn\u012bca jau ir re\u0123istr\u0113jusi produktu j\u016bsu viet\u0101.<\/strong> <\/p>\n<p><strong>Lieto\u0161ana svec\u0113s -<\/strong> sojas vaska sve\u010du un vaska tortes izgatavo\u0161anai ieteicamais arom\u0101tisk\u0101s e\u013c\u013cas daudzums ir 6-12%. Prec\u012bzus daudzumus un SDS kartes skat\u012bt zem\u0101k.   <strong>Nesajauciet da\u017e\u0101das arom\u0101tisk\u0101s e\u013c\u013cas!<\/strong><\/p>\n<p>Lejupiel\u0101d\u0113jot bezmaksas UFIREADY dro\u0161\u012bbas datu lapu (SDS) un CLP uzl\u012bmi sojas vaska svec\u0113m, es apliecinu, ka esmu izgatavojis savu produktu saska\u0146\u0101 ar UFICONTROL pras\u012bb\u0101m un ka esmu ieg\u0101d\u0101jies SDS kart\u0113 nor\u0101d\u012bt\u0101s sast\u0101vda\u013cas no Nordic DIY.<\/p>\n<ul>\n<li><strong>CLP uzl\u012bmi var lejupiel\u0101d\u0113t \u0161eit - <a href=\"https:\/\/aspol.info\/wp-content\/uploads\/etykiety\/ufi-green.html\" target=\"_blank\" rel=\"noopener\">CLP uzl\u012bmes \u0123enerators<\/a><\/strong><\/li>\n<li><strong><a href=\"https:\/\/goldelseou.sharepoint.com\/:f:\/s\/Nordicdiy.ee\/Ek0WGDYTNr5ElXlquQNFxGEBE2tgj3EdvguwxBNXmBxzSA?e=1PIA7u\" target=\"_blank\" rel=\"noopener\">Dro\u0161\u012bbas datu lapas (SDS), IFRA, alerg\u0113nu tabulu un gatavu sve\u010du dro\u0161\u012bbas datu lapas (SDS) var atrast \u0161eit.<\/a><\/strong><\/li>\n<\/ul>\n<p><span dir=\"auto\">Dro\u0161\u012bbas datu lapa (SDS) nemain\u0101s, ja j\u016bs izgatavojat sveces ar ACL <a href=\"https:\/\/nordicdiy.ee\/lv\/product-category\/svecu-izgatavosana\/svecu-krasas\/\" target=\"_blank\" rel=\"noopener\">UFIGREEN \u0161\u0137idraj\u0101m kr\u0101sviel\u0101m.<\/a> ACL nagu kr\u0101sas ir dro\u0161as, t\u0101s nav klasific\u0113tas k\u0101 b\u012bstamas un t\u0101m nav nepiecie\u0161ams PCN sertifik\u0101ts.<\/span><\/p>\n<p>Maksim\u0101los daudzumus, kas at\u013cauti m\u0101jok\u013ca smar\u017evielu, smar\u017e\u012bgo aerosolu, ziepju (cieto un \u0161\u0137idro) un citu produktu ra\u017eo\u0161anai, var lejupiel\u0101d\u0113t no IFRA tabulas.<\/p>\n<p><strong data-start=\"1310\" data-end=\"1326\">Uzglab\u0101\u0161ana:<\/strong> ieteicamais der\u012bguma termi\u0146\u0161 ir <strong data-start=\"1353\" data-end=\"1364\">1 gads,<\/strong> bet, ja produkts tiek pareizi uzglab\u0101ts (prom no saules gaismas, saus\u0101 un v\u0113s\u0101 viet\u0101), tas b\u016bs der\u012bgs vair\u0101kus gadus.<\/p>\n<p>BR\u012aDIN\u0100JUMS!<br \/>\n<img decoding=\"async\" class=\"\" src=\"https:\/\/nordicdiy.ee\/wp-content\/uploads\/2025\/01\/terviseoht.jpg\" width=\"70\" height=\"70\"> <img decoding=\"async\" class=\"\" src=\"https:\/\/nordicdiy.ee\/wp-content\/uploads\/2025\/02\/keskkonnaoht.jpg\" width=\"70\" height=\"70\"><\/p>\n","protected":false},"excerpt":{"rendered":"<p><strong>ASPOL SCENTRA UFIREADY sertific\u0113t\u0101s arom\u0101tisk\u0101s e\u013c\u013cas ir<\/strong> ide\u0101la izv\u0113le arom\u0101tisko sve\u010du, m\u0101jas smar\u017eu, smar\u017e\u012bgo aerosolu, smar\u017e\u012bgo vasku un ziepju izgatavo\u0161anai. T\u0101s ir t\u012bras, augstas kvalit\u0101tes un dro\u0161as arom\u0101tisk\u0101s e\u013c\u013cas. <strong>Pirms<\/strong> lieto\u0161anas p\u0101rbaudiet <strong>dro\u0161as lieto\u0161anas ierobe\u017eojumus<\/strong>.  <\/p>\n<p>Lai atvieglotu ra\u017eo\u0161anu, varat <strong>BEZMAKSAS<\/strong> lejupiel\u0101d\u0113t sojas \u0101das sve\u010du dro\u0161\u012bbas lapas (SDS) un CLP uzl\u012bmes dizainu. Ra\u017eotne jums b\u016bs izveidojusi <strong>UFI kodu un pazi\u0146ojusi PCN, un ECHAS b\u016bs re\u0123istr\u0113jusi <\/strong>j\u016bsu izstr\u0101d\u0101jumu, ja j\u016bs izmantosiet smar\u017e\u012bgo e\u013c\u013cu atbilsto\u0161i r\u016bpn\u012bcas re\u0123istr\u0113tajai likmei.<br \/>\n. Vair\u0101k inform\u0101cijas par smar\u017e\u012bg\u0101s e\u013c\u013cas izmanto\u0161anu atrad\u012bsiet izstr\u0101d\u0101juma aprakst\u0101. <\/p>\n<p><strong>Smar\u017eas notis<\/strong><br \/>\nAug\u0161\u0113j\u0101s notis: kr\u0113mveida karamele<br \/>\nSirds notis: krustnagli\u0146as, pipark\u016bkas, kan\u0113lis<br \/>\nB\u0101zes notis: vani\u013ca, kokosrieksts.<\/p>\n","protected":false},"featured_media":22308,"template":"","meta":{"site-sidebar-layout":"default","site-content-layout":"","ast-site-content-layout":"default","site-content-style":"default","site-sidebar-style":"default","ast-global-header-display":"","ast-banner-title-visibility":"","ast-main-header-display":"","ast-hfb-above-header-display":"","ast-hfb-below-header-display":"","ast-hfb-mobile-header-display":"","site-post-title":"","ast-breadcrumbs-content":"","ast-featured-img":"","footer-sml-layout":"","ast-disable-related-posts":"","theme-transparent-header-meta":"default","adv-header-id-meta":"","stick-header-meta":"default","header-above-stick-meta":"","header-main-stick-meta":"","header-below-stick-meta":"","astra-migrate-meta-layouts":"default","ast-page-background-enabled":"default","ast-page-background-meta":{"desktop":{"background-color":"","background-image":"","background-repeat":"repeat","background-position":"center center","background-size":"auto","background-attachment":"scroll","background-type":"","background-media":"","overlay-type":"","overlay-color":"","overlay-opacity":"","overlay-gradient":""},"tablet":{"background-color":"","background-image":"","background-repeat":"repeat","background-position":"center center","background-size":"auto","background-attachment":"scroll","background-type":"","background-media":"","overlay-type":"","overlay-color":"","overlay-opacity":"","overlay-gradient":""},"mobile":{"background-color":"","background-image":"","background-repeat":"repeat","background-position":"center center","background-size":"auto","background-attachment":"scroll","background-type":"","background-media":"","overlay-type":"","overlay-color":"","overlay-opacity":"","overlay-gradient":""}},"ast-content-background-meta":{"desktop":{"background-color":"var(--ast-global-color-5)","background-image":"","background-repeat":"repeat","background-position":"center center","background-size":"auto","background-attachment":"scroll","background-type":"","background-media":"","overlay-type":"","overlay-color":"","overlay-opacity":"","overlay-gradient":""},"tablet":{"background-color":"var(--ast-global-color-5)","background-image":"","background-repeat":"repeat","background-position":"center center","background-size":"auto","background-attachment":"scroll","background-type":"","background-media":"","overlay-type":"","overlay-color":"","overlay-opacity":"","overlay-gradient":""},"mobile":{"background-color":"var(--ast-global-color-5)","background-image":"","background-repeat":"repeat","background-position":"center center","background-size":"auto","background-attachment":"scroll","background-type":"","background-media":"","overlay-type":"","overlay-color":"","overlay-opacity":"","overlay-gradient":""}}},"product_brand":[],"product_cat":[131,175,195,196],"product_tag":[],"class_list":{"0":"post-13694","1":"product","2":"type-product","3":"status-publish","4":"has-post-thumbnail","6":"product_cat-aromatiskas-ellas","7":"product_cat-svecu-smarzas","8":"product_cat-ufi-ready-lv","9":"product_cat-ziemassvetku-smarzas","10":"desktop-align-left","11":"tablet-align-left","12":"mobile-align-left","13":"ast-product-gallery-layout-horizontal","14":"ast-product-gallery-with-no-image","15":"ast-product-single-variable","16":"ast-product-tabs-layout-horizontal","18":"first","19":"instock","20":"taxable","21":"shipping-taxable","22":"purchasable","23":"product-type-variable"},"_links":{"self":[{"href":"https:\/\/nordicdiy.ee\/lv\/wp-json\/wp\/v2\/product\/13694","targetHints":{"allow":["GET"]}}],"collection":[{"href":"https:\/\/nordicdiy.ee\/lv\/wp-json\/wp\/v2\/product"}],"about":[{"href":"https:\/\/nordicdiy.ee\/lv\/wp-json\/wp\/v2\/types\/product"}],"wp:featuredmedia":[{"embeddable":true,"href":"https:\/\/nordicdiy.ee\/lv\/wp-json\/wp\/v2\/media\/22308"}],"wp:attachment":[{"href":"https:\/\/nordicdiy.ee\/lv\/wp-json\/wp\/v2\/media?parent=13694"}],"wp:term":[{"taxonomy":"product_brand","embeddable":true,"href":"https:\/\/nordicdiy.ee\/lv\/wp-json\/wp\/v2\/product_brand?post=13694"},{"taxonomy":"product_cat","embeddable":true,"href":"https:\/\/nordicdiy.ee\/lv\/wp-json\/wp\/v2\/product_cat?post=13694"},{"taxonomy":"product_tag","embeddable":true,"href":"https:\/\/nordicdiy.ee\/lv\/wp-json\/wp\/v2\/product_tag?post=13694"}],"curies":[{"name":"wp","href":"https:\/\/api.w.org\/{rel}","templated":true}]}}