{"id":13740,"date":"2024-09-24T16:23:50","date_gmt":"2024-09-24T13:23:50","guid":{"rendered":"https:\/\/nordicdiy.ee\/epood\/uncategorized\/ieprieks-sagriezts-dakts-wedo-iv-zn-5-h20cm\/"},"modified":"2026-02-25T19:49:15","modified_gmt":"2026-02-25T16:49:15","slug":"ieprieks-sagriezts-dakts-wedo-iv-zn-5-h20cm","status":"publish","type":"product","link":"https:\/\/nordicdiy.ee\/lv\/epood\/svecu-izgatavosana\/svecu-daktis-un-pamatnes\/ieprieks-sagriezts-dakts-wedo-iv-zn-5-h20cm\/","title":{"rendered":"Iepriek\u0161 sagriezts dakts Wedo IV ZN 5- h20cm"},"content":{"rendered":"<p>Wedo Candle IV ZN5 ar iepriek\u0161\u0113ju p\u0101rkl\u0101jumu ir izgatavota no dab\u012bgiem materi\u0101liem un ir ide\u0101li piem\u0113rota da\u017e\u0101du sve\u010du, \u012bpa\u0161i paraf\u012bna sve\u010du, izgatavo\u0161anai. Wedo daktis nesatur met\u0101lus un deg\u0161anas laik\u0101 neizdala toksiskas vielas, nodro\u0161inot t\u012bru un vienm\u0113r\u012bgu deg\u0161anu. Daktis ir iepriek\u0161 balin\u0101tas, sagrieztas 20 cm garum\u0101 un apr\u012bkotas ar 1,5 cm met\u0101la pamatni. Piem\u0113rots traukiem l\u012bdz 10 cm platum\u0101.   <\/p>\n<p>Ar paraf\u012bnu pild\u012bti stikla un plastmasas trauki: daktis ir labi piem\u0113rotas svec\u0113m, kuras ielej stikla vai plastmasas traukos, kuros paraf\u012bns ir galvenais sve\u010du vasks. Stikla un plastmasas trauki pal\u012bdz svecei degt dro\u0161i un vienm\u0113r\u012bgi, savuk\u0101rt daktis ir piel\u0101gotas, lai nodro\u0161in\u0101tu vienm\u0113r\u012bgu deg\u0161anu. <\/p>\n<p>Paraf\u012bna un tauku mais\u012bjums: pastas ir paredz\u0113tas darbam mais\u012bjumos, kuros izmanto gan paraf\u012bnu, gan augu vai dz\u012bvnieku taukus. \u0160\u0101di mais\u012bjumi ir izplat\u012bti sve\u010du ra\u017eo\u0161an\u0101, jo tie pie\u0161\u0137ir svec\u0113m at\u0161\u0137ir\u012bgu strukt\u016bru un deg\u0161anas \u012bpa\u0161\u012bbas. <\/p>\n<p>Sve\u010du ielikt\u0146i: sve\u010du daktis var izmantot ar\u012b k\u0101 sve\u010du ielikt\u0146us, piem\u0113ram, piepildot sveces vai k\u0101 ielikt\u0146us. Tas noz\u012bm\u0113, ka \u0161os daktis var izmantot svec\u0113m, kuru saturs (vaska mais\u012bjums) ir ievietots citos traukos. <\/p>\n<p>Pirms liela daudzuma ra\u017eo\u0161anas ieteicams sveces p\u0101rbaud\u012bt.<\/p>\n","protected":false},"excerpt":{"rendered":"<p>Iepriek\u0161 glaz\u0113ta Wedo ir izgatavota no dab\u012bgiem materi\u0101liem un ir ide\u0101li piem\u0113rota da\u017e\u0101du sve\u010du, \u012bpa\u0161i paraf\u012bna sve\u010du, izgatavo\u0161anai. Wedo vaski nesatur met\u0101lus un deg\u0161anas laik\u0101 neizdala toksiskas vielas, nodro\u0161inot t\u012bru un vienm\u0113r\u012bgu deg\u0161anu. Vaktas ir iepriek\u0161 balin\u0101tas, sagrieztas 20 cm garum\u0101 un apr\u012bkotas ar 1,5 cm met\u0101la pamatni. Piem\u0113rots traukiem l\u012bdz 10 cm platum\u0101.   <\/p>\n","protected":false},"featured_media":7017,"template":"","meta":{"site-sidebar-layout":"default","site-content-layout":"","ast-site-content-layout":"default","site-content-style":"default","site-sidebar-style":"default","ast-global-header-display":"","ast-banner-title-visibility":"","ast-main-header-display":"","ast-hfb-above-header-display":"","ast-hfb-below-header-display":"","ast-hfb-mobile-header-display":"","site-post-title":"","ast-breadcrumbs-content":"","ast-featured-img":"","footer-sml-layout":"","ast-disable-related-posts":"","theme-transparent-header-meta":"default","adv-header-id-meta":"","stick-header-meta":"default","header-above-stick-meta":"","header-main-stick-meta":"","header-below-stick-meta":"","astra-migrate-meta-layouts":"default","ast-page-background-enabled":"default","ast-page-background-meta":{"desktop":{"background-color":"","background-image":"","background-repeat":"repeat","background-position":"center center","background-size":"auto","background-attachment":"scroll","background-type":"","background-media":"","overlay-type":"","overlay-color":"","overlay-opacity":"","overlay-gradient":""},"tablet":{"background-color":"","background-image":"","background-repeat":"repeat","background-position":"center center","background-size":"auto","background-attachment":"scroll","background-type":"","background-media":"","overlay-type":"","overlay-color":"","overlay-opacity":"","overlay-gradient":""},"mobile":{"background-color":"","background-image":"","background-repeat":"repeat","background-position":"center center","background-size":"auto","background-attachment":"scroll","background-type":"","background-media":"","overlay-type":"","overlay-color":"","overlay-opacity":"","overlay-gradient":""}},"ast-content-background-meta":{"desktop":{"background-color":"var(--ast-global-color-5)","background-image":"","background-repeat":"repeat","background-position":"center center","background-size":"auto","background-attachment":"scroll","background-type":"","background-media":"","overlay-type":"","overlay-color":"","overlay-opacity":"","overlay-gradient":""},"tablet":{"background-color":"var(--ast-global-color-5)","background-image":"","background-repeat":"repeat","background-position":"center center","background-size":"auto","background-attachment":"scroll","background-type":"","background-media":"","overlay-type":"","overlay-color":"","overlay-opacity":"","overlay-gradient":""},"mobile":{"background-color":"var(--ast-global-color-5)","background-image":"","background-repeat":"repeat","background-position":"center center","background-size":"auto","background-attachment":"scroll","background-type":"","background-media":"","overlay-type":"","overlay-color":"","overlay-opacity":"","overlay-gradient":""}}},"product_brand":[],"product_cat":[199,150],"product_tag":[],"class_list":{"0":"post-13740","1":"product","2":"type-product","3":"status-publish","4":"has-post-thumbnail","6":"product_cat-svecu-daktis-un-pamatnes","7":"product_cat-svecu-izgatavosana","8":"desktop-align-left","9":"tablet-align-left","10":"mobile-align-left","11":"ast-product-gallery-layout-horizontal","12":"ast-product-gallery-with-no-image","13":"ast-product-single-variable","14":"ast-product-tabs-layout-horizontal","16":"first","17":"instock","18":"taxable","19":"shipping-taxable","20":"purchasable","21":"product-type-variable"},"_links":{"self":[{"href":"https:\/\/nordicdiy.ee\/lv\/wp-json\/wp\/v2\/product\/13740","targetHints":{"allow":["GET"]}}],"collection":[{"href":"https:\/\/nordicdiy.ee\/lv\/wp-json\/wp\/v2\/product"}],"about":[{"href":"https:\/\/nordicdiy.ee\/lv\/wp-json\/wp\/v2\/types\/product"}],"wp:featuredmedia":[{"embeddable":true,"href":"https:\/\/nordicdiy.ee\/lv\/wp-json\/wp\/v2\/media\/7017"}],"wp:attachment":[{"href":"https:\/\/nordicdiy.ee\/lv\/wp-json\/wp\/v2\/media?parent=13740"}],"wp:term":[{"taxonomy":"product_brand","embeddable":true,"href":"https:\/\/nordicdiy.ee\/lv\/wp-json\/wp\/v2\/product_brand?post=13740"},{"taxonomy":"product_cat","embeddable":true,"href":"https:\/\/nordicdiy.ee\/lv\/wp-json\/wp\/v2\/product_cat?post=13740"},{"taxonomy":"product_tag","embeddable":true,"href":"https:\/\/nordicdiy.ee\/lv\/wp-json\/wp\/v2\/product_tag?post=13740"}],"curies":[{"name":"wp","href":"https:\/\/api.w.org\/{rel}","templated":true}]}}