{"id":13776,"date":"2024-09-24T16:20:30","date_gmt":"2024-09-24T13:20:30","guid":{"rendered":"https:\/\/nordicdiy.ee\/epood\/uncategorized\/ieprieks-sagriezts-dakts-wedo-bio-12-h12cm\/"},"modified":"2026-02-25T19:49:15","modified_gmt":"2026-02-25T16:49:15","slug":"ieprieks-sagriezts-dakts-wedo-bio-12-h12cm","status":"publish","type":"product","link":"https:\/\/nordicdiy.ee\/lv\/epood\/svecu-izgatavosana\/svecu-daktis-un-pamatnes\/ieprieks-sagriezts-dakts-wedo-bio-12-h12cm\/","title":{"rendered":"Iepriek\u0161 sagriezts dakts Wedo BIO 12 h12cm"},"content":{"rendered":"<p>Wedo sve\u010du sve\u010dturis ar iepriek\u0161\u0113ju p\u0101rkl\u0101jumu ir izgatavots no dab\u012bgiem materi\u0101liem un ir lieliski piem\u0113rots da\u017e\u0101du sve\u010du, tostarp no augu vaska, izgatavo\u0161anai. Wedo daktis nesatur met\u0101lus un deg\u0161anas laik\u0101 neizdala toksiskas vielas, nodro\u0161inot t\u012bru un vienm\u0113r\u012bgu deg\u0161anu. Vaktas ir iepriek\u0161 balin\u0101tas, sagrieztas 12 cm garum\u0101 un apr\u012bkotas ar 1,5 cm met\u0101la pamatni.  <\/p>\n<p>Wedo daktis ir izgatavotas no plakan\u0101m kokvilnas \u0161\u0137iedr\u0101m, kas sav\u012btas ar pap\u012bra \u0161\u0137iedr\u0101m, kuru strukt\u016bra ir stingr\u0101ka, lai sveci b\u016btu viegl\u0101k ieliet. \u0160\u012bs daktis ir \u012bpa\u0161i piem\u0113rotas sve\u010du izgatavo\u0161anai no dabisk\u0101 vaska ar arom\u0101tiskaj\u0101m e\u013c\u013c\u0101m, ta\u010du t\u0101s var izmantot ar\u012b paraf\u012bna sve\u010du izgatavo\u0161anai. Wedo vaska daktis iztur karst\u0101ku deg\u0161anu un ir piem\u0113rotas gan stikla, gan cietaj\u0101m svec\u0113m, \u012bpa\u0161i ar augu vaskiem.  <\/p>\n<p>Pirms liela daudzuma ra\u017eo\u0161anas ieteicams sveces p\u0101rbaud\u012bt.<\/p>\n<p>M\u0101la veids atkar\u012bb\u0101 no stikla izm\u0113ra:<\/p>\n<ul>\n<li>BIO 6 atbilst 55mm - 65mm<\/li>\n<li>BIO 8 atbilst 60mm - 70mm<\/li>\n<li>BIO 10 atbilst 65mm - 73mm<\/li>\n<li>BIO 12 atbilst 70 mm - 76 mm<\/li>\n<li>BIO 13 atbilst 75mm - 80mm<\/li>\n<li>BIO 14 atbilst 80mm - 85mm<\/li>\n<\/ul>\n","protected":false},"excerpt":{"rendered":"<p>Wedo sve\u010du sve\u010dturis ar iepriek\u0161\u0113ju p\u0101rkl\u0101jumu ir izgatavots no dab\u012bgiem materi\u0101liem un ir lieliski piem\u0113rots da\u017e\u0101du sve\u010du, tostarp no augu vaska, izgatavo\u0161anai. Wedo daktis nesatur met\u0101lus un deg\u0161anas laik\u0101 neizdala toksiskas vielas, nodro\u0161inot t\u012bru un vienm\u0113r\u012bgu deg\u0161anu. Vaktas ir iepriek\u0161 balin\u0101tas, sagrieztas 12 cm garum\u0101 un apr\u012bkotas ar 1,5 cm met\u0101la pamatni.   \u0160is vasks ir piem\u0113rot\u0101ks svec\u0113m ar liel\u0101ku smar\u017eu un kr\u0101su koncentr\u0101ciju, k\u0101 ar\u012b svec\u0113m, kas izgatavotas no paraf\u012bna vaska un citiem augu vaskiem (iz\u0146emot sojas).<\/p>\n","protected":false},"featured_media":6647,"template":"","meta":{"site-sidebar-layout":"default","site-content-layout":"","ast-site-content-layout":"default","site-content-style":"default","site-sidebar-style":"default","ast-global-header-display":"","ast-banner-title-visibility":"","ast-main-header-display":"","ast-hfb-above-header-display":"","ast-hfb-below-header-display":"","ast-hfb-mobile-header-display":"","site-post-title":"","ast-breadcrumbs-content":"","ast-featured-img":"","footer-sml-layout":"","ast-disable-related-posts":"","theme-transparent-header-meta":"default","adv-header-id-meta":"","stick-header-meta":"default","header-above-stick-meta":"","header-main-stick-meta":"","header-below-stick-meta":"","astra-migrate-meta-layouts":"default","ast-page-background-enabled":"default","ast-page-background-meta":{"desktop":{"background-color":"","background-image":"","background-repeat":"repeat","background-position":"center center","background-size":"auto","background-attachment":"scroll","background-type":"","background-media":"","overlay-type":"","overlay-color":"","overlay-opacity":"","overlay-gradient":""},"tablet":{"background-color":"","background-image":"","background-repeat":"repeat","background-position":"center center","background-size":"auto","background-attachment":"scroll","background-type":"","background-media":"","overlay-type":"","overlay-color":"","overlay-opacity":"","overlay-gradient":""},"mobile":{"background-color":"","background-image":"","background-repeat":"repeat","background-position":"center center","background-size":"auto","background-attachment":"scroll","background-type":"","background-media":"","overlay-type":"","overlay-color":"","overlay-opacity":"","overlay-gradient":""}},"ast-content-background-meta":{"desktop":{"background-color":"var(--ast-global-color-5)","background-image":"","background-repeat":"repeat","background-position":"center center","background-size":"auto","background-attachment":"scroll","background-type":"","background-media":"","overlay-type":"","overlay-color":"","overlay-opacity":"","overlay-gradient":""},"tablet":{"background-color":"var(--ast-global-color-5)","background-image":"","background-repeat":"repeat","background-position":"center center","background-size":"auto","background-attachment":"scroll","background-type":"","background-media":"","overlay-type":"","overlay-color":"","overlay-opacity":"","overlay-gradient":""},"mobile":{"background-color":"var(--ast-global-color-5)","background-image":"","background-repeat":"repeat","background-position":"center center","background-size":"auto","background-attachment":"scroll","background-type":"","background-media":"","overlay-type":"","overlay-color":"","overlay-opacity":"","overlay-gradient":""}}},"product_brand":[],"product_cat":[199,150],"product_tag":[],"class_list":{"0":"post-13776","1":"product","2":"type-product","3":"status-publish","4":"has-post-thumbnail","6":"product_cat-svecu-daktis-un-pamatnes","7":"product_cat-svecu-izgatavosana","8":"desktop-align-left","9":"tablet-align-left","10":"mobile-align-left","11":"ast-product-gallery-layout-horizontal","12":"ast-product-gallery-with-no-image","13":"ast-product-single-variable","14":"ast-product-tabs-layout-horizontal","16":"first","17":"instock","18":"taxable","19":"shipping-taxable","20":"purchasable","21":"product-type-variable"},"_links":{"self":[{"href":"https:\/\/nordicdiy.ee\/lv\/wp-json\/wp\/v2\/product\/13776","targetHints":{"allow":["GET"]}}],"collection":[{"href":"https:\/\/nordicdiy.ee\/lv\/wp-json\/wp\/v2\/product"}],"about":[{"href":"https:\/\/nordicdiy.ee\/lv\/wp-json\/wp\/v2\/types\/product"}],"wp:featuredmedia":[{"embeddable":true,"href":"https:\/\/nordicdiy.ee\/lv\/wp-json\/wp\/v2\/media\/6647"}],"wp:attachment":[{"href":"https:\/\/nordicdiy.ee\/lv\/wp-json\/wp\/v2\/media?parent=13776"}],"wp:term":[{"taxonomy":"product_brand","embeddable":true,"href":"https:\/\/nordicdiy.ee\/lv\/wp-json\/wp\/v2\/product_brand?post=13776"},{"taxonomy":"product_cat","embeddable":true,"href":"https:\/\/nordicdiy.ee\/lv\/wp-json\/wp\/v2\/product_cat?post=13776"},{"taxonomy":"product_tag","embeddable":true,"href":"https:\/\/nordicdiy.ee\/lv\/wp-json\/wp\/v2\/product_tag?post=13776"}],"curies":[{"name":"wp","href":"https:\/\/api.w.org\/{rel}","templated":true}]}}