{"id":14018,"date":"2025-01-18T16:02:29","date_gmt":"2025-01-18T13:02:29","guid":{"rendered":"https:\/\/nordicdiy.ee\/epood\/uncategorized\/majas-smarzu-bazes-skidrums-nr-2\/"},"modified":"2026-03-11T01:40:09","modified_gmt":"2026-03-10T22:40:09","slug":"majas-smarzu-bazes-skidrums-nr-2","status":"publish","type":"product","link":"https:\/\/nordicdiy.ee\/lv\/epood\/telpu-atsvaidzinataja-sagatavosana\/telpu-atsvaidzinataja-baze-un-nujinas\/majas-smarzu-bazes-skidrums-nr-2\/","title":{"rendered":"M\u0101jas smar\u017eu b\u0101zes \u0161\u0137idrums Nr. 2"},"content":{"rendered":"<div class=\"flex max-w-full flex-col flex-grow\">\n<div class=\"min-h-8 text-message flex w-full flex-col items-end gap-2 whitespace-normal break-words text-start [.text-message+&amp;]:mt-5\" dir=\"auto\" data-message-author-role=\"assistant\" data-message-id=\"88b938a0-6a8f-4ea5-82bf-35f22a2ab23e\" data-message-model-slug=\"gpt-4o\">\n<div class=\"flex w-full flex-col gap-1 empty:hidden first:pt-[3px]\">\n<div class=\"markdown prose w-full break-words dark:prose-invert light\">\n<p data-start=\"23\" data-end=\"86\">Niedru difuzora b\u0101ze Nr. 2 AF74 1456 (spirta saturs maz\u0101k nek\u0101 2 %): <\/p>\n<ul data-start=\"87\" data-end=\"571\" data-is-last-node=\"\">\n<li data-start=\"87\" data-end=\"159\">Satur visaugst\u0101k\u0101s kosm\u0113tikas t\u012br\u012bbas spirtu (maz\u0101k nek\u0101 2%).<\/li>\n<li data-start=\"160\" data-end=\"253\">Satur ekolo\u0123isku sast\u0101vda\u013cu, kas ide\u0101li piem\u0113rota smar\u017e\u0101m un arom\u0101tiem.<\/li>\n<li data-start=\"254\" data-end=\"284\">Nedaudz e\u013c\u013caina konsistence.<\/li>\n<li data-start=\"285\" data-end=\"364\">Piem\u0113rots lieto\u0161anai ar koci\u0146iem m\u0101jas smar\u017eviel\u0101s, gaisa atsvaidzin\u0101t\u0101jos un telpu aerosolos.<\/li>\n<li data-start=\"365\" data-end=\"422\">Satur sast\u0101vda\u013cas, kas uzlabo smar\u017eas kvalit\u0101ti.<\/li>\n<li data-start=\"423\" data-end=\"454\">Iztvaiko\u0161anas laiks 6-10 ned\u0113\u013cas.<\/li>\n<li data-start=\"455\" data-end=\"495\">Nesatur ftal\u0101tus un smagos met\u0101lus, t\u0101p\u0113c to var dro\u0161i lietot jut\u012bg\u0101k\u0101 vid\u0113.<\/li>\n<li>Nav test\u0113ts uz dz\u012bvniekiem.<\/li>\n<li data-start=\"524\" data-end=\"571\" data-is-last-node=\"\">Smar\u017evielas deva b\u0101zes \u0161\u0137\u012bdumam: 15-25%.<\/li>\n<\/ul>\n<\/div>\n<\/div>\n<\/div>\n<\/div>\n<p><strong>Smar\u017evielas deva:<\/strong><br \/>\nIeteicamais arom\u0101tisk\u0101s e\u013c\u013cas daudzums ir 15-25% arom\u0101tisk\u0101s e\u013c\u013cas un 75-85% b\u0101zes \u0161\u0137idruma. M\u0101jas smar\u017eu b\u0101zes \u0161\u0137idrums Nr. 2 ir ide\u0101ls risin\u0101jums tiem, kas mekl\u0113 augstas kvalit\u0101tes produktu, lai rad\u012btu pat\u012bkamu atmosf\u0113ru jebkur\u0101 telp\u0101.<\/p>\n<p>BR\u012aDIN\u0100JUMS!<\/p>\n<p><img decoding=\"async\" class=\"\" src=\"https:\/\/nordicdiy.ee\/wp-content\/uploads\/2025\/02\/eriti-tuleohtlik.jpg\" width=\"70\" height=\"70\"> <img decoding=\"async\" class=\"\" src=\"https:\/\/nordicdiy.ee\/wp-content\/uploads\/2025\/01\/terviseoht.jpg\" width=\"71\" height=\"71\"> <img decoding=\"async\" class=\"\" src=\"https:\/\/nordicdiy.ee\/wp-content\/uploads\/2025\/02\/keskkonnaoht.jpg\" width=\"70\" height=\"70\"><\/p>\n","protected":false},"excerpt":{"rendered":"<p>Lab\u0101k\u0101 izv\u0113le m\u0101jas smar\u017eai vai istabas arom\u0101tam ar koci\u0146iem! M\u0101jas smar\u017eu b\u0101zes \u0161\u0137idrums Nr. 2 ir ide\u0101ls risin\u0101jums tiem, kas mekl\u0113 augstas kvalit\u0101tes b\u0101zes \u0161\u0137idrumu ar optim\u0101lu iztvaiko\u0161anu. Iztvaiko 6-10 ned\u0113\u013cu laik\u0101. Gandr\u012bz bez spirta, spirta saturs ir maz\u0101ks par 2 %. Nedaudz e\u013c\u013caina konsistence.    <\/p>\n","protected":false},"featured_media":28562,"template":"","meta":{"site-sidebar-layout":"default","site-content-layout":"","ast-site-content-layout":"default","site-content-style":"default","site-sidebar-style":"default","ast-global-header-display":"","ast-banner-title-visibility":"","ast-main-header-display":"","ast-hfb-above-header-display":"","ast-hfb-below-header-display":"","ast-hfb-mobile-header-display":"","site-post-title":"","ast-breadcrumbs-content":"","ast-featured-img":"","footer-sml-layout":"","ast-disable-related-posts":"","theme-transparent-header-meta":"default","adv-header-id-meta":"","stick-header-meta":"default","header-above-stick-meta":"","header-main-stick-meta":"","header-below-stick-meta":"","astra-migrate-meta-layouts":"default","ast-page-background-enabled":"default","ast-page-background-meta":{"desktop":{"background-color":"","background-image":"","background-repeat":"repeat","background-position":"center center","background-size":"auto","background-attachment":"scroll","background-type":"","background-media":"","overlay-type":"","overlay-color":"","overlay-opacity":"","overlay-gradient":""},"tablet":{"background-color":"","background-image":"","background-repeat":"repeat","background-position":"center center","background-size":"auto","background-attachment":"scroll","background-type":"","background-media":"","overlay-type":"","overlay-color":"","overlay-opacity":"","overlay-gradient":""},"mobile":{"background-color":"","background-image":"","background-repeat":"repeat","background-position":"center center","background-size":"auto","background-attachment":"scroll","background-type":"","background-media":"","overlay-type":"","overlay-color":"","overlay-opacity":"","overlay-gradient":""}},"ast-content-background-meta":{"desktop":{"background-color":"var(--ast-global-color-5)","background-image":"","background-repeat":"repeat","background-position":"center center","background-size":"auto","background-attachment":"scroll","background-type":"","background-media":"","overlay-type":"","overlay-color":"","overlay-opacity":"","overlay-gradient":""},"tablet":{"background-color":"var(--ast-global-color-5)","background-image":"","background-repeat":"repeat","background-position":"center center","background-size":"auto","background-attachment":"scroll","background-type":"","background-media":"","overlay-type":"","overlay-color":"","overlay-opacity":"","overlay-gradient":""},"mobile":{"background-color":"var(--ast-global-color-5)","background-image":"","background-repeat":"repeat","background-position":"center center","background-size":"auto","background-attachment":"scroll","background-type":"","background-media":"","overlay-type":"","overlay-color":"","overlay-opacity":"","overlay-gradient":""}}},"product_brand":[],"product_cat":[219,205],"product_tag":[],"class_list":{"0":"post-14018","1":"product","2":"type-product","3":"status-publish","4":"has-post-thumbnail","6":"product_cat-telpu-atsvaidzinataja-baze-un-nujinas","7":"product_cat-telpu-atsvaidzinataja-sagatavosana","8":"desktop-align-left","9":"tablet-align-left","10":"mobile-align-left","11":"ast-product-gallery-layout-horizontal","12":"ast-product-gallery-with-no-image","13":"ast-product-single-variable","14":"ast-product-tabs-layout-horizontal","16":"first","17":"instock","18":"taxable","19":"shipping-taxable","20":"purchasable","21":"product-type-variable","22":"has-default-attributes"},"_links":{"self":[{"href":"https:\/\/nordicdiy.ee\/lv\/wp-json\/wp\/v2\/product\/14018","targetHints":{"allow":["GET"]}}],"collection":[{"href":"https:\/\/nordicdiy.ee\/lv\/wp-json\/wp\/v2\/product"}],"about":[{"href":"https:\/\/nordicdiy.ee\/lv\/wp-json\/wp\/v2\/types\/product"}],"wp:featuredmedia":[{"embeddable":true,"href":"https:\/\/nordicdiy.ee\/lv\/wp-json\/wp\/v2\/media\/28562"}],"wp:attachment":[{"href":"https:\/\/nordicdiy.ee\/lv\/wp-json\/wp\/v2\/media?parent=14018"}],"wp:term":[{"taxonomy":"product_brand","embeddable":true,"href":"https:\/\/nordicdiy.ee\/lv\/wp-json\/wp\/v2\/product_brand?post=14018"},{"taxonomy":"product_cat","embeddable":true,"href":"https:\/\/nordicdiy.ee\/lv\/wp-json\/wp\/v2\/product_cat?post=14018"},{"taxonomy":"product_tag","embeddable":true,"href":"https:\/\/nordicdiy.ee\/lv\/wp-json\/wp\/v2\/product_tag?post=14018"}],"curies":[{"name":"wp","href":"https:\/\/api.w.org\/{rel}","templated":true}]}}