{"id":14030,"date":"2025-02-13T15:44:10","date_gmt":"2025-02-13T12:44:10","guid":{"rendered":"https:\/\/nordicdiy.ee\/epood\/uncategorized\/majas-smarzu-bazes-skidrums-ar-spirtu-nr-1\/"},"modified":"2025-08-14T15:04:47","modified_gmt":"2025-08-14T12:04:47","slug":"majas-smarzu-bazes-skidrums-ar-spirtu-nr-1","status":"publish","type":"product","link":"https:\/\/nordicdiy.ee\/lv\/epood\/telpu-atsvaidzinataja-sagatavosana\/telpu-atsvaidzinataja-baze-un-nujinas\/majas-smarzu-bazes-skidrums-ar-spirtu-nr-1\/","title":{"rendered":"M\u0101jas smar\u017eu b\u0101zes \u0161\u0137idrums ar spirtu Nr. 1"},"content":{"rendered":"<p data-start=\"21\" data-end=\"85\">Niedru difuzora b\u0101ze Nr. 1 AF74 2958 (maz\u0101k nek\u0101 40 % spirta) <\/p>\n<p data-start=\"21\" data-end=\"85\">M\u0101jas smar\u017eu b\u0101zes \u0161\u0137idrums Nr. 1 ir augstas kvalit\u0101tes un lieliska izv\u0113le, lai pal\u012bdz\u0113tu rad\u012bt pat\u012bkamu un smar\u017e\u012bgu atmosf\u0113ru.<\/p>\n<ul data-start=\"86\" data-end=\"516\" data-is-last-node=\"\">\n<li data-start=\"86\" data-end=\"140\">Satur augst\u0101k\u0101s kosm\u0113tikas t\u012br\u012bbas spirtu.<\/li>\n<li data-start=\"141\" data-end=\"230\">Satur ekolo\u0123isku sast\u0101vda\u013cu, kas piem\u0113rota m\u0101jas un automa\u0161\u012bnas smar\u017eviel\u0101m.<\/li>\n<li data-start=\"231\" data-end=\"310\">Piem\u0113rots lieto\u0161anai ar koci\u0146iem m\u0101jas smar\u017eviel\u0101s, automa\u0161\u012bnu gaisa atsvaidzin\u0101t\u0101jos un telpu aerosolos.<\/li>\n<li data-start=\"311\" data-end=\"368\">Satur sast\u0101vda\u013cas, kas uzlabo smar\u017eas kvalit\u0101ti.<\/li>\n<li data-start=\"369\" data-end=\"399\">Iztvaiko\u0161anas laiks 4-6 ned\u0113\u013cas.<\/li>\n<li data-start=\"400\" data-end=\"440\">Nesatur ftal\u0101tus un smagos met\u0101lus, t\u0101p\u0113c to var dro\u0161i lietot jut\u012bg\u0101k\u0101 vid\u0113.<\/li>\n<li>Nav test\u0113ts uz dz\u012bvniekiem.<\/li>\n<li data-start=\"469\" data-end=\"516\" data-is-last-node=\"\">Smar\u017evielas deva b\u0101zes \u0161\u0137\u012bdumam: 15-25%.<\/li>\n<\/ul>\n<p><strong>Smar\u017evielas deva:<\/strong><br \/>\nIeteicamais arom\u0101tisk\u0101s e\u013c\u013cas daudzums ir 15-25% arom\u0101tisk\u0101s e\u013c\u013cas un 75-85% b\u0101zes \u0161\u0137idruma. M\u0101jas smar\u017eu b\u0101zes \u0161\u0137idrums Nr. 1 ir ide\u0101ls risin\u0101jums tiem, kas mekl\u0113 augstas kvalit\u0101tes produktu, lai rad\u012btu pat\u012bkamu atmosf\u0113ru jebkur\u0101 telp\u0101.<\/p>\n<p>PIEZ\u012aME!<\/p>\n<p><img decoding=\"async\" class=\"\" src=\"https:\/\/nordicdiy.ee\/wp-content\/uploads\/2025\/01\/terviseoht.jpg\" width=\"70\" height=\"70\"><\/p>\n","protected":false},"excerpt":{"rendered":"<p>Lab\u0101k\u0101 izv\u0113le m\u0101jas atsvaidzin\u0101t\u0101jam, automa\u0161\u012bnas gaisa atsvaidzin\u0101t\u0101jam vai telpu atsvaidzin\u0101t\u0101jam ar koci\u0146iem! M\u0101jas atsvaidzin\u0101t\u0101ja b\u0101zes \u0161\u0137idrums Nr. 1 ir ide\u0101ls risin\u0101jums tiem, kas mekl\u0113 augstas kvalit\u0101tes b\u0101zes \u0161\u0137idrumu ar optim\u0101lu iztvaiko\u0161anu. Iztvaiko 4-6 ned\u0113\u013cu laik\u0101. Satur t\u012bru kosm\u0113tisko spirtu, maz\u0101k nek\u0101 40 % spirta.   <\/p>\n","protected":false},"featured_media":28558,"template":"","meta":{"site-sidebar-layout":"default","site-content-layout":"","ast-site-content-layout":"default","site-content-style":"default","site-sidebar-style":"default","ast-global-header-display":"","ast-banner-title-visibility":"","ast-main-header-display":"","ast-hfb-above-header-display":"","ast-hfb-below-header-display":"","ast-hfb-mobile-header-display":"","site-post-title":"","ast-breadcrumbs-content":"","ast-featured-img":"","footer-sml-layout":"","ast-disable-related-posts":"","theme-transparent-header-meta":"default","adv-header-id-meta":"","stick-header-meta":"default","header-above-stick-meta":"","header-main-stick-meta":"","header-below-stick-meta":"","astra-migrate-meta-layouts":"default","ast-page-background-enabled":"default","ast-page-background-meta":{"desktop":{"background-color":"","background-image":"","background-repeat":"repeat","background-position":"center center","background-size":"auto","background-attachment":"scroll","background-type":"","background-media":"","overlay-type":"","overlay-color":"","overlay-opacity":"","overlay-gradient":""},"tablet":{"background-color":"","background-image":"","background-repeat":"repeat","background-position":"center center","background-size":"auto","background-attachment":"scroll","background-type":"","background-media":"","overlay-type":"","overlay-color":"","overlay-opacity":"","overlay-gradient":""},"mobile":{"background-color":"","background-image":"","background-repeat":"repeat","background-position":"center center","background-size":"auto","background-attachment":"scroll","background-type":"","background-media":"","overlay-type":"","overlay-color":"","overlay-opacity":"","overlay-gradient":""}},"ast-content-background-meta":{"desktop":{"background-color":"var(--ast-global-color-5)","background-image":"","background-repeat":"repeat","background-position":"center center","background-size":"auto","background-attachment":"scroll","background-type":"","background-media":"","overlay-type":"","overlay-color":"","overlay-opacity":"","overlay-gradient":""},"tablet":{"background-color":"var(--ast-global-color-5)","background-image":"","background-repeat":"repeat","background-position":"center center","background-size":"auto","background-attachment":"scroll","background-type":"","background-media":"","overlay-type":"","overlay-color":"","overlay-opacity":"","overlay-gradient":""},"mobile":{"background-color":"var(--ast-global-color-5)","background-image":"","background-repeat":"repeat","background-position":"center center","background-size":"auto","background-attachment":"scroll","background-type":"","background-media":"","overlay-type":"","overlay-color":"","overlay-opacity":"","overlay-gradient":""}}},"product_brand":[],"product_cat":[219,205,206],"product_tag":[],"class_list":{"0":"post-14030","1":"product","2":"type-product","3":"status-publish","4":"has-post-thumbnail","6":"product_cat-telpu-atsvaidzinataja-baze-un-nujinas","7":"product_cat-telpu-atsvaidzinataja-sagatavosana","8":"product_cat-telpu-iepakosanas-iekartas","9":"desktop-align-left","10":"tablet-align-left","11":"mobile-align-left","12":"ast-product-gallery-layout-horizontal","13":"ast-product-gallery-with-no-image","14":"ast-product-single-variable","15":"ast-product-tabs-layout-horizontal","17":"first","18":"instock","19":"taxable","20":"shipping-taxable","21":"purchasable","22":"product-type-variable","23":"has-default-attributes"},"_links":{"self":[{"href":"https:\/\/nordicdiy.ee\/lv\/wp-json\/wp\/v2\/product\/14030","targetHints":{"allow":["GET"]}}],"collection":[{"href":"https:\/\/nordicdiy.ee\/lv\/wp-json\/wp\/v2\/product"}],"about":[{"href":"https:\/\/nordicdiy.ee\/lv\/wp-json\/wp\/v2\/types\/product"}],"wp:featuredmedia":[{"embeddable":true,"href":"https:\/\/nordicdiy.ee\/lv\/wp-json\/wp\/v2\/media\/28558"}],"wp:attachment":[{"href":"https:\/\/nordicdiy.ee\/lv\/wp-json\/wp\/v2\/media?parent=14030"}],"wp:term":[{"taxonomy":"product_brand","embeddable":true,"href":"https:\/\/nordicdiy.ee\/lv\/wp-json\/wp\/v2\/product_brand?post=14030"},{"taxonomy":"product_cat","embeddable":true,"href":"https:\/\/nordicdiy.ee\/lv\/wp-json\/wp\/v2\/product_cat?post=14030"},{"taxonomy":"product_tag","embeddable":true,"href":"https:\/\/nordicdiy.ee\/lv\/wp-json\/wp\/v2\/product_tag?post=14030"}],"curies":[{"name":"wp","href":"https:\/\/api.w.org\/{rel}","templated":true}]}}