{"id":14051,"date":"2025-03-12T20:32:44","date_gmt":"2025-03-12T17:32:44","guid":{"rendered":"https:\/\/nordicdiy.ee\/epood\/uncategorized\/majas-smarzu-pudelite-ar-vacinu-200ml-ombre-oranzi-zala-h140xd65mm\/"},"modified":"2026-03-05T01:37:29","modified_gmt":"2026-03-04T22:37:29","slug":"majas-smarzu-pudelite-ar-vacinu-200ml-ombre-oranzi-zala-h140xd65mm","status":"publish","type":"product","link":"https:\/\/nordicdiy.ee\/lv\/epood\/telpu-atsvaidzinataja-sagatavosana\/telpu-atsvaidzinataju-pudeles\/majas-smarzu-pudelite-ar-vacinu-200ml-ombre-oranzi-zala-h140xd65mm\/","title":{"rendered":"M\u0101jas smar\u017eu pudel\u012bte ar v\u0101ci\u0146u, 200ml Ombre oran\u017ei-za\u013ca h140xd65mm"},"content":{"rendered":"<p>Atkl\u0101jiet Nordic DIY elegantu m\u0101jas smar\u017eu pudel\u012bti! \u0160\u012bs pudel\u012btes dizains ir lieliska izv\u0113le, lai pie\u0161\u0137irtu stilu un funkcionalit\u0101ti j\u016bsu istabas arom\u0101tam. Pudel\u012btei ir iek\u013cauts v\u0101ci\u0146\u0161 div\u0101s kr\u0101s\u0101s: zelta vai sudraba, lai to var\u0113tu pieska\u0146ot jebkuram interjeram.  <\/p>\n<p><strong>K\u0101 pagatavot m\u0101jas smar\u017eu?  <\/strong><\/p>\n<p>Tas ir vienk\u0101r\u0161s un jautrs process! Izv\u0113lieties 200 ml pudeli un pievienojiet 15-60 ml <a href=\"https:\/\/nordicdiy.ee\/lv\/product-category\/aromatiskas-ellas\/ufi-green\/\" target=\"_blank\" rel=\"noopener\">UFIGREEN arom\u0101tisk\u0101s e\u013c\u013cas,<\/a> kas paz\u012bstama ar savu augsto kvalit\u0101ti un dro\u0161\u012bbu. Tad pievienojiet 140-185 ml <a href=\"https:\/\/nordicdiy.ee\/lv\/product-category\/telpu-atsvaidzinataja-sagatavosana\/telpu-atsvaidzinataja-baze-un-nujinas\/\" target=\"_blank\" rel=\"noopener\">b\u0101zes \u0161\u0137idruma<\/a>.   Ja v\u0113laties, varat pievienot ar\u012b da\u017eus pilienus <a href=\"https:\/\/nordicdiy.ee\/lv\/product-category\/ziepju-izgatavosana\/\" target=\"_blank\" rel=\"noopener\">kr\u0101sas uz \u016bdens b\u0101zes<\/a>, lai pie\u0161\u0137irtu smar\u017eai v\u0113lamo kr\u0101su. R\u016bp\u012bgi samaisiet \u0161\u0137idrumus un ielejiet tos pudel\u012bt\u0113. <\/p>\n<p>Visbeidzot pudel\u012btei pievienojiet 5-8 <a href=\"https:\/\/nordicdiy.ee\/lv\/product-category\/telpu-atsvaidzinataja-sagatavosana\/telpu-atsvaidzinataja-baze-un-nujinas\/\" target=\"_blank\" rel=\"noopener\">\u0161\u0137iedras vai bambusa koci\u0146us<\/a>. \u0160\u012bs n\u016bji\u0146as absorb\u0113s \u0161\u0137idrumu un nodro\u0161in\u0101s vienm\u0113r\u012bgu un ilgsto\u0161u arom\u0101ta izplat\u012b\u0161anos. Izbaudiet m\u0101j\u0101s gatavotu arom\u0101tu, kas pie\u0161\u0137irs j\u016bsu telpai smar\u017eu un siltumu.  <\/p>\n","protected":false},"excerpt":{"rendered":"<p>Elegant\u0101 200 ml m\u0101jas smar\u017eu pudel\u012bte ir lieliska izv\u0113le smar\u017eu izsmidzin\u0101\u0161anai. Ombre p\u0101reja no maigi oran\u017eas uz tum\u0161i za\u013cu kr\u0101su un pudeles iegarenais dizains pie\u0161\u0137irs stil\u012bgu un greznu izskatu jebkurai telpai. Komplekt\u0101 ietilpst v\u0101ci\u0146\u0161, ko var izv\u0113l\u0113ties no div\u0101m kr\u0101s\u0101m: zelta vai sudraba.  <\/p>\n","protected":false},"featured_media":11707,"template":"","meta":{"site-sidebar-layout":"default","site-content-layout":"","ast-site-content-layout":"default","site-content-style":"default","site-sidebar-style":"default","ast-global-header-display":"","ast-banner-title-visibility":"","ast-main-header-display":"","ast-hfb-above-header-display":"","ast-hfb-below-header-display":"","ast-hfb-mobile-header-display":"","site-post-title":"","ast-breadcrumbs-content":"","ast-featured-img":"","footer-sml-layout":"","ast-disable-related-posts":"","theme-transparent-header-meta":"default","adv-header-id-meta":"","stick-header-meta":"default","header-above-stick-meta":"","header-main-stick-meta":"","header-below-stick-meta":"","astra-migrate-meta-layouts":"default","ast-page-background-enabled":"default","ast-page-background-meta":{"desktop":{"background-color":"","background-image":"","background-repeat":"repeat","background-position":"center center","background-size":"auto","background-attachment":"scroll","background-type":"","background-media":"","overlay-type":"","overlay-color":"","overlay-opacity":"","overlay-gradient":""},"tablet":{"background-color":"","background-image":"","background-repeat":"repeat","background-position":"center center","background-size":"auto","background-attachment":"scroll","background-type":"","background-media":"","overlay-type":"","overlay-color":"","overlay-opacity":"","overlay-gradient":""},"mobile":{"background-color":"","background-image":"","background-repeat":"repeat","background-position":"center center","background-size":"auto","background-attachment":"scroll","background-type":"","background-media":"","overlay-type":"","overlay-color":"","overlay-opacity":"","overlay-gradient":""}},"ast-content-background-meta":{"desktop":{"background-color":"var(--ast-global-color-5)","background-image":"","background-repeat":"repeat","background-position":"center center","background-size":"auto","background-attachment":"scroll","background-type":"","background-media":"","overlay-type":"","overlay-color":"","overlay-opacity":"","overlay-gradient":""},"tablet":{"background-color":"var(--ast-global-color-5)","background-image":"","background-repeat":"repeat","background-position":"center center","background-size":"auto","background-attachment":"scroll","background-type":"","background-media":"","overlay-type":"","overlay-color":"","overlay-opacity":"","overlay-gradient":""},"mobile":{"background-color":"var(--ast-global-color-5)","background-image":"","background-repeat":"repeat","background-position":"center center","background-size":"auto","background-attachment":"scroll","background-type":"","background-media":"","overlay-type":"","overlay-color":"","overlay-opacity":"","overlay-gradient":""}}},"product_brand":[],"product_cat":[205,236],"product_tag":[],"class_list":{"0":"post-14051","1":"product","2":"type-product","3":"status-publish","4":"has-post-thumbnail","6":"product_cat-telpu-atsvaidzinataja-sagatavosana","7":"product_cat-telpu-atsvaidzinataju-pudeles","8":"desktop-align-left","9":"tablet-align-left","10":"mobile-align-left","11":"ast-product-gallery-layout-horizontal","12":"ast-product-gallery-with-no-image","13":"ast-product-single-variable","14":"ast-product-tabs-layout-horizontal","16":"first","17":"instock","18":"sale","19":"taxable","20":"shipping-taxable","21":"purchasable","22":"product-type-variable"},"_links":{"self":[{"href":"https:\/\/nordicdiy.ee\/lv\/wp-json\/wp\/v2\/product\/14051","targetHints":{"allow":["GET"]}}],"collection":[{"href":"https:\/\/nordicdiy.ee\/lv\/wp-json\/wp\/v2\/product"}],"about":[{"href":"https:\/\/nordicdiy.ee\/lv\/wp-json\/wp\/v2\/types\/product"}],"wp:featuredmedia":[{"embeddable":true,"href":"https:\/\/nordicdiy.ee\/lv\/wp-json\/wp\/v2\/media\/11707"}],"wp:attachment":[{"href":"https:\/\/nordicdiy.ee\/lv\/wp-json\/wp\/v2\/media?parent=14051"}],"wp:term":[{"taxonomy":"product_brand","embeddable":true,"href":"https:\/\/nordicdiy.ee\/lv\/wp-json\/wp\/v2\/product_brand?post=14051"},{"taxonomy":"product_cat","embeddable":true,"href":"https:\/\/nordicdiy.ee\/lv\/wp-json\/wp\/v2\/product_cat?post=14051"},{"taxonomy":"product_tag","embeddable":true,"href":"https:\/\/nordicdiy.ee\/lv\/wp-json\/wp\/v2\/product_tag?post=14051"}],"curies":[{"name":"wp","href":"https:\/\/api.w.org\/{rel}","templated":true}]}}