{"id":14057,"date":"2025-02-13T09:33:44","date_gmt":"2025-02-13T06:33:44","guid":{"rendered":"https:\/\/nordicdiy.ee\/epood\/uncategorized\/ziepju-vasks-kerax-kerasoy-pillar-4120-lejuma-svecem\/"},"modified":"2026-02-25T19:49:15","modified_gmt":"2026-02-25T16:49:15","slug":"ziepju-vasks-kerax-kerasoy-pillar-4120-lejuma-svecem","status":"publish","type":"product","link":"https:\/\/nordicdiy.ee\/lv\/epood\/svecu-izgatavosana\/svecu-vaski\/ziepju-vasks-kerax-kerasoy-pillar-4120-lejuma-svecem\/","title":{"rendered":"Ziepju vasks Kerax Kerasoy Pillar 4120 l\u0113juma svec\u0113m"},"content":{"rendered":"<p data-start=\"0\" data-end=\"269\">Kerax KeraSoy Pillar 4120 ir 100 % dab\u012bgs sojas vaska mais\u012bjums, kas \u012bpa\u0161i izstr\u0101d\u0101ts stabu sve\u010du, votu sve\u010du, arom\u0101tisko vaska sve\u010du (tartas) un fig\u016bri\u0146u ra\u017eo\u0161anai. \u0160is biolo\u0123iski no\u0101rd\u0101mais un veg\u0101niem draudz\u012bgais vasks nesatur dz\u012bvnieku izcelsmes sast\u0101vda\u013cas un nav test\u0113ts uz dz\u012bvniekiem. <\/p>\n<p data-start=\"271\" data-end=\"293\"><strong data-start=\"271\" data-end=\"293\">Galven\u0101s iez\u012bmes:<\/strong><\/p>\n<ul data-start=\"295\" data-end=\"619\">\n<li data-start=\"295\" data-end=\"402\">\n<p data-start=\"297\" data-end=\"402\"><strong data-start=\"297\" data-end=\"319\">Dab\u012bgs sast\u0101vs<\/strong>: izgatavots no sojas vaska un dab\u012bg\u0101m piedev\u0101m, kas nodro\u0161ina videi draudz\u012bgu lieto\u0161anu.<\/p>\n<\/li>\n<li data-start=\"404\" data-end=\"507\">\n<p data-start=\"406\" data-end=\"507\"><strong data-start=\"406\" data-end=\"423\">Daudzpus\u012bba:<\/strong> piem\u0113rots l\u0113juma svec\u0113m, votu svec\u0113m, arom\u0101tiskajiem vaskiem un dekorat\u012bvaj\u0101m svec\u0113m.<\/p>\n<\/li>\n<li data-start=\"509\" data-end=\"619\">\n<p data-start=\"511\" data-end=\"619\"><strong data-start=\"511\" data-end=\"542\">Viegla iz\u0146em\u0161ana no veidnes<\/strong>: vasks viegli saraujas un atdal\u0101s no veidnes, t\u0101d\u0113j\u0101di vienk\u0101r\u0161ojot sagatavo\u0161anas procesu.<\/p>\n<\/li>\n<\/ul>\n<p data-start=\"621\" data-end=\"643\"><strong data-start=\"621\" data-end=\"643\">Tehniskie dati:<\/strong><\/p>\n<ul data-start=\"645\" data-end=\"922\">\n<li data-start=\"645\" data-end=\"671\">\n<p data-start=\"647\" data-end=\"671\"><strong data-start=\"647\" data-end=\"665\">Pielip\u0161anas temperat\u016bra:<\/strong> +48\u00b0C<\/p>\n<\/li>\n<li data-start=\"673\" data-end=\"698\">\n<p data-start=\"675\" data-end=\"698\"><strong data-start=\"675\" data-end=\"692\">Ku\u0161anas temperat\u016bra:<\/strong> +60\u00b0C<\/p>\n<\/li>\n<li data-start=\"700\" data-end=\"748\">\n<p data-start=\"702\" data-end=\"748\"><strong data-start=\"702\" data-end=\"739\">Maksim\u0101l\u0101 ku\u0161anas temperat\u016bra:<\/strong> +85-90\u00b0C<\/p>\n<\/li>\n<li data-start=\"750\" data-end=\"814\">\n<p data-start=\"752\" data-end=\"814\"><strong data-start=\"752\" data-end=\"797\">Ieteicam\u0101 temperat\u016bra arom\u0101tisk\u0101s e\u013c\u013cas pievieno\u0161anai<\/strong>: ne zem\u0101ka par +70\u00b0C<\/p>\n<\/li>\n<li data-start=\"816\" data-end=\"861\">\n<p data-start=\"818\" data-end=\"861\"><strong data-start=\"818\" data-end=\"852\">Ieteicam\u0101 iepild\u012b\u0161anas temperat\u016bra:<\/strong> +55-65\u00b0C<\/p>\n<\/li>\n<li data-start=\"863\" data-end=\"922\">\n<p data-start=\"865\" data-end=\"922\"><strong data-start=\"865\" data-end=\"898\">Ieteicamais smar\u017e\u012bgo e\u013c\u013cu saturs:<\/strong> 5-8%, ne vair\u0101k k\u0101 10%.<\/p>\n<\/li>\n<\/ul>\n<p data-start=\"924\" data-end=\"1265\">KeraSoy Pillar 4120 nav nepiecie\u0161amas citas piedevas, iz\u0146emot sve\u010du kr\u0101sas un smar\u017e\u012bg\u0101s e\u013c\u013cas, un tas ir labi piem\u0113rots sajauk\u0161anai <a href=\"\/?product_cat=aroomiolid\" target=\"_blank\" rel=\"noopener\">ar<\/a> <a href=\"https:\/\/nordicdiy.ee\/lv\/product-category\/svecu-izgatavosana\/svecu-krasas\/\" target=\"_blank\" rel=\"noopener\">e\u013c\u013c\u0101 \u0161\u0137\u012bsto\u0161\u0101m kr\u0101s\u0101m<\/a> un smar\u017e\u012bgaj\u0101m e\u013c\u013c\u0101m. Vecas vai da\u013c\u0113ji izlietotas sveces var atk\u0101rtoti izkaus\u0113t un vasku izmantot atk\u0101rtoti, ta\u010du vasku ieteicams nekars\u0113t augst\u0101k par 85 \u00b0C vai ilgsto\u0161i. <\/p>\n<p data-start=\"1267\" data-end=\"1536\">Ar \u0161o vasku izgatavot\u0101s sveces deg t\u012bri, izdalot minim\u0101lu kv\u0113pu daudzumu, un sal\u012bdzin\u0101jum\u0101 ar paraf\u012bna svec\u0113m t\u0101s nodro\u0161ina lielisku smar\u017eu izdal\u012b\u0161anos un ilg\u0101ku deg\u0161anas laiku. KeraSoy Pillar 4120 ir ide\u0101la izv\u0113le augstas kvalit\u0101tes, videi draudz\u012bg\u0101m svec\u0113m. <\/p>\n","protected":false},"excerpt":{"rendered":"<p>Kerax KeraSoy Pillar 4120 ir 100 % dab\u012bgs sojas vaska mais\u012bjums, kas \u012bpa\u0161i izstr\u0101d\u0101ts stabu sve\u010du, votu sve\u010du, arom\u0101tisko vaska sve\u010du (tartas) un fig\u016bri\u0146u ra\u017eo\u0161anai. \u0160is biolo\u0123iski no\u0101rd\u0101mais un veg\u0101niem draudz\u012bgais vasks nesatur dz\u012bvnieku izcelsmes sast\u0101vda\u013cas un nav test\u0113ts uz dz\u012bvniekiem. Ar \u0161o vasku izgatavot\u0101s sveces deg t\u012bri, izdalot minim\u0101lu kv\u0113pu daudzumu, un sal\u012bdzin\u0101jum\u0101 ar paraf\u012bna svec\u0113m t\u0101s nodro\u0161ina lielisku arom\u0101ta izdal\u012b\u0161anos un ilg\u0101ku deg\u0161anas laiku. KeraSoy Pillar 4120 ir ide\u0101la izv\u0113le augstas kvalit\u0101tes un videi draudz\u012bg\u0101m svec\u0113m.   <\/p>\n","protected":false},"featured_media":23224,"template":"","meta":{"site-sidebar-layout":"default","site-content-layout":"","ast-site-content-layout":"default","site-content-style":"default","site-sidebar-style":"default","ast-global-header-display":"","ast-banner-title-visibility":"","ast-main-header-display":"","ast-hfb-above-header-display":"","ast-hfb-below-header-display":"","ast-hfb-mobile-header-display":"","site-post-title":"","ast-breadcrumbs-content":"","ast-featured-img":"","footer-sml-layout":"","ast-disable-related-posts":"","theme-transparent-header-meta":"default","adv-header-id-meta":"","stick-header-meta":"default","header-above-stick-meta":"","header-main-stick-meta":"","header-below-stick-meta":"","astra-migrate-meta-layouts":"default","ast-page-background-enabled":"default","ast-page-background-meta":{"desktop":{"background-color":"","background-image":"","background-repeat":"repeat","background-position":"center center","background-size":"auto","background-attachment":"scroll","background-type":"","background-media":"","overlay-type":"","overlay-color":"","overlay-opacity":"","overlay-gradient":""},"tablet":{"background-color":"","background-image":"","background-repeat":"repeat","background-position":"center center","background-size":"auto","background-attachment":"scroll","background-type":"","background-media":"","overlay-type":"","overlay-color":"","overlay-opacity":"","overlay-gradient":""},"mobile":{"background-color":"","background-image":"","background-repeat":"repeat","background-position":"center center","background-size":"auto","background-attachment":"scroll","background-type":"","background-media":"","overlay-type":"","overlay-color":"","overlay-opacity":"","overlay-gradient":""}},"ast-content-background-meta":{"desktop":{"background-color":"var(--ast-global-color-5)","background-image":"","background-repeat":"repeat","background-position":"center center","background-size":"auto","background-attachment":"scroll","background-type":"","background-media":"","overlay-type":"","overlay-color":"","overlay-opacity":"","overlay-gradient":""},"tablet":{"background-color":"var(--ast-global-color-5)","background-image":"","background-repeat":"repeat","background-position":"center center","background-size":"auto","background-attachment":"scroll","background-type":"","background-media":"","overlay-type":"","overlay-color":"","overlay-opacity":"","overlay-gradient":""},"mobile":{"background-color":"var(--ast-global-color-5)","background-image":"","background-repeat":"repeat","background-position":"center center","background-size":"auto","background-attachment":"scroll","background-type":"","background-media":"","overlay-type":"","overlay-color":"","overlay-opacity":"","overlay-gradient":""}}},"product_brand":[],"product_cat":[150,151],"product_tag":[],"class_list":{"0":"post-14057","1":"product","2":"type-product","3":"status-publish","4":"has-post-thumbnail","6":"product_cat-svecu-izgatavosana","7":"product_cat-svecu-vaski","8":"desktop-align-left","9":"tablet-align-left","10":"mobile-align-left","11":"ast-product-gallery-layout-horizontal","12":"ast-product-single-variable","13":"ast-product-tabs-layout-horizontal","15":"first","16":"instock","17":"taxable","18":"shipping-taxable","19":"purchasable","20":"product-type-variable"},"_links":{"self":[{"href":"https:\/\/nordicdiy.ee\/lv\/wp-json\/wp\/v2\/product\/14057","targetHints":{"allow":["GET"]}}],"collection":[{"href":"https:\/\/nordicdiy.ee\/lv\/wp-json\/wp\/v2\/product"}],"about":[{"href":"https:\/\/nordicdiy.ee\/lv\/wp-json\/wp\/v2\/types\/product"}],"wp:featuredmedia":[{"embeddable":true,"href":"https:\/\/nordicdiy.ee\/lv\/wp-json\/wp\/v2\/media\/23224"}],"wp:attachment":[{"href":"https:\/\/nordicdiy.ee\/lv\/wp-json\/wp\/v2\/media?parent=14057"}],"wp:term":[{"taxonomy":"product_brand","embeddable":true,"href":"https:\/\/nordicdiy.ee\/lv\/wp-json\/wp\/v2\/product_brand?post=14057"},{"taxonomy":"product_cat","embeddable":true,"href":"https:\/\/nordicdiy.ee\/lv\/wp-json\/wp\/v2\/product_cat?post=14057"},{"taxonomy":"product_tag","embeddable":true,"href":"https:\/\/nordicdiy.ee\/lv\/wp-json\/wp\/v2\/product_tag?post=14057"}],"curies":[{"name":"wp","href":"https:\/\/api.w.org\/{rel}","templated":true}]}}