{"id":14512,"date":"2025-01-24T17:17:37","date_gmt":"2025-01-24T14:17:37","guid":{"rendered":"https:\/\/nordicdiy.ee\/epood\/uncategorized\/caurspidigs-svecu-stikls-950ml-h126-x-d132-mm\/"},"modified":"2026-01-01T01:01:39","modified_gmt":"2025-12-31T22:01:39","slug":"caurspidigs-svecu-stikls-950ml-h126-x-d132-mm","status":"publish","type":"product","link":"https:\/\/nordicdiy.ee\/lv\/epood\/svecu-izgatavosana\/svecturi-un-vaki\/caurspidigs-svecu-stikls-950ml-h126-x-d132-mm\/","title":{"rendered":"Caursp\u012bd\u012bgs sve\u010du stikls 950ml, h126 x d132 mm"},"content":{"rendered":"<p>950 ml caursp\u012bd\u012bgais sve\u010du gl\u0101ze ir lieliska izv\u0113le gan ies\u0101c\u0113jiem, gan profesion\u0101liem sve\u010du darin\u0101t\u0101jiem. Burka ir piem\u0113rota lieto\u0161anai ar da\u017e\u0101diem sve\u010du vaskiem, tostarp sojas vasku, paraf\u012bna vasku, rap\u0161u vasku, bi\u0161u vasku un palmu vasku. T\u0101s karstumiztur\u012bgais un iztur\u012bgais dizains nodro\u0161ina dro\u0161\u012bbu un ilgsto\u0161u lieto\u0161anu.  <\/p>\n<p>\u0160\u012b caursp\u012bd\u012bg\u0101 sve\u010du stikla minim\u0101listiskais un elegantais dizains papildin\u0101s jebkuru m\u0101jas iek\u0101rtojumu vai ir lieliski piem\u0113rots skaistas amatnieku d\u0101vanas rad\u012b\u0161anai. Izgatavojiet sojas vaska sveci, lai nodro\u0161in\u0101tu t\u012bru un videi draudz\u012bgu deg\u0161anu, vai ielieciet paraf\u012bna sveci, lai t\u0101 lieliski degtu. Izmantojiet <a href=\"https:\/\/nordicdiy.ee\/lv\/product-category\/svecu-izgatavosana\/svecu-daktis-un-pamatnes\/\">koka daktu<\/a>, lai pie\u0161\u0137irtu v\u0113l liel\u0101ku ekskluzivit\u0101ti.  <\/p>\n<p>Izmantojot palmu vasku, varat izveidot unik\u0101las ledus krist\u0101lu efekta sveces, kas ir vizu\u0101li satrieco\u0161as. 950 ml stikla burkas tilpums \u013cauj izgatavot ilgi dego\u0161as sveces, kas ir lieliski piem\u0113rotas smar\u017eu un kr\u0101su pievieno\u0161anai, lai rad\u012btu personaliz\u0113tas arom\u0101tisk\u0101s sveces vai meistardarbus, ar kuriem stil\u012bgi izrot\u0101t savu m\u0101ju. <\/p>\n<p>Izv\u0113lieties \u0161o sve\u010du stiklu, lai izveidotu augstas kvalit\u0101tes un est\u0113tiskas sveces, kas ir gan praktiskas, gan skaistas.<\/p>\n","protected":false},"excerpt":{"rendered":"<p>Greznais 950 ml caursp\u012bd\u012bgais sve\u010dturis ir ide\u0101la izv\u0113le amatniec\u012bbas sve\u010du izgatavo\u0161anai. Piem\u0113rots lieto\u0161anai ar da\u017e\u0101diem vaska veidiem, piem\u0113ram, sojas vasku, paraf\u012bna vasku, rap\u0161u vasku, bi\u0161u vasku un palmu vasku. T\u0101 ir karstumiztur\u012bga, iztur\u012bga un lieliska izv\u0113le gan pa\u0161darin\u0101tu sve\u010du ra\u017eot\u0101jiem, gan profesion\u0101liem sve\u010du darin\u0101t\u0101jiem.  <\/p>\n","protected":false},"featured_media":7247,"template":"","meta":{"site-sidebar-layout":"default","site-content-layout":"","ast-site-content-layout":"default","site-content-style":"default","site-sidebar-style":"default","ast-global-header-display":"","ast-banner-title-visibility":"","ast-main-header-display":"","ast-hfb-above-header-display":"","ast-hfb-below-header-display":"","ast-hfb-mobile-header-display":"","site-post-title":"","ast-breadcrumbs-content":"","ast-featured-img":"","footer-sml-layout":"","ast-disable-related-posts":"","theme-transparent-header-meta":"default","adv-header-id-meta":"","stick-header-meta":"default","header-above-stick-meta":"","header-main-stick-meta":"","header-below-stick-meta":"","astra-migrate-meta-layouts":"default","ast-page-background-enabled":"default","ast-page-background-meta":{"desktop":{"background-color":"","background-image":"","background-repeat":"repeat","background-position":"center center","background-size":"auto","background-attachment":"scroll","background-type":"","background-media":"","overlay-type":"","overlay-color":"","overlay-opacity":"","overlay-gradient":""},"tablet":{"background-color":"","background-image":"","background-repeat":"repeat","background-position":"center center","background-size":"auto","background-attachment":"scroll","background-type":"","background-media":"","overlay-type":"","overlay-color":"","overlay-opacity":"","overlay-gradient":""},"mobile":{"background-color":"","background-image":"","background-repeat":"repeat","background-position":"center center","background-size":"auto","background-attachment":"scroll","background-type":"","background-media":"","overlay-type":"","overlay-color":"","overlay-opacity":"","overlay-gradient":""}},"ast-content-background-meta":{"desktop":{"background-color":"var(--ast-global-color-5)","background-image":"","background-repeat":"repeat","background-position":"center center","background-size":"auto","background-attachment":"scroll","background-type":"","background-media":"","overlay-type":"","overlay-color":"","overlay-opacity":"","overlay-gradient":""},"tablet":{"background-color":"var(--ast-global-color-5)","background-image":"","background-repeat":"repeat","background-position":"center center","background-size":"auto","background-attachment":"scroll","background-type":"","background-media":"","overlay-type":"","overlay-color":"","overlay-opacity":"","overlay-gradient":""},"mobile":{"background-color":"var(--ast-global-color-5)","background-image":"","background-repeat":"repeat","background-position":"center center","background-size":"auto","background-attachment":"scroll","background-type":"","background-media":"","overlay-type":"","overlay-color":"","overlay-opacity":"","overlay-gradient":""}}},"product_brand":[],"product_cat":[161,150],"product_tag":[],"class_list":{"0":"post-14512","1":"product","2":"type-product","3":"status-publish","4":"has-post-thumbnail","6":"product_cat-svecturi-un-vaki","7":"product_cat-svecu-izgatavosana","8":"desktop-align-left","9":"tablet-align-left","10":"mobile-align-left","11":"ast-product-gallery-layout-horizontal","12":"ast-product-gallery-with-no-image","13":"ast-product-tabs-layout-horizontal","15":"first","16":"instock","17":"taxable","18":"shipping-taxable","19":"purchasable","20":"product-type-simple"},"_links":{"self":[{"href":"https:\/\/nordicdiy.ee\/lv\/wp-json\/wp\/v2\/product\/14512","targetHints":{"allow":["GET"]}}],"collection":[{"href":"https:\/\/nordicdiy.ee\/lv\/wp-json\/wp\/v2\/product"}],"about":[{"href":"https:\/\/nordicdiy.ee\/lv\/wp-json\/wp\/v2\/types\/product"}],"wp:featuredmedia":[{"embeddable":true,"href":"https:\/\/nordicdiy.ee\/lv\/wp-json\/wp\/v2\/media\/7247"}],"wp:attachment":[{"href":"https:\/\/nordicdiy.ee\/lv\/wp-json\/wp\/v2\/media?parent=14512"}],"wp:term":[{"taxonomy":"product_brand","embeddable":true,"href":"https:\/\/nordicdiy.ee\/lv\/wp-json\/wp\/v2\/product_brand?post=14512"},{"taxonomy":"product_cat","embeddable":true,"href":"https:\/\/nordicdiy.ee\/lv\/wp-json\/wp\/v2\/product_cat?post=14512"},{"taxonomy":"product_tag","embeddable":true,"href":"https:\/\/nordicdiy.ee\/lv\/wp-json\/wp\/v2\/product_tag?post=14512"}],"curies":[{"name":"wp","href":"https:\/\/api.w.org\/{rel}","templated":true}]}}