{"id":14564,"date":"2025-01-02T15:21:19","date_gmt":"2025-01-02T12:21:19","guid":{"rendered":"https:\/\/nordicdiy.ee\/epood\/uncategorized\/udens-ziepes-ar-greipfrutu-aromatisko-ellu\/"},"modified":"2026-02-26T17:22:03","modified_gmt":"2026-02-26T14:22:03","slug":"udens-ziepes-ar-greipfrutu-aromatisko-ellu","status":"publish","type":"product","link":"https:\/\/nordicdiy.ee\/lv\/epood\/kosmetikas-sagatavosana\/aromatiskas-ellas-kosmetikai-un-ziepem\/udens-ziepes-ar-greipfrutu-aromatisko-ellu\/","title":{"rendered":"Greipfr\u016btu arom\u0101tisk\u0101 e\u013c\u013ca kosm\u0113tikai un ziep\u0113m"},"content":{"rendered":"<p>Svaigs aug\u013cu arom\u0101ts ar pikant\u0101m greipfr\u016bta, rabarbera un sul\u012bgas melones virsnot\u012bm, kas aizved\u012bs j\u016bs uz vasaras aug\u013cu d\u0101rzu. Sird\u012b atkl\u0101jas eleganta ziedu bu\u0137ete no jasm\u012bna un gard\u0113nijas, pie\u0161\u0137irot arom\u0101tam sievi\u0161\u0137\u012bbu un maigumu. Muskusa b\u0101zes notis pie\u0161\u0137ir kompoz\u012bcijai siltumu un juteklisku dzi\u013cumu.  <\/p>\n<p>T\u0101 ir <strong>\u016bdens b\u0101zes smar\u017eviela<\/strong>, kas lieliski piem\u0113rota kosm\u0113tikas, kr\u0113mu, ziepju un \u0161amp\u016bnu, k\u0101 ar\u012b mazg\u0101\u0161anas un t\u012br\u012b\u0161anas l\u012bdzek\u013cu izmanto\u0161anai. Pateicoties t\u0101s sast\u0101vam, t\u0101 labi sajaucas da\u017e\u0101d\u0101s recept\u016br\u0101s un nodro\u0161ina notur\u012bgu un ilgsto\u0161u arom\u0101tu. <\/p>\n<p>Greipfr\u016bts ir da\u013ca no <strong>ASPOL Fragrance AF72 kl\u0101sta, kas ir sertific\u0113ts k\u0101 UFI GREEN ar izmanto\u0161anas l\u012bmeni l\u012bdz 7 %.<\/strong><\/p>\n<p><strong>Atbilst\u012bba IFRA kategorij\u0101m ir oblig\u0101ta ikvienam, kas ra\u017eo smar\u017evielas un kosm\u0113tikas l\u012bdzek\u013cus - t\u0101s nosaka dro\u0161as lieto\u0161anas robe\u017eas!<br \/>\n<\/strong><\/p>\n<p>Kr\u0113miem un du\u0161as \u017eelej\u0101m vid\u0113jais lieto\u0161anas l\u012bmenis ir 0,5-1%. Tom\u0113r m\u0113s vienm\u0113r iesak\u0101m vispirms izm\u0113\u0123in\u0101t maz\u0101ku daudzumu, jo da\u017e\u0101d\u0101m smar\u017e\u012bgaj\u0101m e\u013c\u013c\u0101m ir at\u0161\u0137ir\u012bgs stiprums. Piem\u0113ram, lai pagatavotu 500 ml \u0161\u0137idro ziepju, varat pievienot aptuveni 2,5-5 ml arom\u0101tisk\u0101s e\u013c\u013cas.  <\/p>\n<p>Nelietot l\u016bpu produktu vai mutes dobuma kop\u0161anas l\u012bdzek\u013cu sast\u0101v\u0101.<\/p>\n<p>Nav piem\u0113rots sve\u010du izgatavo\u0161anai, bet ir <strong>piem\u0113rots izmanto\u0161anai smar\u017eu lamp\u0101s, elektrisk\u0101s smar\u017eu lamp\u0101s un smar\u017eu difuzoros<\/strong> (uz \u016bdens b\u0101zes).<\/p>\n<p>Arom\u0101tisk\u0101 e\u013c\u013ca var padar\u012bt du\u0161as \u017eelejas pienainas vai \u0161\u0137idras, lai to atrisin\u0101tu, ieteicams izmantot W405 stabilizatoru. W405 stabilizatoru parasti izmanto, lai palielin\u0101tu \u0161\u0137idro ziepju, \u0161amp\u016bnu, du\u0161as \u017eeleju un citu mazg\u0101\u0161anas l\u012bdzek\u013cu uz virsmakt\u012bvo vielu b\u0101zes viskozit\u0101ti, t. i., lai padar\u012btu produktu biez\u0101ku un stabil\u0101ku. \u0160\u012b sast\u0101vda\u013ca pal\u012bdz pan\u0101kt pat\u012bkamu \u017eelejveida tekst\u016bru, ko pat\u0113r\u0113t\u0101ji sagaida no ziep\u0113m vai \u0161amp\u016bna.  <\/p>\n<p><strong>Lab\u0101kais pirms:<\/strong> Ieteicamais glab\u0101\u0161anas laiks: 1 gads. ASPOL FRANCOLE arom\u0101tisk\u0101s e\u013c\u013cas ieteicams lietot 1 gadu. Pareizi uzglab\u0101jot - \u0101rpus saules gaismas, saus\u0101 un v\u0113s\u0101 viet\u0101 - produkti b\u016bs lietojami vair\u0101kus gadus. <\/p>\n<p>BR\u012aDIN\u0100JUMS!<br \/>\n<img decoding=\"async\" class=\"\" src=\"https:\/\/nordicdiy.ee\/wp-content\/uploads\/2025\/01\/terviseoht.jpg\" width=\"70\" height=\"70\"><\/p>\n","protected":false},"excerpt":{"rendered":"<p data-start=\"159\" data-end=\"343\"><strong data-start=\"159\" data-end=\"177\">Greipfr\u016btu \u016bdens<\/strong> b\u0101zes arom\u0101tisk\u0101 e\u013c\u013ca (AF72 2567) - sul\u012bgs greipfr\u016btu un melo\u0146u arom\u0101ts, ide\u0101li piem\u0113rots ar rok\u0101m gatavot\u0101m ziep\u0113m un kosm\u0113tikai. UFI Green sertific\u0113ta, dro\u0161a un augstas kvalit\u0101tes izv\u0113le profesion\u0101\u013ciem (l\u012bdz 7 % izmanto\u0161anas l\u012bmenis). S\u012bk\u0101ku inform\u0101ciju par lieto\u0161anu un maksim\u0101lo koncentr\u0101ciju skat\u012bt produkta specifik\u0101cijas dokument\u0101cijas sada\u013c\u0101. <strong data-start=\"1163\" data-end=\"1209\">Atbilst\u012bba IFRA kategorij\u0101m ir oblig\u0101ta ikvienam, kas<\/strong> ra\u017eo smar\u017evielas un kosm\u0113tikas produktus - t\u0101s nosaka dro\u0161as lieto\u0161anas robe\u017eas. Der\u012bguma termi\u0146\u0161: 30.06.2026.   <\/p>\n<p data-start=\"159\" data-end=\"343\"><strong>Smar\u017eas notis:<\/strong><br \/>\nGalotnes notis: greipfr\u016bts, rabarberi, melone<br \/>\nSirds notis: gard\u0113nija, jasm\u012bns<br \/>\nPamatnotis: muskuss.<\/p>\n","protected":false},"featured_media":18603,"template":"","meta":{"site-sidebar-layout":"default","site-content-layout":"","ast-site-content-layout":"default","site-content-style":"default","site-sidebar-style":"default","ast-global-header-display":"","ast-banner-title-visibility":"","ast-main-header-display":"","ast-hfb-above-header-display":"","ast-hfb-below-header-display":"","ast-hfb-mobile-header-display":"","site-post-title":"","ast-breadcrumbs-content":"","ast-featured-img":"","footer-sml-layout":"","ast-disable-related-posts":"","theme-transparent-header-meta":"default","adv-header-id-meta":"","stick-header-meta":"default","header-above-stick-meta":"","header-main-stick-meta":"","header-below-stick-meta":"","astra-migrate-meta-layouts":"default","ast-page-background-enabled":"default","ast-page-background-meta":{"desktop":{"background-color":"","background-image":"","background-repeat":"repeat","background-position":"center center","background-size":"auto","background-attachment":"scroll","background-type":"","background-media":"","overlay-type":"","overlay-color":"","overlay-opacity":"","overlay-gradient":""},"tablet":{"background-color":"","background-image":"","background-repeat":"repeat","background-position":"center center","background-size":"auto","background-attachment":"scroll","background-type":"","background-media":"","overlay-type":"","overlay-color":"","overlay-opacity":"","overlay-gradient":""},"mobile":{"background-color":"","background-image":"","background-repeat":"repeat","background-position":"center center","background-size":"auto","background-attachment":"scroll","background-type":"","background-media":"","overlay-type":"","overlay-color":"","overlay-opacity":"","overlay-gradient":""}},"ast-content-background-meta":{"desktop":{"background-color":"var(--ast-global-color-5)","background-image":"","background-repeat":"repeat","background-position":"center center","background-size":"auto","background-attachment":"scroll","background-type":"","background-media":"","overlay-type":"","overlay-color":"","overlay-opacity":"","overlay-gradient":""},"tablet":{"background-color":"var(--ast-global-color-5)","background-image":"","background-repeat":"repeat","background-position":"center center","background-size":"auto","background-attachment":"scroll","background-type":"","background-media":"","overlay-type":"","overlay-color":"","overlay-opacity":"","overlay-gradient":""},"mobile":{"background-color":"var(--ast-global-color-5)","background-image":"","background-repeat":"repeat","background-position":"center center","background-size":"auto","background-attachment":"scroll","background-type":"","background-media":"","overlay-type":"","overlay-color":"","overlay-opacity":"","overlay-gradient":""}}},"product_brand":[],"product_cat":[279,416,278,214],"product_tag":[],"class_list":{"0":"post-14564","1":"product","2":"type-product","3":"status-publish","4":"has-post-thumbnail","6":"product_cat-aromatiskas-ellas-kosmetikai-un-ziepem","7":"product_cat-atlaides","8":"product_cat-kosmetikas-sagatavosana","9":"product_cat-ziepju-izgatavosana","10":"desktop-align-left","11":"tablet-align-left","12":"mobile-align-left","13":"ast-product-gallery-layout-horizontal","14":"ast-product-gallery-with-no-image","15":"ast-product-single-variable","16":"ast-product-tabs-layout-horizontal","18":"first","19":"instock","20":"taxable","21":"shipping-taxable","22":"purchasable","23":"product-type-variable"},"_links":{"self":[{"href":"https:\/\/nordicdiy.ee\/lv\/wp-json\/wp\/v2\/product\/14564","targetHints":{"allow":["GET"]}}],"collection":[{"href":"https:\/\/nordicdiy.ee\/lv\/wp-json\/wp\/v2\/product"}],"about":[{"href":"https:\/\/nordicdiy.ee\/lv\/wp-json\/wp\/v2\/types\/product"}],"wp:featuredmedia":[{"embeddable":true,"href":"https:\/\/nordicdiy.ee\/lv\/wp-json\/wp\/v2\/media\/18603"}],"wp:attachment":[{"href":"https:\/\/nordicdiy.ee\/lv\/wp-json\/wp\/v2\/media?parent=14564"}],"wp:term":[{"taxonomy":"product_brand","embeddable":true,"href":"https:\/\/nordicdiy.ee\/lv\/wp-json\/wp\/v2\/product_brand?post=14564"},{"taxonomy":"product_cat","embeddable":true,"href":"https:\/\/nordicdiy.ee\/lv\/wp-json\/wp\/v2\/product_cat?post=14564"},{"taxonomy":"product_tag","embeddable":true,"href":"https:\/\/nordicdiy.ee\/lv\/wp-json\/wp\/v2\/product_tag?post=14564"}],"curies":[{"name":"wp","href":"https:\/\/api.w.org\/{rel}","templated":true}]}}