{"id":14807,"date":"2025-01-06T17:40:43","date_gmt":"2025-01-06T14:40:43","guid":{"rendered":"https:\/\/nordicdiy.ee\/epood\/uncategorized\/majas-smarzu-bazes-skidrums-ar-spirtu-nr-6\/"},"modified":"2026-03-11T15:13:20","modified_gmt":"2026-03-11T12:13:20","slug":"majas-smarzu-bazes-skidrums-ar-spirtu-nr-6","status":"publish","type":"product","link":"https:\/\/nordicdiy.ee\/lv\/epood\/telpu-atsvaidzinataja-sagatavosana\/telpu-atsvaidzinataja-baze-un-nujinas\/majas-smarzu-bazes-skidrums-ar-spirtu-nr-6\/","title":{"rendered":"M\u0101jas smar\u017eu b\u0101zes \u0161\u0137idrums ar spirtu Nr. 6"},"content":{"rendered":"<p>Niedru difuzora pamatne Nr. 6 AF74 1333 UFI gatavs.<\/p>\n<p>M\u0101jas smar\u017eu b\u0101zes \u0161\u0137idrums Nr. 6 ir augstas kvalit\u0101tes un lieliska izv\u0113le, lai pal\u012bdz\u0113tu rad\u012bt pat\u012bkamu un smar\u017e\u012bgu atmosf\u0113ru.<\/p>\n<ul>\n<li>Satur visaugst\u0101k\u0101s kosm\u0113tisk\u0101s t\u012br\u012bbas spirtu, lai nodro\u0161in\u0101tu efekt\u012bvu un vienm\u0113r\u012bgu smar\u017eu izkliedi.<\/li>\n<li>T\u0101 sast\u0101v\u0101 ir dab\u012bgas sast\u0101vda\u013cas, kas padara produktu videi draudz\u012bgu un dro\u0161u.<\/li>\n<li>Biolo\u0123iski no\u0101rd\u0101ms produkts, kas ir dro\u0161s dabai un ilgtsp\u0113j\u012bgs.<\/li>\n<li>Nesatur ftal\u0101tus un smagos met\u0101lus, t\u0101p\u0113c to var dro\u0161i lietot jut\u012bg\u0101k\u0101 vid\u0113.<\/li>\n<li>Daudzpus\u012bgs pielietojums: piem\u0113rots m\u0101jas smar\u017e\u0101m, gaisa atsvaidzin\u0101t\u0101jiem un telpu aerosoliem.<\/li>\n<li>Nav test\u0113ts uz dz\u012bvniekiem.<\/li>\n<li>L\u0113na iztvaiko\u0161ana: viena pild\u012bjuma ilgums ir 4-5 ned\u0113\u013cas.<\/li>\n<li>Tas neatst\u0101j arom\u0101tisku e\u013c\u013cainu atlikumu uz virsm\u0101m, t\u0101p\u0113c to var dro\u0161i lietot uz vis\u0101m virsm\u0101m.<\/li>\n<li>Satur 50 % spirta, kas optimiz\u0113 m\u0101jas arom\u0101ta efektivit\u0101ti un nodro\u0161ina ilgsto\u0161u lieto\u0161anu.\n<p><strong>Smar\u017evielas deva:<\/strong><br \/>\nIeteicamais arom\u0101tisk\u0101s e\u013c\u013cas daudzums ir 15-25% arom\u0101tisk\u0101s e\u013c\u013cas un 75-85% b\u0101zes \u0161\u0137idruma. Lab\u0101k\u0101 izv\u0113le m\u0101jas smar\u017eai vai istabas arom\u0101tam! M\u0101jas smar\u017eu b\u0101zes \u0161\u0137idrums Nr. 6 ir ide\u0101ls risin\u0101jums tiem, kas mekl\u0113 augstas kvalit\u0101tes un videi draudz\u012bgu produktu, lai rad\u012btu pat\u012bkamu atmosf\u0113ru jebkur\u0101 telp\u0101.<br \/>\nSvar\u012bgi!<br \/>\n<img decoding=\"async\" class=\"\" src=\"https:\/\/nordicdiy.ee\/wp-content\/uploads\/2025\/02\/eriti-tuleohtlik.jpg\" width=\"70\" height=\"70\"><\/li>\n<\/ul>\n","protected":false},"excerpt":{"rendered":"<p>Lab\u0101k\u0101 izv\u0113le m\u0101jas smar\u017eai vai k\u0101 b\u0101zes \u0161\u0137idrums istabas aerosola sast\u0101v\u0101! M\u0101jas smar\u017eu b\u0101zes \u0161\u0137idrums Nr. 6 ir ide\u0101ls risin\u0101jums tiem, kas mekl\u0113 augstas kvalit\u0101tes b\u0101zes \u0161\u0137idrumu ar optim\u0101lu iztvaiko\u0161anu. Iztvaiko 4-5 ned\u0113\u013cu laik\u0101. Satur t\u012bru kosm\u0113tisko spirtu. Lieliski piem\u0113rots izmanto\u0161anai smar\u017eu izsmidzin\u0101t\u0101jos - uz virsm\u0101m neatst\u0101j taukainu atlikumu, t\u0101p\u0113c ir dro\u0161s lieto\u0161anai uz vis\u0101m virsm\u0101m.    <\/p>\n","protected":false},"featured_media":28578,"template":"","meta":{"site-sidebar-layout":"default","site-content-layout":"","ast-site-content-layout":"default","site-content-style":"default","site-sidebar-style":"default","ast-global-header-display":"","ast-banner-title-visibility":"","ast-main-header-display":"","ast-hfb-above-header-display":"","ast-hfb-below-header-display":"","ast-hfb-mobile-header-display":"","site-post-title":"","ast-breadcrumbs-content":"","ast-featured-img":"","footer-sml-layout":"","ast-disable-related-posts":"","theme-transparent-header-meta":"default","adv-header-id-meta":"","stick-header-meta":"default","header-above-stick-meta":"","header-main-stick-meta":"","header-below-stick-meta":"","astra-migrate-meta-layouts":"default","ast-page-background-enabled":"default","ast-page-background-meta":{"desktop":{"background-color":"","background-image":"","background-repeat":"repeat","background-position":"center center","background-size":"auto","background-attachment":"scroll","background-type":"","background-media":"","overlay-type":"","overlay-color":"","overlay-opacity":"","overlay-gradient":""},"tablet":{"background-color":"","background-image":"","background-repeat":"repeat","background-position":"center center","background-size":"auto","background-attachment":"scroll","background-type":"","background-media":"","overlay-type":"","overlay-color":"","overlay-opacity":"","overlay-gradient":""},"mobile":{"background-color":"","background-image":"","background-repeat":"repeat","background-position":"center center","background-size":"auto","background-attachment":"scroll","background-type":"","background-media":"","overlay-type":"","overlay-color":"","overlay-opacity":"","overlay-gradient":""}},"ast-content-background-meta":{"desktop":{"background-color":"var(--ast-global-color-5)","background-image":"","background-repeat":"repeat","background-position":"center center","background-size":"auto","background-attachment":"scroll","background-type":"","background-media":"","overlay-type":"","overlay-color":"","overlay-opacity":"","overlay-gradient":""},"tablet":{"background-color":"var(--ast-global-color-5)","background-image":"","background-repeat":"repeat","background-position":"center center","background-size":"auto","background-attachment":"scroll","background-type":"","background-media":"","overlay-type":"","overlay-color":"","overlay-opacity":"","overlay-gradient":""},"mobile":{"background-color":"var(--ast-global-color-5)","background-image":"","background-repeat":"repeat","background-position":"center center","background-size":"auto","background-attachment":"scroll","background-type":"","background-media":"","overlay-type":"","overlay-color":"","overlay-opacity":"","overlay-gradient":""}}},"product_brand":[],"product_cat":[219,205,206],"product_tag":[],"class_list":{"0":"post-14807","1":"product","2":"type-product","3":"status-publish","4":"has-post-thumbnail","6":"product_cat-telpu-atsvaidzinataja-baze-un-nujinas","7":"product_cat-telpu-atsvaidzinataja-sagatavosana","8":"product_cat-telpu-iepakosanas-iekartas","9":"desktop-align-left","10":"tablet-align-left","11":"mobile-align-left","12":"ast-product-gallery-layout-horizontal","13":"ast-product-gallery-with-no-image","14":"ast-product-single-variable","15":"ast-product-tabs-layout-horizontal","17":"first","18":"instock","19":"taxable","20":"shipping-taxable","21":"purchasable","22":"product-type-variable","23":"has-default-attributes"},"_links":{"self":[{"href":"https:\/\/nordicdiy.ee\/lv\/wp-json\/wp\/v2\/product\/14807","targetHints":{"allow":["GET"]}}],"collection":[{"href":"https:\/\/nordicdiy.ee\/lv\/wp-json\/wp\/v2\/product"}],"about":[{"href":"https:\/\/nordicdiy.ee\/lv\/wp-json\/wp\/v2\/types\/product"}],"wp:featuredmedia":[{"embeddable":true,"href":"https:\/\/nordicdiy.ee\/lv\/wp-json\/wp\/v2\/media\/28578"}],"wp:attachment":[{"href":"https:\/\/nordicdiy.ee\/lv\/wp-json\/wp\/v2\/media?parent=14807"}],"wp:term":[{"taxonomy":"product_brand","embeddable":true,"href":"https:\/\/nordicdiy.ee\/lv\/wp-json\/wp\/v2\/product_brand?post=14807"},{"taxonomy":"product_cat","embeddable":true,"href":"https:\/\/nordicdiy.ee\/lv\/wp-json\/wp\/v2\/product_cat?post=14807"},{"taxonomy":"product_tag","embeddable":true,"href":"https:\/\/nordicdiy.ee\/lv\/wp-json\/wp\/v2\/product_tag?post=14807"}],"curies":[{"name":"wp","href":"https:\/\/api.w.org\/{rel}","templated":true}]}}