{"id":14892,"date":"2025-01-05T18:13:38","date_gmt":"2025-01-05T15:13:38","guid":{"rendered":"https:\/\/nordicdiy.ee\/epood\/uncategorized\/sveces-glaze-saulaini-dzeltena-mateta-260ml-h88-x-d80-mm\/"},"modified":"2025-04-01T16:38:08","modified_gmt":"2025-04-01T13:38:08","slug":"sveces-glaze-saulaini-dzeltena-mateta-260ml-h88-x-d80-mm","status":"publish","type":"product","link":"https:\/\/nordicdiy.ee\/lv\/epood\/svecu-izgatavosana\/svecturi-un-vaki\/sveces-glaze-saulaini-dzeltena-mateta-260ml-h88-x-d80-mm\/","title":{"rendered":"Sveces gl\u0101ze saulaini dzeltena, mat\u0113ta, 260ml, h88 x d80 mm"},"content":{"rendered":"<p>Mat\u0113ts saulaini dzeltens 260 ml sve\u010du stikls ir ide\u0101la izv\u0113le amatniec\u012bbas sve\u010du izgatavo\u0161anai. T\u0101 izm\u0113rs un modernais dizains padara to ide\u0101li piem\u0113rotu izmanto\u0161anai ar da\u017e\u0101diem vaska veidiem, piem\u0113ram, sojas vasku, paraf\u012bna vasku, rap\u0161u vasku, bi\u0161u vasku un palmu vasku. Karstumiztur\u012bg\u0101 stikla trauks ir dro\u0161s un iztur\u012bgs risin\u0101jums, vienlaikus nodro\u0161inot greznu izskatu.<\/p>\n<p>Sve\u010du burkas izm\u0113ri h88 x d80 mm nodro\u0161ina optim\u0101lu tilpumu, kur\u0101 var iepild\u012bt l\u012bdz 260 ml vaska, radot iesp\u0113ju izgatavot gan arom\u0101tiskas, gan vienk\u0101r\u0161i dekorat\u012bvas sveces. Paste un mat\u0113t\u0101 saulaini dzelten\u0101 virsma pie\u0161\u0137ir maigumu un kr\u0101su jebkurai telpai, padarot to par lielisku izv\u0113li m\u0101jas dekor\u0113\u0161anai vai k\u0101 d\u0101vanu. <\/p>\n<p>Piem\u0113rots gan sojas vaska, gan paraf\u012bna vaska svec\u0113m, nodro\u0161ina ilgu deg\u0161anas laiku un t\u012bru deg\u0161anu. Stikls ir ar\u012b lieliski piem\u0113rots rap\u0161u vaska un bi\u0161u vaska svec\u0113m, kas ir videi draudz\u012bgas un biolo\u0123iski no\u0101rd\u0101mas. <\/p>\n","protected":false},"excerpt":{"rendered":"<p>Mat\u0113ts saulaini dzeltens 260 ml sve\u010du stikls ir ide\u0101la izv\u0113le amatniec\u012bbas sve\u010du izgatavo\u0161anai. T\u0101s izm\u0113rs un modernais dizains ir ide\u0101li piem\u0113rots lieto\u0161anai ar da\u017e\u0101diem vaska veidiem, piem\u0113ram, sojas vasku, paraf\u012bna vasku, rap\u0161u vasku, bi\u0161u vasku un palmu vasku. Karstumiztur\u012bg\u0101 stikla trauks nodro\u0161ina dro\u0161u un iztur\u012bgu risin\u0101jumu, vienlaikus pied\u0101v\u0101jot ko\u0161u kr\u0101sainu sve\u010du stikla kolekciju pavasarim.  <\/p>\n","protected":false},"featured_media":7007,"template":"","meta":{"site-sidebar-layout":"default","site-content-layout":"","ast-site-content-layout":"default","site-content-style":"default","site-sidebar-style":"default","ast-global-header-display":"","ast-banner-title-visibility":"","ast-main-header-display":"","ast-hfb-above-header-display":"","ast-hfb-below-header-display":"","ast-hfb-mobile-header-display":"","site-post-title":"","ast-breadcrumbs-content":"","ast-featured-img":"","footer-sml-layout":"","ast-disable-related-posts":"","theme-transparent-header-meta":"default","adv-header-id-meta":"","stick-header-meta":"default","header-above-stick-meta":"","header-main-stick-meta":"","header-below-stick-meta":"","astra-migrate-meta-layouts":"default","ast-page-background-enabled":"default","ast-page-background-meta":{"desktop":{"background-color":"","background-image":"","background-repeat":"repeat","background-position":"center center","background-size":"auto","background-attachment":"scroll","background-type":"","background-media":"","overlay-type":"","overlay-color":"","overlay-opacity":"","overlay-gradient":""},"tablet":{"background-color":"","background-image":"","background-repeat":"repeat","background-position":"center center","background-size":"auto","background-attachment":"scroll","background-type":"","background-media":"","overlay-type":"","overlay-color":"","overlay-opacity":"","overlay-gradient":""},"mobile":{"background-color":"","background-image":"","background-repeat":"repeat","background-position":"center center","background-size":"auto","background-attachment":"scroll","background-type":"","background-media":"","overlay-type":"","overlay-color":"","overlay-opacity":"","overlay-gradient":""}},"ast-content-background-meta":{"desktop":{"background-color":"var(--ast-global-color-5)","background-image":"","background-repeat":"repeat","background-position":"center center","background-size":"auto","background-attachment":"scroll","background-type":"","background-media":"","overlay-type":"","overlay-color":"","overlay-opacity":"","overlay-gradient":""},"tablet":{"background-color":"var(--ast-global-color-5)","background-image":"","background-repeat":"repeat","background-position":"center center","background-size":"auto","background-attachment":"scroll","background-type":"","background-media":"","overlay-type":"","overlay-color":"","overlay-opacity":"","overlay-gradient":""},"mobile":{"background-color":"var(--ast-global-color-5)","background-image":"","background-repeat":"repeat","background-position":"center center","background-size":"auto","background-attachment":"scroll","background-type":"","background-media":"","overlay-type":"","overlay-color":"","overlay-opacity":"","overlay-gradient":""}}},"product_brand":[],"product_cat":[161,150],"product_tag":[],"class_list":{"0":"post-14892","1":"product","2":"type-product","3":"status-publish","4":"has-post-thumbnail","6":"product_cat-svecturi-un-vaki","7":"product_cat-svecu-izgatavosana","8":"desktop-align-left","9":"tablet-align-left","10":"mobile-align-left","11":"ast-product-gallery-layout-horizontal","12":"ast-product-gallery-with-no-image","13":"ast-product-tabs-layout-horizontal","15":"first","16":"instock","17":"taxable","18":"shipping-taxable","19":"purchasable","20":"product-type-simple"},"_links":{"self":[{"href":"https:\/\/nordicdiy.ee\/lv\/wp-json\/wp\/v2\/product\/14892","targetHints":{"allow":["GET"]}}],"collection":[{"href":"https:\/\/nordicdiy.ee\/lv\/wp-json\/wp\/v2\/product"}],"about":[{"href":"https:\/\/nordicdiy.ee\/lv\/wp-json\/wp\/v2\/types\/product"}],"wp:featuredmedia":[{"embeddable":true,"href":"https:\/\/nordicdiy.ee\/lv\/wp-json\/wp\/v2\/media\/7007"}],"wp:attachment":[{"href":"https:\/\/nordicdiy.ee\/lv\/wp-json\/wp\/v2\/media?parent=14892"}],"wp:term":[{"taxonomy":"product_brand","embeddable":true,"href":"https:\/\/nordicdiy.ee\/lv\/wp-json\/wp\/v2\/product_brand?post=14892"},{"taxonomy":"product_cat","embeddable":true,"href":"https:\/\/nordicdiy.ee\/lv\/wp-json\/wp\/v2\/product_cat?post=14892"},{"taxonomy":"product_tag","embeddable":true,"href":"https:\/\/nordicdiy.ee\/lv\/wp-json\/wp\/v2\/product_tag?post=14892"}],"curies":[{"name":"wp","href":"https:\/\/api.w.org\/{rel}","templated":true}]}}