{"id":15077,"date":"2025-02-24T19:10:30","date_gmt":"2025-02-24T16:10:30","guid":{"rendered":"https:\/\/nordicdiy.ee\/epood\/uncategorized\/difuzora-vacins-izgatavots-no-koka\/"},"modified":"2025-12-10T12:13:48","modified_gmt":"2025-12-10T09:13:48","slug":"difuzora-vacins-izgatavots-no-koka","status":"publish","type":"product","link":"https:\/\/nordicdiy.ee\/lv\/epood\/telpu-atsvaidzinataja-sagatavosana\/telpu-atsvaidzinataja-baze-un-nujinas\/difuzora-vacins-izgatavots-no-koka\/","title":{"rendered":"Difuzora v\u0101ci\u0146\u0161 izgatavots no koka"},"content":{"rendered":"<p data-start=\"0\" data-end=\"48\"><strong data-start=\"0\" data-end=\"46\">Elegants koka skaistumkop\u0161anas kor\u0137is m\u0101jas parfim\u0113rijai!<\/strong><\/p>\n<p data-start=\"50\" data-end=\"305\">Ar m\u016bsu augstas kvalit\u0101tes koka kor\u0137i pie\u0161\u0137irsiet m\u0101jok\u013ca arom\u0101tam stil\u012bgu un greznu izskatu. Izgatavots no iztur\u012bga koka un rot\u0101ts ar elegantu zelta met\u0101la malu, \u0161is skaisti veidotais kor\u0137is pie\u0161\u0137irs ekskluz\u012bvu izskatu jebkuram difuzora flakonam. <\/p>\n<p data-start=\"307\" data-end=\"469\">Aizv\u0101kojumu ir viegli uzst\u0101d\u012bt, un tas ir piem\u0113rots pudel\u0113m ar diametru l\u012bdz 2,9 cm. Aizv\u0101kojuma augstums ir 3 cm. <\/p>\n<p data-start=\"471\" data-end=\"559\" data-is-last-node=\"\" data-is-only-node=\"\">Papildiniet savu m\u0101jas arom\u0101tu ar skaistu deta\u013cu, kas apvieno dab\u012bgumu un grezn\u012bbu!<\/p>\n","protected":false},"excerpt":{"rendered":"<p data-start=\"50\" data-end=\"305\">Ar m\u016bsu augstas kvalit\u0101tes koka kor\u0137i pie\u0161\u0137irsiet m\u0101jok\u013ca arom\u0101tam stil\u012bgu un greznu izskatu. \u0160o skaisti veidoto kor\u0137i, kas izgatavots no iztur\u012bga koka, rot\u0101 eleganta zelta met\u0101la iek\u0161\u0113j\u0101 apmale, kas pie\u0161\u0137ir ekskluz\u012bvu izskatu jebkuram difuzora flakonam. Aizb\u0101zni ir viegli ievietot, un tas ir piem\u0113rots pudel\u0113m ar kakli\u0146a diametru l\u012bdz 2,9 cm. Aizv\u0101kojuma augstums ir 3 cm, iek\u0161\u0113jais diametrs - 2,9 cm, un tas nav pagrie\u017eams.   <\/p>\n","protected":false},"featured_media":11912,"template":"","meta":{"site-sidebar-layout":"default","site-content-layout":"","ast-site-content-layout":"default","site-content-style":"default","site-sidebar-style":"default","ast-global-header-display":"","ast-banner-title-visibility":"","ast-main-header-display":"","ast-hfb-above-header-display":"","ast-hfb-below-header-display":"","ast-hfb-mobile-header-display":"","site-post-title":"","ast-breadcrumbs-content":"","ast-featured-img":"","footer-sml-layout":"","ast-disable-related-posts":"","theme-transparent-header-meta":"default","adv-header-id-meta":"","stick-header-meta":"default","header-above-stick-meta":"","header-main-stick-meta":"","header-below-stick-meta":"","astra-migrate-meta-layouts":"default","ast-page-background-enabled":"default","ast-page-background-meta":{"desktop":{"background-color":"","background-image":"","background-repeat":"repeat","background-position":"center center","background-size":"auto","background-attachment":"scroll","background-type":"","background-media":"","overlay-type":"","overlay-color":"","overlay-opacity":"","overlay-gradient":""},"tablet":{"background-color":"","background-image":"","background-repeat":"repeat","background-position":"center center","background-size":"auto","background-attachment":"scroll","background-type":"","background-media":"","overlay-type":"","overlay-color":"","overlay-opacity":"","overlay-gradient":""},"mobile":{"background-color":"","background-image":"","background-repeat":"repeat","background-position":"center center","background-size":"auto","background-attachment":"scroll","background-type":"","background-media":"","overlay-type":"","overlay-color":"","overlay-opacity":"","overlay-gradient":""}},"ast-content-background-meta":{"desktop":{"background-color":"var(--ast-global-color-5)","background-image":"","background-repeat":"repeat","background-position":"center center","background-size":"auto","background-attachment":"scroll","background-type":"","background-media":"","overlay-type":"","overlay-color":"","overlay-opacity":"","overlay-gradient":""},"tablet":{"background-color":"var(--ast-global-color-5)","background-image":"","background-repeat":"repeat","background-position":"center center","background-size":"auto","background-attachment":"scroll","background-type":"","background-media":"","overlay-type":"","overlay-color":"","overlay-opacity":"","overlay-gradient":""},"mobile":{"background-color":"var(--ast-global-color-5)","background-image":"","background-repeat":"repeat","background-position":"center center","background-size":"auto","background-attachment":"scroll","background-type":"","background-media":"","overlay-type":"","overlay-color":"","overlay-opacity":"","overlay-gradient":""}}},"product_brand":[],"product_cat":[219,205,236],"product_tag":[],"class_list":{"0":"post-15077","1":"product","2":"type-product","3":"status-publish","4":"has-post-thumbnail","6":"product_cat-telpu-atsvaidzinataja-baze-un-nujinas","7":"product_cat-telpu-atsvaidzinataja-sagatavosana","8":"product_cat-telpu-atsvaidzinataju-pudeles","9":"desktop-align-left","10":"tablet-align-left","11":"mobile-align-left","12":"ast-product-gallery-layout-horizontal","13":"ast-product-gallery-with-no-image","14":"ast-product-tabs-layout-horizontal","16":"first","17":"instock","18":"taxable","19":"shipping-taxable","20":"purchasable","21":"product-type-simple"},"_links":{"self":[{"href":"https:\/\/nordicdiy.ee\/lv\/wp-json\/wp\/v2\/product\/15077","targetHints":{"allow":["GET"]}}],"collection":[{"href":"https:\/\/nordicdiy.ee\/lv\/wp-json\/wp\/v2\/product"}],"about":[{"href":"https:\/\/nordicdiy.ee\/lv\/wp-json\/wp\/v2\/types\/product"}],"wp:featuredmedia":[{"embeddable":true,"href":"https:\/\/nordicdiy.ee\/lv\/wp-json\/wp\/v2\/media\/11912"}],"wp:attachment":[{"href":"https:\/\/nordicdiy.ee\/lv\/wp-json\/wp\/v2\/media?parent=15077"}],"wp:term":[{"taxonomy":"product_brand","embeddable":true,"href":"https:\/\/nordicdiy.ee\/lv\/wp-json\/wp\/v2\/product_brand?post=15077"},{"taxonomy":"product_cat","embeddable":true,"href":"https:\/\/nordicdiy.ee\/lv\/wp-json\/wp\/v2\/product_cat?post=15077"},{"taxonomy":"product_tag","embeddable":true,"href":"https:\/\/nordicdiy.ee\/lv\/wp-json\/wp\/v2\/product_tag?post=15077"}],"curies":[{"name":"wp","href":"https:\/\/api.w.org\/{rel}","templated":true}]}}