{"id":15124,"date":"2025-02-21T10:00:58","date_gmt":"2025-02-21T07:00:58","guid":{"rendered":"https:\/\/nordicdiy.ee\/epood\/uncategorized\/majas-smarzu-kokteili-28cm-5-gab-melni\/"},"modified":"2025-08-14T15:04:33","modified_gmt":"2025-08-14T12:04:33","slug":"majas-smarzu-kokteili-28cm-5-gab-melni","status":"publish","type":"product","link":"https:\/\/nordicdiy.ee\/lv\/epood\/telpu-atsvaidzinataja-sagatavosana\/telpu-atsvaidzinataja-baze-un-nujinas\/majas-smarzu-kokteili-28cm-5-gab-melni\/","title":{"rendered":"M\u0101jas smar\u017eu koktei\u013ci 28cm, 5 gab., melni"},"content":{"rendered":"<p>\u0160\u012bs \u0161\u0137iedru n\u016bji\u0146as ir \u012bpa\u0161i izstr\u0101d\u0101tas telpu aromatiz\u0113\u0161anai, lai nodro\u0161in\u0101tu vienm\u0113r\u012bgu un efekt\u012bvu smar\u017eu izklied\u0113\u0161anu telp\u0101. Izgatavotas no augstas kvalit\u0101tes materi\u0101la, t\u0101s labi uzs\u016bc smar\u017evielas un nodro\u0161ina ilgsto\u0161u arom\u0101ta notur\u012bbu. Komplekt\u0101 ir 5 koci\u0146i, kas piem\u0113roti da\u017e\u0101diem smar\u017eu difuzoriem un m\u0101jas aromatiz\u0113t\u0101jiem. Kr\u0101sa melna, garums 28 cm, d4 mm.   <\/p>\n","protected":false},"excerpt":{"rendered":"<p>\u0160\u012bs 28 cm gar\u0101s \u0161\u0137iedru n\u016bji\u0146as ir \u012bpa\u0161i izstr\u0101d\u0101tas telpu aromatiz\u0113t\u0101jiem, lai nodro\u0161in\u0101tu vienm\u0113r\u012bgu un efekt\u012bvu smar\u017eu izkliedi telp\u0101. Izgatavotas no augstas kvalit\u0101tes materi\u0101la, t\u0101s labi uzs\u016bc smar\u017evielas un nodro\u0161ina ilgsto\u0161u smar\u017eas iedarb\u012bbu. Komplekt\u0101 ir 5 koci\u0146i, kas piem\u0113roti da\u017e\u0101diem smar\u017eu difuzoriem un m\u0101jas smar\u017e\u0101m. Kr\u0101sa melna, n\u016bji\u0146as garums 28 cm, diametrs 4 mm.   <\/p>\n","protected":false},"featured_media":11872,"template":"","meta":{"site-sidebar-layout":"default","site-content-layout":"","ast-site-content-layout":"default","site-content-style":"default","site-sidebar-style":"default","ast-global-header-display":"","ast-banner-title-visibility":"","ast-main-header-display":"","ast-hfb-above-header-display":"","ast-hfb-below-header-display":"","ast-hfb-mobile-header-display":"","site-post-title":"","ast-breadcrumbs-content":"","ast-featured-img":"","footer-sml-layout":"","ast-disable-related-posts":"","theme-transparent-header-meta":"default","adv-header-id-meta":"","stick-header-meta":"default","header-above-stick-meta":"","header-main-stick-meta":"","header-below-stick-meta":"","astra-migrate-meta-layouts":"default","ast-page-background-enabled":"default","ast-page-background-meta":{"desktop":{"background-color":"","background-image":"","background-repeat":"repeat","background-position":"center center","background-size":"auto","background-attachment":"scroll","background-type":"","background-media":"","overlay-type":"","overlay-color":"","overlay-opacity":"","overlay-gradient":""},"tablet":{"background-color":"","background-image":"","background-repeat":"repeat","background-position":"center center","background-size":"auto","background-attachment":"scroll","background-type":"","background-media":"","overlay-type":"","overlay-color":"","overlay-opacity":"","overlay-gradient":""},"mobile":{"background-color":"","background-image":"","background-repeat":"repeat","background-position":"center center","background-size":"auto","background-attachment":"scroll","background-type":"","background-media":"","overlay-type":"","overlay-color":"","overlay-opacity":"","overlay-gradient":""}},"ast-content-background-meta":{"desktop":{"background-color":"var(--ast-global-color-5)","background-image":"","background-repeat":"repeat","background-position":"center center","background-size":"auto","background-attachment":"scroll","background-type":"","background-media":"","overlay-type":"","overlay-color":"","overlay-opacity":"","overlay-gradient":""},"tablet":{"background-color":"var(--ast-global-color-5)","background-image":"","background-repeat":"repeat","background-position":"center center","background-size":"auto","background-attachment":"scroll","background-type":"","background-media":"","overlay-type":"","overlay-color":"","overlay-opacity":"","overlay-gradient":""},"mobile":{"background-color":"var(--ast-global-color-5)","background-image":"","background-repeat":"repeat","background-position":"center center","background-size":"auto","background-attachment":"scroll","background-type":"","background-media":"","overlay-type":"","overlay-color":"","overlay-opacity":"","overlay-gradient":""}}},"product_brand":[],"product_cat":[219,205],"product_tag":[],"class_list":{"0":"post-15124","1":"product","2":"type-product","3":"status-publish","4":"has-post-thumbnail","6":"product_cat-telpu-atsvaidzinataja-baze-un-nujinas","7":"product_cat-telpu-atsvaidzinataja-sagatavosana","8":"desktop-align-left","9":"tablet-align-left","10":"mobile-align-left","11":"ast-product-gallery-layout-horizontal","12":"ast-product-gallery-with-no-image","13":"ast-product-tabs-layout-horizontal","15":"first","16":"instock","17":"taxable","18":"shipping-taxable","19":"purchasable","20":"product-type-simple"},"_links":{"self":[{"href":"https:\/\/nordicdiy.ee\/lv\/wp-json\/wp\/v2\/product\/15124","targetHints":{"allow":["GET"]}}],"collection":[{"href":"https:\/\/nordicdiy.ee\/lv\/wp-json\/wp\/v2\/product"}],"about":[{"href":"https:\/\/nordicdiy.ee\/lv\/wp-json\/wp\/v2\/types\/product"}],"wp:featuredmedia":[{"embeddable":true,"href":"https:\/\/nordicdiy.ee\/lv\/wp-json\/wp\/v2\/media\/11872"}],"wp:attachment":[{"href":"https:\/\/nordicdiy.ee\/lv\/wp-json\/wp\/v2\/media?parent=15124"}],"wp:term":[{"taxonomy":"product_brand","embeddable":true,"href":"https:\/\/nordicdiy.ee\/lv\/wp-json\/wp\/v2\/product_brand?post=15124"},{"taxonomy":"product_cat","embeddable":true,"href":"https:\/\/nordicdiy.ee\/lv\/wp-json\/wp\/v2\/product_cat?post=15124"},{"taxonomy":"product_tag","embeddable":true,"href":"https:\/\/nordicdiy.ee\/lv\/wp-json\/wp\/v2\/product_tag?post=15124"}],"curies":[{"name":"wp","href":"https:\/\/api.w.org\/{rel}","templated":true}]}}