{"id":15142,"date":"2025-02-19T19:05:53","date_gmt":"2025-02-19T16:05:53","guid":{"rendered":"https:\/\/nordicdiy.ee\/epood\/uncategorized\/kokosriekstu-vasks-cargill-agri-pure-ap620-svecu-stiklam\/"},"modified":"2026-02-16T10:40:30","modified_gmt":"2026-02-16T07:40:30","slug":"kokosriekstu-vasks-cargill-agri-pure-ap620-svecu-stiklam","status":"publish","type":"product","link":"https:\/\/nordicdiy.ee\/lv\/epood\/svecu-izgatavosana\/svecu-vaski\/kokosriekstu-vasks-cargill-agri-pure-ap620-svecu-stiklam\/","title":{"rendered":"Kokosriekstu vasks Cargill Agri-Pure AP620 sve\u010du stiklam"},"content":{"rendered":"<p><strong>Agri-Pure\u00ae AP-620<\/strong> ir organisks un atjaunojams <strong>kokosriekstu vasks<\/strong> ar m\u012bkstino\u0161\u0101m \u012bpa\u0161\u012bb\u0101m un daudzveid\u012bgu pielietojumu. To ieg\u016bst no kokosriekstu kodoliem un apstr\u0101d\u0101, rafin\u0113jot, balinot, hidrogen\u0113jot un dezodor\u0113jot. Vasks ir bez gar\u0161as, tam ir augsta oksid\u0113\u0161an\u0101s iztur\u012bba, un tas ir piem\u0113rots svec\u0113m un kosm\u0113tikai.  <\/p>\n<p><strong>\u012apa\u0161\u012bbas:<\/strong><br \/>\n\u2714 Dab\u012bgs un veg\u0101niem draudz\u012bgs<br \/>\n\u2714 Kosher un halal sertific\u0113ts<br \/>\n\u2714 Kr\u0113m\u012bga tekst\u016bra, ide\u0101li piem\u0113rots stikla svec\u0113m<br \/>\n\u2714 Sajaucams ar sojas vasku un palmu stear\u012bnu<br \/>\n\u2714 Piem\u0113rots kosm\u0113tikai: l\u016bpu kr\u0101s\u0101m, \u0101das kop\u0161anai, dezodorantiem<br \/>\n\u2714 Bez gar\u0161as un smar\u017eas<br \/>\n\u2714 Ku\u0161anas temperat\u016bra: 32 \u00b0C (32 \u00b0F)<\/p>\n<p><strong>Lieto\u0161ana sve\u010du izgatavo\u0161an\u0101:<\/strong><br \/>\nIeteicamais sajaukums: var izmantot t\u012bru vai sajaukt ar sojas vasku\/ palmu stear\u012bnu, lai ieg\u016btu lab\u0101kus rezult\u0101tus.<br \/>\nSmar\u017e\u012bgo e\u013c\u013cu pievieno\u0161ana: ieteicamais smar\u017e\u012bgo e\u013c\u013cu daudzums ir 6 %.<br \/>\nKu\u0161anas temperat\u016bra: 51-54 \u00b0C (piln\u012bga ku\u0161ana).<br \/>\nIelejot: ieteicam\u0101 ielej\u0161anas temperat\u016bra ir atkar\u012bga no mais\u012bjuma sast\u0101va, bet parasti t\u0101 ir 50-60 \u00b0C (50-60 \u00b0F).<\/p>\n<p><strong>Lieto\u0161ana kosm\u0113tik\u0101:<\/strong><br \/>\nK\u0101 plastifikators tas pie\u0161\u0137ir elast\u012bbu un m\u012bkstumu kosm\u0113tikas l\u012bdzek\u013ciem.<br \/>\nPiem\u0113rots l\u016bpu balzamiem, l\u016bpu kr\u0101s\u0101m, \u0101das kop\u0161anas un matu kop\u0161anas l\u012bdzek\u013ciem.<br \/>\nLieto\u0161anas l\u012bmenis: 2-10 % atkar\u012bb\u0101 no produkta.<\/p>\n<p><strong>Uzglab\u0101\u0161ana:<\/strong><br \/>\nUzglab\u0101t v\u0113s\u0101, saus\u0101 viet\u0101, prom no tie\u0161as karstuma un saules gaismas.<\/p>\n<p>\u0160is vasks ir ide\u0101la izv\u0113le dab\u012bgu, augstas kvalit\u0101tes, videi draudz\u012bgu un dro\u0161u produktu izgatavo\u0161anai!<\/p>\n","protected":false},"excerpt":{"rendered":"<p><strong>Kokosriekstu vasks<\/strong> ir dab\u012bgs, atjaunojams un veg\u0101niem draudz\u012bgs vasks, kas ieg\u016bts no kokosrieksta m\u012bkstuma. T\u0101 <strong>m\u012bkst\u0101 un kr\u0113m\u012bg\u0101 tekst\u016bra<\/strong> ir ide\u0101li piem\u0113rota <strong>votu sve\u010du izgatavo\u0161anai<\/strong> un sajauk\u0161anai ar sojas vasku vai palmu stear\u012bnu. \u0160is vasks ir augstas kvalit\u0101tes, \u0123en\u0113tiski nemodific\u0113ts, un to var izmantot ar\u012b kosm\u0113tikas l\u012bdzek\u013cos, piem\u0113ram, l\u016bpu balzamos, \u0101das kop\u0161anas un matu kop\u0161anas l\u012bdzek\u013cos.   \u0160is vasks ir ide\u0101la izv\u0113le dab\u012bgu, augstas kvalit\u0101tes, videi draudz\u012bgu un dro\u0161u produktu izgatavo\u0161anai!<\/p>\n","protected":false},"featured_media":11867,"template":"","meta":{"site-sidebar-layout":"default","site-content-layout":"","ast-site-content-layout":"default","site-content-style":"default","site-sidebar-style":"default","ast-global-header-display":"","ast-banner-title-visibility":"","ast-main-header-display":"","ast-hfb-above-header-display":"","ast-hfb-below-header-display":"","ast-hfb-mobile-header-display":"","site-post-title":"","ast-breadcrumbs-content":"","ast-featured-img":"","footer-sml-layout":"","ast-disable-related-posts":"","theme-transparent-header-meta":"default","adv-header-id-meta":"","stick-header-meta":"default","header-above-stick-meta":"","header-main-stick-meta":"","header-below-stick-meta":"","astra-migrate-meta-layouts":"default","ast-page-background-enabled":"default","ast-page-background-meta":{"desktop":{"background-color":"","background-image":"","background-repeat":"repeat","background-position":"center center","background-size":"auto","background-attachment":"scroll","background-type":"","background-media":"","overlay-type":"","overlay-color":"","overlay-opacity":"","overlay-gradient":""},"tablet":{"background-color":"","background-image":"","background-repeat":"repeat","background-position":"center center","background-size":"auto","background-attachment":"scroll","background-type":"","background-media":"","overlay-type":"","overlay-color":"","overlay-opacity":"","overlay-gradient":""},"mobile":{"background-color":"","background-image":"","background-repeat":"repeat","background-position":"center center","background-size":"auto","background-attachment":"scroll","background-type":"","background-media":"","overlay-type":"","overlay-color":"","overlay-opacity":"","overlay-gradient":""}},"ast-content-background-meta":{"desktop":{"background-color":"var(--ast-global-color-5)","background-image":"","background-repeat":"repeat","background-position":"center center","background-size":"auto","background-attachment":"scroll","background-type":"","background-media":"","overlay-type":"","overlay-color":"","overlay-opacity":"","overlay-gradient":""},"tablet":{"background-color":"var(--ast-global-color-5)","background-image":"","background-repeat":"repeat","background-position":"center center","background-size":"auto","background-attachment":"scroll","background-type":"","background-media":"","overlay-type":"","overlay-color":"","overlay-opacity":"","overlay-gradient":""},"mobile":{"background-color":"var(--ast-global-color-5)","background-image":"","background-repeat":"repeat","background-position":"center center","background-size":"auto","background-attachment":"scroll","background-type":"","background-media":"","overlay-type":"","overlay-color":"","overlay-opacity":"","overlay-gradient":""}}},"product_brand":[],"product_cat":[150,151],"product_tag":[],"class_list":{"0":"post-15142","1":"product","2":"type-product","3":"status-publish","4":"has-post-thumbnail","6":"product_cat-svecu-izgatavosana","7":"product_cat-svecu-vaski","8":"desktop-align-left","9":"tablet-align-left","10":"mobile-align-left","11":"ast-product-gallery-layout-horizontal","12":"ast-product-gallery-with-no-image","13":"ast-product-single-variable","14":"ast-product-tabs-layout-horizontal","16":"first","17":"instock","18":"taxable","19":"shipping-taxable","20":"purchasable","21":"product-type-variable"},"_links":{"self":[{"href":"https:\/\/nordicdiy.ee\/lv\/wp-json\/wp\/v2\/product\/15142","targetHints":{"allow":["GET"]}}],"collection":[{"href":"https:\/\/nordicdiy.ee\/lv\/wp-json\/wp\/v2\/product"}],"about":[{"href":"https:\/\/nordicdiy.ee\/lv\/wp-json\/wp\/v2\/types\/product"}],"wp:featuredmedia":[{"embeddable":true,"href":"https:\/\/nordicdiy.ee\/lv\/wp-json\/wp\/v2\/media\/11867"}],"wp:attachment":[{"href":"https:\/\/nordicdiy.ee\/lv\/wp-json\/wp\/v2\/media?parent=15142"}],"wp:term":[{"taxonomy":"product_brand","embeddable":true,"href":"https:\/\/nordicdiy.ee\/lv\/wp-json\/wp\/v2\/product_brand?post=15142"},{"taxonomy":"product_cat","embeddable":true,"href":"https:\/\/nordicdiy.ee\/lv\/wp-json\/wp\/v2\/product_cat?post=15142"},{"taxonomy":"product_tag","embeddable":true,"href":"https:\/\/nordicdiy.ee\/lv\/wp-json\/wp\/v2\/product_tag?post=15142"}],"curies":[{"name":"wp","href":"https:\/\/api.w.org\/{rel}","templated":true}]}}