{"id":15173,"date":"2025-01-16T16:38:48","date_gmt":"2025-01-16T13:38:48","guid":{"rendered":"https:\/\/nordicdiy.ee\/epood\/uncategorized\/majas-smarzu-bazes-skidrums-nr-4\/"},"modified":"2026-03-11T15:05:13","modified_gmt":"2026-03-11T12:05:13","slug":"majas-smarzu-bazes-skidrums-nr-4","status":"publish","type":"product","link":"https:\/\/nordicdiy.ee\/lv\/epood\/telpu-atsvaidzinataja-sagatavosana\/telpu-atsvaidzinataja-baze-un-nujinas\/majas-smarzu-bazes-skidrums-nr-4\/","title":{"rendered":"M\u0101jas smar\u017eu b\u0101zes \u0161\u0137idrums Nr. 4"},"content":{"rendered":"<div class=\"flex max-w-full flex-col flex-grow\">\n<div class=\"min-h-8 text-message flex w-full flex-col items-end gap-2 whitespace-normal break-words text-start [.text-message+&amp;]:mt-5\" dir=\"auto\" data-message-author-role=\"assistant\" data-message-id=\"88b938a0-6a8f-4ea5-82bf-35f22a2ab23e\" data-message-model-slug=\"gpt-4o\">\n<div class=\"flex w-full flex-col gap-1 empty:hidden first:pt-[3px]\">\n<div class=\"markdown prose w-full break-words dark:prose-invert light\">\n<p data-start=\"23\" data-end=\"55\">Niedru difuzora pamatne 4 AF74 5224 (spirta saturs maz\u0101k nek\u0101 25 %)<\/p>\n<ul data-start=\"57\" data-end=\"397\" data-is-last-node=\"\">\n<li data-start=\"57\" data-end=\"111\">Satur augst\u0101k\u0101s kosm\u0113tikas t\u012br\u012bbas spirtu.<\/li>\n<li data-start=\"112\" data-end=\"148\">Satur dab\u012bgas sast\u0101vda\u013cas.<\/li>\n<li data-start=\"149\" data-end=\"195\">Biolo\u0123iski no\u0101rd\u0101ms produkts, videi draudz\u012bga izv\u0113le.<\/li>\n<li data-start=\"149\" data-end=\"195\">Iztvaiko\u0161ana 6-7 ned\u0113\u013cas.<\/li>\n<li data-start=\"196\" data-end=\"236\">Nesatur ftal\u0101tus un smagos met\u0101lus, t\u0101p\u0113c to var dro\u0161i lietot jut\u012bg\u0101k\u0101 vid\u0113.<\/li>\n<li data-start=\"237\" data-end=\"321\">Piem\u0113rots izmanto\u0161anai m\u0101jas smar\u017eviel\u0101s, gaisa atsvaidzin\u0101t\u0101jos un telpu aerosolos.<\/li>\n<li>Nav test\u0113ts uz dz\u012bvniekiem.<\/li>\n<li data-start=\"350\" data-end=\"397\" data-is-last-node=\"\">Smar\u017evielas deva b\u0101zes \u0161\u0137\u012bdumam: 15-25%.<\/li>\n<\/ul>\n<\/div>\n<\/div>\n<\/div>\n<\/div>\n<p><strong>Smar\u017evielas deva:<\/strong><br \/>\nIeteicamais arom\u0101tisk\u0101s e\u013c\u013cas daudzums ir 15-25% arom\u0101tisk\u0101s e\u013c\u013cas un 75-85% b\u0101zes \u0161\u0137idruma. M\u0101jas smar\u017eu b\u0101zes \u0161\u0137idrums Nr. 4 ir ide\u0101ls risin\u0101jums tiem, kas mekl\u0113 augstas kvalit\u0101tes produktu, lai rad\u012btu pat\u012bkamu atmosf\u0113ru jebkur\u0101 telp\u0101. <\/p>\n<p>PIEZ\u012aME!<br \/>\n<img decoding=\"async\" class=\"\" src=\"https:\/\/nordicdiy.ee\/wp-content\/uploads\/2025\/01\/terviseoht.jpg\" width=\"70\" height=\"70\"><\/p>\n","protected":false},"excerpt":{"rendered":"<p>Piem\u0113rots lieto\u0161anai ar koci\u0146iem m\u0101jas smar\u017eviel\u0101s, gaisa atsvaidzin\u0101t\u0101jos un telpu aerosolos. M\u0101jas smar\u017eu b\u0101zes \u0161\u0137idrums Nr. 4 ir ide\u0101ls risin\u0101jums tiem, kas mekl\u0113 augstas kvalit\u0101tes b\u0101zes \u0161\u0137idrumu ar optim\u0101lu iztvaiko\u0161anas ilgumu (6-7 ned\u0113\u013cas). Satur l\u012bdz 25 % spirta.  <\/p>\n","protected":false},"featured_media":28570,"template":"","meta":{"site-sidebar-layout":"default","site-content-layout":"","ast-site-content-layout":"default","site-content-style":"default","site-sidebar-style":"default","ast-global-header-display":"","ast-banner-title-visibility":"","ast-main-header-display":"","ast-hfb-above-header-display":"","ast-hfb-below-header-display":"","ast-hfb-mobile-header-display":"","site-post-title":"","ast-breadcrumbs-content":"","ast-featured-img":"","footer-sml-layout":"","ast-disable-related-posts":"","theme-transparent-header-meta":"default","adv-header-id-meta":"","stick-header-meta":"default","header-above-stick-meta":"","header-main-stick-meta":"","header-below-stick-meta":"","astra-migrate-meta-layouts":"default","ast-page-background-enabled":"default","ast-page-background-meta":{"desktop":{"background-color":"","background-image":"","background-repeat":"repeat","background-position":"center center","background-size":"auto","background-attachment":"scroll","background-type":"","background-media":"","overlay-type":"","overlay-color":"","overlay-opacity":"","overlay-gradient":""},"tablet":{"background-color":"","background-image":"","background-repeat":"repeat","background-position":"center center","background-size":"auto","background-attachment":"scroll","background-type":"","background-media":"","overlay-type":"","overlay-color":"","overlay-opacity":"","overlay-gradient":""},"mobile":{"background-color":"","background-image":"","background-repeat":"repeat","background-position":"center center","background-size":"auto","background-attachment":"scroll","background-type":"","background-media":"","overlay-type":"","overlay-color":"","overlay-opacity":"","overlay-gradient":""}},"ast-content-background-meta":{"desktop":{"background-color":"var(--ast-global-color-5)","background-image":"","background-repeat":"repeat","background-position":"center center","background-size":"auto","background-attachment":"scroll","background-type":"","background-media":"","overlay-type":"","overlay-color":"","overlay-opacity":"","overlay-gradient":""},"tablet":{"background-color":"var(--ast-global-color-5)","background-image":"","background-repeat":"repeat","background-position":"center center","background-size":"auto","background-attachment":"scroll","background-type":"","background-media":"","overlay-type":"","overlay-color":"","overlay-opacity":"","overlay-gradient":""},"mobile":{"background-color":"var(--ast-global-color-5)","background-image":"","background-repeat":"repeat","background-position":"center center","background-size":"auto","background-attachment":"scroll","background-type":"","background-media":"","overlay-type":"","overlay-color":"","overlay-opacity":"","overlay-gradient":""}}},"product_brand":[],"product_cat":[219,205,206],"product_tag":[],"class_list":{"0":"post-15173","1":"product","2":"type-product","3":"status-publish","4":"has-post-thumbnail","6":"product_cat-telpu-atsvaidzinataja-baze-un-nujinas","7":"product_cat-telpu-atsvaidzinataja-sagatavosana","8":"product_cat-telpu-iepakosanas-iekartas","9":"desktop-align-left","10":"tablet-align-left","11":"mobile-align-left","12":"ast-product-gallery-layout-horizontal","13":"ast-product-gallery-with-no-image","14":"ast-product-single-variable","15":"ast-product-tabs-layout-horizontal","17":"first","18":"instock","19":"taxable","20":"shipping-taxable","21":"purchasable","22":"product-type-variable","23":"has-default-attributes"},"_links":{"self":[{"href":"https:\/\/nordicdiy.ee\/lv\/wp-json\/wp\/v2\/product\/15173","targetHints":{"allow":["GET"]}}],"collection":[{"href":"https:\/\/nordicdiy.ee\/lv\/wp-json\/wp\/v2\/product"}],"about":[{"href":"https:\/\/nordicdiy.ee\/lv\/wp-json\/wp\/v2\/types\/product"}],"wp:featuredmedia":[{"embeddable":true,"href":"https:\/\/nordicdiy.ee\/lv\/wp-json\/wp\/v2\/media\/28570"}],"wp:attachment":[{"href":"https:\/\/nordicdiy.ee\/lv\/wp-json\/wp\/v2\/media?parent=15173"}],"wp:term":[{"taxonomy":"product_brand","embeddable":true,"href":"https:\/\/nordicdiy.ee\/lv\/wp-json\/wp\/v2\/product_brand?post=15173"},{"taxonomy":"product_cat","embeddable":true,"href":"https:\/\/nordicdiy.ee\/lv\/wp-json\/wp\/v2\/product_cat?post=15173"},{"taxonomy":"product_tag","embeddable":true,"href":"https:\/\/nordicdiy.ee\/lv\/wp-json\/wp\/v2\/product_tag?post=15173"}],"curies":[{"name":"wp","href":"https:\/\/api.w.org\/{rel}","templated":true}]}}