{"id":15717,"date":"2025-02-13T17:25:14","date_gmt":"2025-02-13T14:25:14","guid":{"rendered":"https:\/\/nordicdiy.ee\/epood\/uncategorized\/koka-vacini-mazam-svecem-10012-ar-blivejumu\/"},"modified":"2026-01-26T16:41:59","modified_gmt":"2026-01-26T13:41:59","slug":"koka-vacini-mazam-svecem-10012-ar-blivejumu","status":"publish","type":"product","link":"https:\/\/nordicdiy.ee\/lv\/epood\/svecu-izgatavosana\/svecturi-un-vaki\/koka-vacini-mazam-svecem-10012-ar-blivejumu\/","title":{"rendered":"Koka v\u0101ci\u0146i maz\u0101m svec\u0113m 10012 ar bl\u012bv\u0113jumu"},"content":{"rendered":"<p>\u0160is koka v\u0101ks ar bl\u012bv\u0113jumu ir ide\u0101ls dizaina elements sve\u010du tur\u0113t\u0101jiem, kas nodro\u0161ina ilg\u0101ku smar\u017eas saglab\u0101\u0161anos un dro\u0161u uzglab\u0101\u0161anu. Tas ar\u012b pasarg\u0101 no putek\u013ciem un net\u012brumiem. Koka v\u0101ci\u0146\u0161 ir piem\u0113rots nelielai 180 ml caursp\u012bd\u012bgai vai kr\u0101sainai caursp\u012bd\u012bgai vai kr\u0101sainai 180 ml sve\u010du gl\u0101zei, kuras izm\u0113ri ir h77,5 x d70 mm. V\u0101ka ar koka bl\u012bv\u0113jumu izm\u0113ri: augstums - 1,3 cm, \u0101r\u0113jais diametrs - 7,2 cm, iek\u0161\u0113jais diametrs - 6,0 cm. Uz koka sveces v\u0101ka ir iesp\u0113jams iegrav\u0113t j\u016bsu logotipu vai jebkuru citu v\u0113st\u012bjumu, kas j\u016bsu svecei pie\u0161\u0137irs greznu un neaizmirstamu deta\u013cu. Pieprasiet cenu par grav\u0113\u0161anu epood@nordicdiy.ee.     <\/p>\n","protected":false},"excerpt":{"rendered":"<p>\u0160is koka v\u0101ks ar bl\u012bv\u0113jumu ir ide\u0101ls dizaina elements sve\u010du tur\u0113t\u0101jiem, kas nodro\u0161ina ilg\u0101ku smar\u017eas saglab\u0101\u0161anos un dro\u0161u uzglab\u0101\u0161anu. Tas ar\u012b pasarg\u0101 no putek\u013ciem un net\u012brumiem. Koka v\u0101ks ir piem\u0113rots 180 ml, h77,5 x d70 mm (10012), caursp\u012bd\u012bgs vai kr\u0101sains.  <\/p>\n","protected":false},"featured_media":12077,"template":"","meta":{"site-sidebar-layout":"default","site-content-layout":"","ast-site-content-layout":"default","site-content-style":"default","site-sidebar-style":"default","ast-global-header-display":"","ast-banner-title-visibility":"","ast-main-header-display":"","ast-hfb-above-header-display":"","ast-hfb-below-header-display":"","ast-hfb-mobile-header-display":"","site-post-title":"","ast-breadcrumbs-content":"","ast-featured-img":"","footer-sml-layout":"","ast-disable-related-posts":"","theme-transparent-header-meta":"default","adv-header-id-meta":"","stick-header-meta":"default","header-above-stick-meta":"","header-main-stick-meta":"","header-below-stick-meta":"","astra-migrate-meta-layouts":"default","ast-page-background-enabled":"default","ast-page-background-meta":{"desktop":{"background-color":"","background-image":"","background-repeat":"repeat","background-position":"center center","background-size":"auto","background-attachment":"scroll","background-type":"","background-media":"","overlay-type":"","overlay-color":"","overlay-opacity":"","overlay-gradient":""},"tablet":{"background-color":"","background-image":"","background-repeat":"repeat","background-position":"center center","background-size":"auto","background-attachment":"scroll","background-type":"","background-media":"","overlay-type":"","overlay-color":"","overlay-opacity":"","overlay-gradient":""},"mobile":{"background-color":"","background-image":"","background-repeat":"repeat","background-position":"center center","background-size":"auto","background-attachment":"scroll","background-type":"","background-media":"","overlay-type":"","overlay-color":"","overlay-opacity":"","overlay-gradient":""}},"ast-content-background-meta":{"desktop":{"background-color":"var(--ast-global-color-5)","background-image":"","background-repeat":"repeat","background-position":"center center","background-size":"auto","background-attachment":"scroll","background-type":"","background-media":"","overlay-type":"","overlay-color":"","overlay-opacity":"","overlay-gradient":""},"tablet":{"background-color":"var(--ast-global-color-5)","background-image":"","background-repeat":"repeat","background-position":"center center","background-size":"auto","background-attachment":"scroll","background-type":"","background-media":"","overlay-type":"","overlay-color":"","overlay-opacity":"","overlay-gradient":""},"mobile":{"background-color":"var(--ast-global-color-5)","background-image":"","background-repeat":"repeat","background-position":"center center","background-size":"auto","background-attachment":"scroll","background-type":"","background-media":"","overlay-type":"","overlay-color":"","overlay-opacity":"","overlay-gradient":""}}},"product_brand":[],"product_cat":[161,150],"product_tag":[],"class_list":{"0":"post-15717","1":"product","2":"type-product","3":"status-publish","4":"has-post-thumbnail","6":"product_cat-svecturi-un-vaki","7":"product_cat-svecu-izgatavosana","8":"desktop-align-left","9":"tablet-align-left","10":"mobile-align-left","11":"ast-product-gallery-layout-horizontal","12":"ast-product-gallery-with-no-image","13":"ast-product-tabs-layout-horizontal","15":"first","16":"instock","17":"taxable","18":"shipping-taxable","19":"purchasable","20":"product-type-simple"},"_links":{"self":[{"href":"https:\/\/nordicdiy.ee\/lv\/wp-json\/wp\/v2\/product\/15717","targetHints":{"allow":["GET"]}}],"collection":[{"href":"https:\/\/nordicdiy.ee\/lv\/wp-json\/wp\/v2\/product"}],"about":[{"href":"https:\/\/nordicdiy.ee\/lv\/wp-json\/wp\/v2\/types\/product"}],"wp:featuredmedia":[{"embeddable":true,"href":"https:\/\/nordicdiy.ee\/lv\/wp-json\/wp\/v2\/media\/12077"}],"wp:attachment":[{"href":"https:\/\/nordicdiy.ee\/lv\/wp-json\/wp\/v2\/media?parent=15717"}],"wp:term":[{"taxonomy":"product_brand","embeddable":true,"href":"https:\/\/nordicdiy.ee\/lv\/wp-json\/wp\/v2\/product_brand?post=15717"},{"taxonomy":"product_cat","embeddable":true,"href":"https:\/\/nordicdiy.ee\/lv\/wp-json\/wp\/v2\/product_cat?post=15717"},{"taxonomy":"product_tag","embeddable":true,"href":"https:\/\/nordicdiy.ee\/lv\/wp-json\/wp\/v2\/product_tag?post=15717"}],"curies":[{"name":"wp","href":"https:\/\/api.w.org\/{rel}","templated":true}]}}