{"id":17162,"date":"2025-04-02T11:53:57","date_gmt":"2025-04-02T08:53:57","guid":{"rendered":"https:\/\/nordicdiy.ee\/?post_type=product&#038;p=17162"},"modified":"2025-12-15T12:27:28","modified_gmt":"2025-12-15T09:27:28","slug":"stikls-svecem-lavandas-cerini-matets-260ml-h88-x-d80-mm-copy","status":"publish","type":"product","link":"https:\/\/nordicdiy.ee\/lv\/epood\/svecu-izgatavosana\/svecturi-un-vaki\/stikls-svecem-lavandas-cerini-matets-260ml-h88-x-d80-mm-copy\/","title":{"rendered":"Luksusa gl\u0101ze sve\u010du izgatavo\u0161anai - 300 ml"},"content":{"rendered":"<p class=\"\" data-start=\"227\" data-end=\"441\">Stil\u012bgs un <strong data-start=\"238\" data-end=\"263\">grezns sve\u010du stikls<\/strong>, izgatavots no augstas kvalit\u0101tes, bieza karstumiztur\u012bga stikla. \u0160is elegantais 300 ml trauks ir ide\u0101li piem\u0113rots gan m\u0101j\u0101s gatavot\u0101m svec\u0113m, gan k\u0101 dekorat\u012bvs aksesu\u0101rs. <\/p>\n<p class=\"\" data-start=\"443\" data-end=\"720\"><strong data-start=\"443\" data-end=\"498\">Ide\u0101li piem\u0113rots lieto\u0161anai ar da\u017e\u0101diem vaska veidiem<\/strong>: sojas vasku, paraf\u012bna vasku, rap\u0161u vasku, bi\u0161u vasku un palmu vasku. Sve\u010du stikls nodro\u0161ina t\u012bru un vienm\u0113r\u012bgu deg\u0161anu, vienlaikus nodro\u0161inot ilgsto\u0161u un dro\u0161u lieto\u0161anu. Krist\u0101la efekts izce\u013c vaska skaistumu un pie\u0161\u0137ir greznu izskatu jebkurai svecei.  <\/p>\n<p class=\"\" data-start=\"722\" data-end=\"979\"><strong data-start=\"722\" data-end=\"753\">V\u0113laties unik\u0101lu dizainu?<\/strong> Sve\u010du stiklu var pas\u016bt\u012bt ar\u012b <strong data-start=\"790\" data-end=\"819\">j\u016bsu izv\u0113l\u0113t\u0101 kr\u0101s\u0101<\/strong> - tas ir lieliski piem\u0113rots z\u012bmola veido\u0161anai vai \u012bpa\u0161u kolekciju veido\u0161anai. Minim\u0101lais daudzums \u012bpa\u0161iem pas\u016bt\u012bjumiem ir 500 gab. Sazinieties ar mums, rakstot piepras\u012bjumu: <strong data-start=\"957\" data-end=\"979\"><a class=\"cursor-pointer\" rel=\"noopener\" data-start=\"959\" data-end=\"977\">epood@nordicdiy.ee<\/a><\/strong>  <\/p>\n<p class=\"\" data-start=\"981\" data-end=\"1081\"><strong data-start=\"981\" data-end=\"995\">Ietilp\u012bba:<\/strong> aptuveni 300 ml<br data-start=\"1004\" data-end=\"1007\"><strong data-start=\"1007\" data-end=\"1018\">Izm\u0113ri:<\/strong> augstums aptuveni 9 cm, platums aptuveni 8 cm, malas biezums 5 mm, iek\u0161\u0113jais platums 6,8 cm<br data-start=\"1046\" data-end=\"1049\"> Materi\u0101ls: karstumiztur\u012bgs stikls.<\/p>\n","protected":false},"excerpt":{"rendered":"<p>Stil\u012bgs un <strong data-start=\"238\" data-end=\"263\">grezns caursp\u012bd\u012bgs krist\u0101la sve\u010dturis<\/strong>, izgatavots no augstas kvalit\u0101tes, bieza karstumiztur\u012bga stikla. \u0160is elegantais 300 ml trauks ir ide\u0101li piem\u0113rots gan m\u0101j\u0101s gatavot\u0101m svec\u0113m, gan k\u0101 dekorat\u012bvs aksesu\u0101rs.  T\u0101 izm\u0113rs un modernais dizains padara to ide\u0101li piem\u0113rotu izmanto\u0161anai ar da\u017e\u0101diem vaska veidiem, piem\u0113ram, sojas vasku, paraf\u012bna vasku, rap\u0161u vasku, bi\u0161u vasku un palmu vasku.<\/p>\n","protected":false},"featured_media":17167,"template":"","meta":{"site-sidebar-layout":"default","site-content-layout":"","ast-site-content-layout":"default","site-content-style":"default","site-sidebar-style":"default","ast-global-header-display":"","ast-banner-title-visibility":"","ast-main-header-display":"","ast-hfb-above-header-display":"","ast-hfb-below-header-display":"","ast-hfb-mobile-header-display":"","site-post-title":"","ast-breadcrumbs-content":"","ast-featured-img":"","footer-sml-layout":"","ast-disable-related-posts":"","theme-transparent-header-meta":"default","adv-header-id-meta":"","stick-header-meta":"default","header-above-stick-meta":"","header-main-stick-meta":"","header-below-stick-meta":"","astra-migrate-meta-layouts":"set","ast-page-background-enabled":"default","ast-page-background-meta":{"desktop":{"background-color":"","background-image":"","background-repeat":"repeat","background-position":"center center","background-size":"auto","background-attachment":"scroll","background-type":"","background-media":"","overlay-type":"","overlay-color":"","overlay-opacity":"","overlay-gradient":""},"tablet":{"background-color":"","background-image":"","background-repeat":"repeat","background-position":"center center","background-size":"auto","background-attachment":"scroll","background-type":"","background-media":"","overlay-type":"","overlay-color":"","overlay-opacity":"","overlay-gradient":""},"mobile":{"background-color":"","background-image":"","background-repeat":"repeat","background-position":"center center","background-size":"auto","background-attachment":"scroll","background-type":"","background-media":"","overlay-type":"","overlay-color":"","overlay-opacity":"","overlay-gradient":""}},"ast-content-background-meta":{"desktop":{"background-color":"var(--ast-global-color-5)","background-image":"","background-repeat":"repeat","background-position":"center center","background-size":"auto","background-attachment":"scroll","background-type":"","background-media":"","overlay-type":"","overlay-color":"","overlay-opacity":"","overlay-gradient":""},"tablet":{"background-color":"var(--ast-global-color-5)","background-image":"","background-repeat":"repeat","background-position":"center center","background-size":"auto","background-attachment":"scroll","background-type":"","background-media":"","overlay-type":"","overlay-color":"","overlay-opacity":"","overlay-gradient":""},"mobile":{"background-color":"var(--ast-global-color-5)","background-image":"","background-repeat":"repeat","background-position":"center center","background-size":"auto","background-attachment":"scroll","background-type":"","background-media":"","overlay-type":"","overlay-color":"","overlay-opacity":"","overlay-gradient":""}}},"product_brand":[],"product_cat":[161,150],"product_tag":[],"class_list":{"0":"post-17162","1":"product","2":"type-product","3":"status-publish","4":"has-post-thumbnail","6":"product_cat-svecturi-un-vaki","7":"product_cat-svecu-izgatavosana","8":"desktop-align-left","9":"tablet-align-left","10":"mobile-align-left","11":"ast-product-gallery-layout-horizontal","12":"ast-product-gallery-with-no-image","13":"ast-product-tabs-layout-horizontal","15":"first","16":"instock","17":"taxable","18":"shipping-taxable","19":"purchasable","20":"product-type-simple"},"_links":{"self":[{"href":"https:\/\/nordicdiy.ee\/lv\/wp-json\/wp\/v2\/product\/17162","targetHints":{"allow":["GET"]}}],"collection":[{"href":"https:\/\/nordicdiy.ee\/lv\/wp-json\/wp\/v2\/product"}],"about":[{"href":"https:\/\/nordicdiy.ee\/lv\/wp-json\/wp\/v2\/types\/product"}],"wp:featuredmedia":[{"embeddable":true,"href":"https:\/\/nordicdiy.ee\/lv\/wp-json\/wp\/v2\/media\/17167"}],"wp:attachment":[{"href":"https:\/\/nordicdiy.ee\/lv\/wp-json\/wp\/v2\/media?parent=17162"}],"wp:term":[{"taxonomy":"product_brand","embeddable":true,"href":"https:\/\/nordicdiy.ee\/lv\/wp-json\/wp\/v2\/product_brand?post=17162"},{"taxonomy":"product_cat","embeddable":true,"href":"https:\/\/nordicdiy.ee\/lv\/wp-json\/wp\/v2\/product_cat?post=17162"},{"taxonomy":"product_tag","embeddable":true,"href":"https:\/\/nordicdiy.ee\/lv\/wp-json\/wp\/v2\/product_tag?post=17162"}],"curies":[{"name":"wp","href":"https:\/\/api.w.org\/{rel}","templated":true}]}}