{"id":17203,"date":"2025-04-02T12:49:25","date_gmt":"2025-04-02T09:49:25","guid":{"rendered":"https:\/\/nordicdiy.ee\/?post_type=product&#038;p=17203"},"modified":"2026-01-03T12:17:39","modified_gmt":"2026-01-03T09:17:39","slug":"tumsi-bruns-svecu-glaze-ar-skruvejamu-vacinu-100-ml-copy","status":"publish","type":"product","link":"https:\/\/nordicdiy.ee\/lv\/epood\/svecu-izgatavosana\/svecturi-un-vaki\/tumsi-bruns-svecu-glaze-ar-skruvejamu-vacinu-100-ml-copy\/","title":{"rendered":"Caursp\u012bd\u012bga stikla sveces kvadr\u0101tveida 300ml, 80x80mm"},"content":{"rendered":"<p>\u0160is <strong>300 ml caursp\u012bd\u012bgais kvadr\u0101tveida sve\u010du gl\u0101ze<\/strong> ir ide\u0101la izv\u0113le amatniec\u012bbas sve\u010du izgatavo\u0161anai. Piem\u0113rota lieto\u0161anai ar da\u017e\u0101diem vaska veidiem, piem\u0113ram, sojas vasku, paraf\u012bna vasku, rap\u0161u vasku, bi\u0161u vasku un palmu vasku. T\u0101 ir karstumiztur\u012bga, iztur\u012bga un lieliska izv\u0113le gan pa\u0161darin\u0101tu sve\u010du ra\u017eot\u0101jiem, gan profesion\u0101liem sve\u010du darin\u0101t\u0101jiem.  <\/p>\n<p>\u0160\u012bs sveces vienk\u0101r\u0161ais un elegantais dizains ir lieliski piem\u0113rots m\u0101jas dekor\u0113\u0161anai vai k\u0101 d\u0101vana. Izgatavojiet savu sojas vaska sveci, kas deg t\u012bri un videi draudz\u012bgi, vai lieciet ilgsto\u0161i dego\u0161u paraf\u012bna sveci. Bi\u0161u vaska sveces pie\u0161\u0137ir telpai dabas piesk\u0101rienu, bet rap\u0161u sveces ir biolo\u0123iski no\u0101rd\u0101mas un videi draudz\u012bgas.  <\/p>\n<p>Papildiniet savu sve\u010du kolekciju ar ledus krist\u0101la efekta palmu \u0101das svec\u0113m. 300 ml sve\u010du burk\u0101 ir pietiekami daudz vaska, lai izveidotu ilgi dego\u0161u un vizu\u0101li skaistu sveci. \u0160\u012b stikla burka ir piem\u0113rota ar\u012b da\u017e\u0101du arom\u0101tisko e\u013c\u013cu un kr\u0101su pievieno\u0161anai, lai rad\u012btu perfektu m\u0101jas arom\u0101tu vai stil\u012bgu amatniec\u012bbas sveci.  <\/p>\n","protected":false},"excerpt":{"rendered":"<p>\u0160is 300 ml caursp\u012bd\u012bgais kvadr\u0101tveida sve\u010du gl\u0101ze ir ide\u0101la izv\u0113le amatniec\u012bbas sve\u010du izgatavo\u0161anai. Piem\u0113rota lieto\u0161anai ar da\u017e\u0101diem vaska veidiem, piem\u0113ram, sojas vasku, paraf\u012bna vasku, rap\u0161u vasku, bi\u0161u vasku un palmu vasku. Stikls ir karstumiztur\u012bgs, iztur\u012bgs un ir lieliska izv\u0113le gan pa\u0161darin\u0101tu sve\u010du ra\u017eot\u0101jiem, gan profesion\u0101liem sve\u010du darin\u0101t\u0101jiem.  <\/p>\n","protected":false},"featured_media":17208,"template":"","meta":{"site-sidebar-layout":"default","site-content-layout":"","ast-site-content-layout":"default","site-content-style":"default","site-sidebar-style":"default","ast-global-header-display":"","ast-banner-title-visibility":"","ast-main-header-display":"","ast-hfb-above-header-display":"","ast-hfb-below-header-display":"","ast-hfb-mobile-header-display":"","site-post-title":"","ast-breadcrumbs-content":"","ast-featured-img":"","footer-sml-layout":"","ast-disable-related-posts":"","theme-transparent-header-meta":"default","adv-header-id-meta":"","stick-header-meta":"default","header-above-stick-meta":"","header-main-stick-meta":"","header-below-stick-meta":"","astra-migrate-meta-layouts":"set","ast-page-background-enabled":"default","ast-page-background-meta":{"desktop":{"background-color":"","background-image":"","background-repeat":"repeat","background-position":"center center","background-size":"auto","background-attachment":"scroll","background-type":"","background-media":"","overlay-type":"","overlay-color":"","overlay-opacity":"","overlay-gradient":""},"tablet":{"background-color":"","background-image":"","background-repeat":"repeat","background-position":"center center","background-size":"auto","background-attachment":"scroll","background-type":"","background-media":"","overlay-type":"","overlay-color":"","overlay-opacity":"","overlay-gradient":""},"mobile":{"background-color":"","background-image":"","background-repeat":"repeat","background-position":"center center","background-size":"auto","background-attachment":"scroll","background-type":"","background-media":"","overlay-type":"","overlay-color":"","overlay-opacity":"","overlay-gradient":""}},"ast-content-background-meta":{"desktop":{"background-color":"var(--ast-global-color-5)","background-image":"","background-repeat":"repeat","background-position":"center center","background-size":"auto","background-attachment":"scroll","background-type":"","background-media":"","overlay-type":"","overlay-color":"","overlay-opacity":"","overlay-gradient":""},"tablet":{"background-color":"var(--ast-global-color-5)","background-image":"","background-repeat":"repeat","background-position":"center center","background-size":"auto","background-attachment":"scroll","background-type":"","background-media":"","overlay-type":"","overlay-color":"","overlay-opacity":"","overlay-gradient":""},"mobile":{"background-color":"var(--ast-global-color-5)","background-image":"","background-repeat":"repeat","background-position":"center center","background-size":"auto","background-attachment":"scroll","background-type":"","background-media":"","overlay-type":"","overlay-color":"","overlay-opacity":"","overlay-gradient":""}}},"product_brand":[],"product_cat":[161,150],"product_tag":[],"class_list":{"0":"post-17203","1":"product","2":"type-product","3":"status-publish","4":"has-post-thumbnail","6":"product_cat-svecturi-un-vaki","7":"product_cat-svecu-izgatavosana","8":"desktop-align-left","9":"tablet-align-left","10":"mobile-align-left","11":"ast-product-gallery-layout-horizontal","12":"ast-product-gallery-with-no-image","13":"ast-product-tabs-layout-horizontal","15":"first","16":"outofstock","17":"taxable","18":"shipping-taxable","19":"purchasable","20":"product-type-simple"},"_links":{"self":[{"href":"https:\/\/nordicdiy.ee\/lv\/wp-json\/wp\/v2\/product\/17203","targetHints":{"allow":["GET"]}}],"collection":[{"href":"https:\/\/nordicdiy.ee\/lv\/wp-json\/wp\/v2\/product"}],"about":[{"href":"https:\/\/nordicdiy.ee\/lv\/wp-json\/wp\/v2\/types\/product"}],"wp:featuredmedia":[{"embeddable":true,"href":"https:\/\/nordicdiy.ee\/lv\/wp-json\/wp\/v2\/media\/17208"}],"wp:attachment":[{"href":"https:\/\/nordicdiy.ee\/lv\/wp-json\/wp\/v2\/media?parent=17203"}],"wp:term":[{"taxonomy":"product_brand","embeddable":true,"href":"https:\/\/nordicdiy.ee\/lv\/wp-json\/wp\/v2\/product_brand?post=17203"},{"taxonomy":"product_cat","embeddable":true,"href":"https:\/\/nordicdiy.ee\/lv\/wp-json\/wp\/v2\/product_cat?post=17203"},{"taxonomy":"product_tag","embeddable":true,"href":"https:\/\/nordicdiy.ee\/lv\/wp-json\/wp\/v2\/product_tag?post=17203"}],"curies":[{"name":"wp","href":"https:\/\/api.w.org\/{rel}","templated":true}]}}