{"id":17213,"date":"2025-04-02T13:05:49","date_gmt":"2025-04-02T10:05:49","guid":{"rendered":"https:\/\/nordicdiy.ee\/?post_type=product&#038;p=17213"},"modified":"2026-03-26T23:46:00","modified_gmt":"2026-03-26T20:46:00","slug":"caurspidiga-stikla-sveces-kvadratveida-300ml-80x80mm-copy","status":"publish","type":"product","link":"https:\/\/nordicdiy.ee\/lv\/epood\/svecu-izgatavosana\/svecturi-un-vaki\/caurspidiga-stikla-sveces-kvadratveida-300ml-80x80mm-copy\/","title":{"rendered":"Caursp\u012bd\u012bgs stikla trauks svec\u0113m ar biezu malu, 220 ml, h80 x d90 mm"},"content":{"rendered":"<p class=\"\" data-start=\"231\" data-end=\"499\">Skandin\u0101vu stil\u0101 <strong data-start=\"244\" data-end=\"290\">izgatavots no augstas kvalit\u0101tes bieza stikla,<\/strong> 220 ml tilpuma <strong data-start=\"244\" data-end=\"290\">sve\u010du gl\u0101ze<\/strong> ir ide\u0101li piem\u0113rota <strong data-start=\"334\" data-end=\"361\">sve\u010du gatavo\u0161anai<\/strong> un dekor\u0113\u0161anai. Sve\u010du sve\u010dturis ir rot\u0101ts ar p\u0101rsteidzo\u0161i <strong data-start=\"425\" data-end=\"452\">biezu, aptuveni 8 mm biezu apmali<\/strong>, kas pie\u0161\u0137ir produktam sp\u0113c\u012bgu un stil\u012bgu izskatu. <\/p>\n<p class=\"\" data-start=\"501\" data-end=\"765\">\u0160is <strong data-start=\"505\" data-end=\"527\">stikla sve\u010dturis<\/strong> ir daudzpus\u012bgs - to var <strong data-start=\"551\" data-end=\"574\">izmantot sve\u010du lie\u0161anai<\/strong>, <strong data-start=\"576\" data-end=\"619\">smar\u017e\u012bgu bumbi\u0146u tur\u0113\u0161anai<\/strong>, k\u0101 <strong data-start=\"621\" data-end=\"642\">nelielu v\u0101zi<\/strong> vai <strong data-start=\"647\" data-end=\"673\">dekorat\u012bvu v\u0101zi<\/strong>. Minim\u0101listisks un iztur\u012bgs dizains <strong data-start=\"717\" data-end=\"764\">lieliski<\/strong> iederas <strong data-start=\"717\" data-end=\"764\">skandin\u0101vu stila interjer\u0101<\/strong>. <\/p>\n<p class=\"\" data-start=\"501\" data-end=\"765\"><strong data-start=\"845\" data-end=\"856\">Izm\u0113ri:<\/strong> augstums 80 mm, platums 90 mm, iek\u0161\u0113jais augstums aptuveni 70 mm, iek\u0161\u0113jais platums aptuveni 74 mm, malas biezums 8 mm<br data-start=\"882\" data-end=\"885\"> Ietilp\u012bba: 220 ml<br data-start=\"901\" data-end=\"904\"> Materi\u0101ls: iztur\u012bgs karstumiztur\u012bgs stikls.<\/p>\n<p class=\"\" data-start=\"951\" data-end=\"1075\">Izveidojiet uzkr\u012bto\u0161u amatniec\u012bbas sveci vai pie\u0161\u0137iriet telpai person\u012bbu - \u0161is sve\u010du gl\u0101ze apvieno funkcionalit\u0101ti un zieme\u013cniecisku est\u0113tiku.<\/p>\n","protected":false},"excerpt":{"rendered":"<p>Izveidojiet uzkr\u012bto\u0161u amatniec\u012bbas sveci vai pie\u0161\u0137iriet telpai person\u012bbu - \u0161is sve\u010du gl\u0101ze apvieno funkcionalit\u0101ti un zieme\u013cniecisku est\u0113tiku. Sve\u010du stikls ir karstumiztur\u012bgs, iztur\u012bgs un ir lieliska izv\u0113le gan DIY sve\u010du ra\u017eot\u0101jiem, gan profesion\u0101liem sve\u010du darin\u0101t\u0101jiem. <strong>Stiklojumu rot\u0101 izteiksm\u012bga bieza mala, aptuveni 8 mm plata<\/strong>, kas pie\u0161\u0137ir izstr\u0101d\u0101jumam sp\u0113c\u012bgu un stil\u012bgu izskatu. Turkl\u0101t gl\u0101z\u0113 lieliski ietilpst <strong data-start=\"713\" data-end=\"748\">l\u012bdz 7 cm diametra t\u0113jas svece,<\/strong> padarot to par ikdienas dekorat\u012bvu elementu. <\/p>\n","protected":false},"featured_media":17218,"template":"","meta":{"site-sidebar-layout":"default","site-content-layout":"","ast-site-content-layout":"default","site-content-style":"default","site-sidebar-style":"default","ast-global-header-display":"","ast-banner-title-visibility":"","ast-main-header-display":"","ast-hfb-above-header-display":"","ast-hfb-below-header-display":"","ast-hfb-mobile-header-display":"","site-post-title":"","ast-breadcrumbs-content":"","ast-featured-img":"","footer-sml-layout":"","ast-disable-related-posts":"","theme-transparent-header-meta":"default","adv-header-id-meta":"","stick-header-meta":"default","header-above-stick-meta":"","header-main-stick-meta":"","header-below-stick-meta":"","astra-migrate-meta-layouts":"set","ast-page-background-enabled":"default","ast-page-background-meta":{"desktop":{"background-color":"","background-image":"","background-repeat":"repeat","background-position":"center center","background-size":"auto","background-attachment":"scroll","background-type":"","background-media":"","overlay-type":"","overlay-color":"","overlay-opacity":"","overlay-gradient":""},"tablet":{"background-color":"","background-image":"","background-repeat":"repeat","background-position":"center center","background-size":"auto","background-attachment":"scroll","background-type":"","background-media":"","overlay-type":"","overlay-color":"","overlay-opacity":"","overlay-gradient":""},"mobile":{"background-color":"","background-image":"","background-repeat":"repeat","background-position":"center center","background-size":"auto","background-attachment":"scroll","background-type":"","background-media":"","overlay-type":"","overlay-color":"","overlay-opacity":"","overlay-gradient":""}},"ast-content-background-meta":{"desktop":{"background-color":"var(--ast-global-color-5)","background-image":"","background-repeat":"repeat","background-position":"center center","background-size":"auto","background-attachment":"scroll","background-type":"","background-media":"","overlay-type":"","overlay-color":"","overlay-opacity":"","overlay-gradient":""},"tablet":{"background-color":"var(--ast-global-color-5)","background-image":"","background-repeat":"repeat","background-position":"center center","background-size":"auto","background-attachment":"scroll","background-type":"","background-media":"","overlay-type":"","overlay-color":"","overlay-opacity":"","overlay-gradient":""},"mobile":{"background-color":"var(--ast-global-color-5)","background-image":"","background-repeat":"repeat","background-position":"center center","background-size":"auto","background-attachment":"scroll","background-type":"","background-media":"","overlay-type":"","overlay-color":"","overlay-opacity":"","overlay-gradient":""}}},"product_brand":[],"product_cat":[161,150],"product_tag":[],"class_list":{"0":"post-17213","1":"product","2":"type-product","3":"status-publish","4":"has-post-thumbnail","6":"product_cat-svecturi-un-vaki","7":"product_cat-svecu-izgatavosana","8":"desktop-align-left","9":"tablet-align-left","10":"mobile-align-left","11":"ast-product-gallery-layout-horizontal","12":"ast-product-gallery-with-no-image","13":"ast-product-tabs-layout-horizontal","15":"first","16":"instock","17":"taxable","18":"shipping-taxable","19":"purchasable","20":"product-type-simple"},"_links":{"self":[{"href":"https:\/\/nordicdiy.ee\/lv\/wp-json\/wp\/v2\/product\/17213","targetHints":{"allow":["GET"]}}],"collection":[{"href":"https:\/\/nordicdiy.ee\/lv\/wp-json\/wp\/v2\/product"}],"about":[{"href":"https:\/\/nordicdiy.ee\/lv\/wp-json\/wp\/v2\/types\/product"}],"wp:featuredmedia":[{"embeddable":true,"href":"https:\/\/nordicdiy.ee\/lv\/wp-json\/wp\/v2\/media\/17218"}],"wp:attachment":[{"href":"https:\/\/nordicdiy.ee\/lv\/wp-json\/wp\/v2\/media?parent=17213"}],"wp:term":[{"taxonomy":"product_brand","embeddable":true,"href":"https:\/\/nordicdiy.ee\/lv\/wp-json\/wp\/v2\/product_brand?post=17213"},{"taxonomy":"product_cat","embeddable":true,"href":"https:\/\/nordicdiy.ee\/lv\/wp-json\/wp\/v2\/product_cat?post=17213"},{"taxonomy":"product_tag","embeddable":true,"href":"https:\/\/nordicdiy.ee\/lv\/wp-json\/wp\/v2\/product_tag?post=17213"}],"curies":[{"name":"wp","href":"https:\/\/api.w.org\/{rel}","templated":true}]}}