{"id":17247,"date":"2025-04-02T14:32:34","date_gmt":"2025-04-02T11:32:34","guid":{"rendered":"https:\/\/nordicdiy.ee\/?post_type=product&#038;p=17247"},"modified":"2025-12-02T11:33:33","modified_gmt":"2025-12-02T08:33:33","slug":"caurspidigs-stikla-trauks-svecem-ar-biezu-malu-220-ml-h80-x-d90-mm-copy-2","status":"publish","type":"product","link":"https:\/\/nordicdiy.ee\/lv\/epood\/svecu-izgatavosana\/svecturi-un-vaki\/caurspidigs-stikla-trauks-svecem-ar-biezu-malu-220-ml-h80-x-d90-mm-copy-2\/","title":{"rendered":"Caursp\u012bd\u012bga sve\u010du burka ar v\u0101ku, 300ml, h106 x d99mm"},"content":{"rendered":"<p class=\"\" data-start=\"92\" data-end=\"159\">Dekorat\u012bv\u0101 stikla svece ar stikla v\u0101ci\u0146u - 300 ml (Yankee style). <strong data-start=\"198\" data-end=\"269\">Dekorat\u012bva sve\u010du gl\u0101ze ar<\/strong> 300 ml tilpumu, <strong data-start=\"198\" data-end=\"269\">izgatavota no augstas kvalit\u0101tes bieza stikla,<\/strong> ar <strong data-start=\"316\" data-end=\"336\">stikla v\u0101ku<\/strong>. T\u0101 ir <strong data-start=\"350\" data-end=\"404\">kompakta izm\u0113ra Yankee stila sve\u010du burka<\/strong>, kas ir ide\u0101li piem\u0113rota ar rok\u0101m darin\u0101t\u0101m svec\u0113m, k\u0101 ar\u012b <strong data-start=\"469\" data-end=\"485\">k\u0101 konfek\u0161u burka<\/strong> vai dekorat\u012bvs priek\u0161mets. <\/p>\n<p class=\"\" data-start=\"514\" data-end=\"755\">Pateicoties klasiskajai formai un iztur\u012bgajam stiklam, \u0161\u012b stikla b\u013coda ir ide\u0101li piem\u0113rota <strong data-start=\"609\" data-end=\"667\">ziepju vaska, paraf\u012bna vaska, rap\u0161u vaska un bi\u0161u vaska sve\u010du<\/strong> lie\u0161anai. Sve\u010du trauks ar v\u0101ci\u0146u saglab\u0101 svaigu arom\u0101tu un pie\u0161\u0137ir tam ekskluz\u012bvu izskatu. <\/p>\n<p class=\"\" data-start=\"757\" data-end=\"899\"><strong data-start=\"757\" data-end=\"768\">Izm\u0113ri:<\/strong> augstums 106 mm, platums 99 mm<br data-start=\"795\" data-end=\"798\"> Ietilp\u012bba<strong data-start=\"798\" data-end=\"807\">:<\/strong> 300 ml<br data-start=\"814\" data-end=\"817\"> Materi\u0101ls: karstumiztur\u012bgs biezs stikls<br data-start=\"854\" data-end=\"857\"><strong data-start=\"857\" data-end=\"868\">Papildus:<\/strong> komplekt\u0101 iek\u013cauts stikla v\u0101ks.<\/p>\n<p class=\"\" data-start=\"901\" data-end=\"992\">Ide\u0101li piem\u0113rots d\u0101van\u0101m, amatniec\u012bbas projektiem un m\u0101j\u012bgas atmosf\u0113ras rad\u012b\u0161anai jebkur\u0101 m\u0101jokl\u012b.<\/p>\n","protected":false},"excerpt":{"rendered":"<p>Dekorat\u012bv\u0101 stikla svece ar stikla v\u0101ci\u0146u - 300 ml (Yankee style). <strong data-start=\"198\" data-end=\"269\">Dekorat\u012bva sve\u010du gl\u0101ze ar<\/strong> 300 ml tilpumu, <strong data-start=\"198\" data-end=\"269\">izgatavota no augstas kvalit\u0101tes bieza stikla,<\/strong> ar <strong data-start=\"316\" data-end=\"336\">stikla v\u0101ku<\/strong>. T\u0101 ir <strong data-start=\"350\" data-end=\"404\">kompakta izm\u0113ra Yankee stila sve\u010du burka<\/strong>, kas ir ide\u0101li piem\u0113rota ar rok\u0101m darin\u0101t\u0101m svec\u0113m, k\u0101 ar\u012b <strong data-start=\"469\" data-end=\"485\">k\u0101 konfek\u0161u burka<\/strong> vai dekorat\u012bvs priek\u0161mets. <\/p>\n","protected":false},"featured_media":17252,"template":"","meta":{"site-sidebar-layout":"default","site-content-layout":"","ast-site-content-layout":"default","site-content-style":"default","site-sidebar-style":"default","ast-global-header-display":"","ast-banner-title-visibility":"","ast-main-header-display":"","ast-hfb-above-header-display":"","ast-hfb-below-header-display":"","ast-hfb-mobile-header-display":"","site-post-title":"","ast-breadcrumbs-content":"","ast-featured-img":"","footer-sml-layout":"","ast-disable-related-posts":"","theme-transparent-header-meta":"default","adv-header-id-meta":"","stick-header-meta":"default","header-above-stick-meta":"","header-main-stick-meta":"","header-below-stick-meta":"","astra-migrate-meta-layouts":"set","ast-page-background-enabled":"default","ast-page-background-meta":{"desktop":{"background-color":"","background-image":"","background-repeat":"repeat","background-position":"center center","background-size":"auto","background-attachment":"scroll","background-type":"","background-media":"","overlay-type":"","overlay-color":"","overlay-opacity":"","overlay-gradient":""},"tablet":{"background-color":"","background-image":"","background-repeat":"repeat","background-position":"center center","background-size":"auto","background-attachment":"scroll","background-type":"","background-media":"","overlay-type":"","overlay-color":"","overlay-opacity":"","overlay-gradient":""},"mobile":{"background-color":"","background-image":"","background-repeat":"repeat","background-position":"center center","background-size":"auto","background-attachment":"scroll","background-type":"","background-media":"","overlay-type":"","overlay-color":"","overlay-opacity":"","overlay-gradient":""}},"ast-content-background-meta":{"desktop":{"background-color":"var(--ast-global-color-5)","background-image":"","background-repeat":"repeat","background-position":"center center","background-size":"auto","background-attachment":"scroll","background-type":"","background-media":"","overlay-type":"","overlay-color":"","overlay-opacity":"","overlay-gradient":""},"tablet":{"background-color":"var(--ast-global-color-5)","background-image":"","background-repeat":"repeat","background-position":"center center","background-size":"auto","background-attachment":"scroll","background-type":"","background-media":"","overlay-type":"","overlay-color":"","overlay-opacity":"","overlay-gradient":""},"mobile":{"background-color":"var(--ast-global-color-5)","background-image":"","background-repeat":"repeat","background-position":"center center","background-size":"auto","background-attachment":"scroll","background-type":"","background-media":"","overlay-type":"","overlay-color":"","overlay-opacity":"","overlay-gradient":""}}},"product_brand":[],"product_cat":[161,150],"product_tag":[],"class_list":{"0":"post-17247","1":"product","2":"type-product","3":"status-publish","4":"has-post-thumbnail","6":"product_cat-svecturi-un-vaki","7":"product_cat-svecu-izgatavosana","8":"desktop-align-left","9":"tablet-align-left","10":"mobile-align-left","11":"ast-product-gallery-layout-horizontal","12":"ast-product-gallery-with-no-image","13":"ast-product-tabs-layout-horizontal","15":"first","16":"instock","17":"taxable","18":"shipping-taxable","19":"purchasable","20":"product-type-simple"},"_links":{"self":[{"href":"https:\/\/nordicdiy.ee\/lv\/wp-json\/wp\/v2\/product\/17247","targetHints":{"allow":["GET"]}}],"collection":[{"href":"https:\/\/nordicdiy.ee\/lv\/wp-json\/wp\/v2\/product"}],"about":[{"href":"https:\/\/nordicdiy.ee\/lv\/wp-json\/wp\/v2\/types\/product"}],"wp:featuredmedia":[{"embeddable":true,"href":"https:\/\/nordicdiy.ee\/lv\/wp-json\/wp\/v2\/media\/17252"}],"wp:attachment":[{"href":"https:\/\/nordicdiy.ee\/lv\/wp-json\/wp\/v2\/media?parent=17247"}],"wp:term":[{"taxonomy":"product_brand","embeddable":true,"href":"https:\/\/nordicdiy.ee\/lv\/wp-json\/wp\/v2\/product_brand?post=17247"},{"taxonomy":"product_cat","embeddable":true,"href":"https:\/\/nordicdiy.ee\/lv\/wp-json\/wp\/v2\/product_cat?post=17247"},{"taxonomy":"product_tag","embeddable":true,"href":"https:\/\/nordicdiy.ee\/lv\/wp-json\/wp\/v2\/product_tag?post=17247"}],"curies":[{"name":"wp","href":"https:\/\/api.w.org\/{rel}","templated":true}]}}