{"id":17257,"date":"2025-04-02T14:41:20","date_gmt":"2025-04-02T11:41:20","guid":{"rendered":"https:\/\/nordicdiy.ee\/?post_type=product&#038;p=17257"},"modified":"2025-04-04T15:52:49","modified_gmt":"2025-04-04T12:52:49","slug":"caurspidiga-svecu-burka-ar-vaku-300ml-h106-x-d99mm-copy","status":"publish","type":"product","link":"https:\/\/nordicdiy.ee\/lv\/epood\/svecu-izgatavosana\/svecturi-un-vaki\/caurspidiga-svecu-burka-ar-vaku-300ml-h106-x-d99mm-copy\/","title":{"rendered":"Caursp\u012bd\u012bga stikla sve\u010dturis ar k\u0101ji\u0146u 300ml, h109 x d98mm"},"content":{"rendered":"<p class=\"\" data-start=\"219\" data-end=\"520\"><strong data-start=\"219\" data-end=\"306\">Dekorat\u012bvs sve\u010dturis ar k\u0101ji\u0146u, kas izgatavots no augstas kvalit\u0101tes gluda stikla<\/strong> un pied\u0101v\u0101 eleganci un daudzpus\u012bbu jebkur\u0101 interjer\u0101. T\u0101 ietilp\u012bba ir 500 ml, t\u0101p\u0113c tas ir lieliska izv\u0113le <strong data-start=\"410\" data-end=\"437\">sve\u010du gatavo\u0161anai<\/strong>, k\u0101 <strong data-start=\"439\" data-end=\"460\">maza v\u0101ze<\/strong>, <strong data-start=\"462\" data-end=\"488\">smar\u017e\u012bgu bumbi\u0146u tur\u0113\u0161anai<\/strong> vai k\u0101 <strong data-start=\"493\" data-end=\"519\">stil\u012bgs smar\u017eu difuzors<\/strong>. <\/p>\n<p class=\"\" data-start=\"522\" data-end=\"739\">Uzman\u012bbu piesaisto\u0161ais <strong data-start=\"535\" data-end=\"552\">k\u0101ju dizains<\/strong> padara to par \u012bpa\u0161i uzman\u012bbu piesaisto\u0161u padomu - ide\u0101li piem\u0113rots k\u0101 d\u0101vana vai m\u0101jas akcents. T\u0113jkannai ir ar\u012b <strong data-start=\"662\" data-end=\"696\">10 cm diametra koka v\u0101ci\u0146\u0161<\/strong>, kas pie\u0161\u0137ir dabiskumu un m\u0101j\u012bgumu. <\/p>\n<p class=\"\" data-start=\"741\" data-end=\"884\"><strong data-start=\"741\" data-end=\"752\">Izm\u0113ri:<\/strong> iek\u0161\u0113jais augstums 10,9 cm, diametrs 9,8 cm<br data-start=\"804\" data-end=\"807\"> Materi\u0101ls: gluds un iztur\u012bgs stikls<br data-start=\"840\" data-end=\"843\"><strong data-start=\"843\" data-end=\"856\">Papildu inform\u0101cija:<\/strong> sader ar 10 cm koka v\u0101ku.<\/p>\n<p class=\"\" data-start=\"886\" data-end=\"1067\">Lieliski piem\u0113rots lieto\u0161anai ar da\u017e\u0101diem vaskiem (tostarp sojas vasku, paraf\u012bnu, rap\u0161u vasku, bi\u0161u vasku). Izveidojiet kaut ko unik\u0101lu - greznu sve\u010du gl\u0101zi, kas uzlabos jebkuras telpas atmosf\u0113ru. <\/p>\n","protected":false},"excerpt":{"rendered":"<p><strong data-start=\"219\" data-end=\"306\">Dekorat\u012bvs sve\u010dturis ar k\u0101ji\u0146u, kas izgatavots no augstas kvalit\u0101tes gluda stikla<\/strong> un pied\u0101v\u0101 eleganci un daudzpus\u012bbu jebkur\u0101 interjer\u0101. T\u0101 ietilp\u012bba ir 500 ml, t\u0101p\u0113c tas ir lieliska izv\u0113le sve\u010du gatavo\u0161anai, k\u0101 neliela pu\u0137u v\u0101ze vai smar\u017e\u012bgu bumbi\u0146u tur\u0113\u0161anai. <\/p>\n","protected":false},"featured_media":17262,"template":"","meta":{"site-sidebar-layout":"default","site-content-layout":"","ast-site-content-layout":"default","site-content-style":"default","site-sidebar-style":"default","ast-global-header-display":"","ast-banner-title-visibility":"","ast-main-header-display":"","ast-hfb-above-header-display":"","ast-hfb-below-header-display":"","ast-hfb-mobile-header-display":"","site-post-title":"","ast-breadcrumbs-content":"","ast-featured-img":"","footer-sml-layout":"","ast-disable-related-posts":"","theme-transparent-header-meta":"default","adv-header-id-meta":"","stick-header-meta":"default","header-above-stick-meta":"","header-main-stick-meta":"","header-below-stick-meta":"","astra-migrate-meta-layouts":"set","ast-page-background-enabled":"default","ast-page-background-meta":{"desktop":{"background-color":"","background-image":"","background-repeat":"repeat","background-position":"center center","background-size":"auto","background-attachment":"scroll","background-type":"","background-media":"","overlay-type":"","overlay-color":"","overlay-opacity":"","overlay-gradient":""},"tablet":{"background-color":"","background-image":"","background-repeat":"repeat","background-position":"center center","background-size":"auto","background-attachment":"scroll","background-type":"","background-media":"","overlay-type":"","overlay-color":"","overlay-opacity":"","overlay-gradient":""},"mobile":{"background-color":"","background-image":"","background-repeat":"repeat","background-position":"center center","background-size":"auto","background-attachment":"scroll","background-type":"","background-media":"","overlay-type":"","overlay-color":"","overlay-opacity":"","overlay-gradient":""}},"ast-content-background-meta":{"desktop":{"background-color":"var(--ast-global-color-5)","background-image":"","background-repeat":"repeat","background-position":"center center","background-size":"auto","background-attachment":"scroll","background-type":"","background-media":"","overlay-type":"","overlay-color":"","overlay-opacity":"","overlay-gradient":""},"tablet":{"background-color":"var(--ast-global-color-5)","background-image":"","background-repeat":"repeat","background-position":"center center","background-size":"auto","background-attachment":"scroll","background-type":"","background-media":"","overlay-type":"","overlay-color":"","overlay-opacity":"","overlay-gradient":""},"mobile":{"background-color":"var(--ast-global-color-5)","background-image":"","background-repeat":"repeat","background-position":"center center","background-size":"auto","background-attachment":"scroll","background-type":"","background-media":"","overlay-type":"","overlay-color":"","overlay-opacity":"","overlay-gradient":""}}},"product_brand":[],"product_cat":[161,150],"product_tag":[],"class_list":{"0":"post-17257","1":"product","2":"type-product","3":"status-publish","4":"has-post-thumbnail","6":"product_cat-svecturi-un-vaki","7":"product_cat-svecu-izgatavosana","8":"desktop-align-left","9":"tablet-align-left","10":"mobile-align-left","11":"ast-product-gallery-layout-horizontal","12":"ast-product-gallery-with-no-image","13":"ast-product-tabs-layout-horizontal","15":"first","16":"instock","17":"taxable","18":"shipping-taxable","19":"purchasable","20":"product-type-simple"},"_links":{"self":[{"href":"https:\/\/nordicdiy.ee\/lv\/wp-json\/wp\/v2\/product\/17257","targetHints":{"allow":["GET"]}}],"collection":[{"href":"https:\/\/nordicdiy.ee\/lv\/wp-json\/wp\/v2\/product"}],"about":[{"href":"https:\/\/nordicdiy.ee\/lv\/wp-json\/wp\/v2\/types\/product"}],"wp:featuredmedia":[{"embeddable":true,"href":"https:\/\/nordicdiy.ee\/lv\/wp-json\/wp\/v2\/media\/17262"}],"wp:attachment":[{"href":"https:\/\/nordicdiy.ee\/lv\/wp-json\/wp\/v2\/media?parent=17257"}],"wp:term":[{"taxonomy":"product_brand","embeddable":true,"href":"https:\/\/nordicdiy.ee\/lv\/wp-json\/wp\/v2\/product_brand?post=17257"},{"taxonomy":"product_cat","embeddable":true,"href":"https:\/\/nordicdiy.ee\/lv\/wp-json\/wp\/v2\/product_cat?post=17257"},{"taxonomy":"product_tag","embeddable":true,"href":"https:\/\/nordicdiy.ee\/lv\/wp-json\/wp\/v2\/product_tag?post=17257"}],"curies":[{"name":"wp","href":"https:\/\/api.w.org\/{rel}","templated":true}]}}