{"id":17357,"date":"2025-04-04T15:02:55","date_gmt":"2025-04-04T12:02:55","guid":{"rendered":"https:\/\/nordicdiy.ee\/?post_type=product&#038;p=17357"},"modified":"2025-04-04T15:10:06","modified_gmt":"2025-04-04T12:10:06","slug":"koka-vacini-mazam-svecem-10012-ar-blivejumu-copy","status":"publish","type":"product","link":"https:\/\/nordicdiy.ee\/lv\/epood\/svecu-izgatavosana\/svecturi-un-vaki\/koka-vacini-mazam-svecem-10012-ar-blivejumu-copy\/","title":{"rendered":"Koka v\u0101ci\u0146i kvadr\u0101tveida sve\u010du stiklam 10019"},"content":{"rendered":"<p>\u0160is koka v\u0101ks ir ide\u0101ls dizaina elements sve\u010du tur\u0113t\u0101jiem, kas nodro\u0161ina ilg\u0101ku sveces arom\u0101ta saglab\u0101\u0161anu un dro\u0161u uzglab\u0101\u0161anu. Tas ar\u012b pasarg\u0101 no putek\u013ciem un net\u012brumiem. Koka v\u0101ci\u0146\u0161 ir piem\u0113rots kvadr\u0101tveida <a href=\"https:\/\/nordicdiy.ee\/sv\/epood\/tillverkning-av-stearinljus\/glas-och-lock-till-stearinljus\/morkbrunt-ljusglas-med-skruvkork-100-ml-copy\/\" target=\"_blank\" rel=\"noopener\">sve\u010du gl\u0101z\u0113m 300 ml, h80 x d80 mm,<\/a> caursp\u012bd\u012bg\u0101m vai kr\u0101sain\u0101m. V\u0101ka ar koka bl\u012bv\u0113jumu izm\u0113ri: augstums - 1,5 cm, \u0101r\u0113jais diametrs - 8 cm, iek\u0161\u0113jais diametrs - 6,8 cm. Bez starplikas.   Uz koka sveces v\u0101ci\u0146a var iegrav\u0113t j\u016bsu logotipu vai citu v\u0113st\u012bjumu, kas j\u016bsu izstr\u0101d\u0101jumam pie\u0161\u0137irs greznu un neaizmirstamu deta\u013cu. Pieprasiet grav\u0113\u0161anas pied\u0101v\u0101jumu epood@nordicdiy.ee.<\/p>\n","protected":false},"excerpt":{"rendered":"<p>\u0160is koka v\u0101ks ir ide\u0101ls dizaina elements sve\u010du tur\u0113t\u0101jiem, kas nodro\u0161ina ilg\u0101ku sveces arom\u0101ta saglab\u0101\u0161anu un dro\u0161u uzglab\u0101\u0161anu. Tas ar\u012b pasarg\u0101 no putek\u013ciem un net\u012brumiem. Koka v\u0101ks ir piem\u0113rots kvadr\u0101tveida <a href=\"https:\/\/nordicdiy.ee\/epood\/kuunalde-valmistamine\/kuunlaklaasid-ja-kaaned\/labipaistev-kuunlaklaas-kandiline-300ml-80x80mm\/\" target=\"_blank\" rel=\"noopener\">sve\u010du stiklam 300 ml, h80 x d80 mm<\/a> (10019), caursp\u012bd\u012bgam vai kr\u0101sainam.<\/p>\n","protected":false},"featured_media":17362,"template":"","meta":{"site-sidebar-layout":"default","site-content-layout":"","ast-site-content-layout":"default","site-content-style":"default","site-sidebar-style":"default","ast-global-header-display":"","ast-banner-title-visibility":"","ast-main-header-display":"","ast-hfb-above-header-display":"","ast-hfb-below-header-display":"","ast-hfb-mobile-header-display":"","site-post-title":"","ast-breadcrumbs-content":"","ast-featured-img":"","footer-sml-layout":"","ast-disable-related-posts":"","theme-transparent-header-meta":"default","adv-header-id-meta":"","stick-header-meta":"default","header-above-stick-meta":"","header-main-stick-meta":"","header-below-stick-meta":"","astra-migrate-meta-layouts":"set","ast-page-background-enabled":"default","ast-page-background-meta":{"desktop":{"background-color":"","background-image":"","background-repeat":"repeat","background-position":"center center","background-size":"auto","background-attachment":"scroll","background-type":"","background-media":"","overlay-type":"","overlay-color":"","overlay-opacity":"","overlay-gradient":""},"tablet":{"background-color":"","background-image":"","background-repeat":"repeat","background-position":"center center","background-size":"auto","background-attachment":"scroll","background-type":"","background-media":"","overlay-type":"","overlay-color":"","overlay-opacity":"","overlay-gradient":""},"mobile":{"background-color":"","background-image":"","background-repeat":"repeat","background-position":"center center","background-size":"auto","background-attachment":"scroll","background-type":"","background-media":"","overlay-type":"","overlay-color":"","overlay-opacity":"","overlay-gradient":""}},"ast-content-background-meta":{"desktop":{"background-color":"var(--ast-global-color-5)","background-image":"","background-repeat":"repeat","background-position":"center center","background-size":"auto","background-attachment":"scroll","background-type":"","background-media":"","overlay-type":"","overlay-color":"","overlay-opacity":"","overlay-gradient":""},"tablet":{"background-color":"var(--ast-global-color-5)","background-image":"","background-repeat":"repeat","background-position":"center center","background-size":"auto","background-attachment":"scroll","background-type":"","background-media":"","overlay-type":"","overlay-color":"","overlay-opacity":"","overlay-gradient":""},"mobile":{"background-color":"var(--ast-global-color-5)","background-image":"","background-repeat":"repeat","background-position":"center center","background-size":"auto","background-attachment":"scroll","background-type":"","background-media":"","overlay-type":"","overlay-color":"","overlay-opacity":"","overlay-gradient":""}}},"product_brand":[],"product_cat":[161,150],"product_tag":[],"class_list":{"0":"post-17357","1":"product","2":"type-product","3":"status-publish","4":"has-post-thumbnail","6":"product_cat-svecturi-un-vaki","7":"product_cat-svecu-izgatavosana","8":"desktop-align-left","9":"tablet-align-left","10":"mobile-align-left","11":"ast-product-gallery-layout-horizontal","12":"ast-product-gallery-with-no-image","13":"ast-product-tabs-layout-horizontal","15":"first","16":"instock","17":"taxable","18":"shipping-taxable","19":"purchasable","20":"product-type-simple"},"_links":{"self":[{"href":"https:\/\/nordicdiy.ee\/lv\/wp-json\/wp\/v2\/product\/17357","targetHints":{"allow":["GET"]}}],"collection":[{"href":"https:\/\/nordicdiy.ee\/lv\/wp-json\/wp\/v2\/product"}],"about":[{"href":"https:\/\/nordicdiy.ee\/lv\/wp-json\/wp\/v2\/types\/product"}],"wp:featuredmedia":[{"embeddable":true,"href":"https:\/\/nordicdiy.ee\/lv\/wp-json\/wp\/v2\/media\/17362"}],"wp:attachment":[{"href":"https:\/\/nordicdiy.ee\/lv\/wp-json\/wp\/v2\/media?parent=17357"}],"wp:term":[{"taxonomy":"product_brand","embeddable":true,"href":"https:\/\/nordicdiy.ee\/lv\/wp-json\/wp\/v2\/product_brand?post=17357"},{"taxonomy":"product_cat","embeddable":true,"href":"https:\/\/nordicdiy.ee\/lv\/wp-json\/wp\/v2\/product_cat?post=17357"},{"taxonomy":"product_tag","embeddable":true,"href":"https:\/\/nordicdiy.ee\/lv\/wp-json\/wp\/v2\/product_tag?post=17357"}],"curies":[{"name":"wp","href":"https:\/\/api.w.org\/{rel}","templated":true}]}}