{"id":17748,"date":"2025-04-02T10:06:21","date_gmt":"2025-04-02T07:06:21","guid":{"rendered":"https:\/\/nordicdiy.ee\/epood\/uncategorized\/plastmasas-pipete-3ml\/"},"modified":"2025-04-27T10:06:21","modified_gmt":"2025-04-27T07:06:21","slug":"plastmasas-pipete-3ml","status":"publish","type":"product","link":"https:\/\/nordicdiy.ee\/lv\/epood\/svecu-izgatavosana\/svecu-krasas\/plastmasas-pipete-3ml\/","title":{"rendered":"Plastmasas pipete 3ml"},"content":{"rendered":"<p>Praktiska un viegli lietojama plastmasas pipete, kas piem\u0113rota prec\u012bzai \u0161\u0137idrumu doz\u0113\u0161anai un pilin\u0101\u0161anai. Pipetes uzga\u013ca diametrs (3 mm) \u013cauj m\u0113r\u012bt da\u017e\u0101dus \u0161\u0137idrumus, piem\u0113ram, arom\u0101tisk\u0101s e\u013c\u013cas, \u0113terisk\u0101s e\u013c\u013cas, \u0161\u0137idras kr\u0101svielas, \u0161\u0137idru sve\u010du vasku un citus \u0161\u0137idrumus. Izgatavota no iztur\u012bgas un elast\u012bgas plastmasas, kas nodro\u0161ina \u0113rtu lieto\u0161anu un prec\u012bzu darb\u012bbu. Ide\u0101li piem\u0113rots gan lieto\u0161anai m\u0101j\u0101s, gan profesion\u0101liem DIY projektiem.   <\/p>\n","protected":false},"excerpt":{"rendered":"<p class=\"\" data-start=\"54\" data-end=\"643\">Praktiska un viegli lietojama plastmasas pipete, kas piem\u0113rota prec\u012bzai \u0161\u0137idrumu doz\u0113\u0161anai un pilin\u0101\u0161anai. Smalk\u0101kais pipetes uzga\u013ca diametrs (3 mm) \u013cauj m\u0113r\u012bt da\u017e\u0101dus \u0161\u0137idrumus, piem\u0113ram, smar\u017e\u012bg\u0101s e\u013c\u013cas, \u0113terisk\u0101s e\u013c\u013cas, \u0161\u0137idras kr\u0101svielas, \u0161\u0137idro sve\u010du vasku un citus \u0161\u0137idrumus. Izgatavota no iztur\u012bgas un elast\u012bgas plastmasas, kas nodro\u0161ina \u0113rtu lieto\u0161anu un prec\u012bzu darb\u012bbu. Ide\u0101li piem\u0113rota lieto\u0161anai m\u0101j\u0101s, k\u0101 ar\u012b profesion\u0101liem DIY projektiem.   <\/p>\n<p class=\"\" data-start=\"54\" data-end=\"643\"><strong data-start=\"534\" data-end=\"547\">Ietilp\u012bba<\/strong>: 1-3 ml.<br data-start=\"584\" data-end=\"587\"> Materi\u0101ls: PE plastmasa (dro\u0161a p\u0101rtikai un p\u0101rstr\u0101d\u0101jama).<br \/>\n Garums<strong>:<\/strong> 15 cm.<br \/>\n<strong>Platums:<\/strong> 0,9 cm, der ar\u012b maz\u0101m pudel\u012bt\u0113m.<\/p>\n<p class=\"\" data-start=\"645\" data-end=\"669\"><strong data-start=\"645\" data-end=\"666\">Lieto\u0161anas jomas:<\/strong><\/p>\n<ul data-start=\"670\" data-end=\"832\">\n<li class=\"\" data-start=\"670\" data-end=\"711\">\n<p class=\"\" data-start=\"672\" data-end=\"711\">Smar\u017eu un \u0113terisko e\u013c\u013cu doz\u0113\u0161ana<\/p>\n<\/li>\n<li class=\"\" data-start=\"712\" data-end=\"744\">\n<p class=\"\" data-start=\"714\" data-end=\"744\">Ziepju un sve\u010du ra\u017eo\u0161ana<\/p>\n<\/li>\n<li class=\"\" data-start=\"745\" data-end=\"788\">\n<p class=\"\" data-start=\"747\" data-end=\"788\">Laboratorijas un izgl\u012bt\u012bbas projekti<\/p>\n<\/li>\n<li class=\"\" data-start=\"789\" data-end=\"832\">\n<p class=\"\" data-start=\"791\" data-end=\"832\">M\u0101jsaimniec\u012bbas kosm\u0113tikas un sadz\u012bves \u0137\u012bmijas ra\u017eo\u0161ana<\/p>\n<\/li>\n<\/ul>\n","protected":false},"featured_media":17742,"template":"","meta":{"site-sidebar-layout":"default","site-content-layout":"","ast-site-content-layout":"default","site-content-style":"default","site-sidebar-style":"default","ast-global-header-display":"","ast-banner-title-visibility":"","ast-main-header-display":"","ast-hfb-above-header-display":"","ast-hfb-below-header-display":"","ast-hfb-mobile-header-display":"","site-post-title":"","ast-breadcrumbs-content":"","ast-featured-img":"","footer-sml-layout":"","ast-disable-related-posts":"","theme-transparent-header-meta":"default","adv-header-id-meta":"","stick-header-meta":"default","header-above-stick-meta":"","header-main-stick-meta":"","header-below-stick-meta":"","astra-migrate-meta-layouts":"default","ast-page-background-enabled":"default","ast-page-background-meta":{"desktop":{"background-color":"","background-image":"","background-repeat":"repeat","background-position":"center center","background-size":"auto","background-attachment":"scroll","background-type":"","background-media":"","overlay-type":"","overlay-color":"","overlay-opacity":"","overlay-gradient":""},"tablet":{"background-color":"","background-image":"","background-repeat":"repeat","background-position":"center center","background-size":"auto","background-attachment":"scroll","background-type":"","background-media":"","overlay-type":"","overlay-color":"","overlay-opacity":"","overlay-gradient":""},"mobile":{"background-color":"","background-image":"","background-repeat":"repeat","background-position":"center center","background-size":"auto","background-attachment":"scroll","background-type":"","background-media":"","overlay-type":"","overlay-color":"","overlay-opacity":"","overlay-gradient":""}},"ast-content-background-meta":{"desktop":{"background-color":"var(--ast-global-color-5)","background-image":"","background-repeat":"repeat","background-position":"center center","background-size":"auto","background-attachment":"scroll","background-type":"","background-media":"","overlay-type":"","overlay-color":"","overlay-opacity":"","overlay-gradient":""},"tablet":{"background-color":"var(--ast-global-color-5)","background-image":"","background-repeat":"repeat","background-position":"center center","background-size":"auto","background-attachment":"scroll","background-type":"","background-media":"","overlay-type":"","overlay-color":"","overlay-opacity":"","overlay-gradient":""},"mobile":{"background-color":"var(--ast-global-color-5)","background-image":"","background-repeat":"repeat","background-position":"center center","background-size":"auto","background-attachment":"scroll","background-type":"","background-media":"","overlay-type":"","overlay-color":"","overlay-opacity":"","overlay-gradient":""}}},"product_brand":[],"product_cat":[150,202],"product_tag":[],"class_list":{"0":"post-17748","1":"product","2":"type-product","3":"status-publish","4":"has-post-thumbnail","6":"product_cat-svecu-izgatavosana","7":"product_cat-svecu-krasas","8":"desktop-align-left","9":"tablet-align-left","10":"mobile-align-left","11":"ast-product-gallery-layout-horizontal","12":"ast-product-gallery-with-no-image","13":"ast-product-tabs-layout-horizontal","15":"first","16":"instock","17":"taxable","18":"shipping-taxable","19":"purchasable","20":"product-type-simple"},"_links":{"self":[{"href":"https:\/\/nordicdiy.ee\/lv\/wp-json\/wp\/v2\/product\/17748","targetHints":{"allow":["GET"]}}],"collection":[{"href":"https:\/\/nordicdiy.ee\/lv\/wp-json\/wp\/v2\/product"}],"about":[{"href":"https:\/\/nordicdiy.ee\/lv\/wp-json\/wp\/v2\/types\/product"}],"wp:featuredmedia":[{"embeddable":true,"href":"https:\/\/nordicdiy.ee\/lv\/wp-json\/wp\/v2\/media\/17742"}],"wp:attachment":[{"href":"https:\/\/nordicdiy.ee\/lv\/wp-json\/wp\/v2\/media?parent=17748"}],"wp:term":[{"taxonomy":"product_brand","embeddable":true,"href":"https:\/\/nordicdiy.ee\/lv\/wp-json\/wp\/v2\/product_brand?post=17748"},{"taxonomy":"product_cat","embeddable":true,"href":"https:\/\/nordicdiy.ee\/lv\/wp-json\/wp\/v2\/product_cat?post=17748"},{"taxonomy":"product_tag","embeddable":true,"href":"https:\/\/nordicdiy.ee\/lv\/wp-json\/wp\/v2\/product_tag?post=17748"}],"curies":[{"name":"wp","href":"https:\/\/api.w.org\/{rel}","templated":true}]}}