{"id":17848,"date":"2025-04-02T17:48:24","date_gmt":"2025-04-02T14:48:24","guid":{"rendered":"https:\/\/nordicdiy.ee\/?post_type=product&#038;p=17848"},"modified":"2025-04-30T17:52:30","modified_gmt":"2025-04-30T14:52:30","slug":"stikls-svecem-bruns-180ml-h775-x-d70-mm-copy-copy","status":"publish","type":"product","link":"https:\/\/nordicdiy.ee\/lv\/epood\/svecu-izgatavosana\/svecturi-un-vaki\/stikls-svecem-bruns-180ml-h775-x-d70-mm-copy-copy\/","title":{"rendered":"Stikls svec\u0113m lavandas ceri\u0146i mat\u0113ts, 180ml, h77,5 x d70 mm"},"content":{"rendered":"<p>Mat\u0113ts lavandas ceri\u0146kr\u0101sas sve\u010du stikls 180 ml ir ide\u0101la izv\u0113le amatniec\u012bbas sve\u010du izgatavo\u0161anai. Piem\u0113rots lieto\u0161anai ar da\u017e\u0101diem vaska veidiem, piem\u0113ram, sojas vasku, paraf\u012bna vasku, rap\u0161u vasku, bi\u0161u vasku un palmu vasku. Karstumiztur\u012bg\u0101 stikla burka nodro\u0161ina dro\u0161u un iztur\u012bgu sve\u010du deg\u0161anu, vienlaikus nodro\u0161inot stil\u012bgu izskatu.  <\/p>\n<p>Mat\u0113ts lavandas ceri\u0146u kr\u0101sas sve\u010du stikls pie\u0161\u0137ir j\u016bsu svec\u0113m modernu un elegantu akcentu, padarot to par lielisku izv\u0113li m\u0101jas dekor\u0113\u0161anai vai d\u0101vanai. Stikla izm\u0113rs ir h77,5 mm un diametrs 70 mm, t\u0101p\u0113c tas ir ide\u0101ls izm\u0113rs, lai izgatavotu sojas sveci, kas deg t\u012bri un ilg\u0101k, vai paraf\u012bna sveci, kas deg ilgi. <\/p>\n<p>Izmantojiet \u0161o sve\u010du gl\u0101zi, lai izgatavotu bi\u0161u vaska vai rap\u0161u vaska sveces, kas ir videi draudz\u012bgas un biolo\u0123iski no\u0101rd\u0101mas. T\u0101 ir piem\u0113rota ar\u012b palmu \u0101das sve\u010du izgatavo\u0161anai, un t\u0101s krist\u0101lisk\u0101 tekst\u016bra pie\u0161\u0137ir svec\u0113m \u012bpa\u0161u izskatu. Mat\u0113taj\u0101 lavandas lilijas gl\u0101z\u0113 ir l\u012bdz 180 ml vaska, kas \u013cauj pievienot ar\u012b arom\u0101tisk\u0101s e\u013c\u013cas un kr\u0101svielas, lai rad\u012btu unik\u0101las arom\u0101tisk\u0101s sveces.<\/p>\n","protected":false},"excerpt":{"rendered":"<p>Mat\u0113ts lavandas ceri\u0146kr\u0101sas sve\u010du stikls 180 ml ir ide\u0101la izv\u0113le amatniec\u012bbas sve\u010du izgatavo\u0161anai. Piem\u0113rots lieto\u0161anai ar da\u017e\u0101diem vaska veidiem, piem\u0113ram, sojas vasku, paraf\u012bna vasku, rap\u0161u vasku, bi\u0161u vasku un palmu vasku. Karstumiztur\u012bg\u0101 stikla burka nodro\u0161ina dro\u0161u un iztur\u012bgu sve\u010du deg\u0161anu, vienlaikus pied\u0101v\u0101jot stil\u012bgu izskatu.  <\/p>\n","protected":false},"featured_media":17833,"template":"","meta":{"site-sidebar-layout":"default","site-content-layout":"","ast-site-content-layout":"default","site-content-style":"default","site-sidebar-style":"default","ast-global-header-display":"","ast-banner-title-visibility":"","ast-main-header-display":"","ast-hfb-above-header-display":"","ast-hfb-below-header-display":"","ast-hfb-mobile-header-display":"","site-post-title":"","ast-breadcrumbs-content":"","ast-featured-img":"","footer-sml-layout":"","ast-disable-related-posts":"","theme-transparent-header-meta":"default","adv-header-id-meta":"","stick-header-meta":"default","header-above-stick-meta":"","header-main-stick-meta":"","header-below-stick-meta":"","astra-migrate-meta-layouts":"set","ast-page-background-enabled":"default","ast-page-background-meta":{"desktop":{"background-color":"","background-image":"","background-repeat":"repeat","background-position":"center center","background-size":"auto","background-attachment":"scroll","background-type":"","background-media":"","overlay-type":"","overlay-color":"","overlay-opacity":"","overlay-gradient":""},"tablet":{"background-color":"","background-image":"","background-repeat":"repeat","background-position":"center center","background-size":"auto","background-attachment":"scroll","background-type":"","background-media":"","overlay-type":"","overlay-color":"","overlay-opacity":"","overlay-gradient":""},"mobile":{"background-color":"","background-image":"","background-repeat":"repeat","background-position":"center center","background-size":"auto","background-attachment":"scroll","background-type":"","background-media":"","overlay-type":"","overlay-color":"","overlay-opacity":"","overlay-gradient":""}},"ast-content-background-meta":{"desktop":{"background-color":"var(--ast-global-color-5)","background-image":"","background-repeat":"repeat","background-position":"center center","background-size":"auto","background-attachment":"scroll","background-type":"","background-media":"","overlay-type":"","overlay-color":"","overlay-opacity":"","overlay-gradient":""},"tablet":{"background-color":"var(--ast-global-color-5)","background-image":"","background-repeat":"repeat","background-position":"center center","background-size":"auto","background-attachment":"scroll","background-type":"","background-media":"","overlay-type":"","overlay-color":"","overlay-opacity":"","overlay-gradient":""},"mobile":{"background-color":"var(--ast-global-color-5)","background-image":"","background-repeat":"repeat","background-position":"center center","background-size":"auto","background-attachment":"scroll","background-type":"","background-media":"","overlay-type":"","overlay-color":"","overlay-opacity":"","overlay-gradient":""}}},"product_brand":[],"product_cat":[416,161,150],"product_tag":[],"class_list":{"0":"post-17848","1":"product","2":"type-product","3":"status-publish","4":"has-post-thumbnail","6":"product_cat-atlaides","7":"product_cat-svecturi-un-vaki","8":"product_cat-svecu-izgatavosana","9":"desktop-align-left","10":"tablet-align-left","11":"mobile-align-left","12":"ast-product-gallery-layout-horizontal","13":"ast-product-gallery-with-no-image","14":"ast-product-tabs-layout-horizontal","16":"first","17":"instock","18":"sale","19":"taxable","20":"shipping-taxable","21":"purchasable","22":"product-type-simple"},"_links":{"self":[{"href":"https:\/\/nordicdiy.ee\/lv\/wp-json\/wp\/v2\/product\/17848","targetHints":{"allow":["GET"]}}],"collection":[{"href":"https:\/\/nordicdiy.ee\/lv\/wp-json\/wp\/v2\/product"}],"about":[{"href":"https:\/\/nordicdiy.ee\/lv\/wp-json\/wp\/v2\/types\/product"}],"wp:featuredmedia":[{"embeddable":true,"href":"https:\/\/nordicdiy.ee\/lv\/wp-json\/wp\/v2\/media\/17833"}],"wp:attachment":[{"href":"https:\/\/nordicdiy.ee\/lv\/wp-json\/wp\/v2\/media?parent=17848"}],"wp:term":[{"taxonomy":"product_brand","embeddable":true,"href":"https:\/\/nordicdiy.ee\/lv\/wp-json\/wp\/v2\/product_brand?post=17848"},{"taxonomy":"product_cat","embeddable":true,"href":"https:\/\/nordicdiy.ee\/lv\/wp-json\/wp\/v2\/product_cat?post=17848"},{"taxonomy":"product_tag","embeddable":true,"href":"https:\/\/nordicdiy.ee\/lv\/wp-json\/wp\/v2\/product_tag?post=17848"}],"curies":[{"name":"wp","href":"https:\/\/api.w.org\/{rel}","templated":true}]}}